{"id":5944,"date":"2021-08-25T13:29:28","date_gmt":"2021-08-25T11:29:28","guid":{"rendered":"https:\/\/us.edu.pl\/wydzial\/wns\/?page_id=5944"},"modified":"2021-09-09T14:12:36","modified_gmt":"2021-09-09T12:12:36","slug":"pedagogika-specjalnosc-pedagogika-rewalidacyjna","status":"publish","type":"page","link":"https:\/\/us.edu.pl\/wydzial\/wns\/studiuj\/kierunki-studiow\/pedagogika-specjalnosc-pedagogika-rewalidacyjna\/","title":{"rendered":"Pedagogika, specjalno\u015b\u0107: pedagogika rewalidacyjna"},"content":{"rendered":"<p>[vc_row][vc_column][\/vc_column][\/vc_row][vc_row][vc_column]\r\n                <div class=\"text-modules\">\r\n                    <div class=\"container\">\r\n                        <h3 class=\"page-title text__title\">Pedagogika, specjalno\u015b\u0107: pedagogika rewalidacyjna, studia II stopnia<\/h3>\r\n                        <div class=\"text-modules__content\"><p>Celem studi\u00f3w jest poszerzenie wiedzy pedagogicznej absolwent\u00f3w, a tak\u017ce uzyskanie przez nich podstaw teoretycznych i umiej\u0119tno\u015bci dalszego samokszta\u0142cenia. Dotyczy to zw\u0142aszcza metodologii bada\u0144 spo\u0142ecznych oraz seminarium magisterskiego. Absolwent poznaje tak\u017ce wsp\u00f3\u0142czesne problemy socjologii i psychologii, wsp\u00f3\u0142czesne koncepcje filozofii i etyki, a tak\u017ce logik\u0119. Student jest tak\u017ce przygotowywany do budowania i poszerzania swych kompetencji zawodowych z wykorzystaniem r\u00f3\u017cnych \u017ar\u00f3de\u0142 wiedzy i nowoczesnych technologii oraz do pracy w zespole (pe\u0142nienie r\u00f3\u017cnych r\u00f3l, podejmowanie i delegowanie zada\u0144), zw\u0142aszcza wsp\u00f3\u0142pracy z innymi specjalistami. Absolwent powinien tak\u017ce wykazywa\u0107 zdolno\u015b\u0107 dostrzegania i samodzielnego rozwi\u0105zywania problem\u00f3w naukowych, edukacyjnych i rewalidacyjnych oraz posiada\u0107 umiej\u0119tno\u015b\u0107 przygotowania publikacji z zakresu swojej dzia\u0142alno\u015bci. Ma r\u00f3wnocze\u015bnie \u015bwiadomo\u015b\u0107 poziomu swojej wiedzy i umiej\u0119tno\u015bci. Rozumie potrzeb\u0119 ci\u0105g\u0142ego dokszta\u0142cania si\u0119 zawodowego i rozwoju osobistego. Jest przygotowany do podj\u0119cia studi\u00f3w w szkole doktorskiej.<\/p>\n<p>Absolwent specjalno\u015bci otrzymuje tytu\u0142 zawodowy magistra na kierunku pedagogika. Po uko\u0144czeniu studi\u00f3w student dysponuje zaawansowanym w stosunku do studi\u00f3w pierwszego stopnia:<\/p>\n<ul>\n<li>poziomem wiedzy na temat rozwoju cz\u0142owieka w cyklu \u017cycia, w aspekcie biologicznym, psychologicznym oraz spo\u0142ecznym, poszerzonej w odniesieniu do os\u00f3b o specjalnych potrzebach edukacyjnych;<\/li>\n<li>stopniem rozwoju umiej\u0119tno\u015bci rozpoznawania, analizy, interpretacji i rozwi\u0105zywania problem\u00f3w edukacyjnych, rewalidacyjnych i resocjalizacyjnych;<\/li>\n<li>przygotowaniem do kompleksowej realizacji diagnostyczno-terapeutycznych, dydaktycznych, wychowawczych i opieku\u0144czych zada\u0144 szko\u0142y, w tym do samodzielnego przygotowania i dostosowania programu nauczania do potrzeb i mo\u017cliwo\u015bci os\u00f3b o specjalnych potrzebach edukacyjnych, planowania, prowadzenia i ewaluacji pracy terapeutycznej i rewalidacyjnej;<\/li>\n<li>poziomem wiedzy i umiej\u0119tno\u015bci umo\u017cliwiaj\u0105cych wielospecjalistyczn\u0105 stymulacj\u0119 rozwoju os\u00f3b o specjalnych potrzebach edukacyjnych, wspieranie ich samodzielno\u015bci w stanowieniu cel\u00f3w \u017cyciowych oraz inspirowanie do uczenia si\u0119 przez ca\u0142e \u017cycie.<\/li>\n<\/ul>\n<p>Specjalno\u015b\u0107 pozwala na uzupe\u0142nienie wykszta\u0142cenia w przypadku kontynuowania specjalno\u015bci ze studi\u00f3w I stopnia, a w przypadku zmiany specjalno\u015bci po uzupe\u0142nieniu r\u00f3\u017cnic programowych.<\/p>\n<p>Student uzyskuje kwalifikacje zawodowe i nauczycielskie do realizowania zaj\u0119\u0107 z zakresu: rewalidacji indywidualnej, terapii pedagogicznej, pracy korekcyjno-kompensacyjnej. Kierunek pozwala przygotowa\u0107 r\u00f3wnie\u017c pracownik\u00f3w plac\u00f3wek resortu rodziny, pracy i polityki spo\u0142ecznej (warsztat\u00f3w terapii zaj\u0119ciowej, dom\u00f3w pomocy spo\u0142ecznej, dziennych o\u015brodk\u00f3w wsparcia i innych \u2013 ukierunkowanych na opiek\u0119 i rehabilitacj\u0119 spo\u0142eczn\u0105 os\u00f3b z niepe\u0142nosprawno\u015bci\u0105), a tak\u017ce organizacji trzeciego sektora, specjalizuj\u0105cych si\u0119 w pomocy i wsparciu os\u00f3b z niepe\u0142nosprawno\u015bciami.<\/p>\n<\/div>\r\n                    <\/div>\r\n                <\/div>[\/vc_column][\/vc_row]<\/p>","protected":false},"excerpt":{"rendered":"<p>[vc_row][vc_column][\/vc_column][\/vc_row][vc_row][vc_column][\/vc_column][\/vc_row] [&#8230;]<\/p>\n<p><a class=\"btn btn-secondary understrap-read-more-link\" href=\"https:\/\/us.edu.pl\/wydzial\/wns\/studiuj\/kierunki-studiow\/pedagogika-specjalnosc-pedagogika-rewalidacyjna\/\">Read More&#8230;<\/a><\/p>\n","protected":false},"author":134,"featured_media":0,"parent":419,"menu_order":0,"comment_status":"closed","ping_status":"closed","template":"","meta":{"_expiration-date-status":"saved","_expiration-date":0,"_expiration-date-type":"","_expiration-date-categories":[],"_expiration-date-options":[]},"acf":[],"_links":{"self":[{"href":"https:\/\/us.edu.pl\/wydzial\/wns\/wp-json\/wp\/v2\/pages\/5944"}],"collection":[{"href":"https:\/\/us.edu.pl\/wydzial\/wns\/wp-json\/wp\/v2\/pages"}],"about":[{"href":"https:\/\/us.edu.pl\/wydzial\/wns\/wp-json\/wp\/v2\/types\/page"}],"author":[{"embeddable":true,"href":"https:\/\/us.edu.pl\/wydzial\/wns\/wp-json\/wp\/v2\/users\/134"}],"replies":[{"embeddable":true,"href":"https:\/\/us.edu.pl\/wydzial\/wns\/wp-json\/wp\/v2\/comments?post=5944"}],"version-history":[{"count":2,"href":"https:\/\/us.edu.pl\/wydzial\/wns\/wp-json\/wp\/v2\/pages\/5944\/revisions"}],"predecessor-version":[{"id":6119,"href":"https:\/\/us.edu.pl\/wydzial\/wns\/wp-json\/wp\/v2\/pages\/5944\/revisions\/6119"}],"up":[{"embeddable":true,"href":"https:\/\/us.edu.pl\/wydzial\/wns\/wp-json\/wp\/v2\/pages\/419"}],"wp:attachment":[{"href":"https:\/\/us.edu.pl\/wydzial\/wns\/wp-json\/wp\/v2\/media?parent=5944"}],"curies":[{"name":"wp","href":"https:\/\/api.w.org\/{rel}","templated":true}]}}