{"id":6053,"date":"2021-09-06T08:44:48","date_gmt":"2021-09-06T06:44:48","guid":{"rendered":"https:\/\/us.edu.pl\/wydzial\/wns\/?page_id=6053"},"modified":"2025-12-15T14:02:30","modified_gmt":"2025-12-15T13:02:30","slug":"dyrektor-kierunku-miedzynarodowe-studia-nauk-politycznych-i-dyplomacji","status":"publish","type":"page","link":"https:\/\/us.edu.pl\/wydzial\/wns\/dyrektor-kierunku-miedzynarodowe-studia-nauk-politycznych-i-dyplomacji\/","title":{"rendered":"Dyrektor kierunku Mi\u0119dzynarodowe studia nauk politycznych i dyplomacji, Doradztwo polityczne i publiczne, Politologia, Bezpiecze\u0144stwo narodowe i mi\u0119dzynarodowe"},"content":{"rendered":"<p>[vc_row][vc_column][\/vc_column][\/vc_row][vc_row][vc_column]\r\n                <div class=\"text-modules reverse\">\r\n                    <div class=\"container\">\r\n                         \r\n                        <div class=\"row m-0\">\r\n                            <div class=\"text-modules__content\">\r\n                                Dyrektor kierunk\u00f3w:<br \/>\nDoradztwo polityczne i publiczne, Bezpiecze\u0144stwo narodowe i mi\u0119dzynarodowe, Mi\u0119dzynarodowe Studia Nauk politycznych i dyplomacji, Politologia<\/p>\n<p>dr Renata Jankowska, prof. U\u015a<\/p>\n<p><a href=\"mailto:renata.jankowska@us.edu.pl\">renata.jankowska@us.edu.pl<\/a> \r\n                                <div class=\"mt-3\"><\/div>\r\n                            <\/div>\r\n                            \r\n                            <div class=\"text-modules__img\"><img src=\"https:\/\/us.edu.pl\/wydzial\/wns\/wp-content\/uploads\/sites\/17\/Nieprzypisane\/RJ-fot-Julia-Agnieszka-Szymala_p_4x5.jpg\" alt=\"img\"><\/div>\r\n                        <\/div>\r\n                    <\/div>\r\n                <\/div>[\/vc_column][\/vc_row][vc_row][vc_column]\r\n                <div class=\"text-modules reverse\">\r\n                    <div class=\"container\">\r\n                         \r\n                        <div class=\"row m-0\">\r\n                            <div class=\"text-modules__content\">\r\n                                Zast\u0119pca Dyrektora kierunk\u00f3w:<br \/>\nDoradztwo polityczne i publiczne, Bezpiecze\u0144stwo narodowe i mi\u0119dzynarodowe, Mi\u0119dzynarodowe Studia Nauk politycznych i dyplomacji, Politologia<\/p>\n<p>mgr Ewa Charles<\/p>\n<p><a href=\"mailto:ewa.charles@us.edu.pl\">ewa.charles@us.edu.pl<\/a> \r\n                                <div class=\"mt-3\"><\/div>\r\n                            <\/div>\r\n                            \r\n                            <div class=\"text-modules__img\"><img src=\"https:\/\/us.edu.pl\/wydzial\/wns\/wp-content\/uploads\/sites\/17\/Bez-kategorii\/Fot.-Matylda-Klos-57-1.jpg\" alt=\"img\"><\/div>\r\n                        <\/div>\r\n                    <\/div>\r\n                <\/div>\r\n                <div class=\"text-modules\">\r\n                    <div class=\"container\">\r\n                        \r\n                        <div class=\"text-modules__content\"><p>Dyrektor i Zast\u0119pca Dyrektora kierunku <strong>podejmuj\u0105 decyzje w sprawach dotycz\u0105cych kszta\u0142cenia na kierunku studio\u0301w, w szczeg\u00f3lno\u015bci zwi\u0105zanych z: <\/strong><\/p>\n<ul>\n<li>harmonogramami zaj\u0119\u0107 oraz obci\u0105\u017ceniami sal dydaktycznych;<\/li>\n<li>rejestracjami studenckimi w USOSweb na zaj\u0119cia fakultatywne i obligatoryjne;<\/li>\n<li>wnioskami dotycz\u0105cymi zmiany grup zaj\u0119ciowych;<\/li>\n<li>harmonogramami sesji egzaminacyjnych;<\/li>\n<\/ul>\n<p><strong>podejmuj\u0105 decyzje zwi\u0105zane z regulaminem studi\u00f3w, w szczeg\u00f3lno\u015bci zwi\u0105zanych z: <\/strong><\/p>\n<ul>\n<li>kwestiami zwi\u0105zanymi z r\u00f3\u017cnorodnymi formami indywidualnej organizacji studi\u00f3w;<\/li>\n<li>przeniesieniem na inny kierunek lub specjalno\u015b\u0107;<\/li>\n<li>uznaniem efekt\u00f3w uczenia si\u0119;<\/li>\n<li>okre\u015bleniem r\u00f3\u017cnic programowych dla studenta wznawiaj\u0105cego studia.<\/li>\n<\/ul>\n<p>Ponadto<\/p>\n<ul>\n<li>dbaj\u0105 o w\u0142a\u015bciw\u0105 jako\u015b\u0107 kszta\u0142cenia na kierunku studi\u00f3w poprzez inicjowanie i koordynowanie dzia\u0142a\u0144 w zakresie doskonalenia programu studi\u00f3w kierunku studi\u00f3w i nadz\u00f3r nad realizacj\u0105 procedur wskazanych w wydzia\u0142owym Systemie Zapewniania Jako\u015bci Kszta\u0142cenia;<\/li>\n<li>zatwierdzaj\u0105 propozycje obsady dydaktycznej;<\/li>\n<li>koordynuj\u0105 wsp\u00f3\u0142prac\u0119 z interesariuszami zewn\u0119trznymi i wewn\u0119trznymi;<\/li>\n<li>sprawuj\u0105 nadz\u00f3r merytoryczny nad zaj\u0119ciami.<\/li>\n<\/ul>\n<p>\n<\/div>\r\n                    <\/div>\r\n                <\/div>[\/vc_column][\/vc_row][vc_row][vc_column]\r\n                <div class=\"text-modules\">\r\n                    <div class=\"container\">\r\n                        \r\n                        <div class=\"text-modules__content\"><p><strong>Pracownicy dydaktyczni:<\/strong><\/p>\n<p>mgr Ewa Charles &#8211; asystent<br \/>\ndr Adrian Chrobot &#8211; adiunkt<br \/>\ndr Miros\u0142aw Czerwi\u0144ski &#8211; Profesor Uczelni<br \/>\ndr Ma\u0142gorzata Domaga\u0142a &#8211; adiunkt<br \/>\ndr Jakub Gnela &#8211; asystent<br \/>\nmgr Artur Harazim &#8211; asystent<br \/>\ndr Renata Jankowska &#8211; Profesor Uczelni<br \/>\ndr Zbigniew Kantyka &#8211; adiunkt<br \/>\ndr Maciej Karwas &#8211; adiunkt<br \/>\ndr Jolanta Klimczak &#8211; adiunkt<br \/>\ndr Ma\u0142gorzata Kmak &#8211; adiunkt<br \/>\ndr Sarunas Liekis &#8211; Profesor Uczelni<br \/>\ndr Joanna Lustig &#8211; adiunkt<br \/>\ndr hab. Marek Migalski &#8211; Profesor Uczelni<br \/>\ndr Tomasz Okraska &#8211; Profesor Uczelni<br \/>\ndr Tomasz S\u0142upik &#8211; adiunkt<br \/>\ndr Wiktor Widera &#8211; adiunkt<br \/>\ndr Bo\u017cena Zas\u0119pa &#8211; adiunkt<\/p>\n<\/div>\r\n                    <\/div>\r\n                <\/div>[\/vc_column][\/vc_row]<\/p>","protected":false},"excerpt":{"rendered":"<p>[vc_row][vc_column][\/vc_column][\/vc_row][vc_row][vc_column][\/vc_column][\/vc_row][vc_row][vc_column][\/vc_column][\/vc_row][vc_row][vc_column][\/vc_column][\/vc_row] [&#8230;]<\/p>\n<p><a class=\"btn btn-secondary understrap-read-more-link\" href=\"https:\/\/us.edu.pl\/wydzial\/wns\/dyrektor-kierunku-miedzynarodowe-studia-nauk-politycznych-i-dyplomacji\/\">Read More&#8230;<\/a><\/p>\n","protected":false},"author":134,"featured_media":0,"parent":0,"menu_order":0,"comment_status":"closed","ping_status":"closed","template":"","meta":{"_expiration-date-status":"","_expiration-date":0,"_expiration-date-type":"","_expiration-date-categories":[],"_expiration-date-options":[]},"acf":[],"_links":{"self":[{"href":"https:\/\/us.edu.pl\/wydzial\/wns\/wp-json\/wp\/v2\/pages\/6053"}],"collection":[{"href":"https:\/\/us.edu.pl\/wydzial\/wns\/wp-json\/wp\/v2\/pages"}],"about":[{"href":"https:\/\/us.edu.pl\/wydzial\/wns\/wp-json\/wp\/v2\/types\/page"}],"author":[{"embeddable":true,"href":"https:\/\/us.edu.pl\/wydzial\/wns\/wp-json\/wp\/v2\/users\/134"}],"replies":[{"embeddable":true,"href":"https:\/\/us.edu.pl\/wydzial\/wns\/wp-json\/wp\/v2\/comments?post=6053"}],"version-history":[{"count":11,"href":"https:\/\/us.edu.pl\/wydzial\/wns\/wp-json\/wp\/v2\/pages\/6053\/revisions"}],"predecessor-version":[{"id":183678,"href":"https:\/\/us.edu.pl\/wydzial\/wns\/wp-json\/wp\/v2\/pages\/6053\/revisions\/183678"}],"wp:attachment":[{"href":"https:\/\/us.edu.pl\/wydzial\/wns\/wp-json\/wp\/v2\/media?parent=6053"}],"curies":[{"name":"wp","href":"https:\/\/api.w.org\/{rel}","templated":true}]}}