{"id":6354,"date":"2021-09-29T11:02:11","date_gmt":"2021-09-29T09:02:11","guid":{"rendered":"https:\/\/us.edu.pl\/wydzial\/wns\/?page_id=6354"},"modified":"2021-09-29T11:04:18","modified_gmt":"2021-09-29T09:04:18","slug":"zal-7-opinia-dotyczaca-realizacji-praktyk","status":"publish","type":"page","link":"https:\/\/us.edu.pl\/wydzial\/wns\/zal-7-opinia-dotyczaca-realizacji-praktyk\/","title":{"rendered":"za\u0142. 7 . Opinia dotycz\u0105ca realizacji praktyk- wype\u0142nia student"},"content":{"rendered":"<p>https:\/\/forms.office.com\/Pages\/ResponsePage.aspx?id=kWLHUIAMRESi-0-KsWjDEcC0uXVssnBHkuLoLxtto4NUQU9FRDE1UzFSUlNTUktaMEczVVE4V1JVVy4u<\/p>","protected":false},"excerpt":{"rendered":"<p>https:\/\/forms.office.com\/Pages\/ResponsePage.aspx?id=kWLHUIAMRESi-0-KsWjDEcC0uXVssnBHkuLoLxtto4NUQU9FRDE1UzFSUlNTUktaMEczVVE4V1JVVy4u [&#8230;]<\/p>\n<p><a class=\"btn btn-secondary understrap-read-more-link\" href=\"https:\/\/us.edu.pl\/wydzial\/wns\/zal-7-opinia-dotyczaca-realizacji-praktyk\/\">Read More&#8230;<\/a><\/p>\n","protected":false},"author":133,"featured_media":0,"parent":0,"menu_order":0,"comment_status":"closed","ping_status":"closed","template":"","meta":{"_expiration-date-status":"saved","_expiration-date":0,"_expiration-date-type":"","_expiration-date-categories":[],"_expiration-date-options":[]},"acf":[],"_links":{"self":[{"href":"https:\/\/us.edu.pl\/wydzial\/wns\/wp-json\/wp\/v2\/pages\/6354"}],"collection":[{"href":"https:\/\/us.edu.pl\/wydzial\/wns\/wp-json\/wp\/v2\/pages"}],"about":[{"href":"https:\/\/us.edu.pl\/wydzial\/wns\/wp-json\/wp\/v2\/types\/page"}],"author":[{"embeddable":true,"href":"https:\/\/us.edu.pl\/wydzial\/wns\/wp-json\/wp\/v2\/users\/133"}],"replies":[{"embeddable":true,"href":"https:\/\/us.edu.pl\/wydzial\/wns\/wp-json\/wp\/v2\/comments?post=6354"}],"version-history":[{"count":1,"href":"https:\/\/us.edu.pl\/wydzial\/wns\/wp-json\/wp\/v2\/pages\/6354\/revisions"}],"predecessor-version":[{"id":6355,"href":"https:\/\/us.edu.pl\/wydzial\/wns\/wp-json\/wp\/v2\/pages\/6354\/revisions\/6355"}],"wp:attachment":[{"href":"https:\/\/us.edu.pl\/wydzial\/wns\/wp-json\/wp\/v2\/media?parent=6354"}],"curies":[{"name":"wp","href":"https:\/\/api.w.org\/{rel}","templated":true}]}}