{"id":6898,"date":"2021-10-26T09:13:01","date_gmt":"2021-10-26T07:13:01","guid":{"rendered":"https:\/\/us.edu.pl\/wydzial\/wns\/?page_id=6898"},"modified":"2021-10-26T09:13:01","modified_gmt":"2021-10-26T07:13:01","slug":"i-konferencja-wokol-nauk-spolecznych","status":"publish","type":"page","link":"https:\/\/us.edu.pl\/wydzial\/wns\/i-konferencja-wokol-nauk-spolecznych\/","title":{"rendered":"I Konferencja Wok\u00f3\u0142 Nauk Spo\u0142ecznych"},"content":{"rendered":"<p>[vc_row][vc_column]\r\n                <div class=\"text-modules\">\r\n                    <div class=\"container\">\r\n                        \r\n                        <div class=\"text-modules__content\"><p><a href=\"https:\/\/us.edu.pl\/wydzial\/wns\/wp-content\/uploads\/sites\/17\/Nieprzypisane\/PLAN-WYDARZENIA.docx\" class=\"mtli_attachment mtli_docx\" data-mtli=\"mtli_filesize14,87kB\" class=\"mtli_attachment mtli_docx\" data-mtli=\"mtli_filesize14,87kB\">PLAN WYDARZENIA<\/a><\/p>\n<style type=\"text\/css\">a[data-mtli~=\"mtli_filesize14,87kB\"]:after {content:\" (14,87 kB)\"}<\/style><\/div>\r\n                    <\/div>\r\n                <\/div>[\/vc_column][\/vc_row]<\/p>\n<style type=\"text\/css\">a[data-mtli~=\"mtli_filesize14,87kB\"]:after {content:\" (14,87 kB)\"}<\/style>","protected":false},"excerpt":{"rendered":"<p>[vc_row][vc_column][\/vc_column][\/vc_row] [&#8230;]<\/p>\n<p><a class=\"btn btn-secondary understrap-read-more-link\" href=\"https:\/\/us.edu.pl\/wydzial\/wns\/i-konferencja-wokol-nauk-spolecznych\/\">Read More&#8230;<\/a><\/p>\n","protected":false},"author":133,"featured_media":0,"parent":0,"menu_order":0,"comment_status":"closed","ping_status":"closed","template":"","meta":{"_expiration-date-status":"saved","_expiration-date":0,"_expiration-date-type":"","_expiration-date-categories":[],"_expiration-date-options":[]},"acf":[],"_links":{"self":[{"href":"https:\/\/us.edu.pl\/wydzial\/wns\/wp-json\/wp\/v2\/pages\/6898"}],"collection":[{"href":"https:\/\/us.edu.pl\/wydzial\/wns\/wp-json\/wp\/v2\/pages"}],"about":[{"href":"https:\/\/us.edu.pl\/wydzial\/wns\/wp-json\/wp\/v2\/types\/page"}],"author":[{"embeddable":true,"href":"https:\/\/us.edu.pl\/wydzial\/wns\/wp-json\/wp\/v2\/users\/133"}],"replies":[{"embeddable":true,"href":"https:\/\/us.edu.pl\/wydzial\/wns\/wp-json\/wp\/v2\/comments?post=6898"}],"version-history":[{"count":1,"href":"https:\/\/us.edu.pl\/wydzial\/wns\/wp-json\/wp\/v2\/pages\/6898\/revisions"}],"predecessor-version":[{"id":6900,"href":"https:\/\/us.edu.pl\/wydzial\/wns\/wp-json\/wp\/v2\/pages\/6898\/revisions\/6900"}],"wp:attachment":[{"href":"https:\/\/us.edu.pl\/wydzial\/wns\/wp-json\/wp\/v2\/media?parent=6898"}],"curies":[{"name":"wp","href":"https:\/\/api.w.org\/{rel}","templated":true}]}}