{"id":7398,"date":"2021-12-06T11:37:48","date_gmt":"2021-12-06T10:37:48","guid":{"rendered":"https:\/\/us.edu.pl\/wydzial\/wns\/?page_id=7398"},"modified":"2026-02-06T11:25:23","modified_gmt":"2026-02-06T10:25:23","slug":"realizacja-projektow","status":"publish","type":"page","link":"https:\/\/us.edu.pl\/wydzial\/wns\/realizacja-projektow\/","title":{"rendered":"Realizacja projekt\u00f3w"},"content":{"rendered":"<p>[vc_row][vc_column]\r\n                <div class=\"text-modules\">\r\n                    <div class=\"container\">\r\n                        \r\n                        <div class=\"text-modules__content\"><p>Otrzymanie pozytywnej decyzji o finansowaniu projektu rozpoczyna proces realizacji projektu.<\/p>\n<p>Zesp\u00f3\u0142 udziela wsparcia w zakresie procedur i formalno\u015bci zwi\u0105zanych z rozpocz\u0119ciem realizacji projektu.<\/p>\n<ol>\n<li><a href=\"https:\/\/us.edu.pl\/wydzial\/wns\/wp-content\/uploads\/sites\/17\/Nieprzypisane\/1.-Wniosek-o-powo\u0142anie-kierownika-projektu.docx\" class=\"mtli_attachment mtli_docx\" data-mtli=\"mtli_filesize23,50kB\" class=\"mtli_attachment mtli_docx\" data-mtli=\"mtli_filesize23,50kB\">Wniosek o powo\u0142anie kierownika projektu<\/a><\/li>\n<li><a href=\"https:\/\/us.edu.pl\/wydzial\/wns\/wp-content\/uploads\/sites\/17\/Nieprzypisane\/2.-Formularz-Oceny-Kwalifikowalno\u015bci-Podatku-VAT.pdf\" class=\"mtli_attachment mtli_pdf\" data-mtli=\"mtli_filesize126,07kB\" class=\"mtli_attachment mtli_pdf\" data-mtli=\"mtli_filesize126,07kB\">VAT<\/a><\/li>\n<li><a href=\"https:\/\/us.edu.pl\/wydzial\/wns\/wp-content\/uploads\/sites\/17\/Nieprzypisane\/O\u015bwiadczenie.pdf\" class=\"mtli_attachment mtli_pdf\" data-mtli=\"mtli_filesize82,94kB\" class=\"mtli_attachment mtli_pdf\" data-mtli=\"mtli_filesize82,94kB\">O\u015bwiadczenie<\/a><\/li>\n<\/ol>\n<p>&nbsp;<\/p>\n<p>Zach\u0119camy do okresowej analizy ryzyka w projektach.<\/p>\n<ol>\n<li><a href=\"https:\/\/us.edu.pl\/wydzial\/wns\/wp-content\/uploads\/sites\/17\/Nieprzypisane\/3.-Wykaz-przyk\u0142adowych-ryzyk.pdf\" class=\"mtli_attachment mtli_pdf\" data-mtli=\"mtli_filesize203,15kB\" class=\"mtli_attachment mtli_pdf\" data-mtli=\"mtli_filesize203,15kB\">Wykaz ryzyk<\/a><\/li>\n<li><a href=\"https:\/\/us.edu.pl\/wydzial\/wns\/wp-content\/uploads\/sites\/17\/Nieprzypisane\/4.-Analiza-i-ocena-ryzyka-w-projekcie.pdf\" class=\"mtli_attachment mtli_pdf\" data-mtli=\"mtli_filesize69,66kB\" class=\"mtli_attachment mtli_pdf\" data-mtli=\"mtli_filesize69,66kB\">Analiza i ocena<\/a><\/li>\n<li><a href=\"https:\/\/us.edu.pl\/wydzial\/wns\/wp-content\/uploads\/sites\/17\/Nieprzypisane\/5.-Notatka-informacyjna-z-przegl\u0105du-ryzyk.pdf\" class=\"mtli_attachment mtli_pdf\" data-mtli=\"mtli_filesize50,74kB\" class=\"mtli_attachment mtli_pdf\" data-mtli=\"mtli_filesize50,74kB\">Notatka<\/a><\/li>\n<\/ol>\n<p>\n<style type=\"text\/css\">a[data-mtli~=\"mtli_filesize23,50kB\"]:after {content:\" (23,50 kB)\"}a[data-mtli~=\"mtli_filesize126,07kB\"]:after {content:\" (126,07 kB)\"}a[data-mtli~=\"mtli_filesize82,94kB\"]:after {content:\" (82,94 kB)\"}a[data-mtli~=\"mtli_filesize203,15kB\"]:after {content:\" (203,15 kB)\"}a[data-mtli~=\"mtli_filesize69,66kB\"]:after {content:\" (69,66 kB)\"}a[data-mtli~=\"mtli_filesize50,74kB\"]:after {content:\" (50,74 kB)\"}<\/style><\/div>\r\n                    <\/div>\r\n                <\/div>[\/vc_column][\/vc_row][vc_row][vc_column]\r\n                <div class=\"text-modules\">\r\n                    <div class=\"container\">\r\n                        \r\n                        <div class=\"text-modules__content\"><p>Broszura Informacyjna \u2013 Wynagradzanie Uczestnik\u00f3w<br \/>\nBada\u0144 Pod\u0142u\u017cnych: <a href=\"https:\/\/us.edu.pl\/wydzial\/wns\/wp-content\/uploads\/sites\/17\/Bez-kategorii\/badania-podluzne-na-strone.pdf\" class=\"mtli_attachment mtli_pdf\" data-mtli=\"mtli_filesize184,68kB\" class=\"mtli_attachment mtli_pdf\" data-mtli=\"mtli_filesize184,68kB\">Badania pod\u0142u\u017cne<\/a><\/p>\n<style type=\"text\/css\">a[data-mtli~=\"mtli_filesize184,68kB\"]:after {content:\" (184,68 kB)\"}<\/style><\/div>\r\n                    <\/div>\r\n                <\/div>[\/vc_column][\/vc_row]<\/p>\n<style type=\"text\/css\">a[data-mtli~=\"mtli_filesize23,50kB\"]:after {content:\" (23,50 kB)\"}a[data-mtli~=\"mtli_filesize126,07kB\"]:after {content:\" (126,07 kB)\"}a[data-mtli~=\"mtli_filesize82,94kB\"]:after {content:\" (82,94 kB)\"}a[data-mtli~=\"mtli_filesize203,15kB\"]:after {content:\" (203,15 kB)\"}a[data-mtli~=\"mtli_filesize69,66kB\"]:after {content:\" (69,66 kB)\"}a[data-mtli~=\"mtli_filesize50,74kB\"]:after {content:\" (50,74 kB)\"}a[data-mtli~=\"mtli_filesize184,68kB\"]:after {content:\" (184,68 kB)\"}<\/style>","protected":false},"excerpt":{"rendered":"<p>[vc_row][vc_column][\/vc_column][\/vc_row][vc_row][vc_column][\/vc_column][\/vc_row] [&#8230;]<\/p>\n<p><a class=\"btn btn-secondary understrap-read-more-link\" href=\"https:\/\/us.edu.pl\/wydzial\/wns\/realizacja-projektow\/\">Read More&#8230;<\/a><\/p>\n","protected":false},"author":133,"featured_media":0,"parent":0,"menu_order":0,"comment_status":"closed","ping_status":"closed","template":"","meta":{"_expiration-date-status":"","_expiration-date":0,"_expiration-date-type":"","_expiration-date-categories":[],"_expiration-date-options":[]},"acf":[],"_links":{"self":[{"href":"https:\/\/us.edu.pl\/wydzial\/wns\/wp-json\/wp\/v2\/pages\/7398"}],"collection":[{"href":"https:\/\/us.edu.pl\/wydzial\/wns\/wp-json\/wp\/v2\/pages"}],"about":[{"href":"https:\/\/us.edu.pl\/wydzial\/wns\/wp-json\/wp\/v2\/types\/page"}],"author":[{"embeddable":true,"href":"https:\/\/us.edu.pl\/wydzial\/wns\/wp-json\/wp\/v2\/users\/133"}],"replies":[{"embeddable":true,"href":"https:\/\/us.edu.pl\/wydzial\/wns\/wp-json\/wp\/v2\/comments?post=7398"}],"version-history":[{"count":9,"href":"https:\/\/us.edu.pl\/wydzial\/wns\/wp-json\/wp\/v2\/pages\/7398\/revisions"}],"predecessor-version":[{"id":184108,"href":"https:\/\/us.edu.pl\/wydzial\/wns\/wp-json\/wp\/v2\/pages\/7398\/revisions\/184108"}],"wp:attachment":[{"href":"https:\/\/us.edu.pl\/wydzial\/wns\/wp-json\/wp\/v2\/media?parent=7398"}],"curies":[{"name":"wp","href":"https:\/\/api.w.org\/{rel}","templated":true}]}}