{"id":7401,"date":"2021-12-06T11:39:31","date_gmt":"2021-12-06T10:39:31","guid":{"rendered":"https:\/\/us.edu.pl\/wydzial\/wns\/?page_id=7401"},"modified":"2025-05-07T11:07:53","modified_gmt":"2025-05-07T09:07:53","slug":"wsparcie-naukowcow-w-realizacji-projektow","status":"publish","type":"page","link":"https:\/\/us.edu.pl\/wydzial\/wns\/wsparcie-naukowcow-w-realizacji-projektow\/","title":{"rendered":"Wsparcie naukowc\u00f3w w realizacji projekt\u00f3w"},"content":{"rendered":"<p>[vc_row][vc_column]\r\n                <div class=\"text-modules\">\r\n                    <div class=\"container\">\r\n                        \r\n                        <div class=\"text-modules__content\"><p><strong>mgr Aleksandra Soko\u0142a<br \/>\n<\/strong><strong>Koordynator Zespo\u0142u ds. Projekt\u00f3w Wydzia\u0142u<br \/>\n<\/strong><a href=\"mailto:aleksandra.sokola@us.edu.pl\">aleksandra.sokola@us.edu.pl<\/a><br \/>\n<a href=\"mailto:projekty.wns@us.edu.pl\">projekty.wns@us.edu.pl<\/a><\/p>\n<p>tel. 32 359 18 16<br \/>\nul. Bankowa 11, 40-007 Katowice, pok\u00f3j nr 24c<\/p>\n<p>&nbsp;<\/p>\n<p><strong>in\u017c. Maria G\u00f3rska<\/strong><strong><br \/>\n<\/strong><a href=\"http:\/\/maria.gorskaus.edu.pl\">maria.gorska@us.edu.pl<\/a><br \/>\n<a href=\"mailto:projekty.wns@us.edu.pl\">projekty.wns@us.edu.pl<\/a><\/p>\n<p>tel. 32 359 18 16<br \/>\nul. Bankowa 11, 40-007 Katowice, pok\u00f3j nr 24c<\/p>\n<p>&nbsp;<\/p>\n<p><strong>lic. Marta Koczurkiewicz<br \/>\n<\/strong><a href=\"mailto:marta.koczurkiewicz@us.edu.pl\">marta.koczurkiewicz@us.edu.pl<\/a><br \/>\n<a href=\"mailto:projekty.wns@us.edu.pl\">projekty.wns@us.edu.pl<\/a><\/p>\n<p>tel. 32 359 18 16<br \/>\nul. Bankowa 11, 40-007 Katowice, pok\u00f3j nr 24c<\/p>\n<p>&nbsp;<\/p>\n<p><strong>lic. Natalia Nied\u017awied\u017a<\/strong><strong><br \/>\n<\/strong><a href=\"mailto:natalia.niedzwiedz@us.edu.pl\">natalia.niedzwiedz@us.edu.pl<\/a><br \/>\n<a href=\"mailto:projekty.wns@us.edu.pl\">projekty.wns@us.edu.pl<\/a><\/p>\n<p>tel. 32 359 18 16<br \/>\nul. Bankowa 11, 40-007 Katowice, pok\u00f3j nr 24c<\/p>\n<p>&nbsp;<\/p>\n<p><strong>Dy\u017cury w ka\u017cdy wtorek:<\/strong><\/p>\n<p><strong>Gra\u017cy\u0144skiego 53, 40-126 Katowice, pok\u00f3j 124<br \/>\ntel. 32\u00a0359 97 94<\/strong><\/p>\n<\/div>\r\n                    <\/div>\r\n                <\/div>[\/vc_column][\/vc_row]<\/p>","protected":false},"excerpt":{"rendered":"<p>[vc_row][vc_column][\/vc_column][\/vc_row] [&#8230;]<\/p>\n<p><a class=\"btn btn-secondary understrap-read-more-link\" href=\"https:\/\/us.edu.pl\/wydzial\/wns\/wsparcie-naukowcow-w-realizacji-projektow\/\">Read More&#8230;<\/a><\/p>\n","protected":false},"author":133,"featured_media":0,"parent":0,"menu_order":0,"comment_status":"closed","ping_status":"closed","template":"","meta":{"_expiration-date-status":"","_expiration-date":0,"_expiration-date-type":"","_expiration-date-categories":[],"_expiration-date-options":[]},"acf":[],"_links":{"self":[{"href":"https:\/\/us.edu.pl\/wydzial\/wns\/wp-json\/wp\/v2\/pages\/7401"}],"collection":[{"href":"https:\/\/us.edu.pl\/wydzial\/wns\/wp-json\/wp\/v2\/pages"}],"about":[{"href":"https:\/\/us.edu.pl\/wydzial\/wns\/wp-json\/wp\/v2\/types\/page"}],"author":[{"embeddable":true,"href":"https:\/\/us.edu.pl\/wydzial\/wns\/wp-json\/wp\/v2\/users\/133"}],"replies":[{"embeddable":true,"href":"https:\/\/us.edu.pl\/wydzial\/wns\/wp-json\/wp\/v2\/comments?post=7401"}],"version-history":[{"count":11,"href":"https:\/\/us.edu.pl\/wydzial\/wns\/wp-json\/wp\/v2\/pages\/7401\/revisions"}],"predecessor-version":[{"id":179151,"href":"https:\/\/us.edu.pl\/wydzial\/wns\/wp-json\/wp\/v2\/pages\/7401\/revisions\/179151"}],"wp:attachment":[{"href":"https:\/\/us.edu.pl\/wydzial\/wns\/wp-json\/wp\/v2\/media?parent=7401"}],"curies":[{"name":"wp","href":"https:\/\/api.w.org\/{rel}","templated":true}]}}