{"id":7455,"date":"2021-12-07T10:58:33","date_gmt":"2021-12-07T09:58:33","guid":{"rendered":"https:\/\/us.edu.pl\/wydzial\/wns\/?page_id=7455"},"modified":"2025-07-09T12:56:17","modified_gmt":"2025-07-09T10:56:17","slug":"harmonogram-konkursow-2","status":"publish","type":"page","link":"https:\/\/us.edu.pl\/wydzial\/wns\/harmonogram-konkursow-2\/","title":{"rendered":"harmonogram konkurs\u00f3w"},"content":{"rendered":"<p>[vc_row][vc_column]\r\n                <div class=\"text-modules\">\r\n                    <div class=\"container\">\r\n                        \r\n                        <div class=\"text-modules__content\"><p><a href=\"https:\/\/us.edu.pl\/pracownik\/sprawy-naukowe\/strefa-projektow\/wykaz-otwartych-konkursow\/\"><strong>https:\/\/us.edu.pl\/pracownik\/sprawy-naukowe\/strefa-projektow\/wykaz-otwartych-konkursow\/<\/strong><\/a><\/p>\n<p><strong>\u00a0<\/strong><\/p>\n<p><a href=\"https:\/\/nawa.gov.pl\/programy-nawa\/programy-nawa-alias\/harmonogram-naborow\">Harmonogram nabor\u00f3w &#8211; NAWA<\/a><\/p>\n<ul>\n<li><a href=\"https:\/\/us.edu.pl\/wydzial\/wns\/wp-content\/uploads\/sites\/17\/Bez-kategorii\/NAWA-PRELUDIUM-BIS-2.docx\" class=\"mtli_attachment mtli_docx\" data-mtli=\"mtli_filesize14,49kB\" class=\"mtli_attachment mtli_docx\" data-mtli=\"mtli_filesize14,49kB\">NAWA PRELUDIUM BIS 2<\/a> &#8211; nab\u00f3r do 10 grudnia 2025 r.<\/li>\n<\/ul>\n<p>&nbsp;<\/p>\n<p>&nbsp;<\/p>\n<p>Celem nabor\u00f3w jest wsparcie mobilno\u015bci naukowc\u00f3w realizuj\u0105cych projekty badawcze, uzgodnione i prowadzone wsp\u00f3lnie przez uprawnionych Wnioskodawc\u00f3w z Polski i partner\u00f3w.<\/p>\n<p>&nbsp;<\/p>\n<p>&nbsp;<\/p>\n<p><strong>Wsp\u00f3lne projekty badawcze pomi\u0119dzy Polsk\u0105 a Francj\u0105 2025<\/strong><\/p>\n<p>Nab\u00f3r trwa do 17 lipca 2025 roku do godz. 15:00 czasu lokalnego dla Warszawy.<\/p>\n<p><a href=\"https:\/\/nawa.gov.pl\/programy-nawa\/programy-nawa-alias\/programy\/wspolne-projekty-badawcze-pomiedzy-polska-a-francja-2025\">https:\/\/nawa.gov.pl\/programy-nawa\/programy-nawa-alias\/programy\/wspolne-projekty-badawcze-pomiedzy-polska-a-francja-2025<\/a><\/p>\n<p>&nbsp;<\/p>\n<p>&nbsp;<\/p>\n<p><strong>Dane Uniwersytetu przydatne do przygotowywania wniosk\u00f3w<\/strong>:<\/p>\n<p>Adres skrzynki ePUAP: \/USKat\/SkrytkaESP<\/p>\n<p>NIP: 634 019 71 34<\/p>\n<p>REGON: 000001347<\/p>\n<p>&nbsp;<\/p>\n<p><img class=\"alignnone size-medium wp-image-7600\" src=\"https:\/\/us.edu.pl\/wydzial\/wns\/wp-content\/uploads\/sites\/17\/Nieprzypisane\/NAWA-300x44.png\" alt=\"logotyp Narodowej Agencji Wymiany Akademickiej \" width=\"300\" height=\"44\" srcset=\"https:\/\/us.edu.pl\/wydzial\/wns\/wp-content\/uploads\/sites\/17\/Nieprzypisane\/NAWA-300x44.png 300w, https:\/\/us.edu.pl\/wydzial\/wns\/wp-content\/uploads\/sites\/17\/Nieprzypisane\/NAWA-768x112.png 768w, https:\/\/us.edu.pl\/wydzial\/wns\/wp-content\/uploads\/sites\/17\/Nieprzypisane\/NAWA-575x84.png 575w, https:\/\/us.edu.pl\/wydzial\/wns\/wp-content\/uploads\/sites\/17\/Nieprzypisane\/NAWA.png 791w\" sizes=\"(max-width: 300px) 100vw, 300px\" \/><\/p>\n<style type=\"text\/css\">a[data-mtli~=\"mtli_filesize14,49kB\"]:after {content:\" (14,49 kB)\"}<\/style><\/div>\r\n                    <\/div>\r\n                <\/div>[\/vc_column][\/vc_row]<\/p>\n<style type=\"text\/css\">a[data-mtli~=\"mtli_filesize14,49kB\"]:after {content:\" (14,49 kB)\"}<\/style>","protected":false},"excerpt":{"rendered":"<p>[vc_row][vc_column][\/vc_column][\/vc_row] [&#8230;]<\/p>\n<p><a class=\"btn btn-secondary understrap-read-more-link\" href=\"https:\/\/us.edu.pl\/wydzial\/wns\/harmonogram-konkursow-2\/\">Read More&#8230;<\/a><\/p>\n","protected":false},"author":133,"featured_media":0,"parent":0,"menu_order":0,"comment_status":"closed","ping_status":"closed","template":"","meta":{"_expiration-date-status":"","_expiration-date":0,"_expiration-date-type":"","_expiration-date-categories":[],"_expiration-date-options":[]},"acf":[],"_links":{"self":[{"href":"https:\/\/us.edu.pl\/wydzial\/wns\/wp-json\/wp\/v2\/pages\/7455"}],"collection":[{"href":"https:\/\/us.edu.pl\/wydzial\/wns\/wp-json\/wp\/v2\/pages"}],"about":[{"href":"https:\/\/us.edu.pl\/wydzial\/wns\/wp-json\/wp\/v2\/types\/page"}],"author":[{"embeddable":true,"href":"https:\/\/us.edu.pl\/wydzial\/wns\/wp-json\/wp\/v2\/users\/133"}],"replies":[{"embeddable":true,"href":"https:\/\/us.edu.pl\/wydzial\/wns\/wp-json\/wp\/v2\/comments?post=7455"}],"version-history":[{"count":10,"href":"https:\/\/us.edu.pl\/wydzial\/wns\/wp-json\/wp\/v2\/pages\/7455\/revisions"}],"predecessor-version":[{"id":181319,"href":"https:\/\/us.edu.pl\/wydzial\/wns\/wp-json\/wp\/v2\/pages\/7455\/revisions\/181319"}],"wp:attachment":[{"href":"https:\/\/us.edu.pl\/wydzial\/wns\/wp-json\/wp\/v2\/media?parent=7455"}],"curies":[{"name":"wp","href":"https:\/\/api.w.org\/{rel}","templated":true}]}}