{"id":7465,"date":"2021-12-07T11:15:10","date_gmt":"2021-12-07T10:15:10","guid":{"rendered":"https:\/\/us.edu.pl\/wydzial\/wns\/?page_id=7465"},"modified":"2025-10-14T10:36:54","modified_gmt":"2025-10-14T08:36:54","slug":"harmonogram-konkursow-mnisw","status":"publish","type":"page","link":"https:\/\/us.edu.pl\/wydzial\/wns\/harmonogram-konkursow-mnisw\/","title":{"rendered":"harmonogram konkurs\u00f3w MNiSW"},"content":{"rendered":"<p>[vc_row][vc_column]\r\n                <div class=\"text-modules\">\r\n                    <div class=\"container\">\r\n                        <h3 class=\"page-title text__title\">Wykaz otwartych konkurs\u00f3w<\/h3>\r\n                        <div class=\"text-modules__content\"><p>Wykaz otwartych konkurs\u00f3w dost\u0119pny\u00a0<a href=\"https:\/\/us.edu.pl\/pracownik\/sprawy-naukowe\/strefa-projektow\/wykaz-otwartych-konkursow\/\">TUTAJ<\/a><\/p>\n<\/div>\r\n                    <\/div>\r\n                <\/div>[\/vc_column][vc_column]\r\n                <div class=\"text-modules\">\r\n                    <div class=\"container\">\r\n                        \r\n                        <div class=\"text-modules__content\"><p><strong>Spo\u0142eczna Odpowiedzialno\u015b\u0107 Nauki III<\/strong><\/p>\n<p>Celem programu \u201eSpo\u0142eczna Odpowiedzialno\u015b\u0107 Nauki III\u201d jest wsparcie projekt\u00f3w, kt\u00f3re popularyzuj\u0105 nauk\u0119 oraz projekt\u00f3w wspieraj\u0105cych istotne zasoby biblioteczne. Program jest skierowany do podmiot\u00f3w tworz\u0105cych system szkolnictwa wy\u017cszego i nauki, mi\u0119dzy innymi uczelni, instytut\u00f3w naukowych, oraz innych jednostek aktywnie upowszechniaj\u0105cych nauk\u0119.<\/p>\n<p>Spo\u0142eczna Odpowiedzialno\u015b\u0107 Nauki III obejmuje dwa modu\u0142y:<\/p>\n<ul>\n<li>Popularyzacja nauki \u2013 wspiera projekty prezentuj\u0105ce osi\u0105gni\u0119cia naukowc\u00f3w, wyniki bada\u0144, organizacj\u0119 wydarze\u0144 promuj\u0105cych nauk\u0119 i tradycje akademickie.<\/li>\n<li>Biblioteki naukowe \u2013 umo\u017cliwia finansowanie dzia\u0142a\u0144 zwi\u0105zanych z utrzymaniem, opracowaniem w formie elektronicznej i udost\u0119pnianiem najwa\u017cniejszych zasob\u00f3w bibliotecznych.<\/li>\n<\/ul>\n<p>&nbsp;<\/p>\n<p>Nab\u00f3r trwa od 8 pa\u017adziernika do 7 listopada 2025 r.<\/p>\n<p><a href=\"https:\/\/www.gov.pl\/web\/nauka\/spoleczna-odpowiedzialnosc-nauki-iii\">https:\/\/www.gov.pl\/web\/nauka\/spoleczna-odpowiedzialnosc-nauki-iii<\/a><\/p>\n<\/div>\r\n                    <\/div>\r\n                <\/div>[\/vc_column][\/vc_row]<\/p>","protected":false},"excerpt":{"rendered":"<p>[vc_row][vc_column][\/vc_column][vc_column][\/vc_column][\/vc_row] [&#8230;]<\/p>\n<p><a class=\"btn btn-secondary understrap-read-more-link\" href=\"https:\/\/us.edu.pl\/wydzial\/wns\/harmonogram-konkursow-mnisw\/\">Read More&#8230;<\/a><\/p>\n","protected":false},"author":133,"featured_media":0,"parent":0,"menu_order":0,"comment_status":"closed","ping_status":"closed","template":"","meta":{"_expiration-date-status":"","_expiration-date":0,"_expiration-date-type":"","_expiration-date-categories":[],"_expiration-date-options":[]},"acf":[],"_links":{"self":[{"href":"https:\/\/us.edu.pl\/wydzial\/wns\/wp-json\/wp\/v2\/pages\/7465"}],"collection":[{"href":"https:\/\/us.edu.pl\/wydzial\/wns\/wp-json\/wp\/v2\/pages"}],"about":[{"href":"https:\/\/us.edu.pl\/wydzial\/wns\/wp-json\/wp\/v2\/types\/page"}],"author":[{"embeddable":true,"href":"https:\/\/us.edu.pl\/wydzial\/wns\/wp-json\/wp\/v2\/users\/133"}],"replies":[{"embeddable":true,"href":"https:\/\/us.edu.pl\/wydzial\/wns\/wp-json\/wp\/v2\/comments?post=7465"}],"version-history":[{"count":10,"href":"https:\/\/us.edu.pl\/wydzial\/wns\/wp-json\/wp\/v2\/pages\/7465\/revisions"}],"predecessor-version":[{"id":182614,"href":"https:\/\/us.edu.pl\/wydzial\/wns\/wp-json\/wp\/v2\/pages\/7465\/revisions\/182614"}],"wp:attachment":[{"href":"https:\/\/us.edu.pl\/wydzial\/wns\/wp-json\/wp\/v2\/media?parent=7465"}],"curies":[{"name":"wp","href":"https:\/\/api.w.org\/{rel}","templated":true}]}}