{"id":7639,"date":"2021-12-28T08:39:40","date_gmt":"2021-12-28T07:39:40","guid":{"rendered":"https:\/\/us.edu.pl\/wydzial\/wns\/?page_id=7639"},"modified":"2025-08-12T10:38:17","modified_gmt":"2025-08-12T08:38:17","slug":"konkursy-inne","status":"publish","type":"page","link":"https:\/\/us.edu.pl\/wydzial\/wns\/konkursy-inne\/","title":{"rendered":"Konkursy inne"},"content":{"rendered":"<p>[vc_row][vc_column]\r\n                <div class=\"text-modules\">\r\n                    <div class=\"container\">\r\n                        \r\n                        <div class=\"text-modules__content\"><p><strong>\u015al\u0105skie.Lab<\/strong><\/p>\n<p>&nbsp;<\/p>\n<p>Konkurs organizowany jest przez Stowarzyszenie Biznes \u2013 Nauka &#8211; Samorz\u0105d \u201cPro Silesia\u201d, kt\u00f3ry jest pilota\u017cowym naborem, zbli\u017caj\u0105cym \u015bl\u0105skie \u015brodowisko naukowe do wdro\u017cenia dzia\u0142a\u0144, kt\u00f3re b\u0119d\u0105 podejmowane w ramach Programu Naukowego dla \u015al\u0105ska<\/p>\n<p>&nbsp;<\/p>\n<p>Nab\u00f3r: <strong>05.08.2025 \u2013 17.10.2025<\/strong><\/p>\n<p>Okres kwalifikowalno\u015bci wydatk\u00f3w (realizacji projekt\u00f3w): <strong>01.12.2025 \u2013 31.12.2026<\/strong><\/p>\n<p>&nbsp;<\/p>\n<p>\u015arodki dost\u0119pne w ramach I naboru: <strong>1 000 000 z\u0142<\/strong><\/p>\n<p>Minimalna warto\u015b\u0107 projektu: <strong>35 000 z\u0142<\/strong><\/p>\n<p>Maksymalna warto\u015b\u0107 projektu: <strong>200 000 z\u0142<\/strong><\/p>\n<p>&nbsp;<\/p>\n<p>Celem konkursu jest wyb\u00f3r projekt\u00f3w do finansowania w obszarze tematycznym \u201eWzmacnianie funkcji metropolitalnych regionu\u201d: wiele miast czy jedno miasto \u2013 bez zmian i z formu\u0142\u0105 jednego miasta \u2013 potencja\u0142 gospodarczy, finansowy, konkurencyjny, wizerunkowy i oddzia\u0142ywanie regionalne, odbi\u00f3r spo\u0142eczny; rola o\u015brodk\u00f3w subregionalnych w rozwoju regionalnym i ich wsp\u00f3\u0142praca z metropoli\u0105; proces depopulacji; ludzie m\u0142odzi w metropolii, jak ich zatrzyma\u0107; miasta przyjazne seniorom; tkanka mieszkaniowa, z uwzgl\u0119dnieniem Bauhaus; uczelnie wy\u017csze a potencja\u0142 metropolii.<\/p>\n<p>&nbsp;<\/p>\n<p>Z wnioskiem o przyznanie \u015brodk\u00f3w finansowych mo\u017ce wyst\u0105pi\u0107 grupa podmiot\u00f3w powo\u0142ywana na potrzeb\u0119 realizacji danego projektu. W sk\u0142ad grupy podmiot\u00f3w wchodz\u0105 co najmniej Lider i uczelnia lub dwie uczelnie spo\u015br\u00f3d uczelni wy\u017cszych z Konsorcjum i\/lub przedstawicieli Uczelni Cz\u0142onkowskich Stowarzyszenia:<\/p>\n<ul>\n<li>Akademia Humanitas w Sosnowcu,<\/li>\n<li>Akademia Muzyczna w Katowicach,<\/li>\n<li>Akademia Sztuk Pi\u0119knych w Katowicach,<\/li>\n<li>Akademia WSB w D\u0105browie G\u00f3rniczej,<\/li>\n<li>Akademia Wychowania Fizycznego im. Jerzego Kukuczki w Katowicach,<\/li>\n<li>Politechnika Cz\u0119stochowska,<\/li>\n<li>Politechnika \u015al\u0105ska,<\/li>\n<li>\u015al\u0105ski Uniwersytet Medyczny,<\/li>\n<li>Uniwersytet Jana D\u0142ugosza w Cz\u0119stochowie<\/li>\n<li>Uniwersytet Ekonomiczny w Katowicach,<\/li>\n<li>Uniwersytet \u015al\u0105ski w Katowicach.<\/li>\n<\/ul>\n<p>&nbsp;<\/p>\n<p>Link do naboru: <a href=\"https:\/\/www.prosilesia.pl\/slaskie.lab\">https:\/\/www.prosilesia.pl\/slaskie.lab<\/a><\/p>\n<p>\n<\/div>\r\n                    <\/div>\r\n                <\/div><div class=\"container\"><div class=\"separator\" style=\"background-color: #002E5A\"><\/div><\/div>\r\n                <div class=\"text-modules\">\r\n                    <div class=\"container\">\r\n                        \r\n                        <div class=\"text-modules__content\"><p><strong>ERC Grants<\/strong><\/p>\n<p><u>Najbli\u017csze nabory:<\/u><\/p>\n<ul>\n<li><span style=\"color: #ff0000;\"><em>ERC Advanced Grant<\/em><\/span>\u2013 22 maj 2025-28 sierpie\u0144 2025<\/li>\n<\/ul>\n<p>&nbsp;<\/p>\n<ul>\n<li><span style=\"color: #ff0000;\"><em>ERC Starting Grant<\/em><\/span>\u2013 oczekiwany lipiec 2025 \u2013 listopad 2025<\/li>\n<li><span style=\"color: #ff0000;\"><em>ERC Consolidator Grant<\/em><\/span>\u2013 oczekiwany wrzesie\u0144 2025 \u2013 stycze\u0144 2026<\/li>\n<li><span style=\"color: #ff0000;\"><em>ERC Synergy <\/em><em>Grant <\/em><\/span>\u2013 oczekiwany lipiec 2025 \u2013 listopad 2025<\/li>\n<\/ul>\n<p>\n<\/div>\r\n                    <\/div>\r\n                <\/div>\r\n                <div class=\"text-modules\">\r\n                    <div class=\"container\">\r\n                        \r\n                        <div class=\"text-modules__content\"><p><img class=\"alignnone wp-image-180404 size-full\" src=\"https:\/\/us.edu.pl\/wydzial\/wns\/wp-content\/uploads\/sites\/17\/Bez-kategorii\/Tabela-1-1.jpg\" alt=\"tabela\" width=\"971\" height=\"719\" srcset=\"https:\/\/us.edu.pl\/wydzial\/wns\/wp-content\/uploads\/sites\/17\/Bez-kategorii\/Tabela-1-1.jpg 971w, https:\/\/us.edu.pl\/wydzial\/wns\/wp-content\/uploads\/sites\/17\/Bez-kategorii\/Tabela-1-1-300x222.jpg 300w, https:\/\/us.edu.pl\/wydzial\/wns\/wp-content\/uploads\/sites\/17\/Bez-kategorii\/Tabela-1-1-768x569.jpg 768w, https:\/\/us.edu.pl\/wydzial\/wns\/wp-content\/uploads\/sites\/17\/Bez-kategorii\/Tabela-1-1-575x426.jpg 575w\" sizes=\"(max-width: 971px) 100vw, 971px\" \/><img class=\"alignnone wp-image-180402 size-full\" src=\"https:\/\/us.edu.pl\/wydzial\/wns\/wp-content\/uploads\/sites\/17\/Bez-kategorii\/Tabela-2-1.jpg\" alt=\"tabela\" width=\"970\" height=\"597\" srcset=\"https:\/\/us.edu.pl\/wydzial\/wns\/wp-content\/uploads\/sites\/17\/Bez-kategorii\/Tabela-2-1.jpg 970w, https:\/\/us.edu.pl\/wydzial\/wns\/wp-content\/uploads\/sites\/17\/Bez-kategorii\/Tabela-2-1-300x185.jpg 300w, https:\/\/us.edu.pl\/wydzial\/wns\/wp-content\/uploads\/sites\/17\/Bez-kategorii\/Tabela-2-1-768x473.jpg 768w, https:\/\/us.edu.pl\/wydzial\/wns\/wp-content\/uploads\/sites\/17\/Bez-kategorii\/Tabela-2-1-575x354.jpg 575w\" sizes=\"(max-width: 970px) 100vw, 970px\" \/><\/p>\n<\/div>\r\n                    <\/div>\r\n                <\/div>[\/vc_column][\/vc_row][vc_row full_width=&#8221;stretch_row&#8221; gap=&#8221;1&#8243; equal_height=&#8221;yes&#8221; content_placement=&#8221;top&#8221;][vc_column]\r\n                <div class=\"text-modules\">\r\n                    <div class=\"container\">\r\n                        \r\n                        <div class=\"text-modules__content\"><p>W momencie przygotowania grantu mo\u017cna skorzysta\u0107 z:<\/p>\n<p>&nbsp;<\/p>\n<ol>\n<li><strong>ERC Mentoring Initiative<\/strong><\/li>\n<\/ol>\n<p>Inicjatywa zaproponowana przez Europejsk\u0105 Rad\u0119 ds. Bada\u0144 Naukowych (European Research Council \u2013 ERC). Rada utworzy\u0142a baz\u0119 mentor\u00f3w\/mentorek i by\u0142ych panelist\u00f3w\/panelistek ERC, kt\u00f3rzy zgodzili si\u0119 pe\u0142ni\u0107 funkcj\u0119 mentor\u00f3w dla przysz\u0142ych wnioskodawc\u00f3w.<\/p>\n<p>&nbsp;<\/p>\n<p><strong>Cele programu<\/strong><\/p>\n<p>wsparcie naukowc\u00f3w planuj\u0105cych przygotowanie wniosk\u00f3w o grant ERC z polskimi jednostkami goszcz\u0105cymi,<\/p>\n<p>zwi\u0119kszenie uczestnictwa w grantach ERC instytucji z tych pa\u0144stw, kt\u00f3re osi\u0105gaj\u0105 mniejsze sukcesy.<\/p>\n<p>&nbsp;<\/p>\n<p><strong>Kto mo\u017ce aplikowa\u0107?<\/strong><\/p>\n<p>Beneficjentami ERC MI mog\u0105 zosta\u0107 laureaci grant\u00f3w krajowych ze wszystkich czterech narodowych agencji, kt\u00f3rzy:<\/p>\n<ul>\n<li>spe\u0142niaj\u0105 kryteria kwalifikowalno\u015bci do aplikowania o nast\u0119puj\u0105ce g\u0142\u00f3wne granty ERC: ERC Starting, ERC Consolidator, ERC Advanced Grants,<\/li>\n<li>planuj\u0105 aplikowa\u0107 o grant ERC w konkursie, dla kt\u00f3rego sk\u0142adanie wniosk\u00f3w rozpoczyna si\u0119 w tym samym roku, co dana edycja ERC MI lub kolejnym.<\/li>\n<\/ul>\n<p>&nbsp;<\/p>\n<p><a href=\"https:\/\/www.kpk.gov.pl\/horyzont-europa\/excelence-science\/erc-frontier-research\/inicjatywa-erc-mentoring\" target=\"_blank\" rel=\"noopener\">https:\/\/www.kpk.gov.pl\/horyzont-europa\/excelence-science\/erc-frontier-research\/inicjatywa-erc-mentoring<\/a><\/p>\n<p>&nbsp;<\/p>\n<ol start=\"2\">\n<li><strong>Biuro ds. Doskona\u0142o\u015bci Naukowej PAN<\/strong> oferuje wszechstronn\u0105 i bezp\u0142atn\u0105 pomoc w przygotowaniu wniosk\u00f3w o presti\u017cowe granty ERC (Europejskiej Rady ds. Bada\u0144 Naukowych).<\/li>\n<\/ol>\n<p>Ze wsparcia mog\u0105 korzysta\u0107 badaczki i badacze z polskich jednostek naukowych. \u00a0<a href=\"https:\/\/pan.pl\/granty-erc\/\" target=\"_blank\" rel=\"noopener\">https:\/\/pan.pl\/granty-erc\/<\/a><\/p>\n<p>&nbsp;<\/p>\n<ol start=\"3\">\n<li><strong>Yellow Research \u00a0<\/strong><\/li>\n<\/ol>\n<p>P\u0142atne konsultacje prowadzone przez uznan\u0105 holendersk\u0105 agencj\u0119 szkoleniow\u0105, kt\u00f3ra od niemal 30 lat doradza, jak skutecznie ubiega\u0107 si\u0119 o granty europejskie, w tym szczeg\u00f3lnie o presti\u017cowe finansowanie z European Research Council.<\/p>\n<p><a href=\"https:\/\/www.yellowresearch.nl\/\" target=\"_blank\" rel=\"noopener\">https:\/\/www.yellowresearch.nl\/<\/a><\/p>\n<\/div>\r\n                    <\/div>\r\n                <\/div>[\/vc_column][\/vc_row][vc_row][vc_column]<div class=\"container\"><div class=\"separator\" style=\"background-color: #002E5A\"><\/div><\/div>\r\n                <div class=\"text-modules\">\r\n                    <div class=\"container\">\r\n                        \r\n                        <div class=\"text-modules__content\"><p><b>Finansowanie bada\u0144 ze \u015brodk\u00f3w zewn\u0119trznych &#8211; prezentacja<\/b>\u00a0<a href=\"https:\/\/us.edu.pl\/wydzial\/wns\/wp-content\/uploads\/sites\/17\/Bez-kategorii\/WNS-projekty-zagraniczne-aplikowanie.pptx\" target=\"_blank\" rel=\"noopener\">WNS &#8211; projekty zagraniczne &#8211; aplikowanie<\/a><\/p>\n<\/div>\r\n                    <\/div>\r\n                <\/div>[\/vc_column][\/vc_row][vc_row][vc_column][\/vc_column][\/vc_row][vc_row][vc_column][\/vc_column][\/vc_row]<\/p>","protected":false},"excerpt":{"rendered":"<p>[vc_row][vc_column][\/vc_column][\/vc_row][vc_row full_width=&#8221;stretch_row&#8221; gap=&#8221;1&#8243; equal_height=&#8221;yes&#8221; content_placement=&#8221;top&#8221;][vc_column][\/vc_column][\/vc_row][vc_row][vc_column][\/vc_column][\/vc_row][vc_row][vc_column][\/vc_column][\/vc_row][vc_row][vc_column][\/vc_column][\/vc_row] [&#8230;]<\/p>\n<p><a class=\"btn btn-secondary understrap-read-more-link\" href=\"https:\/\/us.edu.pl\/wydzial\/wns\/konkursy-inne\/\">Read More&#8230;<\/a><\/p>\n","protected":false},"author":133,"featured_media":0,"parent":0,"menu_order":0,"comment_status":"closed","ping_status":"closed","template":"","meta":{"_expiration-date-status":"","_expiration-date":0,"_expiration-date-type":"","_expiration-date-categories":[],"_expiration-date-options":[]},"acf":[],"_links":{"self":[{"href":"https:\/\/us.edu.pl\/wydzial\/wns\/wp-json\/wp\/v2\/pages\/7639"}],"collection":[{"href":"https:\/\/us.edu.pl\/wydzial\/wns\/wp-json\/wp\/v2\/pages"}],"about":[{"href":"https:\/\/us.edu.pl\/wydzial\/wns\/wp-json\/wp\/v2\/types\/page"}],"author":[{"embeddable":true,"href":"https:\/\/us.edu.pl\/wydzial\/wns\/wp-json\/wp\/v2\/users\/133"}],"replies":[{"embeddable":true,"href":"https:\/\/us.edu.pl\/wydzial\/wns\/wp-json\/wp\/v2\/comments?post=7639"}],"version-history":[{"count":11,"href":"https:\/\/us.edu.pl\/wydzial\/wns\/wp-json\/wp\/v2\/pages\/7639\/revisions"}],"predecessor-version":[{"id":181780,"href":"https:\/\/us.edu.pl\/wydzial\/wns\/wp-json\/wp\/v2\/pages\/7639\/revisions\/181780"}],"wp:attachment":[{"href":"https:\/\/us.edu.pl\/wydzial\/wns\/wp-json\/wp\/v2\/media?parent=7639"}],"curies":[{"name":"wp","href":"https:\/\/api.w.org\/{rel}","templated":true}]}}