{"id":814,"date":"2019-11-14T10:10:35","date_gmt":"2019-11-14T09:10:35","guid":{"rendered":"https:\/\/us.edu.pl\/wydzial\/wns\/?page_id=814"},"modified":"2022-05-23T13:02:46","modified_gmt":"2022-05-23T11:02:46","slug":"dyzury-pracownikow-kierunku-zarzadzanie-zasobami-ludzkimi","status":"publish","type":"page","link":"https:\/\/us.edu.pl\/wydzial\/wns\/dyzury-pracownikow-kierunku-zarzadzanie-zasobami-ludzkimi\/","title":{"rendered":"Dy\u017cury Pracownik\u00f3w kierunku Zarz\u0105dzanie Zasobami Ludzkimi"},"content":{"rendered":"<p>[vc_row][vc_column]\r\n                <div class=\"text-modules\">\r\n                    <div class=\"container\">\r\n                        <h3 class=\"page-title text__title\">DY\u017bURY PRACOWNIK\u00d3W KIERUNKU ZARZ\u0104DZANIE ZASOBAMI LUDZKIMI<\/h3>\r\n                        <div class=\"text-modules__content\"><p><strong>Dy\u017cury Semestr Letni:<\/strong><\/p>\n<p><a href=\"https:\/\/us.edu.pl\/wydzial\/wns\/wp-content\/uploads\/sites\/17\/Bez-kategorii\/ZZL-Dyzury-lato-2022-.pdf\" class=\"mtli_attachment mtli_pdf\" data-mtli=\"mtli_filesize149,87kB\" class=\"mtli_attachment mtli_pdf\" data-mtli=\"mtli_filesize149,87kB\">ZZL-Dy\u017cury-lato-2022-<\/a><\/p>\n<style type=\"text\/css\">a[data-mtli~=\"mtli_filesize149,87kB\"]:after {content:\" (149,87 kB)\"}<\/style><\/div>\r\n                    <\/div>\r\n                <\/div>[\/vc_column][\/vc_row]<\/p>\n<style type=\"text\/css\">a[data-mtli~=\"mtli_filesize149,87kB\"]:after {content:\" (149,87 kB)\"}<\/style>","protected":false},"excerpt":{"rendered":"<p>[vc_row][vc_column][\/vc_column][\/vc_row] [&#8230;]<\/p>\n<p><a class=\"btn btn-secondary understrap-read-more-link\" href=\"https:\/\/us.edu.pl\/wydzial\/wns\/dyzury-pracownikow-kierunku-zarzadzanie-zasobami-ludzkimi\/\">Read More&#8230;<\/a><\/p>\n","protected":false},"author":130,"featured_media":0,"parent":0,"menu_order":0,"comment_status":"closed","ping_status":"closed","template":"","meta":{"_expiration-date-status":"","_expiration-date":0,"_expiration-date-type":"","_expiration-date-categories":[],"_expiration-date-options":[]},"acf":[],"_links":{"self":[{"href":"https:\/\/us.edu.pl\/wydzial\/wns\/wp-json\/wp\/v2\/pages\/814"}],"collection":[{"href":"https:\/\/us.edu.pl\/wydzial\/wns\/wp-json\/wp\/v2\/pages"}],"about":[{"href":"https:\/\/us.edu.pl\/wydzial\/wns\/wp-json\/wp\/v2\/types\/page"}],"author":[{"embeddable":true,"href":"https:\/\/us.edu.pl\/wydzial\/wns\/wp-json\/wp\/v2\/users\/130"}],"replies":[{"embeddable":true,"href":"https:\/\/us.edu.pl\/wydzial\/wns\/wp-json\/wp\/v2\/comments?post=814"}],"version-history":[{"count":10,"href":"https:\/\/us.edu.pl\/wydzial\/wns\/wp-json\/wp\/v2\/pages\/814\/revisions"}],"predecessor-version":[{"id":9615,"href":"https:\/\/us.edu.pl\/wydzial\/wns\/wp-json\/wp\/v2\/pages\/814\/revisions\/9615"}],"wp:attachment":[{"href":"https:\/\/us.edu.pl\/wydzial\/wns\/wp-json\/wp\/v2\/media?parent=814"}],"curies":[{"name":"wp","href":"https:\/\/api.w.org\/{rel}","templated":true}]}}