{"id":896,"date":"2019-11-25T10:37:53","date_gmt":"2019-11-25T09:37:53","guid":{"rendered":"https:\/\/us.edu.pl\/wydzial\/wns\/?page_id=896"},"modified":"2025-12-11T09:10:27","modified_gmt":"2025-12-11T08:10:27","slug":"studencki-zespol-piesni-i-tanca-katowice-uniwersytetu-slaskiego","status":"publish","type":"page","link":"https:\/\/us.edu.pl\/wydzial\/wns\/studencki-zespol-piesni-i-tanca-katowice-uniwersytetu-slaskiego\/","title":{"rendered":"Studencki Zesp\u00f3\u0142 Pie\u015bni i Ta\u0144ca \u201eKatowice\u201d Uniwersytetu \u015al\u0105skiego"},"content":{"rendered":"<p>[vc_row][vc_column][\/vc_column][\/vc_row][vc_row][vc_column]\r\n                <div class=\"text-modules\">\r\n                    <div class=\"container\">\r\n                        <h3 class=\"page-title text__title\">Studencki Zesp\u00f3\u0142 Pie\u015bni i Ta\u0144ca \u201eKatowice\u201d Uniwersytetu \u015al\u0105skiego<\/h3>\r\n                        <div class=\"text-modules__content\"><p><strong>Studencki Zesp\u00f3\u0142 Pie\u015bni i Ta\u0144ca \u201eKatowice\u201d Uniwersytetu \u015al\u0105skiego<\/strong><\/p>\n<p>Studencki Zesp\u00f3\u0142 Pie\u015bni i Ta\u0144ca \u201eKatowice\u201d powsta\u0142 w 1969 roku przy Uniwersytecie \u015al\u0105skim, cho\u0107 kr\u0105\u017cy legenda, \u017ce to Uniwersytet \u015al\u0105ski powsta\u0142 przy Zespole. Na przestrzeni 50 lat Zesp\u00f3\u0142 odwiedzi\u0142 pi\u0119\u0107 kontynent\u00f3w i kilkadziesi\u0105t pa\u0144stw (w ostatnich pi\u0119ciu latach m.in. Chiny, Macedonia, Grecja, S\u0142owacja). Studenci zabrali ze sob\u0105 niezapomniane wra\u017cenia i spore do\u015bwiadczenie nabyte podczas licznych podr\u00f3\u017cy.<\/p>\n<p>W ramach pr\u00f3b w Zespole gwarantowane jest zwolnienie z zaj\u0119\u0107 WF. Dodatkowo istnieje mo\u017cliwo\u015b\u0107 zapisania si\u0119 na zaj\u0119cia w ramach logowania na zaj\u0119cia WF w systemie USOSweb.<\/p>\n<p>Szczeg\u00f3\u0142owe informacje znajdziesz na stronie: <a href=\"https:\/\/www.facebook.com\/szpit.katowice\/about\" target=\"_blank\" rel=\"noopener\"><strong><em>facebook.com\/szpit.katowice<\/em><\/strong><\/a><\/p>\n<p>Masz pytania? Napisz do\u00a0<a href=\"mailto:aleksandra.kwiatkowska@us.edu.pl\">aleksandra.kwiatkowska@us.edu.pl<\/a><\/p>\n<\/div>\r\n                    <\/div>\r\n                <\/div>[\/vc_column][\/vc_row]<\/p>","protected":false},"excerpt":{"rendered":"<p>[vc_row][vc_column][\/vc_column][\/vc_row][vc_row][vc_column][\/vc_column][\/vc_row] [&#8230;]<\/p>\n<p><a class=\"btn btn-secondary understrap-read-more-link\" href=\"https:\/\/us.edu.pl\/wydzial\/wns\/studencki-zespol-piesni-i-tanca-katowice-uniwersytetu-slaskiego\/\">Read More&#8230;<\/a><\/p>\n","protected":false},"author":130,"featured_media":0,"parent":0,"menu_order":0,"comment_status":"closed","ping_status":"closed","template":"","meta":{"_expiration-date-status":"","_expiration-date":0,"_expiration-date-type":"","_expiration-date-categories":[],"_expiration-date-options":[]},"acf":[],"_links":{"self":[{"href":"https:\/\/us.edu.pl\/wydzial\/wns\/wp-json\/wp\/v2\/pages\/896"}],"collection":[{"href":"https:\/\/us.edu.pl\/wydzial\/wns\/wp-json\/wp\/v2\/pages"}],"about":[{"href":"https:\/\/us.edu.pl\/wydzial\/wns\/wp-json\/wp\/v2\/types\/page"}],"author":[{"embeddable":true,"href":"https:\/\/us.edu.pl\/wydzial\/wns\/wp-json\/wp\/v2\/users\/130"}],"replies":[{"embeddable":true,"href":"https:\/\/us.edu.pl\/wydzial\/wns\/wp-json\/wp\/v2\/comments?post=896"}],"version-history":[{"count":3,"href":"https:\/\/us.edu.pl\/wydzial\/wns\/wp-json\/wp\/v2\/pages\/896\/revisions"}],"predecessor-version":[{"id":183613,"href":"https:\/\/us.edu.pl\/wydzial\/wns\/wp-json\/wp\/v2\/pages\/896\/revisions\/183613"}],"wp:attachment":[{"href":"https:\/\/us.edu.pl\/wydzial\/wns\/wp-json\/wp\/v2\/media?parent=896"}],"curies":[{"name":"wp","href":"https:\/\/api.w.org\/{rel}","templated":true}]}}