{"id":950,"date":"2019-12-04T12:52:51","date_gmt":"2019-12-04T11:52:51","guid":{"rendered":"https:\/\/us.edu.pl\/wydzial\/wns\/?page_id=950"},"modified":"2022-02-23T13:15:58","modified_gmt":"2022-02-23T12:15:58","slug":"dyrektor-kierunku-i-zastepca-dyrektora-kierunku-bezpieczenstwo-narodowe-i-miedzynarodowe-doradztwo-polityczne-i-publiczne-oraz-podejmuja-decyzje-w-sprawach-dotycza%cc%a8cych-ksztalcenia-na-kierunku-s","status":"publish","type":"page","link":"https:\/\/us.edu.pl\/wydzial\/wns\/dyrektor-kierunku-i-zastepca-dyrektora-kierunku-bezpieczenstwo-narodowe-i-miedzynarodowe-doradztwo-polityczne-i-publiczne-oraz-podejmuja-decyzje-w-sprawach-dotycza%cc%a8cych-ksztalcenia-na-kierunku-s\/","title":{"rendered":"Dyrektorzy Kierunk\u00f3w Bezpiecze\u0144stwo Narodowe i Mi\u0119dzynarodowe, Politologia"},"content":{"rendered":"<p>[vc_row][vc_column]\r\n                <div class=\"text-modules reverse\">\r\n                    <div class=\"container\">\r\n                        <h3 class=\"section-title section-title_border-bottom\">Dyrektor Kierunk\u00f3w Bezpiecze\u0144stwo narodowe i mi\u0119dzynarodowe, Politologia<\/h3> \r\n                        <div class=\"row m-0\">\r\n                            <div class=\"text-modules__content\">\r\n                                Dyrektor Kierunk\u00f3w<br \/>\nBezpiecze\u0144stwo narodowe i mi\u0119dzynarodowe,<br \/>\nPolitologia<\/p>\n<p>dr hab. Katarzyna Czornik<\/p>\n<p>Stanowisko: Profesor Uczelni<\/p>\n<p><a href=\"mailto:katarzyna.czornik@us.edu.pl\">katarzyna.czornik@us.edu.pl<\/a><\/p>\n<div class=\"mt-3\"><\/div>\r\n                            <\/div>\r\n                            \r\n                            <div class=\"text-modules__img\"><img src=\"https:\/\/us.edu.pl\/wydzial\/wns\/wp-content\/uploads\/sites\/17\/Nieprzypisane\/Katarzyna-Czornik_DSC_4796.jpg\" alt=\"img\"><\/div>\r\n                        <\/div>\r\n                    <\/div>\r\n                <\/div>\r\n                <div class=\"text-modules reverse\">\r\n                    <div class=\"container\">\r\n                         \r\n                        <div class=\"row m-0\">\r\n                            <div class=\"text-modules__content\">\r\n                                Zast\u0119pca Dyrektora Kierunk\u00f3w<br \/>\nBezpiecze\u0144stwo narodowe i mi\u0119dzynarodowe,<br \/>\nPolitologia<\/p>\n<p>dr Pawe\u0142 Grzywna<\/p>\n<p><a href=\"mailto:pawel.grzywna@us.edu.pl\">pawel.grzywna@us.edu.pl<\/a><\/p>\n<div class=\"mt-3\"><\/div>\r\n                            <\/div>\r\n                            \r\n                            <div class=\"text-modules__img\"><img src=\"https:\/\/us.edu.pl\/wydzial\/wns\/wp-content\/uploads\/sites\/17\/Nieprzypisane\/Pawe\u0142-Grzywna_DSC_3978.jpg\" alt=\"img\"><\/div>\r\n                        <\/div>\r\n                    <\/div>\r\n                <\/div>[\/vc_column][\/vc_row][vc_row][vc_column]\r\n                <div class=\"text-modules\">\r\n                    <div class=\"container\">\r\n                        \r\n                        <div class=\"text-modules__content\"><p><strong>Dyrektor Kierunk\u00f3w i Zast\u0119pca Dyrektora Kierunk\u00f3w: Bezpiecze\u0144stwo narodowe i mi\u0119dzynarodowe, Politologia,<br \/>\n<\/strong><b>podejmuje decyzje w sprawach dotycz\u0105cych kszta\u0142cenia na kierunkach studio\u0301w<\/b><\/p>\n<p><b><\/b><b><\/b><b><\/b><b><\/b><b><\/b><b><\/b>w tym:<\/p>\n<ul>\n<li>kontroluje harmonogramy zaj\u0119\u0107 oraz obci\u0105\u017cenia sal dydaktycznych<\/li>\n<li>kontroluje rejestracje studenckie w USOSweb na zaj\u0119cia fakultatywne<\/li>\n<li>weryfikuje harmonogramy sesji egzaminacyjnych<\/li>\n<li>decyduje w sprawach zwi\u0105zanych z dyplomowaniem<\/li>\n<\/ul>\n<p><strong>podejmuje decyzje zwi\u0105zane z regulaminem studi<\/strong><strong>\u00f3<\/strong><strong>w<\/strong><\/p>\n<p>w tym:<\/p>\n<ul>\n<li>kwestie zwi\u0105zane z przyznaniem ITS , IOS, IDS<\/li>\n<li>przeniesienia na inny kierunek, specjalno\u015b\u0107 lub studia stacjonarne i niestacjonarne<\/li>\n<li>decyduje o uznaniu efekt\u00f3w uczenia si\u0119<\/li>\n<li>okre\u015bla tzw. r\u00f3\u017cnice programowe dla studenta wznawiaj\u0105cego studia.<\/li>\n<\/ul>\n<p>\n<\/div>\r\n                    <\/div>\r\n                <\/div>[\/vc_column][\/vc_row]<\/p>","protected":false},"excerpt":{"rendered":"<p>[vc_row][vc_column][\/vc_column][\/vc_row][vc_row][vc_column][\/vc_column][\/vc_row] [&#8230;]<\/p>\n<p><a class=\"btn btn-secondary understrap-read-more-link\" href=\"https:\/\/us.edu.pl\/wydzial\/wns\/dyrektor-kierunku-i-zastepca-dyrektora-kierunku-bezpieczenstwo-narodowe-i-miedzynarodowe-doradztwo-polityczne-i-publiczne-oraz-podejmuja-decyzje-w-sprawach-dotycza%cc%a8cych-ksztalcenia-na-kierunku-s\/\">Read More&#8230;<\/a><\/p>\n","protected":false},"author":130,"featured_media":0,"parent":0,"menu_order":0,"comment_status":"closed","ping_status":"closed","template":"","meta":{"_expiration-date-status":"saved","_expiration-date":0,"_expiration-date-type":"","_expiration-date-categories":[],"_expiration-date-options":[]},"acf":[],"_links":{"self":[{"href":"https:\/\/us.edu.pl\/wydzial\/wns\/wp-json\/wp\/v2\/pages\/950"}],"collection":[{"href":"https:\/\/us.edu.pl\/wydzial\/wns\/wp-json\/wp\/v2\/pages"}],"about":[{"href":"https:\/\/us.edu.pl\/wydzial\/wns\/wp-json\/wp\/v2\/types\/page"}],"author":[{"embeddable":true,"href":"https:\/\/us.edu.pl\/wydzial\/wns\/wp-json\/wp\/v2\/users\/130"}],"replies":[{"embeddable":true,"href":"https:\/\/us.edu.pl\/wydzial\/wns\/wp-json\/wp\/v2\/comments?post=950"}],"version-history":[{"count":10,"href":"https:\/\/us.edu.pl\/wydzial\/wns\/wp-json\/wp\/v2\/pages\/950\/revisions"}],"predecessor-version":[{"id":8402,"href":"https:\/\/us.edu.pl\/wydzial\/wns\/wp-json\/wp\/v2\/pages\/950\/revisions\/8402"}],"wp:attachment":[{"href":"https:\/\/us.edu.pl\/wydzial\/wns\/wp-json\/wp\/v2\/media?parent=950"}],"curies":[{"name":"wp","href":"https:\/\/api.w.org\/{rel}","templated":true}]}}