{"id":958,"date":"2019-12-04T13:03:54","date_gmt":"2019-12-04T12:03:54","guid":{"rendered":"https:\/\/us.edu.pl\/wydzial\/wns\/?page_id=958"},"modified":"2026-01-26T11:20:25","modified_gmt":"2026-01-26T10:20:25","slug":"958-2","status":"publish","type":"page","link":"https:\/\/us.edu.pl\/wydzial\/wns\/958-2\/","title":{"rendered":"Pedagogika"},"content":{"rendered":"<p>[vc_row][vc_column]\r\n                <div class=\"text-modules reverse\">\r\n                    <div class=\"container\">\r\n                        <h3 class=\"section-title section-title_border-bottom\">Dyrektor Kierunk\u00f3w Arteterapia, Pedagogika, Pedagogika specjalna, Pedagogika przedszkolna i wczesnoszkolna<\/h3> \r\n                        <div class=\"row m-0\">\r\n                            <div class=\"text-modules__content\">\r\n                                Dyrektor Kierunk\u00f3w<br \/>\nArteterapia, Pedagogika, Pedagogika specjalna,<br \/>\nPedagogika przedszkolna i wczesnoszkolna<\/p>\n<p>prof. dr hab. Maciej Bernasiewicz<\/p>\n<p><a href=\"mailto:maciej.bernasiewicz@us.edu.pl\">maciej.bernasiewicz@us.edu.pl<\/a><strong><br \/>\n<\/strong> \r\n                                <div class=\"mt-3\"><\/div>\r\n                            <\/div>\r\n                            \r\n                            <div class=\"text-modules__img\"><img src=\"https:\/\/us.edu.pl\/wydzial\/wns\/wp-content\/uploads\/sites\/17\/2019\/12\/Maciej-Bernasiewicz_DSC_4163.jpg\" alt=\"img\"><\/div>\r\n                        <\/div>\r\n                    <\/div>\r\n                <\/div>[\/vc_column][\/vc_row][vc_row][vc_column]\r\n                <div class=\"text-modules\">\r\n                    <div class=\"container\">\r\n                        \r\n                        <div class=\"text-modules__content\"><\/p>\n<ul>\n<li>przygotowywanie uchwa\u0142 dotycz\u0105cych dydaktyki na kierunkach pedagogicznych i arteterapii, przygotowywanie posiedze\u0144 rady dydaktycznej,<\/li>\n<li>pomoc w przygotowaniu wniosk\u00f3w do nagr\u00f3d Rektora za dzia\u0142alno\u015b\u0107 dydaktyczn\u0105 i organizacyjn\u0105,<\/li>\n<li>organizacja i prowadzenie dorocznych spotka\u0144 ze studentami kierunk\u00f3w studi\u00f3w, nauczycielami akademickimi w pionie pedagogicznym oraz Rad\u0105 Programow\u0105 Kierunku (przedstawiciele otoczenia spo\u0142eczno-gospodarczego),<\/li>\n<li>opiniowanie wniosk\u00f3w pracownik\u00f3w, doktorant\u00f3w (np. przed przed\u0142u\u017ceniem zatrudnienia).<\/li>\n<\/ul>\n<p>&nbsp;<\/p>\n<p><strong><br \/>\nZast\u0119pca Dyrektora Kierunk\u00f3w<\/strong><\/p>\n<p><strong>dr Ewelina Kawiak<\/strong><\/p>\n<p><a href=\"mailto:ewelina.kawiak@us.edu.pl\">ewelina.kawiak@us.edu.pl<\/a><\/p>\n<p><img class=\"alignnone size-medium wp-image-172311\" src=\"https:\/\/us.edu.pl\/wydzial\/wns\/wp-content\/uploads\/sites\/17\/Bez-kategorii\/Fot.-Matylda-Klos-06-225x300.jpg\" alt=\"dr Ewelina Kawiak\" width=\"225\" height=\"300\" srcset=\"https:\/\/us.edu.pl\/wydzial\/wns\/wp-content\/uploads\/sites\/17\/Bez-kategorii\/Fot.-Matylda-Klos-06-225x300.jpg 225w, https:\/\/us.edu.pl\/wydzial\/wns\/wp-content\/uploads\/sites\/17\/Bez-kategorii\/Fot.-Matylda-Klos-06-768x1024.jpg 768w, https:\/\/us.edu.pl\/wydzial\/wns\/wp-content\/uploads\/sites\/17\/Bez-kategorii\/Fot.-Matylda-Klos-06-1152x1536.jpg 1152w, https:\/\/us.edu.pl\/wydzial\/wns\/wp-content\/uploads\/sites\/17\/Bez-kategorii\/Fot.-Matylda-Klos-06-1536x2048.jpg 1536w, https:\/\/us.edu.pl\/wydzial\/wns\/wp-content\/uploads\/sites\/17\/Bez-kategorii\/Fot.-Matylda-Klos-06-431x575.jpg 431w, https:\/\/us.edu.pl\/wydzial\/wns\/wp-content\/uploads\/sites\/17\/Bez-kategorii\/Fot.-Matylda-Klos-06-scaled.jpg 1920w\" sizes=\"(max-width: 225px) 100vw, 225px\" \/><\/p>\n<ul>\n<li>zaleg\u0142e seminaria, pojedyncze osoby dopisywane do przydzia\u0142u pracownik\u00f3w,<\/li>\n<li>za\u015bwiadczenia o uprawnieniach i kwalifikacjach dla absolwent\u00f3w, w tym dla absolwent\u00f3w studi\u00f3w podyplomowych (w obszarze pedagogika przedszkolna i wczesnoszkolna),<\/li>\n<li>wyb\u00f3r seminarium magisterskiego na kierunku pedagogika przedszkolna i wczesnoszkolna.<\/li>\n<\/ul>\n<p>&nbsp;<\/p>\n<p><strong>Zast\u0119pca Dyrektora Kierunk\u00f3w<\/strong><\/p>\n<p><strong>dr Joanna Skibska<\/strong><\/p>\n<p><a href=\"mailto:joanna.skibska@us.edu.pl\">joanna.skibska@us.edu.pl<\/a><\/p>\n<p><img class=\"alignnone size-medium wp-image-168468\" src=\"https:\/\/us.edu.pl\/wydzial\/wns\/wp-content\/uploads\/sites\/17\/Bez-kategorii\/000-SKIBSKA-US-201x300.jpg\" alt=\"Joanna Skibska\" width=\"201\" height=\"300\" srcset=\"https:\/\/us.edu.pl\/wydzial\/wns\/wp-content\/uploads\/sites\/17\/Bez-kategorii\/000-SKIBSKA-US-201x300.jpg 201w, https:\/\/us.edu.pl\/wydzial\/wns\/wp-content\/uploads\/sites\/17\/Bez-kategorii\/000-SKIBSKA-US-688x1024.jpg 688w, https:\/\/us.edu.pl\/wydzial\/wns\/wp-content\/uploads\/sites\/17\/Bez-kategorii\/000-SKIBSKA-US-768x1144.jpg 768w, https:\/\/us.edu.pl\/wydzial\/wns\/wp-content\/uploads\/sites\/17\/Bez-kategorii\/000-SKIBSKA-US-1031x1536.jpg 1031w, https:\/\/us.edu.pl\/wydzial\/wns\/wp-content\/uploads\/sites\/17\/Bez-kategorii\/000-SKIBSKA-US-1375x2048.jpg 1375w, https:\/\/us.edu.pl\/wydzial\/wns\/wp-content\/uploads\/sites\/17\/Bez-kategorii\/000-SKIBSKA-US-386x575.jpg 386w, https:\/\/us.edu.pl\/wydzial\/wns\/wp-content\/uploads\/sites\/17\/Bez-kategorii\/000-SKIBSKA-US-scaled.jpg 1719w\" sizes=\"(max-width: 201px) 100vw, 201px\" \/><\/p>\n<ul>\n<li>potwierdzanie kwalifikacji dla absolwent\u00f3w po kierunku pedagogika specjalna oraz pedagogika (studia pierwszego i drugiego stopnia),<\/li>\n<li>nadzorowanie sylabus\u00f3w dla wszystkich kierunk\u00f3w pedagogicznych.<\/li>\n<\/ul>\n<p>\n<\/div>\r\n                    <\/div>\r\n                <\/div>[\/vc_column][\/vc_row][vc_row][vc_column]\r\n                <div class=\"text-modules\">\r\n                    <div class=\"container\">\r\n                        \r\n                        <div class=\"text-modules__content\"><p>Wsp\u00f3lne zadania w dyrekcji kierunk\u00f3w:<\/p>\n<p><strong>ORGANIZACJA ZAJ\u0118\u0106 DYDAKTYCZNYCH I SPRAWY PRACOWNICZE<\/strong><\/p>\n<ul>\n<li>wyznaczanie opiekun\u00f3w lat na kierunku<\/li>\n<li>wyznaczanie r\u00f3\u017cnic programowych dla student\u00f3w na kierunku<\/li>\n<li>przygotowanie indywidualnych przydzia\u0142\u00f3w zaj\u0119\u0107 dydaktycznych dla nauczycieli akademickich na kierunku<\/li>\n<li>zapewnianie zast\u0119pstw na kierunku<\/li>\n<li>dy\u017cury dla pracownik\u00f3w<\/li>\n<li>wyznaczanie opiekun\u00f3w praktyk ci\u0105g\u0142ych, przekazywanie informacji dotycz\u0105cej organizacji praktyk na kierunku<\/li>\n<li>opiniowanie wniosk\u00f3w student\u00f3w o zmian\u0119 terminu odbywania praktyk na kierunku<\/li>\n<li>organizacja zaj\u0119\u0107 prowadzonych przez profesor\u00f3w wizytuj\u0105cych oraz pomoc w organizacji zaj\u0119\u0107 dla student\u00f3w Erasmus+ na kierunku<\/li>\n<li>podejmowanie decyzji w sprawie organizacji zaj\u0119\u0107 dydaktycznych z wykorzystaniem metod i technik kszta\u0142cenia na odleg\u0142o\u015b\u0107 na kierunku<\/li>\n<li>przygotowanie zapotrzebowania na inne kierunki<\/li>\n<li>obs\u0142uga zam\u00f3wie\u0144 dydaktycznych z innych kierunk\u00f3w<\/li>\n<li>sk\u0142adanie wyja\u015bnie\u0144 dotycz\u0105cych nadgodzin w przydzia\u0142ach na kierunku<\/li>\n<li>przygotowanie zaj\u0119\u0107 zleconych na kierunku<\/li>\n<li>ustalanie fakultet\u00f3w i modu\u0142\u00f3w do wyboru \u2013 weryfikacja zg\u0142aszanych propozycji i przyporz\u0105dkowanie do okre\u015blonych modu\u0142\u00f3w na kierunku<\/li>\n<li>karta kierunku oraz hospitacje na kierunku<\/li>\n<li>przygotowanie merytorycznej cz\u0119\u015bci kosztorysu studi\u00f3w niestacjonarnych na kierunku<\/li>\n<li>informacje do POL-onu<\/li>\n<li>wsparcie i nadz\u00f3r nad dzia\u0142aniem Wydzia\u0142owej Komisji Rekrutacyjnej<\/li>\n<li>udzia\u0142 w pracach Wydzia\u0142owej Komisji ds. Kszta\u0142cenia i Student\u00f3w<\/li>\n<li>kontakt z interesariuszami wewn\u0119trznymi (studenci, pracownicy innych wydzia\u0142\u00f3w) oraz z otoczeniem spo\u0142eczno-gospodarczym,<\/li>\n<li>pomoc w przygotowaniu wniosk\u00f3w konkursowych do zatrudnienia nowych pracownik\u00f3w na kierunku<\/li>\n<li>zatwierdzanie temat\u00f3w prac dyplomowych w APD na kierunku<\/li>\n<\/ul>\n<p>&nbsp;<\/p>\n<p><strong>SPRAWY STUDENT\u00d3W I ABSOLWENT\u00d3W<\/strong><\/p>\n<ul>\n<li>przygotowanie wzor\u00f3w zapis\u00f3w w suplemencie dotycz\u0105cych uzyskiwanych kwalifikacji na kierunku<\/li>\n<li>wyznaczanie zaj\u0119\u0107 studentom wyje\u017cd\u017caj\u0105cym na wymian\u0119 Erasmus+ na kierunku<\/li>\n<\/ul>\n<p>&nbsp;<\/p>\n<p><strong>PROCEDURY JAKO\u015aCI<\/strong><\/p>\n<ul>\n<li>analiza wynik\u00f3w sesji i procesu dyplomowania na kierunku \u2013 zestawienia na kierunku<\/li>\n<li>analiza wynik\u00f3w ankietyzacji zaj\u0119\u0107 dydaktycznych i podj\u0119cie rozm\u00f3w wyja\u015bniaj\u0105cych z pracownikami uzyskuj\u0105cymi wyniki istotnie ni\u017csze ni\u017c \u015brednia wydzia\u0142u na kierunku<\/li>\n<li>procedura superrecenzji prac dyplomowych na kierunku<\/li>\n<li>inne procedury Systemu Zapewniania Jako\u015bci Kszta\u0142cenia dla kierunk\u00f3w na kierunku<\/li>\n<\/ul>\n<p>&nbsp;<\/p>\n<p><strong>PRACOWNICY DYDAKTYCZNI<\/strong>:<\/p>\n<p>dr Anna Bautsz-Sontag &#8211; adiunkt<br \/>\ndr Magdalena Christ &#8211; Profesor Uczelni<br \/>\ndr Andrzej Czerkawski &#8211; adiunkt<br \/>\nmgr Iwona Durek &#8211; asystent<br \/>\ndr Gra\u017cyna Dzwonowska &#8211; adiunkt<br \/>\nprof. dr hab. Ewa Jarosz &#8211; Profesor<br \/>\ndr Agnieszka Lewko &#8211; asystent<br \/>\ndr Ma\u0142gorzata \u0141\u0105czyk &#8211; adiunkt<br \/>\ndr hab. Anna \u0141obos &#8211; Profesor Uczelni<br \/>\ndr Katarzyna Maliszewska &#8211; adiunkt<br \/>\ndr Magdalena Marekwia &#8211; adiunkt<br \/>\ndr Ma\u0142gorzata Mnich &#8211; adiunkt<br \/>\ndr Marcin Musio\u0142 &#8211; adiunkt<br \/>\ndr Aleksandra Pyrzyk-Kuta &#8211; adiunkt<br \/>\ndr Ma\u0142gorzata Sato\u0142a &#8211; adiunkt<br \/>\ndr Natalia Stankowska &#8211; adiunkt<br \/>\ndr Alina Stosor &#8211; adiunkt<br \/>\ndr Iwona Wendre\u0144ska &#8211; adiunkt<br \/>\ndr Kamil Wilk &#8211; adiunkt<br \/>\nmgr Katarzyna Zroski &#8211; asystent<\/p>\n<p>&nbsp;<\/p>\n<p><strong>\u00a0<\/strong><\/p>\n<\/div>\r\n                    <\/div>\r\n                <\/div>[\/vc_column][\/vc_row][vc_row][vc_column][\/vc_column][\/vc_row]<\/p>","protected":false},"excerpt":{"rendered":"<p>[vc_row][vc_column][\/vc_column][\/vc_row][vc_row][vc_column][\/vc_column][\/vc_row][vc_row][vc_column][\/vc_column][\/vc_row][vc_row][vc_column][\/vc_column][\/vc_row] [&#8230;]<\/p>\n<p><a class=\"btn btn-secondary understrap-read-more-link\" href=\"https:\/\/us.edu.pl\/wydzial\/wns\/958-2\/\">Read More&#8230;<\/a><\/p>\n","protected":false},"author":130,"featured_media":0,"parent":0,"menu_order":0,"comment_status":"closed","ping_status":"closed","template":"","meta":{"_expiration-date-status":"","_expiration-date":0,"_expiration-date-type":"","_expiration-date-categories":[],"_expiration-date-options":[]},"acf":[],"_links":{"self":[{"href":"https:\/\/us.edu.pl\/wydzial\/wns\/wp-json\/wp\/v2\/pages\/958"}],"collection":[{"href":"https:\/\/us.edu.pl\/wydzial\/wns\/wp-json\/wp\/v2\/pages"}],"about":[{"href":"https:\/\/us.edu.pl\/wydzial\/wns\/wp-json\/wp\/v2\/types\/page"}],"author":[{"embeddable":true,"href":"https:\/\/us.edu.pl\/wydzial\/wns\/wp-json\/wp\/v2\/users\/130"}],"replies":[{"embeddable":true,"href":"https:\/\/us.edu.pl\/wydzial\/wns\/wp-json\/wp\/v2\/comments?post=958"}],"version-history":[{"count":10,"href":"https:\/\/us.edu.pl\/wydzial\/wns\/wp-json\/wp\/v2\/pages\/958\/revisions"}],"predecessor-version":[{"id":184006,"href":"https:\/\/us.edu.pl\/wydzial\/wns\/wp-json\/wp\/v2\/pages\/958\/revisions\/184006"}],"wp:attachment":[{"href":"https:\/\/us.edu.pl\/wydzial\/wns\/wp-json\/wp\/v2\/media?parent=958"}],"curies":[{"name":"wp","href":"https:\/\/api.w.org\/{rel}","templated":true}]}}