{"id":967,"date":"2019-12-04T13:15:01","date_gmt":"2019-12-04T12:15:01","guid":{"rendered":"https:\/\/us.edu.pl\/wydzial\/wns\/?page_id=967"},"modified":"2025-12-09T13:26:59","modified_gmt":"2025-12-09T12:26:59","slug":"socjologia","status":"publish","type":"page","link":"https:\/\/us.edu.pl\/wydzial\/wns\/socjologia\/","title":{"rendered":"Socjologia"},"content":{"rendered":"<p>[vc_row][vc_column][vc_column_text][\/vc_column_text][\/vc_column][\/vc_row][vc_row][vc_column]\r\n                <div class=\"text-modules reverse\">\r\n                    <div class=\"container\">\r\n                        <h3 class=\"section-title section-title_border-bottom\">Dyrektor Kierunk\u00f3w Polityki miejskie i doradztwo publiczne, Praca socjalna, Socjologia, Zarz\u0105dzanie zasobami ludzkimi, Zarzadzanie zasobami ludzkimi w organizacji<\/h3> \r\n                        <div class=\"row m-0\">\r\n                            <div class=\"text-modules__content\">\r\n                                Dyrektor Kierunk\u00f3w<br \/>\nPolityki miejskie i doradztwo publiczne, Praca Socjalna, Socjologia, Zarz\u0105dzanie zasobami ludzkimi, Zarzadzanie zasobami ludzkimi w organizacji<\/p>\n<p>dr Agata Zygmunt-Ziemianek<\/p>\n<p><a href=\"mailto:agata.zygmunt-ziemianek@us.edu.pl\">agata.zygmunt-ziemianek@us.edu.pl<\/a> \r\n                                <div class=\"mt-3\"><\/div>\r\n                            <\/div>\r\n                            \r\n                            <div class=\"text-modules__img\"><img src=\"https:\/\/us.edu.pl\/wydzial\/wns\/wp-content\/uploads\/sites\/17\/Nieprzypisane\/Agata-Zygmunt_DSC_4027-1.jpg\" alt=\"img\"><\/div>\r\n                        <\/div>\r\n                    <\/div>\r\n                <\/div>\r\n                <div class=\"text-modules reverse\">\r\n                    <div class=\"container\">\r\n                         \r\n                        <div class=\"row m-0\">\r\n                            <div class=\"text-modules__content\">\r\n                                Zast\u0119pca Dyrektora Kierunk\u00f3w<br \/>\nPolityki miejskie i doradztwo publiczne, Praca socjalna, Socjologia, Zarz\u0105dzanie zasobami ludzkimi, Zarzadzanie zasobami ludzkimi w organizacji<\/p>\n<p>dr Ewa Le\u015bniak-Berek, prof. U\u015a<\/p>\n<p><a href=\"mailto:ewa.lesniak-berek@us.edu.pl\">ewa.lesniak-berek@us.edu.pl<\/a><strong><br \/>\n<\/strong> \r\n                                <div class=\"mt-3\"><\/div>\r\n                            <\/div>\r\n                            \r\n                            <div class=\"text-modules__img\"><img src=\"https:\/\/us.edu.pl\/wydzial\/wns\/wp-content\/uploads\/sites\/17\/Nieprzypisane\/Ewa-Le\u015bniak-Berek_DSC_4102.jpg\" alt=\"img\"><\/div>\r\n                        <\/div>\r\n                    <\/div>\r\n                <\/div>[\/vc_column][\/vc_row][vc_row][vc_column]\r\n                <div class=\"text-modules\">\r\n                    <div class=\"container\">\r\n                        \r\n                        <div class=\"text-modules__content\"><p><strong>Dyrektor Kierunk\u00f3w i Zast\u0119pca Dyrektora Kierunk\u00f3w:<\/strong> polityki miejskie i doradztwo publiczne, praca socjalna, socjologia, zarzadzanie zasobami ludzkimi, zarzadzanie zasobami ludzkimi w organizacji podejmuj\u0105 decyzje:<\/p>\n<p>w sprawach dotycz\u0105cych kszta\u0142cenia, w szczeg\u00f3lno\u015bci zwi\u0105zanych z:<\/p>\n<ul>\n<li>harmonogramami zaj\u0119\u0107 oraz obci\u0105\u017ceniami sal dydaktycznych;<\/li>\n<li>rejestracjami studenckimi w USOSweb na zaj\u0119cia fakultatywne,<\/li>\n<li>harmonogramami sesji egzaminacyjnych;<\/li>\n<\/ul>\n<p>zwi\u0105zane z regulaminem studi\u00f3w, w szczeg\u00f3lno\u015bci dotycz\u0105ce:<\/p>\n<ul>\n<li>powo\u0142ania opiekun\u00f3w lat;<\/li>\n<li>kwestii zwi\u0105zanych z przyznaniem studentowi ITS, IOS i IDS;<\/li>\n<li>przeniesienia studenta na inny kierunek, specjalno\u015b\u0107 lub studia stacjonarne i niestacjonarne;<\/li>\n<li>uznania efekt\u00f3w uczenia si\u0119;<\/li>\n<li>r\u00f3\u017cnic programowych dla studenta wznawiaj\u0105cego studia;<\/li>\n<li>porozumie\u0144 o programie zaj\u0119\u0107 dla uczestnik\u00f3w wymiany student\u00f3w, w tym w ramach programu Erasmus+ oraz MOST;<\/li>\n<li>zaliczenia pracy zawodowej jako praktyki zawodowej.<\/li>\n<\/ul>\n<p>Ponadto Dyrektor Kierunk\u00f3w polityki miejskie i doradztwo publiczne, praca socjalna, socjologia i jego Zast\u0119pca:<\/p>\n<ul>\n<li>zatwierdzaj\u0105 propozycje obsady dydaktycznej i indywidualnych przydzia\u0142\u00f3w zaj\u0119\u0107 dydaktycznych;<\/li>\n<li>koordynuj\u0105 wsp\u00f3\u0142prac\u0119 dydaktyczn\u0105 z interesariuszami zewn\u0119trznymi i wewn\u0119trznymi;<\/li>\n<li>sprawuj\u0105 nadz\u00f3r nad realizacj\u0105 procedur wskazanych w wydzia\u0142owym Systemie Zapewniania Jako\u015bci Kszta\u0142cenia;<\/li>\n<li>inicjuj\u0105 i koordynuje dzia\u0142ania w zakresie doskonalenia programu studi\u00f3w kierunku studi\u00f3w;<\/li>\n<li>sprawuj\u0105 nadz\u00f3r merytoryczny nad zaj\u0119ciami;<\/li>\n<li>odpowiadaj\u0105 za przygotowanie dokumentacji do akredytacji, w szczeg\u00f3lno\u015bci ocen przeprowadzanych przez Polsk\u0105 Komisj\u0119 Akredytacyjn\u0105;<\/li>\n<li>wsp\u00f3\u0142pracuj\u0105 z pe\u0142nomocnikami dziekana ds. studenckich.<\/li>\n<\/ul>\n<p>\n<\/div>\r\n                    <\/div>\r\n                <\/div>[\/vc_column][\/vc_row][vc_row][vc_column]\r\n                <div class=\"text-modules\">\r\n                    <div class=\"container\">\r\n                        \r\n                        <div class=\"text-modules__content\"><p><strong>Pracownicy dydaktyczni:<\/strong><\/p>\n<p>dr Daniela Dzienniak-Pulina &#8211; adiunkt<br \/>\ndr Andrzej G\u00f3rny &#8211; adiunkt<br \/>\ndr Ewa Le\u015bniak-Berek &#8211; Profesor Uczelni<br \/>\ndr Bo\u017cena Pactwa &#8211; adiunkt<br \/>\ndr Katarzyna Ponikowska &#8211; adiunkt<br \/>\nmgr Monika Szpoczek &#8211; asystent<br \/>\ndr Ma\u0142gorzata Tyrybon &#8211; adiunkt<\/p>\n<\/div>\r\n                    <\/div>\r\n                <\/div>[\/vc_column][\/vc_row][vc_row][vc_column][vc_column_text][\/vc_column_text][\/vc_column][\/vc_row]<\/p>","protected":false},"excerpt":{"rendered":"<p>[vc_row][vc_column][vc_column_text][\/vc_column_text][\/vc_column][\/vc_row][vc_row][vc_column][\/vc_column][\/vc_row][vc_row][vc_column][\/vc_column][\/vc_row][vc_row][vc_column][\/vc_column][\/vc_row][vc_row][vc_column][vc_column_text][\/vc_column_text][\/vc_column][\/vc_row] [&#8230;]<\/p>\n<p><a class=\"btn btn-secondary understrap-read-more-link\" href=\"https:\/\/us.edu.pl\/wydzial\/wns\/socjologia\/\">Read More&#8230;<\/a><\/p>\n","protected":false},"author":130,"featured_media":0,"parent":0,"menu_order":0,"comment_status":"closed","ping_status":"closed","template":"","meta":{"_expiration-date-status":"","_expiration-date":0,"_expiration-date-type":"","_expiration-date-categories":[],"_expiration-date-options":[]},"acf":[],"_links":{"self":[{"href":"https:\/\/us.edu.pl\/wydzial\/wns\/wp-json\/wp\/v2\/pages\/967"}],"collection":[{"href":"https:\/\/us.edu.pl\/wydzial\/wns\/wp-json\/wp\/v2\/pages"}],"about":[{"href":"https:\/\/us.edu.pl\/wydzial\/wns\/wp-json\/wp\/v2\/types\/page"}],"author":[{"embeddable":true,"href":"https:\/\/us.edu.pl\/wydzial\/wns\/wp-json\/wp\/v2\/users\/130"}],"replies":[{"embeddable":true,"href":"https:\/\/us.edu.pl\/wydzial\/wns\/wp-json\/wp\/v2\/comments?post=967"}],"version-history":[{"count":10,"href":"https:\/\/us.edu.pl\/wydzial\/wns\/wp-json\/wp\/v2\/pages\/967\/revisions"}],"predecessor-version":[{"id":183580,"href":"https:\/\/us.edu.pl\/wydzial\/wns\/wp-json\/wp\/v2\/pages\/967\/revisions\/183580"}],"wp:attachment":[{"href":"https:\/\/us.edu.pl\/wydzial\/wns\/wp-json\/wp\/v2\/media?parent=967"}],"curies":[{"name":"wp","href":"https:\/\/api.w.org\/{rel}","templated":true}]}}