{"id":992,"date":"2019-12-05T10:31:14","date_gmt":"2019-12-05T09:31:14","guid":{"rendered":"https:\/\/us.edu.pl\/wydzial\/wns\/?page_id=992"},"modified":"2026-03-31T07:39:55","modified_gmt":"2026-03-31T05:39:55","slug":"ogloszenia-dla-studentow","status":"publish","type":"page","link":"https:\/\/us.edu.pl\/wydzial\/wns\/ogloszenia-dla-studentow\/","title":{"rendered":"Og\u0142oszenia dla student\u00f3w"},"content":{"rendered":"<p>[vc_row][vc_column]\r\n                <div class=\"text-modules\">\r\n                    <div class=\"container\">\r\n                        <h3 class=\"page-title text__title\">Og\u0142oszenia dla student\u00f3w<\/h3>\r\n                        <div class=\"text-modules__content\"><\/div>\r\n                    <\/div>\r\n                <\/div><div class=\"container\"><div class=\"separator\" style=\"background-color: #EBEBEB\"><\/div><\/div>\r\n                <div class=\"text-modules\">\r\n                    <div class=\"container\">\r\n                        \r\n                        <div class=\"text-modules__content\"><p><strong>3 kwietnia 2026 r. wszystkie biura Wydzia\u0142u Nauk Spo\u0142ecznych w obu lokalizacjach b\u0119d\u0105 nieczynne.<\/strong><\/p>\n<\/div>\r\n                    <\/div>\r\n                <\/div><div class=\"container\"><div class=\"separator\" style=\"background-color: #ebebeb\"><\/div><\/div>\r\n                <div class=\"text-modules\">\r\n                    <div class=\"container\">\r\n                        \r\n                        <div class=\"text-modules__content\"><\/p>\n<h4><strong>Organizacja roku akademickiego 2025\/2026<\/strong><\/h4>\n<h3><\/h3>\n<p>&nbsp;<\/p>\n<h5><span style=\"font-size: 12pt;\">Semestr zimowy od 1 pa\u017adziernika 2025 do 22 lutego 2026 roku, w tym:<\/span><\/h5>\n<ul>\n<li>zaj\u0119cia dydaktyczne: 01.10.2025\u201301.02.2026,<\/li>\n<li>wakacje zimowe: 22.12.2025\u201306.01.2026,<\/li>\n<li>egzaminacyjna sesja zimowa: 02.02.2026\u201315.02.2026,<\/li>\n<li>przerwa mi\u0119dzysemestralna: 16.02.2026\u201322.02.2026,<\/li>\n<li>egzaminacyjna sesja poprawkowa semestru zimowego: 23.02.2026\u201308.03.2026.<\/li>\n<\/ul>\n<h5><span style=\"font-size: 12pt;\">Semestr letni od 23 lutego do 30 wrze\u015bnia 2026 roku, w tym:<\/span><\/h5>\n<ul>\n<li>zaj\u0119cia dydaktyczne: 23.02.2026\u201316.06.2026,<br \/>\nw tym tydzie\u0144 projektowy: 09.05.2026\u201316.05.2026,<\/li>\n<li>wakacje wiosenne: 02.04.2026\u201307.04.2026,<\/li>\n<li>egzaminacyjna sesja letnia: 17.06.2026\u201330.06.2026,<\/li>\n<li>egzaminacyjna sesja poprawkowa semestru letniego: 07.09.2026\u201320.09.2026,<\/li>\n<li>wakacje letnie: 01.07.2026\u201330.09.2026 (w tym: minimum 4 tygodnie nieprzerwanych wakacji letnich, praktyki zawodowe).<\/li>\n<\/ul>\n<p><a href=\"https:\/\/aktyprawne.us.edu.pl\/d\/8157\/5\/\">Zarz\u0105dzenie nr 76 Rektora Uniwersytetu \u015al\u0105skiego z dnia 22 maja 2025 r. w sprawie organizacji roku akademickiego 2025\/2026<\/a><\/p>\n<p><a class=\"mtli_attachment mtli_pdf mtli_attachment mtli_pdf mtli_attachment mtli_pdf\" href=\"https:\/\/us.edu.pl\/wp-content\/uploads\/2025\/09\/zalacznik-do-zarzadzenia-76-z-2025-kalendarz-akademicki-2025_2026.pdf\" data-mtli=\"mtli_filesize247,41kB\">Kalendarz akademicki 2025\/2026 Uniwersytetu \u015al\u0105skiego<\/a><\/p>\n<\/div>\r\n                    <\/div>\r\n                <\/div>[\/vc_column][vc_column][\/vc_column][vc_column][\/vc_column][\/vc_row][vc_row][vc_column][\/vc_column][\/vc_row][vc_row][vc_column]\r\n                <div class=\"tiles-section\" style=\"background: \">\r\n                    <div class=\"container\">\r\n                        <h3 class=\"page-title\"><\/h3>\r\n                        <div class=\"tiles tiles-3\">\r\n                            <a href=\"https:\/\/us.edu.pl\/wydzial\/wns\/ogloszenia-dla-wszystkich\/\" class=\"tile tile_ justify-content-center\" style=\"background-color: #EBEBEB; font-weight: bold; color: #002E5A;  \">\r\n                                \r\n                                   \r\n                               \r\n                                <div class=\"tile__name\">Dla wszystkich <\/div>\r\n                            <\/a>\r\n                            <a href=\"https:\/\/us.edu.pl\/wydzial\/wns\/ogloszenia\/\" class=\"tile tile_ justify-content-center\" style=\"background-color: #002E5A; font-weight: ; color: #ffffff;  \">\r\n                                \r\n                                   \r\n                               \r\n                                <div class=\"tile__name\">Dzienikarstwo i komunikacja spo\u0142eczna <\/div>\r\n                            <\/a>\r\n                            <a href=\"https:\/\/us.edu.pl\/wydzial\/wns\/ogloszenia-pedagogika\/\" class=\"tile tile_ justify-content-center\" style=\"background-color: #EBEBEB; font-weight: ; color: #002E5A;  \">\r\n                                \r\n                                   \r\n                               \r\n                                <div class=\"tile__name\">Pedagogika<\/div>\r\n                            <\/a>\r\n                            <a href=\"https:\/\/us.edu.pl\/wydzial\/wns\/ogloszenia-socjologia\/\" class=\"tile tile_ justify-content-center\" style=\"background-color: #002E5A; font-weight: ; color: #ffffff;  \">\r\n                                \r\n                                   \r\n                               \r\n                                <div class=\"tile__name\">Socjologia<\/div>\r\n                            <\/a>\r\n                            <a href=\"https:\/\/us.edu.pl\/wydzial\/wns\/ogloszenia-politologia\/\" class=\"tile tile_ justify-content-center\" style=\"background-color: #EBEBEB; font-weight: ; color: #002E5A;  \">\r\n                                \r\n                                   \r\n                               \r\n                                <div class=\"tile__name\">Politologia<\/div>\r\n                            <\/a>\r\n                            <a href=\"https:\/\/us.edu.pl\/wydzial\/wns\/ogloszenia-psychologia\/\" class=\"tile tile_ justify-content-center\" style=\"background-color: #002E5A; font-weight: ; color: #ffffff;  \">\r\n                                \r\n                                   \r\n                               \r\n                                <div class=\"tile__name\">Psychologia<\/div>\r\n                            <\/a>\r\n                            <a href=\"https:\/\/us.edu.pl\/wydzial\/wns\/ogloszenia-zarzadzanie-zasobami-ludzkimi\/\" class=\"tile tile_ justify-content-center\" style=\"background-color: #EBEBEB; font-weight: ; color: #002E5A;  \">\r\n                                \r\n                                   \r\n                               \r\n                                <div class=\"tile__name\">Zarz\u0105dzanie zasobami ludzkimi <\/div>\r\n                            <\/a>\r\n                            <a href=\"https:\/\/us.edu.pl\/wydzial\/wns\/ogloszenia-bezpieczenstwo-narodowe-i-miedzynarodowe\/\" class=\"tile tile_ justify-content-center\" style=\"background-color: #002E5A; font-weight: ; color: #ffffff;  \">\r\n                                \r\n                                   \r\n                               \r\n                                <div class=\"tile__name\">Bezpiecze\u0144stwo narodowe i mi\u0119dzynarodowe <\/div>\r\n                            <\/a>\r\n                            <a href=\"https:\/\/us.edu.pl\/wydzial\/wns\/ogloszenia-praca-socjalna\/\" class=\"tile tile_ justify-content-center\" style=\"background-color: #EBEBEB; font-weight: ; color: #002E5A;  \">\r\n                                \r\n                                   \r\n                               \r\n                                <div class=\"tile__name\">Praca socjalna <\/div>\r\n                            <\/a>\r\n                            <a href=\"https:\/\/us.edu.pl\/wydzial\/wns\/ogloszenia-polityki-miejskie\/\" class=\"tile tile_ justify-content-center\" style=\"background-color: #002E5A; font-weight: ; color: #ffffff;  \">\r\n                                \r\n                                   \r\n                               \r\n                                <div class=\"tile__name\">Polityki miejskie <\/div>\r\n                            <\/a>\r\n                            <a href=\"https:\/\/us.edu.pl\/wydzial\/wns\/ogloszenia-doradztwo-polityczne-i-publiczne\/\" class=\"tile tile_ justify-content-center\" style=\"background-color: #EBEBEB; font-weight: ; color: #002E5A;  \">\r\n                                \r\n                                   \r\n                               \r\n                                <div class=\"tile__name\">Doradztwo polityczne i publiczne <\/div>\r\n                            <\/a>\r\n                            <a href=\"https:\/\/us.edu.pl\/wydzial\/wns\/msnpid-ogloszenia\/\" class=\"tile tile_ justify-content-center\" style=\"background-color: #002E5A; font-weight: ; color: #ffffff;  \">\r\n                                \r\n                                   \r\n                               \r\n                                <div class=\"tile__name\">Mi\u0119dzynarodowe studia nauk politycznych i dyplomacji<\/div>\r\n                            <\/a><\/div>\r\n                    <\/div>\r\n                <\/div>[\/vc_column][\/vc_row][vc_row][vc_column][\/vc_column][\/vc_row][vc_row][vc_column][\/vc_column][\/vc_row][vc_row][vc_column][\/vc_column][\/vc_row]<\/p>","protected":false},"excerpt":{"rendered":"<p>[vc_row][vc_column][\/vc_column][vc_column][\/vc_column][vc_column][\/vc_column][\/vc_row][vc_row][vc_column][\/vc_column][\/vc_row][vc_row][vc_column][\/vc_column][\/vc_row][vc_row][vc_column][\/vc_column][\/vc_row][vc_row][vc_column][\/vc_column][\/vc_row][vc_row][vc_column][\/vc_column][\/vc_row] [&#8230;]<\/p>\n<p><a class=\"btn btn-secondary understrap-read-more-link\" href=\"https:\/\/us.edu.pl\/wydzial\/wns\/ogloszenia-dla-studentow\/\">Read More&#8230;<\/a><\/p>\n","protected":false},"author":130,"featured_media":0,"parent":0,"menu_order":0,"comment_status":"closed","ping_status":"closed","template":"","meta":{"_expiration-date-status":"","_expiration-date":0,"_expiration-date-type":"","_expiration-date-categories":[],"_expiration-date-options":[]},"acf":[],"_links":{"self":[{"href":"https:\/\/us.edu.pl\/wydzial\/wns\/wp-json\/wp\/v2\/pages\/992"}],"collection":[{"href":"https:\/\/us.edu.pl\/wydzial\/wns\/wp-json\/wp\/v2\/pages"}],"about":[{"href":"https:\/\/us.edu.pl\/wydzial\/wns\/wp-json\/wp\/v2\/types\/page"}],"author":[{"embeddable":true,"href":"https:\/\/us.edu.pl\/wydzial\/wns\/wp-json\/wp\/v2\/users\/130"}],"replies":[{"embeddable":true,"href":"https:\/\/us.edu.pl\/wydzial\/wns\/wp-json\/wp\/v2\/comments?post=992"}],"version-history":[{"count":10,"href":"https:\/\/us.edu.pl\/wydzial\/wns\/wp-json\/wp\/v2\/pages\/992\/revisions"}],"predecessor-version":[{"id":185482,"href":"https:\/\/us.edu.pl\/wydzial\/wns\/wp-json\/wp\/v2\/pages\/992\/revisions\/185482"}],"wp:attachment":[{"href":"https:\/\/us.edu.pl\/wydzial\/wns\/wp-json\/wp\/v2\/media?parent=992"}],"curies":[{"name":"wp","href":"https:\/\/api.w.org\/{rel}","templated":true}]}}