{"id":185331,"date":"2025-01-15T10:30:37","date_gmt":"2025-01-15T09:30:37","guid":{"rendered":"https:\/\/us.edu.pl\/wydzial\/wnst\/?page_id=185331"},"modified":"2026-03-02T12:31:18","modified_gmt":"2026-03-02T11:31:18","slug":"pizza-meeting-seminaria-naukowe","status":"publish","type":"page","link":"https:\/\/us.edu.pl\/wydzial\/wnst\/en\/badania-naukowe\/pizza-meeting-seminaria-naukowe\/","title":{"rendered":"Pizza Meeting | seminaria naukowe"},"content":{"rendered":"<p>[vc_row el_class=&#8221;container&#8221;][vc_column width=&#8221;1\/2&#8243;]\r\n                <div class=\"text-modules\">\r\n                    <div class=\"container\">\r\n                        \r\n                        <div class=\"text-modules__content\"><\/p>\n<h3><strong><span style=\"color: #002e5a;\">Zapraszamy na\u00a0Pizza Meeting \u2013 wyj\u0105tkowe spotkania seminaryjne<\/span><\/strong><\/h3>\n<p>Na seminariach \u0142\u0105czymy nauk\u0119 z lu\u017an\u0105 atmosfer\u0105 i smakiem pizzy! To doskona\u0142a okazja, aby:<\/p>\n<ul>\n<li><strong>Podzieli\u0107 si\u0119 efektami swojej pracy naukowej<\/strong>\u00a0\u2013 niezale\u017cnie od etapu bada\u0144, dziedziny czy do\u015bwiadczenia. Twoje pomys\u0142y mog\u0105 zainspirowa\u0107 innych!<\/li>\n<li><strong>Nawi\u0105za\u0107 dyskusj\u0119<\/strong>\u00a0\u2013 spotkaj si\u0119 z kolegami i kole\u017cankami z wydzia\u0142u, wymie\u0144cie si\u0119 spostrze\u017ceniami, zadawajcie pytania i poszerzajcie swoje horyzonty.<\/li>\n<li><strong>Pozna\u0107 si\u0119 wzajemnie<\/strong>\u00a0\u2013 budujmy wsp\u00f3lnot\u0119 naukow\u0105 naszego wydzia\u0142u w przyjaznej atmosferze.<\/li>\n<\/ul>\n<p>Spotkania s\u0105 otwarte dla\u00a0<strong>ka\u017cdego<\/strong>!\u00a0Aby umili\u0107 czas i pobudzi\u0107 kreatywno\u015b\u0107, ka\u017cde spotkanie zako\u0144czymy wsp\u00f3lnym pocz\u0119stunkiem \u2013\u00a0<strong>pizz\u0105<\/strong>!<br \/>\nDo zobaczenia na Pizza Meeting!<\/p>\n<h3><span style=\"color: #002e5a;\">Koordynator projektu<\/span><\/h3>\n<p><a title=\"napisz do koordynatora, link otwiera w nowym oknie program pocztowy ustawiony domy\u015blnie na twoim komputerze\" href=\"mailto:miroslaw.chorazewski@us.edu.pl\" target=\"_blank\" rel=\"noopener\">dr hab. Miros\u0142aw Chor\u0105\u017cewski, prof. U\u015a<\/a><\/p>\n<h3><span style=\"color: #002e5a;\">Miejsce wyk\u0142ad\u00f3w<\/span><\/h3>\n<p>kampus Chorz\u00f3w,\u00a0ul. 75. Pu\u0142ku Piechoty 1A, aula P\/0\/05<\/p>\n<p>\n<\/div>\r\n                    <\/div>\r\n                <\/div>[\/vc_column][vc_column width=&#8221;1\/2&#8243;][vc_single_image image=&#8221;185336&#8243; img_size=&#8221;large&#8221; add_caption=&#8221;yes&#8221; alignment=&#8221;center&#8221; style=&#8221;vc_box_rounded&#8221;][\/vc_column][\/vc_row][vc_row][vc_column]\r\n            \r\n            <div class=\"events-loop loop-section color-blue\" style=\"background: \">\r\n                <div class=\"container\">\r\n                    <div class=\"events-loop-top loop-section-top\">\r\n                        <h2 class=\"section-title\">\r\n                            Events\r\n                        <\/h2><div class=\"event-loop-top_right loop-section-top__right\">\r\n                                        <a href=\"https:\/\/us.edu.pl\/wydzial\/wnst\/en\/event\/\" class=\"link-button \">All<\/a>\r\n                                    <\/div>\r\n                    <\/div>\r\n            \r\n                    <div class=\"events-loop-main\">\r\n                        <div class=\"row m-0\">    <\/div>\r\n                    <\/div>\r\n                <\/div>\r\n            <\/div>[vc_separator color=&#8221;orange&#8221; border_width=&#8221;2&#8243;][\/vc_column][\/vc_row][vc_row el_class=&#8221;container&#8221;][vc_column width=&#8221;1\/4&#8243;][vc_single_image image=&#8221;185339&#8243; img_size=&#8221;large&#8221; alignment=&#8221;center&#8221; style=&#8221;vc_box_rounded&#8221; onclick=&#8221;custom_link&#8221; img_link_target=&#8221;_blank&#8221; link=&#8221;https:\/\/us.edu.pl\/wydzial\/wnst\/event\/pizzameeting-robert-holyst-non-equilibrium-thermodynamics-for-stationary-states-like-never-before\/&#8221;][\/vc_column][vc_column width=&#8221;1\/4&#8243;][\/vc_column][vc_column width=&#8221;1\/4&#8243;][\/vc_column][vc_column width=&#8221;1\/4&#8243;][\/vc_column][\/vc_row]<\/p>","protected":false},"excerpt":{"rendered":"<p>[vc_row el_class=&#8221;container&#8221;][vc_column width=&#8221;1\/2&#8243;][\/vc_column][vc_column width=&#8221;1\/2&#8243;][vc_single_image image=&#8221;185336&#8243; img_size=&#8221;large&#8221; add_caption=&#8221;yes&#8221; alignment=&#8221;center&#8221; style=&#8221;vc_box_rounded&#8221;][\/vc_column][\/vc_row][vc_row][vc_column][vc_separator color=&#8221;orange&#8221; border_width=&#8221;2&#8243;][\/vc_column][\/vc_row][vc_row el_class=&#8221;container&#8221;][vc_column width=&#8221;1\/4&#8243;][vc_single_image image=&#8221;185339&#8243; img_size=&#8221;large&#8221; alignment=&#8221;center&#8221; style=&#8221;vc_box_rounded&#8221; onclick=&#8221;custom_link&#8221; img_link_target=&#8221;_blank&#8221; link=&#8221;https:\/\/us.edu.pl\/wydzial\/wnst\/event\/pizzameeting-robert-holyst-non-equilibrium-thermodynamics-for-stationary-states-like-never-before\/&#8221;][\/vc_column][vc_column width=&#8221;1\/4&#8243;][\/vc_column][vc_column width=&#8221;1\/4&#8243;][\/vc_column][vc_column width=&#8221;1\/4&#8243;][\/vc_column][\/vc_row] [&#8230;]<\/p>\n<p><a class=\"btn btn-secondary understrap-read-more-link\" href=\"https:\/\/us.edu.pl\/wydzial\/wnst\/en\/badania-naukowe\/pizza-meeting-seminaria-naukowe\/\">Read More&#8230;<\/a><\/p>\n","protected":false},"author":92,"featured_media":0,"parent":664,"menu_order":0,"comment_status":"closed","ping_status":"closed","template":"","meta":{"_expiration-date-status":"","_expiration-date":0,"_expiration-date-type":"","_expiration-date-categories":[],"_expiration-date-options":[]},"acf":[],"_links":{"self":[{"href":"https:\/\/us.edu.pl\/wydzial\/wnst\/en\/wp-json\/wp\/v2\/pages\/185331"}],"collection":[{"href":"https:\/\/us.edu.pl\/wydzial\/wnst\/en\/wp-json\/wp\/v2\/pages"}],"about":[{"href":"https:\/\/us.edu.pl\/wydzial\/wnst\/en\/wp-json\/wp\/v2\/types\/page"}],"author":[{"embeddable":true,"href":"https:\/\/us.edu.pl\/wydzial\/wnst\/en\/wp-json\/wp\/v2\/users\/92"}],"replies":[{"embeddable":true,"href":"https:\/\/us.edu.pl\/wydzial\/wnst\/en\/wp-json\/wp\/v2\/comments?post=185331"}],"version-history":[{"count":11,"href":"https:\/\/us.edu.pl\/wydzial\/wnst\/en\/wp-json\/wp\/v2\/pages\/185331\/revisions"}],"predecessor-version":[{"id":204241,"href":"https:\/\/us.edu.pl\/wydzial\/wnst\/en\/wp-json\/wp\/v2\/pages\/185331\/revisions\/204241"}],"up":[{"embeddable":true,"href":"https:\/\/us.edu.pl\/wydzial\/wnst\/en\/wp-json\/wp\/v2\/pages\/664"}],"wp:attachment":[{"href":"https:\/\/us.edu.pl\/wydzial\/wnst\/en\/wp-json\/wp\/v2\/media?parent=185331"}],"curies":[{"name":"wp","href":"https:\/\/api.w.org\/{rel}","templated":true}]}}