{"id":18662,"date":"2021-10-23T19:43:56","date_gmt":"2021-10-23T17:43:56","guid":{"rendered":"https:\/\/us.edu.pl\/wydzial\/wnst\/?page_id=18662"},"modified":"2022-12-09T15:11:50","modified_gmt":"2022-12-09T14:11:50","slug":"18662-2","status":"publish","type":"page","link":"https:\/\/us.edu.pl\/wydzial\/wnst\/en\/strona-glowna\/realizowane-projekty\/projekty-dydaktyczne\/18662-2\/","title":{"rendered":"&#8221;Materials Science Ma(s)ters&#8221; Project"},"content":{"rendered":"<p>[vc_row el_class=&#8221;container&#8221;][vc_column]\r\n                <div class=\"text-modules\">\r\n                    <div class=\"container\">\r\n                        \r\n                        <div class=\"text-modules__content\"><p><img class=\"alignnone size-full wp-image-18665\" src=\"https:\/\/us.edu.pl\/wydzial\/wnst\/wp-content\/uploads\/sites\/18\/Nieprzypisane\/Obraz1.png\" alt=\"\" width=\"100%\" height=\"auto\" srcset=\"https:\/\/us.edu.pl\/wydzial\/wnst\/wp-content\/uploads\/sites\/18\/Nieprzypisane\/Obraz1.png 1144w, https:\/\/us.edu.pl\/wydzial\/wnst\/wp-content\/uploads\/sites\/18\/Nieprzypisane\/Obraz1-300x27.png 300w, https:\/\/us.edu.pl\/wydzial\/wnst\/wp-content\/uploads\/sites\/18\/Nieprzypisane\/Obraz1-768x68.png 768w, https:\/\/us.edu.pl\/wydzial\/wnst\/wp-content\/uploads\/sites\/18\/Nieprzypisane\/Obraz1-1024x91.png 1024w, https:\/\/us.edu.pl\/wydzial\/wnst\/wp-content\/uploads\/sites\/18\/Nieprzypisane\/Obraz1-575x51.png 575w\" sizes=\"(max-width: 1144px) 100vw, 1144px\" \/><\/p>\n<\/div>\r\n                    <\/div>\r\n                <\/div>\r\n                <div class=\"text-modules\">\r\n                    <div class=\"container\">\r\n                        \r\n                        <div class=\"text-modules__content\"><\/p>\n<h3 style=\"text-align: center;\"><span style=\"color: #002a5e;\"><strong>Educational project<br \/>\n&#8220;Materials Science Ma(s)ters- developing a new master&#8217;s degree&#8221;<\/strong><\/span><\/h3>\n<p>The main goal of the project is to improve the quality of education by developing a new, interdisciplinary master&#8217;s programme in materials engineering in an international consortium, responding to the needs of the modern economy, labor market and society.<\/p>\n<p>The aim of the project will be achieved through:<\/p>\n<ul>\n<li>increasing the knowledge of the academic teachers about the directions of didactics development in the discipline of materials science;<\/li>\n<li>increasing the teaching competences of the academic teachers &#8211; participants of short training programs;<\/li>\n<li>adapting the curriculum to the needs of the socio-economic environment,<\/li>\n<li>increasing innovation and internationalisation of the institutions involved (4) through the exchange of good practices, joint development of the curriculum and teaching materials in the form of blended learning and promotion of open education.<\/li>\n<\/ul>\n<p style=\"font-size: 130%; text-align: center;\"><strong><span style=\"color: #002a5e;\">Project website: <a href=\"http:\/\/www.matsci.us.edu.pl\" target=\"_blank\" rel=\"noopener noreferrer\">www.matsci.us.edu.pl<\/a><\/span><\/strong><\/p>\n<p>\n<\/div>\r\n                    <\/div>\r\n                <\/div><div class=\"container\"><div class=\"separator\" style=\"background-color: #002E5A\"><\/div><\/div>[\/vc_column][\/vc_row][vc_row el_class=&#8221;container&#8221;][vc_column width=&#8221;1\/2&#8243;]\r\n                <div class=\"text-modules\">\r\n                    <div class=\"container\">\r\n                        \r\n                        <div class=\"text-modules__content\"><\/p>\n<h3><span style=\"color: #002a5e;\">Funding<\/span><\/h3>\n<p>Foundation for the Development of the Education System &#8211; National Agency for the Erasmus+ Programme and European Solidarity Corps<\/p>\n<h3><span style=\"color: #002a5e;\">Amount of funding<\/span><\/h3>\n<p>EURO 315 650.00<\/p>\n<h3><span style=\"color: #002a5e;\">Implementation period<\/span><\/h3>\n<p>1 January 2022 \u2013 1 July 2024<\/p>\n<h3><span style=\"color: #002a5e;\">Consortium of universities<\/span><\/h3>\n<ul>\n<li>Silesia University, Poland (leader)<\/li>\n<li>Afyon Kocatepe \u00dcniversitesi, Turkey<\/li>\n<li>\u017dilinsk\u00e1 univerzita v \u017diline, Slovakia<\/li>\n<li>Ivan Franko National University of Lviv, Ukraine<\/li>\n<\/ul>\n<p>\n<\/div>\r\n                    <\/div>\r\n                <\/div>[\/vc_column][vc_column width=&#8221;1\/2&#8243;]\r\n                <div class=\"text-modules\">\r\n                    <div class=\"container\">\r\n                        \r\n                        <div class=\"text-modules__content\"><\/p>\n<h3><span style=\"color: #002a5e;\">Team project<\/span><\/h3>\n<ul>\n<li>Joanna Maszybrocka, PhD<br \/>\nDegree Programme Director of the Materials Science and Engineering<\/li>\n<li>Ma\u0142gorzata Karolus, PhD, DSc, Associate Professor<br \/>\nMember of the Educational Council for the Materials Science and Engineering Degree Programme<\/li>\n<li>Magdalena Szklarska, PhD<br \/>\nPlenipotentiary of the Dean for International Cooperation<\/li>\n<li>Tomasz Goryczka, PhD, DSc, Associate Professor<br \/>\nMember of the Scientific Council of the Institute ff Materials Engineering<\/li>\n<li>Joanna Stelmaszak, MA<br \/>\nHead of the Project Department<\/li>\n<\/ul>\n<p>\n<\/div>\r\n                    <\/div>\r\n                <\/div>[\/vc_column][\/vc_row]<\/p>","protected":false},"excerpt":{"rendered":"<p>[vc_row el_class=&#8221;container&#8221;][vc_column][\/vc_column][\/vc_row][vc_row el_class=&#8221;container&#8221;][vc_column width=&#8221;1\/2&#8243;][\/vc_column][vc_column width=&#8221;1\/2&#8243;][\/vc_column][\/vc_row] [&#8230;]<\/p>\n<p><a class=\"btn btn-secondary understrap-read-more-link\" href=\"https:\/\/us.edu.pl\/wydzial\/wnst\/en\/strona-glowna\/realizowane-projekty\/projekty-dydaktyczne\/18662-2\/\">Read More&#8230;<\/a><\/p>\n","protected":false},"author":92,"featured_media":0,"parent":5485,"menu_order":0,"comment_status":"closed","ping_status":"closed","template":"","meta":{"_expiration-date-status":"saved","_expiration-date":0,"_expiration-date-type":"","_expiration-date-categories":[],"_expiration-date-options":[]},"acf":[],"_links":{"self":[{"href":"https:\/\/us.edu.pl\/wydzial\/wnst\/en\/wp-json\/wp\/v2\/pages\/18662"}],"collection":[{"href":"https:\/\/us.edu.pl\/wydzial\/wnst\/en\/wp-json\/wp\/v2\/pages"}],"about":[{"href":"https:\/\/us.edu.pl\/wydzial\/wnst\/en\/wp-json\/wp\/v2\/types\/page"}],"author":[{"embeddable":true,"href":"https:\/\/us.edu.pl\/wydzial\/wnst\/en\/wp-json\/wp\/v2\/users\/92"}],"replies":[{"embeddable":true,"href":"https:\/\/us.edu.pl\/wydzial\/wnst\/en\/wp-json\/wp\/v2\/comments?post=18662"}],"version-history":[{"count":7,"href":"https:\/\/us.edu.pl\/wydzial\/wnst\/en\/wp-json\/wp\/v2\/pages\/18662\/revisions"}],"predecessor-version":[{"id":162166,"href":"https:\/\/us.edu.pl\/wydzial\/wnst\/en\/wp-json\/wp\/v2\/pages\/18662\/revisions\/162166"}],"up":[{"embeddable":true,"href":"https:\/\/us.edu.pl\/wydzial\/wnst\/en\/wp-json\/wp\/v2\/pages\/5485"}],"wp:attachment":[{"href":"https:\/\/us.edu.pl\/wydzial\/wnst\/en\/wp-json\/wp\/v2\/media?parent=18662"}],"curies":[{"name":"wp","href":"https:\/\/api.w.org\/{rel}","templated":true}]}}