{"id":200143,"date":"2025-08-27T17:54:24","date_gmt":"2025-08-27T15:54:24","guid":{"rendered":"https:\/\/us.edu.pl\/wydzial\/wnst\/?page_id=200143"},"modified":"2026-01-28T13:46:57","modified_gmt":"2026-01-28T12:46:57","slug":"warsztaty-tematyczne-dla-uczniow-szkol-srednich","status":"publish","type":"page","link":"https:\/\/us.edu.pl\/wydzial\/wnst\/en\/wspolpraca\/szkoly\/science-spark\/warsztaty-tematyczne-dla-uczniow-szkol-srednich\/","title":{"rendered":"(Polski) Warsztaty tematyczne dla uczni\u00f3w szk\u00f3\u0142 \u015brednich"},"content":{"rendered":"<p class=\"qtranxs-available-languages-message qtranxs-available-languages-message-en\">Sorry, this entry is only available in <a href=\"https:\/\/us.edu.pl\/wydzial\/wnst\/pl\/wp-json\/wp\/v2\/pages\/200143\" class=\"qtranxs-available-language-link qtranxs-available-language-link-pl\" title=\"Polski\">Polish<\/a>.<\/p>","protected":false},"excerpt":{"rendered":"<p>Sorry, this entry is only available in Polish. [&#8230;]<\/p>\n<p><a class=\"btn btn-secondary understrap-read-more-link\" href=\"https:\/\/us.edu.pl\/wydzial\/wnst\/en\/wspolpraca\/szkoly\/science-spark\/warsztaty-tematyczne-dla-uczniow-szkol-srednich\/\">Read More&#8230;<\/a><\/p>\n","protected":false},"author":104,"featured_media":0,"parent":198640,"menu_order":20,"comment_status":"closed","ping_status":"closed","template":"page-templates\/page-with-sidebar.php","meta":{"_expiration-date-status":"","_expiration-date":0,"_expiration-date-type":"","_expiration-date-categories":[],"_expiration-date-options":[]},"acf":[],"_links":{"self":[{"href":"https:\/\/us.edu.pl\/wydzial\/wnst\/en\/wp-json\/wp\/v2\/pages\/200143"}],"collection":[{"href":"https:\/\/us.edu.pl\/wydzial\/wnst\/en\/wp-json\/wp\/v2\/pages"}],"about":[{"href":"https:\/\/us.edu.pl\/wydzial\/wnst\/en\/wp-json\/wp\/v2\/types\/page"}],"author":[{"embeddable":true,"href":"https:\/\/us.edu.pl\/wydzial\/wnst\/en\/wp-json\/wp\/v2\/users\/104"}],"replies":[{"embeddable":true,"href":"https:\/\/us.edu.pl\/wydzial\/wnst\/en\/wp-json\/wp\/v2\/comments?post=200143"}],"version-history":[{"count":0,"href":"https:\/\/us.edu.pl\/wydzial\/wnst\/en\/wp-json\/wp\/v2\/pages\/200143\/revisions"}],"up":[{"embeddable":true,"href":"https:\/\/us.edu.pl\/wydzial\/wnst\/en\/wp-json\/wp\/v2\/pages\/198640"}],"wp:attachment":[{"href":"https:\/\/us.edu.pl\/wydzial\/wnst\/en\/wp-json\/wp\/v2\/media?parent=200143"}],"curies":[{"name":"wp","href":"https:\/\/api.w.org\/{rel}","templated":true}]}}