{"id":204201,"date":"2026-02-25T10:33:03","date_gmt":"2026-02-25T09:33:03","guid":{"rendered":"https:\/\/us.edu.pl\/wydzial\/wnst\/?page_id=204201"},"modified":"2026-02-25T10:33:03","modified_gmt":"2026-02-25T09:33:03","slug":"odim-2025","status":"publish","type":"page","link":"https:\/\/us.edu.pl\/wydzial\/wnst\/en\/wspolpraca\/szkoly\/odim-2025\/","title":{"rendered":"(Polski) Og\u00f3lnopolski Dzie\u0144 In\u017cynierii Materia\u0142owej"},"content":{"rendered":"<p>[\/vc_column_text][\/vc_column][\/vc_row][\/vc_column_text][\/vc_column][\/vc_row][\/vc_column_text][\/vc_column][\/vc_row][\/vc_column_text][\/vc_column][\/vc_row]<\/p>","protected":false},"excerpt":{"rendered":"<p>[\/vc_column_text][\/vc_column][\/vc_row][\/vc_column_text][\/vc_column][\/vc_row][\/vc_column_text][\/vc_column][\/vc_row][\/vc_column_text][\/vc_column][\/vc_row] [&#8230;]<\/p>\n<p><a class=\"btn btn-secondary understrap-read-more-link\" href=\"https:\/\/us.edu.pl\/wydzial\/wnst\/en\/wspolpraca\/szkoly\/odim-2025\/\">Read More&#8230;<\/a><\/p>\n","protected":false},"author":3553,"featured_media":173118,"parent":680,"menu_order":0,"comment_status":"closed","ping_status":"closed","template":"","meta":{"_expiration-date-status":"","_expiration-date":0,"_expiration-date-type":"","_expiration-date-categories":[],"_expiration-date-options":[]},"acf":[],"_links":{"self":[{"href":"https:\/\/us.edu.pl\/wydzial\/wnst\/en\/wp-json\/wp\/v2\/pages\/204201"}],"collection":[{"href":"https:\/\/us.edu.pl\/wydzial\/wnst\/en\/wp-json\/wp\/v2\/pages"}],"about":[{"href":"https:\/\/us.edu.pl\/wydzial\/wnst\/en\/wp-json\/wp\/v2\/types\/page"}],"author":[{"embeddable":true,"href":"https:\/\/us.edu.pl\/wydzial\/wnst\/en\/wp-json\/wp\/v2\/users\/3553"}],"replies":[{"embeddable":true,"href":"https:\/\/us.edu.pl\/wydzial\/wnst\/en\/wp-json\/wp\/v2\/comments?post=204201"}],"version-history":[{"count":0,"href":"https:\/\/us.edu.pl\/wydzial\/wnst\/en\/wp-json\/wp\/v2\/pages\/204201\/revisions"}],"up":[{"embeddable":true,"href":"https:\/\/us.edu.pl\/wydzial\/wnst\/en\/wp-json\/wp\/v2\/pages\/680"}],"wp:featuredmedia":[{"embeddable":true,"href":"https:\/\/us.edu.pl\/wydzial\/wnst\/en\/wp-json\/wp\/v2\/media\/173118"}],"wp:attachment":[{"href":"https:\/\/us.edu.pl\/wydzial\/wnst\/en\/wp-json\/wp\/v2\/media?parent=204201"}],"curies":[{"name":"wp","href":"https:\/\/api.w.org\/{rel}","templated":true}]}}