{"id":470,"date":"2019-11-12T11:17:44","date_gmt":"2019-11-12T10:17:44","guid":{"rendered":"https:\/\/us.edu.pl\/wydzial\/wnst\/?page_id=470"},"modified":"2026-03-19T08:26:49","modified_gmt":"2026-03-19T07:26:49","slug":"wladze","status":"publish","type":"page","link":"https:\/\/us.edu.pl\/wydzial\/wnst\/en\/strona-glowna\/wladze\/","title":{"rendered":"authorities"},"content":{"rendered":"<p><\/p>\n<p>[vc_row el_class=&#8221;container&#8221;][vc_column]\r\n                <div class=\"text-modules\">\r\n                    <div class=\"container\">\r\n                        \r\n                        <div class=\"text-modules__content\"><\/p>\n<h2><strong><span style=\"color: #003366;\">Dean<\/span><\/strong><\/h2>\n<p>\n<\/div>\r\n                    <\/div>\r\n                <\/div>[\/vc_column][\/vc_row][vc_row content_placement=&#8221;middle&#8221; el_class=&#8221;container&#8221;][vc_column width=&#8221;1\/4&#8243; el_class=&#8221;foto&#8221;]\r\n                <div class=\"text-modules\">\r\n                    <div class=\"container\">\r\n                        \r\n                        <div class=\"text-modules__content\"><p><img class=\"alignnone wp-image-184855 size-full\" src=\"https:\/\/us.edu.pl\/wydzial\/wnst\/wp-content\/uploads\/sites\/18\/Bez-kategorii\/Kowalski-Seweryn-kw.png\" alt=\"\" width=\"100%\" height=\"auto\" srcset=\"https:\/\/us.edu.pl\/wydzial\/wnst\/wp-content\/uploads\/sites\/18\/Bez-kategorii\/Kowalski-Seweryn-kw.png 800w, https:\/\/us.edu.pl\/wydzial\/wnst\/wp-content\/uploads\/sites\/18\/Bez-kategorii\/Kowalski-Seweryn-kw-300x300.png 300w, https:\/\/us.edu.pl\/wydzial\/wnst\/wp-content\/uploads\/sites\/18\/Bez-kategorii\/Kowalski-Seweryn-kw-150x150.png 150w, https:\/\/us.edu.pl\/wydzial\/wnst\/wp-content\/uploads\/sites\/18\/Bez-kategorii\/Kowalski-Seweryn-kw-768x768.png 768w, https:\/\/us.edu.pl\/wydzial\/wnst\/wp-content\/uploads\/sites\/18\/Bez-kategorii\/Kowalski-Seweryn-kw-575x575.png 575w\" sizes=\"(max-width: 800px) 100vw, 800px\" \/><\/p>\n<\/div>\r\n                    <\/div>\r\n                <\/div>[\/vc_column][vc_column width=&#8221;1\/4&#8243;]\r\n                <div class=\"text-modules\">\r\n                    <div class=\"container\">\r\n                        \r\n                        <div class=\"text-modules__content\"><p><span style=\"font-size: 130%;\">SEWERYN KOWALSKI,<\/span><br \/>\n<span style=\"font-size: 90%;\">PhD, DSc, Associate Professor<\/span><\/p>\n<p><small><span style=\"letter-spacing: 0.7mm; color: #333333; font-size: 100%;\">DEAN<\/span><\/small><\/p>\n<hr \/>\n<p><a title=\"link opens new window\" href=\"https:\/\/ab.us.edu.pl\/emp\/12832?lang=en\" target=\"_blank\" rel=\"noopener\"><span style=\"font-size: 90%;\">contact<\/span><\/a><\/p>\n<\/div>\r\n                    <\/div>\r\n                <\/div>[\/vc_column][vc_column width=&#8221;1\/4&#8243;][\/vc_column][vc_column width=&#8221;1\/4&#8243;][\/vc_column][\/vc_row][vc_row el_class=&#8221;container&#8221;][vc_column]<div class=\"container\"><div class=\"separator\" style=\"background-color: #EBEBEB\"><\/div><\/div>\r\n                <div class=\"text-modules\">\r\n                    <div class=\"container\">\r\n                        \r\n                        <div class=\"text-modules__content\"><\/p>\n<h2><strong><span style=\"color: #003366;\">Deputy Deans<\/span><\/strong><\/h2>\n<p>\n<\/div>\r\n                    <\/div>\r\n                <\/div>[\/vc_column][\/vc_row][vc_row content_placement=&#8221;bottom&#8221; css=&#8221;.vc_custom_1621590311328{margin-top: 2px !important;border-top-width: 2px !important;padding-top: 2px !important;border-top-color: #000000 !important;}&#8221; el_class=&#8221;container linki&#8221;][vc_column width=&#8221;1\/4&#8243; el_class=&#8221;foto&#8221;]\r\n                <div class=\"text-modules\">\r\n                    <div class=\"container\">\r\n                        \r\n                        <div class=\"text-modules__content\"><p><img class=\"alignnone wp-image-12304 size-full\" src=\"https:\/\/us.edu.pl\/wydzial\/wnst\/wp-content\/uploads\/sites\/18\/zdjecia-ogolne\/Miros\u0142aw-Chor\u0105\u017cewski_DSC_4605-1.jpg\" alt=\"Prof. Miros\u0142aw Chor\u0105\u017cewski\" width=\"100%\" height=\"auto\" srcset=\"https:\/\/us.edu.pl\/wydzial\/wnst\/wp-content\/uploads\/sites\/18\/zdjecia-ogolne\/Miros\u0142aw-Chor\u0105\u017cewski_DSC_4605-1.jpg 500w, https:\/\/us.edu.pl\/wydzial\/wnst\/wp-content\/uploads\/sites\/18\/zdjecia-ogolne\/Miros\u0142aw-Chor\u0105\u017cewski_DSC_4605-1-150x150.jpg 150w, https:\/\/us.edu.pl\/wydzial\/wnst\/wp-content\/uploads\/sites\/18\/zdjecia-ogolne\/Miros\u0142aw-Chor\u0105\u017cewski_DSC_4605-1-300x300.jpg 300w\" sizes=\"(max-width: 500px) 100vw, 500px\" \/><\/p>\n<\/div>\r\n                    <\/div>\r\n                <\/div>[\/vc_column][vc_column width=&#8221;1\/4&#8243;]\r\n                <div class=\"text-modules\">\r\n                    <div class=\"container\">\r\n                        \r\n                        <div class=\"text-modules__content\"><p><span style=\"font-size: 130%;\">MIROS\u0141AW CHOR\u0104ZEWSKI,<\/span><br \/>\n<span style=\"font-size: 90%;\">PhD, DSc, Associate Professor<\/span><\/p>\n<p><small><span style=\"letter-spacing: 0.7mm; color: #333333; font-size: 100%;\">DEPUTY DEAN FOR RESEARCH AND INTERNATIONAL COOPERATION<\/span><\/small><\/p>\n<hr \/>\n<p><a href=\"https:\/\/ab.us.edu.pl\/emp\/3102?lang=en\"><span style=\"font-size: 90%;\">contact<\/span><\/a><\/p>\n<\/div>\r\n                    <\/div>\r\n                <\/div>[\/vc_column][vc_column width=&#8221;1\/4&#8243; el_class=&#8221;foto&#8221;][\/vc_column][vc_column width=&#8221;1\/4&#8243;][\/vc_column][\/vc_row][vc_row content_placement=&#8221;bottom&#8221; css=&#8221;.vc_custom_1621590311328{margin-top: 2px !important;border-top-width: 2px !important;padding-top: 2px !important;border-top-color: #000000 !important;}&#8221; el_class=&#8221;container linki&#8221;][vc_column width=&#8221;1\/4&#8243; el_class=&#8221;foto&#8221;]\r\n                <div class=\"text-modules\">\r\n                    <div class=\"container\">\r\n                        \r\n                        <div class=\"text-modules__content\"><p><img class=\"alignnone wp-image-178108 size-full\" src=\"https:\/\/us.edu.pl\/wydzial\/wnst\/wp-content\/uploads\/sites\/18\/Bez-kategorii\/Maszybrocka-Joanna-1.jpg\" alt=\"\" width=\"100%\" height=\"auto\" srcset=\"https:\/\/us.edu.pl\/wydzial\/wnst\/wp-content\/uploads\/sites\/18\/Bez-kategorii\/Maszybrocka-Joanna-1.jpg 500w, https:\/\/us.edu.pl\/wydzial\/wnst\/wp-content\/uploads\/sites\/18\/Bez-kategorii\/Maszybrocka-Joanna-1-300x300.jpg 300w, https:\/\/us.edu.pl\/wydzial\/wnst\/wp-content\/uploads\/sites\/18\/Bez-kategorii\/Maszybrocka-Joanna-1-150x150.jpg 150w\" sizes=\"(max-width: 500px) 100vw, 500px\" \/><\/p>\n<\/div>\r\n                    <\/div>\r\n                <\/div>[\/vc_column][vc_column width=&#8221;1\/4&#8243;]\r\n                <div class=\"text-modules\">\r\n                    <div class=\"container\">\r\n                        \r\n                        <div class=\"text-modules__content\"><p><span style=\"font-size: 130%;\">JOANNA MASZYBROCKA,<\/span><br \/>\n<span style=\"font-size: 90%;\">PhD, Associate Professor<\/span><\/p>\n<p><small><span style=\"letter-spacing: 0.8mm; color: #333333; font-size: 100%;\">DEPUTY DEAN FOR EDUCATION AND STUDENT AFFAIRS<\/span><\/small><\/p>\n<hr \/>\n<p><a href=\"https:\/\/ab.us.edu.pl\/emp\/16792?lang=en\"><span style=\"font-size: 90%;\">contact<\/span><\/a><\/p>\n<\/div>\r\n                    <\/div>\r\n                <\/div>[\/vc_column][vc_column width=&#8221;1\/4&#8243; el_class=&#8221;foto&#8221;][\/vc_column][vc_column width=&#8221;1\/4&#8243;][\/vc_column][\/vc_row][vc_row content_placement=&#8221;bottom&#8221; css=&#8221;.vc_custom_1621588280627{margin-top: 2px !important;border-top-width: 2px !important;padding-top: 2px !important;border-top-color: #000000 !important;}&#8221; el_class=&#8221;container linki&#8221;][vc_column el_class=&#8221;foto&#8221;][vc_empty_space height=&#8221;16px&#8221;][\/vc_column][\/vc_row][vc_row content_placement=&#8221;bottom&#8221; css=&#8221;.vc_custom_1621588280627{margin-top: 2px !important;border-top-width: 2px !important;padding-top: 2px !important;border-top-color: #000000 !important;}&#8221; el_class=&#8221;container linki&#8221;][vc_column width=&#8221;1\/4&#8243; el_class=&#8221;foto&#8221;]\r\n                <div class=\"text-modules\">\r\n                    <div class=\"container\">\r\n                        \r\n                        <div class=\"text-modules__content\"><p><img class=\"alignnone wp-image-12282 size-full\" src=\"https:\/\/us.edu.pl\/wydzial\/wnst\/wp-content\/uploads\/sites\/18\/zdjecia-ogolne\/Agnieszka-Brzezi\u0144ska.png\" alt=\"Prof. Agnieszka Nowak-Brzezi\u0144ska\" width=\"100%\" height=\"auto\" srcset=\"https:\/\/us.edu.pl\/wydzial\/wnst\/wp-content\/uploads\/sites\/18\/zdjecia-ogolne\/Agnieszka-Brzezi\u0144ska.png 500w, https:\/\/us.edu.pl\/wydzial\/wnst\/wp-content\/uploads\/sites\/18\/zdjecia-ogolne\/Agnieszka-Brzezi\u0144ska-150x150.png 150w, https:\/\/us.edu.pl\/wydzial\/wnst\/wp-content\/uploads\/sites\/18\/zdjecia-ogolne\/Agnieszka-Brzezi\u0144ska-300x300.png 300w\" sizes=\"(max-width: 500px) 100vw, 500px\" \/><\/p>\n<\/div>\r\n                    <\/div>\r\n                <\/div>[\/vc_column][vc_column width=&#8221;1\/4&#8243;]\r\n                <div class=\"text-modules\">\r\n                    <div class=\"container\">\r\n                        \r\n                        <div class=\"text-modules__content\"><p><span style=\"font-size: 130%;\">AGNIESZKA NOWAK-BRZEZI\u0143SKA,<\/span><br \/>\n<span style=\"font-size: 90%;\">PhD, DSc, Associate Professor<\/span><\/p>\n<p><small><span style=\"letter-spacing: 0.8mm; color: #333333; font-size: 100%;\">DEPUTY DEAN FOR PROMOTION AND DEVELOPMENT<\/span><\/small><\/p>\n<hr \/>\n<p><a href=\"https:\/\/ab.us.edu.pl\/emp\/19302?lang=en\"><span style=\"font-size: 90%;\">contact<\/span><\/a><\/p>\n<\/div>\r\n                    <\/div>\r\n                <\/div>[\/vc_column][vc_column width=&#8221;1\/4&#8243; el_class=&#8221;foto&#8221;][\/vc_column][vc_column width=&#8221;1\/4&#8243;][\/vc_column][\/vc_row][vc_row el_class=&#8221;container&#8221;][vc_column]<div class=\"container\"><div class=\"separator\" style=\"background-color: #EBEBEB\"><\/div><\/div>\r\n                <div class=\"text-modules\">\r\n                    <div class=\"container\">\r\n                        <h3 class=\"page-title text__title\">See also<\/h3>\r\n                        <div class=\"text-modules__content\"><\/div>\r\n                    <\/div>\r\n                <\/div>[\/vc_column][\/vc_row][vc_row el_class=&#8221;container&#8221;][vc_column width=&#8221;1\/2&#8243;]\r\n\t\t\t\t<div class='container'>\r\n\t\t\t\t\t<div class='list-links list-links_'>\r\n\t\t\t\t\t\t  \r\n\t\t\t\t\t\t  <ul>\r\n\t\t\t\t\t\t\t\t<li><a href='https:\/\/us.edu.pl\/wydzial\/wnst\/en\/strona-glowna\/wladze\/dyrektorzy-instytutow\/'><h4>Directors of Institutes<\/h4><\/a><\/li>\r\n\t\t\t\t\t\t\t\t<li><a href='https:\/\/us.edu.pl\/wydzial\/wnst\/en\/strona-glowna\/wladze\/rady-dydaktyczne-kierunkow\/'><h4>Degree Programme Directors<\/h4><\/a><\/li><\/ul>\r\n\t\t\t\t\t<\/div>\r\n\t\t\t\t<\/div>   \r\n\t\t\t\t\t[\/vc_column][vc_column width=&#8221;1\/2&#8243;][\/vc_column][\/vc_row]<\/p>\n<p><\/p>","protected":false},"excerpt":{"rendered":"<p>[vc_row el_class=&#8221;container&#8221;][vc_column][\/vc_column][\/vc_row][vc_row content_placement=&#8221;middle&#8221; el_class=&#8221;container&#8221;][vc_column width=&#8221;1\/4&#8243; el_class=&#8221;foto&#8221;][\/vc_column][vc_column width=&#8221;1\/4&#8243;][\/vc_column][vc_column width=&#8221;1\/4&#8243;][\/vc_column][vc_column width=&#8221;1\/4&#8243;][\/vc_column][\/vc_row][vc_row el_class=&#8221;container&#8221;][vc_column][\/vc_column][\/vc_row][vc_row content_placement=&#8221;bottom&#8221; css=&#8221;.vc_custom_1621590311328{margin-top: 2px !important;border-top-width: 2px !important;padding-top: 2px !important;border-top-color: #000000 !important;}&#8221; el_class=&#8221;container linki&#8221;][vc_column width=&#8221;1\/4&#8243; el_class=&#8221;foto&#8221;][\/vc_column][vc_column width=&#8221;1\/4&#8243;][\/vc_column][vc_column width=&#8221;1\/4&#8243; el_class=&#8221;foto&#8221;][\/vc_column][vc_column width=&#8221;1\/4&#8243;][\/vc_column][\/vc_row][vc_row content_placement=&#8221;bottom&#8221; css=&#8221;.vc_custom_1621590311328{margin-top: 2px !important;border-top-width: 2px !important;padding-top: 2px !important;border-top-color: #000000 !important;}&#8221; el_class=&#8221;container linki&#8221;][vc_column width=&#8221;1\/4&#8243; el_class=&#8221;foto&#8221;][\/vc_column][vc_column width=&#8221;1\/4&#8243;][\/vc_column][vc_column width=&#8221;1\/4&#8243; el_class=&#8221;foto&#8221;][\/vc_column][vc_column width=&#8221;1\/4&#8243;][\/vc_column][\/vc_row][vc_row content_placement=&#8221;bottom&#8221; css=&#8221;.vc_custom_1621588280627{margin-top: 2px !important;border-top-width: 2px !important;padding-top: 2px !important;border-top-color: #000000 [&#8230;]<\/p>\n<p><a class=\"btn btn-secondary understrap-read-more-link\" href=\"https:\/\/us.edu.pl\/wydzial\/wnst\/en\/strona-glowna\/wladze\/\">Read More&#8230;<\/a><\/p>\n","protected":false},"author":99,"featured_media":0,"parent":103,"menu_order":2,"comment_status":"closed","ping_status":"closed","template":"","meta":{"_expiration-date-status":"","_expiration-date":0,"_expiration-date-type":"","_expiration-date-categories":[],"_expiration-date-options":[]},"acf":[],"_links":{"self":[{"href":"https:\/\/us.edu.pl\/wydzial\/wnst\/en\/wp-json\/wp\/v2\/pages\/470"}],"collection":[{"href":"https:\/\/us.edu.pl\/wydzial\/wnst\/en\/wp-json\/wp\/v2\/pages"}],"about":[{"href":"https:\/\/us.edu.pl\/wydzial\/wnst\/en\/wp-json\/wp\/v2\/types\/page"}],"author":[{"embeddable":true,"href":"https:\/\/us.edu.pl\/wydzial\/wnst\/en\/wp-json\/wp\/v2\/users\/99"}],"replies":[{"embeddable":true,"href":"https:\/\/us.edu.pl\/wydzial\/wnst\/en\/wp-json\/wp\/v2\/comments?post=470"}],"version-history":[{"count":11,"href":"https:\/\/us.edu.pl\/wydzial\/wnst\/en\/wp-json\/wp\/v2\/pages\/470\/revisions"}],"predecessor-version":[{"id":204718,"href":"https:\/\/us.edu.pl\/wydzial\/wnst\/en\/wp-json\/wp\/v2\/pages\/470\/revisions\/204718"}],"up":[{"embeddable":true,"href":"https:\/\/us.edu.pl\/wydzial\/wnst\/en\/wp-json\/wp\/v2\/pages\/103"}],"wp:attachment":[{"href":"https:\/\/us.edu.pl\/wydzial\/wnst\/en\/wp-json\/wp\/v2\/media?parent=470"}],"curies":[{"name":"wp","href":"https:\/\/api.w.org\/{rel}","templated":true}]}}