{"id":538,"date":"2019-11-14T10:55:49","date_gmt":"2019-11-14T09:55:49","guid":{"rendered":"https:\/\/us.edu.pl\/wydzial\/wnst\/?page_id=538"},"modified":"2025-11-17T10:17:11","modified_gmt":"2025-11-17T09:17:11","slug":"studia","status":"publish","type":"page","link":"https:\/\/us.edu.pl\/wydzial\/wnst\/en\/studia\/","title":{"rendered":"Study"},"content":{"rendered":"<p> [...]<p><a class=\"btn btn-secondary understrap-read-more-link\" href=\"https:\/\/us.edu.pl\/wydzial\/wnst\/en\/2021\/12\/08\/online-spotkanie-wspolnoty-us-na-temat-sposobu-k...<\/div> <\/a>\r\n                    \r\n                     <a href=\"https:\/\/us.edu.pl\/wydzial\/wnst\/en\/komunikaty\/konkurs-na-stanowisko-studenta-stypendysty-w-ramach-konkursu-sonata\/\">   <div class=\"announcement-loop-post__more\">more...<\/div> <\/a>\r\n                    \r\n                <\/article>\r\n            \r\n                <article class=\"announcement-loop-post carousel-slide\">\r\n                    \r\n                    <a href=\"https:\/\/us.edu.pl\/wydzial\/wnst\/en\/komunikaty\/english-biopham-programme-the-first-call-for-applications-is-opened\/\">    <h3 class=\"article-title announcement-loop-post__title\">BIOPHAM programme | The first call for applications is opened<\/h3> <\/a>\r\n                        \r\n                    <a href=\"https:\/\/us.edu.pl\/wydzial\/wnst\/en\/komunikaty\/english-biopham-programme-the-first-call-for-applications-is-opened\/\">     <div class=\"announcement-loop-post__text\"> [...]<p><a class=\"btn btn-secondary understrap-read-more-link\" href=\"https:\/\/us.edu.pl\/wydzial\/wnst\/en\/2021\/12\/08\/online-spotkanie-wsp...<\/div> <\/a>\r\n                    \r\n                     <a href=\"https:\/\/us.edu.pl\/wydzial\/wnst\/en\/komunikaty\/english-biopham-programme-the-first-call-for-applications-is-opened\/\">   <div class=\"announcement-loop-post__more\">more...<\/div> <\/a>\r\n                    \r\n                <\/article><\/div>\r\n                    \r\n                    <div class=\"announcement-loop-main announcement-loop-main_responsive carousel\">\r\n                    \r\n                        <a href = \"#\" data-slide = \"prev\" class=\"arrow\" >\r\n                            <em class=\"ci ci-angle-left\" ><\/em >\r\n                            <span class=\"d-none\" > arrow<\/span >\r\n                        <\/a>\r\n    \r\n                        <a href = \"#\" data-slide = \"next\" class=\"arrow\" >\r\n                            <em class=\"ci ci-angle-right\" ><\/em >\r\n                            <span class=\"d-none\" > arrow<\/span >\r\n                        <\/a>\r\n                    \r\n                        <div class=\"row items\">\r\n            \r\n                <article class=\"announcement-loop-post carousel-slide\">\r\n                    \r\n                    <a href=\"https:\/\/us.edu.pl\/wydzial\/wnst\/en\/komunikaty\/rejestracja-inzynieria-materialowa-i-i-ii-stopnia-sem-zima-2025-2026\/\">    <h3 class=\"article-title announcement-loop-post__title\">Rejestracja: in\u017cynieria materia\u0142owa I i II stopnia sem. ZIMA 2025\/2026<\/h3> <\/a>\r\n                        \r\n                    <a href=\"https:\/\/us.edu.pl\/wydzial\/wnst\/en\/komunikaty\/rejestracja-inzynieria-materialowa-i-i-ii-stopnia-sem-zima-2025-2026\/\">     <div class=\"announcement-loop-post__text\">[vc_row][vc_column width=&#8221;2\/3&#8243;][\/vc_column][vc_column width=&#8221;1\/3&#8243;][vc_single_image image=&#8221;5916&#8243; img_size=&#8221;large&#8221; alignment=&#8221;center&#8221;][\/vc_column][\/vc_row] [...]<p><a class=\"btn btn-seco...<\/div> <\/a>\r\n                    \r\n                     <a href=\"https:\/\/us.edu.pl\/wydzial\/wnst\/en\/komunikaty\/rejestracja-inzynieria-materialowa-i-i-ii-stopnia-sem-zima-2025-2026\/\">   <div class=\"announcement-loop-post__more\">more...<\/div> <\/a>\r\n                    \r\n                <\/article>\r\n            \r\n                <article class=\"announcement-loop-post carousel-slide\">\r\n                    \r\n                    <a href=\"https:\/\/us.edu.pl\/wydzial\/wnst\/en\/komunikaty\/english-student-17-03-2025-wyklad-semhouse-historia-wyszukiwania-od-starozytnosci-do-ai\/\">    <h3 class=\"article-title announcement-loop-post__title\">Student | 17.03.2025 | Wyk\u0142ad SEMHOUSE \u201eHistoria wyszukiwania \u2013 od staro\u017cytno\u015bci do AI\u201d<\/h3> <\/a>\r\n                        \r\n                    <a href=\"https:\/\/us.edu.pl\/wydzial\/wnst\/en\/komunikaty\/english-student-17-03-2025-wyklad-semhouse-historia-wyszukiwania-od-starozytnosci-do-ai\/\">     <div class=\"announcement-loop-post__text\">[vc_row][vc_column width=&#8221;2\/3&#8243;][\/vc_column][vc_column width=&#8221;1\/3&#8243;][vc_single_image image=&#8221;187839&#8243; img_size=&#8221;large&#8221; alignment=&#8221;center&#8221; style=&#8221;vc_box_rounded&#8221;][\/vc_column][\/v...<\/div> <\/a>\r\n                    \r\n                     <a href=\"https:\/\/us.edu.pl\/wydzial\/wnst\/en\/komunikaty\/english-student-17-03-2025-wyklad-semhouse-historia-wyszukiwania-od-starozytnosci-do-ai\/\">   <div class=\"announcement-loop-post__more\">more...<\/div> <\/a>\r\n                    \r\n                <\/article>\r\n            \r\n                <article class=\"announcement-loop-post carousel-slide\">\r\n                    \r\n                    <a href=\"https:\/\/us.edu.pl\/wydzial\/wnst\/en\/komunikaty\/plan-zajec-dostepny-wylacznie-z-sieci-uczelnianej\/\">    <h3 class=\"article-title announcement-loop-post__title\">Plan zaj\u0119\u0107 dost\u0119pny wy\u0142\u0105cznie z sieci uczelnianej<\/h3> <\/a>\r\n                        \r\n                    <a href=\"https:\/\/us.edu.pl\/wydzial\/wnst\/en\/komunikaty\/plan-zajec-dostepny-wylacznie-z-sieci-uczelnianej\/\">     <div class=\"announcement-loop-post__text\">[vc_row][vc_column width=&#8221;2\/3&#8243;][\/vc_column][vc_column width=&#8221;1\/3&#8243;][\/vc_column][\/vc_row] [...]<p><a class=\"btn btn-secondary understrap-read-more-link\" href=\"https:\/\/us.edu.pl\/wydzial\/wnst\/en\/2021\/12\/08\/online-spotkanie-w...<\/div> <\/a>\r\n                    \r\n                     <a href=\"https:\/\/us.edu.pl\/wydzial\/wnst\/en\/komunikaty\/plan-zajec-dostepny-wylacznie-z-sieci-uczelnianej\/\">   <div class=\"announcement-loop-post__more\">more...<\/div> <\/a>\r\n                    \r\n                <\/article>\r\n            \r\n                <article class=\"announcement-loop-post carousel-slide\">\r\n                    \r\n                    <a href=\"https:\/\/us.edu.pl\/wydzial\/wnst\/en\/komunikaty\/informatyka-i-rok-studia-stacjonarne-rejestracja-do-grup\/\">    <h3 class=\"article-title announcement-loop-post__title\">Informatyka I rok studia stacjonarne | rejestracja do grup<\/h3> <\/a>\r\n                        \r\n                    <a href=\"https:\/\/us.edu.pl\/wydzial\/wnst\/en\/komunikaty\/informatyka-i-rok-studia-stacjonarne-rejestracja-do-grup\/\">     <div class=\"announcement-loop-post__text\">Startuje 31.011.2022 r. od godz. 21.00 [...]<p><a class=\"btn btn-secondary understrap-read-more-link\" href=\"https:\/\/us.edu.pl\/wydzial\/wnst\/en\/2021\/12\/08\/online-spotkanie-wspolnoty-us-na-temat-sposobu-ksztalcenia-w-aktualnej-sytuacji-pandemiczne...<\/div> <\/a>\r\n                    \r\n                     <a href=\"https:\/\/us.edu.pl\/wydzial\/wnst\/en\/komunikaty\/informatyka-i-rok-studia-stacjonarne-rejestracja-do-grup\/\">   <div class=\"announcement-loop-post__more\">more...<\/div> <\/a>\r\n                    \r\n                <\/article>\r\n            \r\n                <article class=\"announcement-loop-post carousel-slide\">\r\n                    \r\n                    <a href=\"https:\/\/us.edu.pl\/wydzial\/wnst\/en\/komunikaty\/konkurs-na-stanowisko-studenta-stypendysty-w-ramach-konkursu-sonata\/\">    <h3 class=\"article-title announcement-loop-post__title\">Announces the open call for the position of scholar\/student<\/h3> <\/a>\r\n                        \r\n                    <a href=\"https:\/\/us.edu.pl\/wydzial\/wnst\/en\/komunikaty\/konkurs-na-stanowisko-studenta-stypendysty-w-ramach-konkursu-sonata\/\">     <div class=\"announcement-loop-post__text\"> [...]<p><a class=\"btn btn-secondary understrap-read-more-link\" href=\"https:\/\/us.edu.pl\/wydzial\/wnst\/en\/2021\/12\/08\/online-spotkanie-wspolnoty-us-na-temat-sposobu-k...<\/div> <\/a>\r\n                    \r\n                     <a href=\"https:\/\/us.edu.pl\/wydzial\/wnst\/en\/komunikaty\/konkurs-na-stanowisko-studenta-stypendysty-w-ramach-konkursu-sonata\/\">   <div class=\"announcement-loop-post__more\">more...<\/div> <\/a>\r\n                    \r\n                <\/article>\r\n            \r\n                <article class=\"announcement-loop-post carousel-slide\">\r\n                    \r\n                    <a href=\"https:\/\/us.edu.pl\/wydzial\/wnst\/en\/komunikaty\/english-biopham-programme-the-first-call-for-applications-is-opened\/\">    <h3 class=\"article-title announcement-loop-post__title\">BIOPHAM programme | The first call for applications is opened<\/h3> <\/a>\r\n                        \r\n                    <a href=\"https:\/\/us.edu.pl\/wydzial\/wnst\/en\/komunikaty\/english-biopham-programme-the-first-call-for-applications-is-opened\/\">     <div class=\"announcement-loop-post__text\"> [...]<p><a class=\"btn btn-secondary understrap-read-more-link\" href=\"https:\/\/us.edu.pl\/wydzial\/wnst\/en\/2021\/12\/08\/online-spotkanie-wsp...<\/div> <\/a>\r\n                    \r\n                     <a href=\"https:\/\/us.edu.pl\/wydzial\/wnst\/en\/komunikaty\/english-biopham-programme-the-first-call-for-applications-is-opened\/\">   <div class=\"announcement-loop-post__more\">more...<\/div> <\/a>\r\n                    \r\n                <\/article><\/div>\r\n                    <\/div>\r\n                <\/div>\r\n            <\/div>\r\n            [\/vc_column][vc_column width=&#8221;1\/4&#8243;][vc_btn title=&#8221;Na skr\u00f3ty&#8221; style=&#8221;custom&#8221; custom_background=&#8221;#002e5a&#8221; custom_text=&#8221;#ffffff&#8221; shape=&#8221;square&#8221; size=&#8221;lg&#8221; align=&#8221;center&#8221; button_block=&#8221;true&#8221; css=&#8221;.vc_custom_1753439309023{margin-right: 30px !important;margin-left: 30px !important;}&#8221;][vc_posts_slider count=&#8221;all&#8221; interval=&#8221;5&#8243; slides_content=&#8221;teaser&#8221; slides_title=&#8221;1&#8243; link=&#8221;custom_link&#8221; custom_links=&#8221;#E-8_aHR0cHMlM0ElMkYlMkZ1cy5lZHUucGwlMkZ3eWR6aWFsJTJGd25zdCUyRnN0dWRpYSUyRnBvbmllZHppYWxlay16LWl0JTJGJTJDaHR0cHMlM0ElMkYlMkZ1cy5lZHUucGwlMkZ3eWR6aWFsJTJGd25zdCUyRnN0dWRpYSUyRnN0dWRlbmNraS1zbHVwLW9nbG9zemVuaW93eSUyRg==&#8221; orderby=&#8221;modified&#8221; posttypes=&#8221;post&#8221; categories=&#8221;slider&#8221;]\r\n            <div class=\"container\">  \r\n                <div class=\"lists-with-links\">\r\n                    <div class=\"section-title\">Kontakty<\/div>\r\n                   <div class=\"lists-with-links__items lists-1\"><ul class=\"angle-list\"> <li> <a href=\"https:\/\/us.edu.pl\/wydzial\/wnst\/studia\/dziekanaty\/\"> Dziekanat <\/a> <\/li><li> <a href=\"https:\/\/us.edu.pl\/wydzial\/wnst\/studia\/dyzury\/\"> Prodziekan, Pe\u0142nomocnicy <\/a> <\/li><li> <a href=\"https:\/\/us.edu.pl\/student\/kariera-i-rozwoj\/\"> Biuro Karier <\/a> <\/li><li> <a href=\"https:\/\/us.edu.pl\/student\/nowy-student\/nowy-student-pierwsze-kroki\/dziekanaty\/dziekanat-wydzialu-nauk-scislych-i-technicznych\/\"> Dost\u0119pno\u015b\u0107 <\/a> <\/li><li> <a href=\"https:\/\/us.edu.pl\/wydzial\/wnst\/studia\/dzialalnosc-studencka\/wydzialowa-rada-samorzadu-studenckiego\/\"> Samorz\u0105d Studencki <\/a> <\/li><\/ul><\/div>\r\n                <\/div>\r\n            <\/div>            \r\n            <div class=\"sidebar_moduls sidebar_moduls_facebok fb-page\"\r\n              data-href=\"https:\/\/www.facebook.com\/DziekanatWNST\/\" \r\n              data-width=\"330\"\r\n              data-hide-cover=\"false\"\r\n              data-show-facepile=\"true\"><\/div>\r\n             \r\n             <div id=\"fb-root\"><\/div>\r\n            <script async defer crossorigin=\"anonymous\" src=\" https:\/\/connect.facebook.net\/pl_PL\/sdk.js#xfbml=1&version=v4.0 \">                        \r\n            <\/script>\r\n            \r\n\t\t\t\t<div class='container'>\r\n\t\t\t\t\t<div class='list-links list-links_blue'>\r\n\t\t\t\t\t\t  <h2 class='section-title'>ABC Studenta<\/h2>\r\n\t\t\t\t\t\t  <ul>\r\n\t\t\t\t\t\t\t\t<li><a href='https:\/\/us.edu.pl\/wydzial\/wnst\/studia\/regulaminy\/'><h5>wzory dokument\u00f3w<\/h5><\/a><\/li>\r\n\t\t\t\t\t\t\t\t<li><a href='https:\/\/us.edu.pl\/kandydat\/rekrutacja-na-studia-krok-po-kroku\/oplaty-zwiazane-ze-studiami\/'><h5>op\u0142aty<\/h5><\/a><\/li>\r\n\t\t\t\t\t\t\t\t<li><a href='https:\/\/us.edu.pl\/wydzial\/wnst\/studia\/rejestracje-na-zajecia\/'><h5>rejestracje<\/h5><\/a><\/li>\r\n\t\t\t\t\t\t\t\t<li><a href='https:\/\/us.edu.pl\/wydzial\/wnst\/studia\/praktyki'><h5>praktyki<\/h5><\/a><\/li>\r\n\t\t\t\t\t\t\t\t<li><a href='https:\/\/us.edu.pl\/student\/wsparcie-i-fundusze\/swiadczenia-stypendia-i-zapomoga\/'><h5>sprawy socjalne<\/h5><\/a><\/li>\r\n\t\t\t\t\t\t\t\t<li><a href='https:\/\/us.edu.pl\/wydzial\/wnst\/studia\/tematy-prac-dyplomowych\/'><h5>dyplomowanie<\/h5><\/a><\/li>\r\n\t\t\t\t\t\t\t\t<li><a href='https:\/\/us.edu.pl\/wydzial\/wnst\/strona-glowna\/mobilnosc\/mobilnosc-student\/erasmus\/'><h5>erasmus+<\/h5><\/a><\/li>\r\n\t\t\t\t\t\t\t\t<li><a href='https:\/\/us.edu.pl\/wydzial\/wnst\/studia\/system-zapewniania-jakosci-ksztalcenia\/'><h5>szjk<\/h5><\/a><\/li>\r\n\t\t\t\t\t\t\t\t<li><a href='https:\/\/us.edu.pl\/wydzial\/wnst\/studia\/specjalizacje\/'><h5>specjalizacje<\/h5><\/a><\/li>\r\n\t\t\t\t\t\t\t\t<li><a href='https:\/\/usosweb.us.edu.pl\/'><h5>USOS<\/h5><\/a><\/li>\r\n\t\t\t\t\t\t\t\t<li><a href='https:\/\/us.edu.pl\/student\/wsparcie-i-fundusze\/akademiki-2\/'><h5>akademiki<\/h5><\/a><\/li>\r\n\t\t\t\t\t\t\t\t<li><a href='https:\/\/us.edu.pl\/student\/kariera-i-rozwoj\/'><h5>biuro karier<\/h5><\/a><\/li><\/ul>\r\n\t\t\t\t\t<\/div>\r\n\t\t\t\t<\/div>   \r\n\t\t\t\t\t[\/vc_column][\/vc_row][vc_row][vc_column]\r\n            \r\n            <div class=\"events-loop loop-section color-blue\" style=\"background: \">\r\n                <div class=\"container\">\r\n                    <div class=\"events-loop-top loop-section-top\">\r\n                        <h2 class=\"section-title\">\r\n                            Kalendarz Studenta WNST\r\n                        <\/h2><div class=\"event-loop-top_right loop-section-top__right\">\r\n                                        <a href=\"https:\/\/us.edu.pl\/wydzial\/wnst\/en\/event\/\" class=\"link-button \">All<\/a>\r\n                                    <\/div>\r\n                    <\/div>\r\n            \r\n                    <div class=\"events-loop-main\">\r\n                        <div class=\"row m-0\">    <\/div>\r\n                    <\/div>\r\n                <\/div>\r\n            <\/div>[\/vc_column][\/vc_row][vc_row el_class=&#8221;container&#8221;][vc_column]\n                <div class=\"multimedia-loop loop-section color-blue \" style=\"background: \">\n                    <div class=\"container\">\n                        <div class=\"multimedia-loop-top loop-section-top\">\n                \n                            <h2 class=\"section-title\">Multimedia<\/h2><div class=\"multimedia-loop-top__right loop-section-top__right\">\n                                <a href=\"https:\/\/us.edu.pl\/wydzial\/wnst\/en\/multimedia\/\" class=\"link-button \">All<\/a>\n                            <\/div><\/div><div class=\"multimedia-loop-main\">    \r\n                <a href=\"https:\/\/us.edu.pl\/wydzial\/wnst\/en\/multimedia\/6-miedzynarodowy-konkurs-studenckich-druzyn-matematycznych-istcim\/\" class=\"multimedia-loop-post thumbnail carousel-slide multimedia-loop-post_big\"\r\n                    style=\"background-image: url('https:\/\/us.edu.pl\/wydzial\/wnst\/wp-content\/uploads\/sites\/18\/2024\/11\/ISTCiM2024_prezentacja_zwyciezcow_drugi_od_lewej_Wojciech_Wdowski_-_autor_MariaPieczarka.jpg')\">\r\n\r\n                    <div class=\"multimedia-loop-post__main\">\r\n                        more\r\n                    <\/div>\r\n\r\n                    <div class=\"multimedia-loop-post__bottom\">\r\n                        <div class=\"multimedia-loop-post__title\">6. International Student Team Competition in Mathematics<\/div>\r\n                    <\/div>\r\n                <\/a>    <div class=\"multimedia-loop-main-posts\">        \r\n                <a href=\"https:\/\/us.edu.pl\/wydzial\/wnst\/en\/multimedia\/interdyscyplinarna-miedzynarodowa-slaska-szkola-letnia-vinci-dive-into-science-2023\/\" class=\"multimedia-loop-post thumbnail carousel-slide multimedia-loop-post_middle\"\r\n                    style=\"background-image: url('https:\/\/us.edu.pl\/wydzial\/wnst\/wp-content\/uploads\/sites\/18\/zdjecia-wydarzenia\/vinci\/Together.png')\">\r\n\r\n                    <div class=\"multimedia-loop-post__main\">\r\n                        more\r\n                    <\/div>\r\n\r\n                    <div class=\"multimedia-loop-post__bottom\">\r\n                        <div class=\"multimedia-loop-post__title\">Interdisciplinary International Silesian Summer School VINCI Dive into Science<\/div>\r\n                    <\/div>\r\n                <\/a>\r\n                <a href=\"https:\/\/us.edu.pl\/wydzial\/wnst\/en\/multimedia\/inauguracja-interdyscyplinarnej-miedzynarodowej-slaskiej-szkoly-letniej-vinci\/\" class=\"multimedia-loop-post thumbnail carousel-slide multimedia-loop-post_small\"\r\n                    style=\"background-image: url('https:\/\/us.edu.pl\/wydzial\/wnst\/wp-content\/uploads\/sites\/18\/zdjecia-wydarzenia\/vinci\/0.jpg')\">\r\n\r\n                    <div class=\"multimedia-loop-post__main\">\r\n                        more\r\n                    <\/div>\r\n\r\n                    <div class=\"multimedia-loop-post__bottom\">\r\n                        <div class=\"multimedia-loop-post__title\">Interdisciplinary International Silesian Summer School VINCI Dive into Science<\/div>\r\n                    <\/div>\r\n                <\/a>\r\n                <a href=\"https:\/\/us.edu.pl\/wydzial\/wnst\/en\/multimedia\/wnst-na-swiatowym-forum-miejskim-w-katowicach\/\" class=\"multimedia-loop-post thumbnail carousel-slide multimedia-loop-post_small\"\r\n                    style=\"background-image: url('https:\/\/us.edu.pl\/wydzial\/wnst\/wp-content\/uploads\/sites\/18\/multimedia\/WUF_015.jpg')\">\r\n\r\n                    <div class=\"multimedia-loop-post__main\">\r\n                        more\r\n                    <\/div>\r\n\r\n                    <div class=\"multimedia-loop-post__bottom\">\r\n                        <div class=\"multimedia-loop-post__title\">WNST na \u015awiatowym Forum Miejskim w Katowicach<\/div>\r\n                    <\/div>\r\n                <\/a>\r\n                <a href=\"https:\/\/us.edu.pl\/wydzial\/wnst\/en\/multimedia\/inauguracja-msi\/\" class=\"multimedia-loop-post thumbnail carousel-slide multimedia-loop-post_middle\"\r\n                    style=\"background-image: url('https:\/\/us.edu.pl\/wydzial\/wnst\/wp-content\/uploads\/sites\/18\/Nieprzypisane\/2-e1634887512308.png')\">\r\n\r\n                    <div class=\"multimedia-loop-post__main\">\r\n                        more\r\n                    <\/div>\r\n\r\n                    <div class=\"multimedia-loop-post__bottom\">\r\n                        <div class=\"multimedia-loop-post__title\">The inauguration of the 2021\/2022 academic year for students of english-speaking materials science and engeenering studies<\/div>\r\n                    <\/div>\r\n                <\/a>    <\/div><\/div><div  class=\"multimedia-loop-main multimedia-loop-main_mobile carousel\">\n                            <a href=\"#\"   data-slide=\"prev\" class=\"arrow\">\n                                <em class=\"ci ci-arrow-left\"><\/em>\n                                <span class=\"d-none\">arrow<\/span>\n                            <\/a>\n               \n                            <a href=\"#\"  data-slide=\"next\" class=\"arrow\">\n                                <em class=\"ci ci-arrow-right\"><\/em>\n                                <span class=\"d-none\">arrow<\/span>\n                            <\/a>\n                \n                            <div class=\"row items\">        \r\n                <a href=\"https:\/\/us.edu.pl\/wydzial\/wnst\/en\/multimedia\/6-miedzynarodowy-konkurs-studenckich-druzyn-matematycznych-istcim\/\" class=\"multimedia-loop-post thumbnail carousel-slide multimedia-loop-post_big\"\r\n                    style=\"background-image: url('https:\/\/us.edu.pl\/wydzial\/wnst\/wp-content\/uploads\/sites\/18\/2024\/11\/ISTCiM2024_prezentacja_zwyciezcow_drugi_od_lewej_Wojciech_Wdowski_-_autor_MariaPieczarka.jpg')\">\r\n\r\n                    <div class=\"multimedia-loop-post__main\">\r\n                        more\r\n                    <\/div>\r\n\r\n                    <div class=\"multimedia-loop-post__bottom\">\r\n                        <div class=\"multimedia-loop-post__title\">6. International Student Team Competition in Mathematics<\/div>\r\n                    <\/div>\r\n                <\/a>\r\n                <a href=\"https:\/\/us.edu.pl\/wydzial\/wnst\/en\/multimedia\/interdyscyplinarna-miedzynarodowa-slaska-szkola-letnia-vinci-dive-into-science-2023\/\" class=\"multimedia-loop-post thumbnail carousel-slide multimedia-loop-post_middle\"\r\n                    style=\"background-image: url('https:\/\/us.edu.pl\/wydzial\/wnst\/wp-content\/uploads\/sites\/18\/zdjecia-wydarzenia\/vinci\/Together.png')\">\r\n\r\n                    <div class=\"multimedia-loop-post__main\">\r\n                        more\r\n                    <\/div>\r\n\r\n                    <div class=\"multimedia-loop-post__bottom\">\r\n                        <div class=\"multimedia-loop-post__title\">Interdisciplinary International Silesian Summer School VINCI Dive into Science<\/div>\r\n                    <\/div>\r\n                <\/a>\r\n                <a href=\"https:\/\/us.edu.pl\/wydzial\/wnst\/en\/multimedia\/inauguracja-interdyscyplinarnej-miedzynarodowej-slaskiej-szkoly-letniej-vinci\/\" class=\"multimedia-loop-post thumbnail carousel-slide multimedia-loop-post_small\"\r\n                    style=\"background-image: url('https:\/\/us.edu.pl\/wydzial\/wnst\/wp-content\/uploads\/sites\/18\/zdjecia-wydarzenia\/vinci\/0.jpg')\">\r\n\r\n                    <div class=\"multimedia-loop-post__main\">\r\n                        more\r\n                    <\/div>\r\n\r\n                    <div class=\"multimedia-loop-post__bottom\">\r\n                        <div class=\"multimedia-loop-post__title\">Interdisciplinary International Silesian Summer School VINCI Dive into Science<\/div>\r\n                    <\/div>\r\n                <\/a>\r\n                <a href=\"https:\/\/us.edu.pl\/wydzial\/wnst\/en\/multimedia\/wnst-na-swiatowym-forum-miejskim-w-katowicach\/\" class=\"multimedia-loop-post thumbnail carousel-slide multimedia-loop-post_small\"\r\n                    style=\"background-image: url('https:\/\/us.edu.pl\/wydzial\/wnst\/wp-content\/uploads\/sites\/18\/multimedia\/WUF_015.jpg')\">\r\n\r\n                    <div class=\"multimedia-loop-post__main\">\r\n                        more\r\n                    <\/div>\r\n\r\n                    <div class=\"multimedia-loop-post__bottom\">\r\n                        <div class=\"multimedia-loop-post__title\">WNST na \u015awiatowym Forum Miejskim w Katowicach<\/div>\r\n                    <\/div>\r\n                <\/a>\r\n                <a href=\"https:\/\/us.edu.pl\/wydzial\/wnst\/en\/multimedia\/inauguracja-msi\/\" class=\"multimedia-loop-post thumbnail carousel-slide multimedia-loop-post_middle\"\r\n                    style=\"background-image: url('https:\/\/us.edu.pl\/wydzial\/wnst\/wp-content\/uploads\/sites\/18\/Nieprzypisane\/2-e1634887512308.png')\">\r\n\r\n                    <div class=\"multimedia-loop-post__main\">\r\n                        more\r\n                    <\/div>\r\n\r\n                    <div class=\"multimedia-loop-post__bottom\">\r\n                        <div class=\"multimedia-loop-post__title\">The inauguration of the 2021\/2022 academic year for students of english-speaking materials science and engeenering studies<\/div>\r\n                    <\/div>\r\n                <\/a>    <\/div><\/div>\n                    <\/div>\n                <\/div>[\/vc_column][\/vc_row]<\/p>\n<p>[vc_row el_class=&#8221;container&#8221;][vc_column][\/vc_column][\/vc_row]<\/p>","protected":false},"excerpt":{"rendered":"<p>[vc_row el_class=&#8221;container&#8221;][vc_column][\/vc_column][\/vc_row] [&#8230;]<\/p>\n<p><a class=\"btn btn-secondary understrap-read-more-link\" href=\"https:\/\/us.edu.pl\/wydzial\/wnst\/en\/2021\/12\/08\/online-spotkanie-wspolnoty-us-na-temat-sposobu-ksztalcenia-w-aktualnej-sytuacji-pandemicznej\/\">Read More&#8230;<\/a><\/p>\n","protected":false},"author":99,"featured_media":0,"parent":0,"menu_order":0,"comment_status":"closed","ping_status":"closed","template":"","meta":{"_expiration-date-status":"","_expiration-date":0,"_expiration-date-type":"","_expiration-date-categories":[],"_expiration-date-options":[]},"acf":[],"_links":{"self":[{"href":"https:\/\/us.edu.pl\/wydzial\/wnst\/en\/wp-json\/wp\/v2\/pages\/538"}],"collection":[{"href":"https:\/\/us.edu.pl\/wydzial\/wnst\/en\/wp-json\/wp\/v2\/pages"}],"about":[{"href":"https:\/\/us.edu.pl\/wydzial\/wnst\/en\/wp-json\/wp\/v2\/types\/page"}],"author":[{"embeddable":true,"href":"https:\/\/us.edu.pl\/wydzial\/wnst\/en\/wp-json\/wp\/v2\/users\/99"}],"replies":[{"embeddable":true,"href":"https:\/\/us.edu.pl\/wydzial\/wnst\/en\/wp-json\/wp\/v2\/comments?post=538"}],"version-history":[{"count":10,"href":"https:\/\/us.edu.pl\/wydzial\/wnst\/en\/wp-json\/wp\/v2\/pages\/538\/revisions"}],"predecessor-version":[{"id":202570,"href":"https:\/\/us.edu.pl\/wydzial\/wnst\/en\/wp-json\/wp\/v2\/pages\/538\/revisions\/202570"}],"wp:attachment":[{"href":"https:\/\/us.edu.pl\/wydzial\/wnst\/en\/wp-json\/wp\/v2\/media?parent=538"}],"curies":[{"name":"wp","href":"https:\/\/api.w.org\/{rel}","templated":true}]}}