{"id":5485,"date":"2020-07-21T19:43:39","date_gmt":"2020-07-21T17:43:39","guid":{"rendered":"https:\/\/us.edu.pl\/wydzial\/wnst\/?page_id=5485"},"modified":"2025-11-21T09:29:35","modified_gmt":"2025-11-21T08:29:35","slug":"projekty-dydaktyczne","status":"publish","type":"page","link":"https:\/\/us.edu.pl\/wydzial\/wnst\/en\/strona-glowna\/realizowane-projekty\/projekty-dydaktyczne\/","title":{"rendered":"didactic projects"},"content":{"rendered":"<p>[vc_row el_class=&#8221;container&#8221;][vc_column][vc_tta_accordion style=&#8221;modern&#8221; active_section=&#8221;0&#8243; no_fill=&#8221;true&#8221; collapsible_all=&#8221;true&#8221; el_class=&#8221;container&#8221; title=&#8221;Projects for students&#8221;][vc_tta_section i_icon_fontawesome=&#8221;far fa-hand-point-right&#8221; add_icon=&#8221;true&#8221; title=&#8221;Human-Cobot Lab \u2013 an Educational Space for Human-Robot Collaboration&#8221; tab_id=&#8221;1604756062808-bb2a4b61-350f9463-8116&#8243;]\r\n                <div class=\"text-modules\">\r\n                    <div class=\"container\">\r\n                        <h3 class=\"section-title text-modules__title\">Human-Cobot Lab \u2013 an Educational Space for Human-Robot Collaboration<\/h3> \r\n                        <div class=\"row m-0\">\r\n                            <div class=\"text-modules__content\">In the era of dynamic technological transformation, universities play a key role in preparing society to function in a reality based on knowledge and innovation. One response to these challenges is the Human-Cobot Lab project, implemented at the Faculty of Science and Technology of the University of Silesia in Katowice.<\/p>\n<p>The initiative aims to create an interdisciplinary teaching and research space that supports the development of STEM competencies, with a particular focus on collaborative robotics. The Human-Cobot Lab will be equipped with state-of-the-art industrial cobots, vision systems, sensors, and IoT infrastructure, enabling classes in programming, automation, systems integration, and process simulation in line with the Industry 5.0 concept. An important element will also be the use of artificial intelligence for data analysis and decision-making support.<\/p>\n<p>The project emphasizes the development of key future skills: critical thinking, teamwork, creative problem-solving, and the ability to adapt to rapidly changing technologies. The Human-Cobot Lab will also serve a popularization role \u2013 through workshops, demonstrations, and scientific events it will become an open space for students, secondary and primary school young learners, teachers, and the local community.<\/p>\n<p>Thanks to its innovative educational approach, based on learning through experience, the laboratory will create a bridge between the academic environment, school education, and industry. Support from the Timken company will make it possible to implement this vision by providing funding for key equipment. The project represents an investment in the future of education, the development of technical talent, and the creation of a society prepared for the challenges of the upcoming industrial revolution.<\/p>\n<hr \/>\n<p><center><img class=\"aligncenter wp-image-201511 size-medium\" src=\"https:\/\/us.edu.pl\/wydzial\/wnst\/wp-content\/uploads\/sites\/18\/Bez-kategorii\/Wyrozniajace-300x225.png\" alt=\"\" width=\"300\" height=\"225\" srcset=\"https:\/\/us.edu.pl\/wydzial\/wnst\/wp-content\/uploads\/sites\/18\/Bez-kategorii\/Wyrozniajace-300x225.png 300w, https:\/\/us.edu.pl\/wydzial\/wnst\/wp-content\/uploads\/sites\/18\/Bez-kategorii\/Wyrozniajace-768x576.png 768w, https:\/\/us.edu.pl\/wydzial\/wnst\/wp-content\/uploads\/sites\/18\/Bez-kategorii\/Wyrozniajace-575x431.png 575w, https:\/\/us.edu.pl\/wydzial\/wnst\/wp-content\/uploads\/sites\/18\/Bez-kategorii\/Wyrozniajace.png 800w\" sizes=\"(max-width: 300px) 100vw, 300px\" \/><\/center><\/div>\r\n                            <div class=\"text-modules__numerical\"><div><span class=\"text-modules__num\">Joanna Maszybrocka, PhD, Assoc. Prof.<br>Wojciech Gurdziel, PhD<\/span> Project coordinator<\/div><div><span class=\"text-modules__num\">TIMKEN<br><\/span> Source of funding<\/div><div><span class=\"text-modules__num\">01.09.2025 - 30.12.2026<br><\/span> Project duration<\/div><div><span class=\"text-modules__num\">PLN177  600,00<br><\/span> The amount of the grant<\/div><\/div>\r\n                        <\/div>\r\n                    <\/div>\r\n                <\/div>[\/vc_tta_section][vc_tta_section i_icon_fontawesome=&#8221;fa fa-hand-o-right&#8221; add_icon=&#8221;true&#8221; title=&#8221;VINCI Dive into Science \u2013 Interdisciplinary International Silesian Summer School&#8221; tab_id=&#8221;1759407562840-889aafdf-8929&#8243;]\r\n                <div class=\"text-modules\">\r\n                    <div class=\"container\">\r\n                         \r\n                        <div class=\"row m-0\">\r\n                            <div class=\"text-modules__content\"><a href=\"http:\/\/vinci.us.edu.pl\"><img class=\"size-large wp-image-20583 alignleft\" src=\"https:\/\/us.edu.pl\/wydzial\/wnst\/wp-content\/uploads\/sites\/18\/zdjecia-wydarzenia\/vinci\/logo_draft4-1024x485.png\" alt=\"\" width=\"50%\" height=\"auto\" srcset=\"https:\/\/us.edu.pl\/wydzial\/wnst\/wp-content\/uploads\/sites\/18\/zdjecia-wydarzenia\/vinci\/logo_draft4-1024x485.png 1024w, https:\/\/us.edu.pl\/wydzial\/wnst\/wp-content\/uploads\/sites\/18\/zdjecia-wydarzenia\/vinci\/logo_draft4-300x142.png 300w, https:\/\/us.edu.pl\/wydzial\/wnst\/wp-content\/uploads\/sites\/18\/zdjecia-wydarzenia\/vinci\/logo_draft4-768x364.png 768w, https:\/\/us.edu.pl\/wydzial\/wnst\/wp-content\/uploads\/sites\/18\/zdjecia-wydarzenia\/vinci\/logo_draft4-575x272.png 575w\" sizes=\"(max-width: 1024px) 100vw, 1024px\" \/><\/a><\/p>\n<p><span style=\"color: #002a5e;\"><strong>VINCI Dive into Science \u2013 Interdisciplinary International Silesian Summer School<\/strong><\/span> \u2013 intensive international education programme for forein students.<\/p>\n<p>The project will be realized in the period from 01\/11\/2021 to 31\/08\/2023.<\/p>\n<p>TThe project mainly assumes the organizing of an international summer school dedicated to the best worldwide students. The choice of support results from the popularity of the so-called short-term programs, including summer schools and other educational programs lasting from 2 to 8 weeks.<\/p>\n<p><strong>The Interdisciplinary International Silesian Summer School<\/strong> is an intensive 3-week program including:<\/p>\n<ul>\n<li>basic classes modules,<\/li>\n<li>projects carried out by students under specialist workshops involving the participation of students in scientific research;<\/li>\n<li>lectures by renowned foreign lecturers;<\/li>\n<li>seminars;<\/li>\n<li>activities promoting Polish culture as well as educational and scientific opportunities;<\/li>\n<li>integration and socializing events<\/li>\n<\/ul>\n<p>Students from EU and non-EU countries who have completed at least 1 year of studies in first-cycle studies or are in the process of second-cycle studies (computer science or chemical sciences or physical sciences or materials engineering) can apply to the VINCI school.<\/p>\n<p>Each of the 40 participants of the School will receive a scholarship of PLN 5,000.00.<\/p>\n<p style=\"text-align: center;\"><a href=\"http:\/\/vinci.us.edu.pl\">project&#8217;s website<\/a><\/p>\n<p><\/div>\r\n                            <div class=\"text-modules__numerical\"><div><span class=\"text-modules__num\">Seweryn Kowalski, PhD, DSc, Assoc. Prof.<br><\/span> Project coordinator<\/div><div><span class=\"text-modules__num\">NAWA<br><\/span> Source of funding<\/div><div><span class=\"text-modules__num\">01.09.2021 - 31.08.2023<br><\/span> Project duration<\/div><div><span class=\"text-modules__num\">PLN700 980,00<br><\/span> The amount of the grant<\/div><\/div>\r\n                        <\/div>\r\n                    <\/div>\r\n                <\/div>[\/vc_tta_section][vc_tta_section i_icon_fontawesome=&#8221;fa fa-hand-o-right&#8221; add_icon=&#8221;true&#8221; title=&#8221;CC INFINITE &#8211; Computing Competences. Innovative learning approach for non-IT students&#8221; tab_id=&#8221;1604756062868-4eeb4393-1d2a9463-8116&#8243;]\r\n                <div class=\"text-modules\">\r\n                    <div class=\"container\">\r\n                        <h3 class=\"section-title text-modules__title\">CC INFINITE - Computing Competences. Innovative learning approach for non-IT students<\/h3> <h3 class=\"subtitle text-modules__subtitle\">Program skierowany do student\u00f3w kierunk\u00f3w nie zwi\u0105zanych z IT<\/h3>\r\n                        <div class=\"row m-0\">\r\n                            <div class=\"text-modules__content\">Programowanie to dzi\u015b umiej\u0119tno\u015b\u0107 o znaczeniu horyzontalnym, potrzebna w wielu zawodach, nie tylko IT, to co\u015b wi\u0119cej ni\u017c nauka prawid\u0142owego pisania kodu. \u201eNauka pisania program\u00f3w to gimnastyka dla m\u00f3zgu, kt\u00f3ra pozwala rozwin\u0105\u0107 umiej\u0119tno\u015b\u0107 skutecznego my\u015blenia o rzeczach, kt\u00f3re nie s\u0105 zwi\u0105zane z IT\u201d (Bill Gates).<\/p>\n<p>Obecnie w ca\u0142ej Europie istnieje silny trend w uczeniu si\u0119 programowania od najm\u0142odszych lat. Dost\u0119pne s\u0105 liczne kursy dla dzieci oraz dedykowane platformy e-learningowe, a kodowanie zaczyna by\u0107 traktowane jak nauka ka\u017cdego innego j\u0119zyka obcego. Istnieje jednak pewna luka w dostosowaniu tej tendencji do wymog\u00f3w i potrzeb m\u0142odych ludzi (powy\u017cej 18 roku \u017cycia), kt\u00f3rzy w\u0142a\u015bnie wkraczaj\u0105 na rynek pracy i najbardziej potrzebuj\u0105 umiej\u0119tno\u015bci oko\u0142oprogramistycznych i my\u015blenia komputacyjnego. Dlatego w projekcie CC INFINITE wsparciem obj\u0119ci zostan\u0105 studenci kierunk\u00f3w innych ni\u017c zwi\u0105zanych z IT.<\/p>\n<p>G\u0142\u00f3wnym celem projektu jest zwi\u0119kszenie innowacyjno\u015bci i interdyscyplinarno\u015bci szkolnictwa wy\u017cszego poprzez opracowanie, wdro\u017cenie (przez co najmniej 4 europejskie szko\u0142y wy\u017csze) i ewaluacj\u0119 innowacyjnego kursu programowania dla student\u00f3w kierunk\u00f3w niezwi\u0105zanych z IT.<br \/>\nProjekt realizowany b\u0119dzie w ramach konsorcjum: Uniwersytet \u015al\u0105ski (lider), Fundacja Edu-Res (Polska), University of Bedfordshire (Wielka Brytania), Fundaci\u00f3n Universitaria San Antonio (Hiszpania), Universit\u00e0 degli Studi di Bari Aldo Moro (W\u0142ochy).<\/p>\n<p style=\"text-align: center;\"><a href=\"https:\/\/www.smcebi.us.edu.pl\/edukacja\/projekty\/cc-infinite-computing-competences-innovative-learning-approach-for-non-it-students\">wi\u0119cej o projekcie<\/a><\/p>\n<p><\/div>\r\n                            <div class=\"text-modules__numerical\"><div><span class=\"text-modules__num\">dr hab. \u0141ukasz Machura<br><\/span> Project manager<\/div><div><span class=\"text-modules__num\">Erasmus +<br><\/span> Source of funding<\/div><div><span class=\"text-modules__num\">01.10.2018 - 31.07.2022<br><\/span> Project duration<\/div><div><span class=\"text-modules__num\">184 931,56<br><\/span> The amount of the grant<\/div><\/div>\r\n                        <\/div>\r\n                    <\/div>\r\n                <\/div>[\/vc_tta_section][vc_tta_section i_icon_fontawesome=&#8221;fa fa-hand-o-right&#8221; add_icon=&#8221;true&#8221; title=&#8221;Aktywny i Kreatywny Nauczyciel Matematyki i Informatyki&#8221; tab_id=&#8221;1604756062900-82856549-a6579463-8116&#8243;]\r\n                <div class=\"text-modules\">\r\n                    <div class=\"container\">\r\n                        <h3 class=\"section-title text-modules__title\">Aktywny i Kreatywny Nauczyciel Matematyki i Informatyki<\/h3> <h3 class=\"subtitle text-modules__subtitle\">Program skierowany do student\u00f3w na kierunku Matematyka<\/h3>\r\n                        <div class=\"row m-0\">\r\n                            <div class=\"text-modules__content\"><\/p>\n<p style=\"text-align: center;\"><a href=\"http:\/\/www.math.us.edu.pl\/AKNMI\/index.html\"><img class=\"alignnone size-medium wp-image-6758\" src=\"https:\/\/us.edu.pl\/wydzial\/wnst\/wp-content\/uploads\/sites\/18\/Nieprzypisane\/loga-do-projektu-300x39.jpg\" alt=\"\" width=\"300\" height=\"39\" srcset=\"https:\/\/us.edu.pl\/wydzial\/wnst\/wp-content\/uploads\/sites\/18\/Nieprzypisane\/loga-do-projektu-300x39.jpg 300w, https:\/\/us.edu.pl\/wydzial\/wnst\/wp-content\/uploads\/sites\/18\/Nieprzypisane\/loga-do-projektu-768x99.jpg 768w, https:\/\/us.edu.pl\/wydzial\/wnst\/wp-content\/uploads\/sites\/18\/Nieprzypisane\/loga-do-projektu-1024x132.jpg 1024w, https:\/\/us.edu.pl\/wydzial\/wnst\/wp-content\/uploads\/sites\/18\/Nieprzypisane\/loga-do-projektu-575x74.jpg 575w\" sizes=\"(max-width: 300px) 100vw, 300px\" \/><\/a><\/p>\n<p>Celem projektu jest zdobycie praktycznego do\u015bwiadczenia oraz podniesienie kompetencji pedagogicznych i spo\u0142ecznych 19 student\u00f3w studi\u00f3w stacjonarnych I i II stopnia kierunku matematyka, specjalno\u015b\u0107: nauczycielska, prowadzonego na Wydziale Nauk \u015acis\u0142ych i technicznych Uniwersytetu \u015al\u0105skiego w Katowicach, a tak\u017ce zwi\u0119kszenie jako\u015bci i efektywno\u015bci kszta\u0142cenia poprzez wdro\u017cenie zmodyfikowanych program\u00f3w kszta\u0142cenia.<\/p>\n<p style=\"text-align: center;\"><a href=\"http:\/\/www.math.us.edu.pl\/AKNMI\/index.html\">wi\u0119cej o projekcie<\/a><\/p>\n<p><\/div>\r\n                            <div class=\"text-modules__numerical\"><div><span class=\"text-modules__num\">dr Joanna Samsel-Opalla<br><\/span> Project manager<\/div><div><span class=\"text-modules__num\">NCBiR<br><\/span> Source of funding<\/div><div><span class=\"text-modules__num\">01.10.2018 - 31.07.2022<br><\/span> Project duration<\/div><div><span class=\"text-modules__num\">696 823,3<br><\/span> The amount of the grant<\/div><\/div>\r\n                        <\/div>\r\n                    <\/div>\r\n                <\/div>[\/vc_tta_section][vc_tta_section i_icon_fontawesome=&#8221;fa fa-hand-o-right&#8221; add_icon=&#8221;true&#8221; title=&#8221;Niech MOOC b\u0119dzie z Tob\u0105 &#8211; programowanie drog\u0105 do sukcesu zawodowego&#8221; tab_id=&#8221;1604756062923-79712254-fe4c9463-8116&#8243;]\r\n                <div class=\"text-modules\">\r\n                    <div class=\"container\">\r\n                        <h3 class=\"section-title text-modules__title\">Niech MOOC b\u0119dzie z Tob\u0105 - programowanie drog\u0105 do sukcesu zawodowego<\/h3> <h3 class=\"subtitle text-modules__subtitle\">Projekt skierowany do student\u00f3w<\/h3>\r\n                        <div class=\"row m-0\">\r\n                            <div class=\"text-modules__content\">We wsp\u00f3\u0142czesnym \u015bwiecie technika cyfrowa, a w szczeg\u00f3lno\u015bci mikroprocesorowa<br \/>\ni sterownikowa, w naturalny spos\u00f3b wymusza na ludziach pracuj\u0105cych w r\u00f3\u017cnych ga\u0142\u0119ziach przemys\u0142u &#8211; elektronikach, konstruktorach, fizykach, chemikach czy te\u017c analitykach i biochemikach, potrzeb\u0119 podj\u0119cia wyzwania nauki programowania. Wcze\u015bniej czy p\u00f3\u017aniej zachodzi potrzeba po\u0142\u0105czenia urz\u0105dzenia ze \u015bwiatem zewn\u0119trznym oraz wymuszenia wsp\u00f3\u0142dzia\u0142ania poszczeg\u00f3lnych urz\u0105dze\u0144 w stanowiskach laboratoryjnych, liniach produkcyjnych czy te\u017c inteligentnych budynkach u\u017cyteczno\u015bci publicznej i domach mieszkalnych. Jednak dla znacznej cz\u0119\u015bci populacji programowanie kojarzone jest z wpisywaniem tysi\u0119cy linii kodu, podczas kt\u00f3rego nie mo\u017cna \u015bledzi\u0107 p\u0142yn\u0105cego sygna\u0142u.<\/p>\n<p>Wychodz\u0105c naprzeciw potrzebom ludzi wchodz\u0105cym w aktywne \u017cycie zawodowe we wsp\u00f3\u0142czesnym \u015bwiecie, a jednocze\u015bnie zniech\u0119conym programowaniem w konwencjonalnych (tekstowych) j\u0119zykach programowania, w ramach niniejszego projektu, proponujemy nauk\u0119 podstaw programowania w \u015brodowisku programistycznym LabView. LabView jest bardzo intuicyjnym narz\u0119dziem stanowi\u0105cym alternatyw\u0119 w sposobie podej\u015bcia do samego procesu programowania proponuj\u0105cym rysowanie kodu aplikacji. Nauka programowania w tym j\u0119zyku to nie tylko poznawanie struktur i zasad programistycznych, to r\u00f3wnie\u017c nabywanie umiej\u0119tno\u015bci analitycznego my\u015blenia niezb\u0119dnego w rozwi\u0105zywaniu problem\u00f3w nie tylko informatycznych.<\/p>\n<p style=\"text-align: center;\"><img class=\"aligncenter\" src=\"https:\/\/www.wme.wat.edu.pl\/images\/wme_banner_na_labview.png\" alt=\"\" width=\"405\" height=\"84\" \/><\/p>\n<p>Programowanie w tym \u015brodowisku staje si\u0119 coraz bardziej popularne. Programy napisane<br \/>\nw LabView s\u0105 wykorzystywane w wielkich koncernach przemys\u0142owych, a znajomo\u015b\u0107 cho\u0107by podstaw programowania w tym j\u0119zyku b\u0119dzie stanowi\u0142a dodatkowy atut na rynku pracy. Dodatkowym atutem proponowanego wsparcia jest mo\u017cliwo\u015b\u0107 rozwoju technicznego j\u0119zyka angielskiego.<\/p>\n<p><em><strong>Czy nasza propozycja brzmi dla Ciebie interesuj\u0105co?<\/strong><\/em><\/p>\n<p><em><strong>Czy chcia\u0142by\u015b pozna\u0107 szczeg\u00f3\u0142y naszego projektu?<\/strong><\/em><\/p>\n<p>Napisz, skontaktujemy si\u0119 z Tob\u0105 w mo\u017cliwie najkr\u00f3tszym czasie<\/p>\n<p style=\"text-align: center;\"><strong>ZAPRASZAMY!<\/strong><\/p>\n<p style=\"text-align: center;\"><strong>Dokumenty rejestracyjne ju\u017c wkr\u00f3tce znajdziesz na naszej stronie!<\/strong><\/p>\n<p><\/div>\r\n                            <div class=\"text-modules__numerical\"><div><span class=\"text-modules__num\">dr hab. Ma\u0142gorzata Adamczyk-Habrajska, prof. U\u015a<br><\/span> Project manager<\/div><div><span class=\"text-modules__num\">NCBiR<br><\/span> Source of funding<\/div><div><span class=\"text-modules__num\">01.08.2019 - 31.07.2021<br><\/span> Project duration<\/div><div><span class=\"text-modules__num\">57 715 z\u0142<br><\/span> The amount of the grant<\/div><\/div>\r\n                        <\/div>\r\n                    <\/div>\r\n                <\/div>[\/vc_tta_section][\/vc_tta_accordion][\/vc_column][\/vc_row][vc_row el_class=&#8221;container&#8221;][vc_column][vc_tta_accordion style=&#8221;modern&#8221; active_section=&#8221;0&#8243; no_fill=&#8221;true&#8221; collapsible_all=&#8221;true&#8221; el_class=&#8221;container&#8221; title=&#8221;Projects for PhD students&#8221;][vc_tta_section i_icon_fontawesome=&#8221;fa fa-hand-o-right&#8221; add_icon=&#8221;true&#8221; title=&#8221;PIK \u2013 Program nowych interdyscyplinarnych element\u00f3w kszta\u0142cenia na studiach doktoranckich na kierunku chemia&#8221; tab_id=&#8221;1604756103122-ea5cd89d-72f69463-8116&#8243;]\r\n                <div class=\"text-modules\">\r\n                    <div class=\"container\">\r\n                        <h3 class=\"section-title text-modules__title\">PIK \u2013 Program nowych interdyscyplinarnych element\u00f3w kszta\u0142cenia na studiach doktoranckich na kierunku chemia<\/h3> <h3 class=\"subtitle text-modules__subtitle\">Program skierowany do doktorant\u00f3w na kierunku Chemia<\/h3>\r\n                        <div class=\"row m-0\">\r\n                            <div class=\"text-modules__content\"><img class=\"aligncenter wp-image-6758 size-large\" src=\"https:\/\/us.edu.pl\/wydzial\/wnst\/wp-content\/uploads\/sites\/18\/Nieprzypisane\/loga-do-projektu-1024x132.jpg\" alt=\"\" width=\"640\" height=\"83\" srcset=\"https:\/\/us.edu.pl\/wydzial\/wnst\/wp-content\/uploads\/sites\/18\/Nieprzypisane\/loga-do-projektu-1024x132.jpg 1024w, https:\/\/us.edu.pl\/wydzial\/wnst\/wp-content\/uploads\/sites\/18\/Nieprzypisane\/loga-do-projektu-300x39.jpg 300w, https:\/\/us.edu.pl\/wydzial\/wnst\/wp-content\/uploads\/sites\/18\/Nieprzypisane\/loga-do-projektu-768x99.jpg 768w, https:\/\/us.edu.pl\/wydzial\/wnst\/wp-content\/uploads\/sites\/18\/Nieprzypisane\/loga-do-projektu-575x74.jpg 575w\" sizes=\"(max-width: 640px) 100vw, 640px\" \/><\/p>\n<p>G\u0142\u00f3wnym celem projektu jest zwi\u0119kszenie jako\u015bci i efektywno\u015bci kszta\u0142cenia na studiach doktoranckich na kierunku chemia oraz podniesienie kompetencji zwi\u0105zanych z prac\u0105 w interdyscyplinarnym i mi\u0119dzynarodowym \u015brodowisku badawczym 8 uczestnik\u00f3w studi\u00f3w doktoranckich poprzez opracowanie i realizacj\u0119 programu nowych interdyscyplinarnych element\u00f3w kszta\u0142cenia (PIK) oraz dodatkowe dzia\u0142ania zwi\u0105zane z programem stypendialnym i umi\u0119dzynarodowieniem studi\u00f3w.<\/p>\n<p>Projekt obejmuje swoim zakresem merytorycznym wy\u0142\u0105cznie dzia\u0142ania dotycz\u0105ce tworzenia i realizacji wysokiej jako\u015bci program\u00f3w doktoranckich i dzia\u0142a\u0144 uzupe\u0142niaj\u0105cych, realizowanych poprzez interdyscyplinarny program studi\u00f3w doktoranckich o zasi\u0119gu krajowym.<\/p>\n<p>&nbsp;<\/p>\n<p style=\"text-align: center;\"><a href=\"http:\/\/chemia.us.edu.pl\/chemia\/informacje\/chemia-lekow-\/projekt-dla-doktorant%C3%B3w-pik\">wi\u0119cej o projekcie<\/a><\/p>\n<p><\/div>\r\n                            <div class=\"text-modules__numerical\"><div><span class=\"text-modules__num\">dr hab. Ewa Malicka, prof.&nbspU\u015a<br><\/span> Project manager<\/div><div><span class=\"text-modules__num\">dr Katarzyna Kowalska-Szojda<br><\/span> Koordynator projektu ds.\u00a0merytorycznych<\/div><div><span class=\"text-modules__num\">NCBiR<br><\/span> Source of funding<\/div><div><span class=\"text-modules__num\">01.07.2018 - 30.06.2023<br><\/span> Project duration<\/div><div><span class=\"text-modules__num\">1 039 370,52<br><\/span> The amount of the grant<\/div><\/div>\r\n                        <\/div>\r\n                    <\/div>\r\n                <\/div>[\/vc_tta_section][\/vc_tta_accordion][\/vc_column][\/vc_row]<\/p>\n<style type=\"text\/css\">a[data-mtli~=\"mtli_filesize52915kB\"]:after {content:\" (529.15 kB)\"}a[data-mtli~=\"mtli_filesize27595kB\"]:after {content:\" (275.95 kB)\"}a[data-mtli~=\"mtli_filesize90715kB\"]:after {content:\" (907.15 kB)\"}<\/style>","protected":false},"excerpt":{"rendered":"<p>[vc_row el_class=&#8221;container&#8221;][vc_column][vc_tta_accordion style=&#8221;modern&#8221; active_section=&#8221;0&#8243; no_fill=&#8221;true&#8221; collapsible_all=&#8221;true&#8221; el_class=&#8221;container&#8221; title=&#8221;Projects for students&#8221;][vc_tta_section i_icon_fontawesome=&#8221;far fa-hand-point-right&#8221; add_icon=&#8221;true&#8221; title=&#8221;Human-Cobot Lab \u2013 an Educational Space for Human-Robot Collaboration&#8221; tab_id=&#8221;1604756062808-bb2a4b61-350f9463-8116&#8243;][\/vc_tta_section][vc_tta_section i_icon_fontawesome=&#8221;fa fa-hand-o-right&#8221; add_icon=&#8221;true&#8221; title=&#8221;VINCI Dive into Science \u2013 Interdisciplinary International Silesian Summer School&#8221; tab_id=&#8221;1759407562840-889aafdf-8929&#8243;][\/vc_tta_section][vc_tta_section i_icon_fontawesome=&#8221;fa fa-hand-o-right&#8221; add_icon=&#8221;true&#8221; title=&#8221;CC INFINITE &#8211; Computing Competences. Innovative learning approach for non-IT students&#8221; tab_id=&#8221;1604756062868-4eeb4393-1d2a9463-8116&#8243;][\/vc_tta_section][vc_tta_section i_icon_fontawesome=&#8221;fa fa-hand-o-right&#8221; add_icon=&#8221;true&#8221; [&#8230;]<\/p>\n<p><a class=\"btn btn-secondary understrap-read-more-link\" href=\"https:\/\/us.edu.pl\/wydzial\/wnst\/en\/strona-glowna\/realizowane-projekty\/projekty-dydaktyczne\/\">Read More&#8230;<\/a><\/p>\n","protected":false},"author":92,"featured_media":0,"parent":670,"menu_order":0,"comment_status":"closed","ping_status":"closed","template":"","meta":{"_expiration-date-status":"","_expiration-date":0,"_expiration-date-type":"","_expiration-date-categories":[],"_expiration-date-options":[]},"acf":[],"_links":{"self":[{"href":"https:\/\/us.edu.pl\/wydzial\/wnst\/en\/wp-json\/wp\/v2\/pages\/5485"}],"collection":[{"href":"https:\/\/us.edu.pl\/wydzial\/wnst\/en\/wp-json\/wp\/v2\/pages"}],"about":[{"href":"https:\/\/us.edu.pl\/wydzial\/wnst\/en\/wp-json\/wp\/v2\/types\/page"}],"author":[{"embeddable":true,"href":"https:\/\/us.edu.pl\/wydzial\/wnst\/en\/wp-json\/wp\/v2\/users\/92"}],"replies":[{"embeddable":true,"href":"https:\/\/us.edu.pl\/wydzial\/wnst\/en\/wp-json\/wp\/v2\/comments?post=5485"}],"version-history":[{"count":11,"href":"https:\/\/us.edu.pl\/wydzial\/wnst\/en\/wp-json\/wp\/v2\/pages\/5485\/revisions"}],"predecessor-version":[{"id":202736,"href":"https:\/\/us.edu.pl\/wydzial\/wnst\/en\/wp-json\/wp\/v2\/pages\/5485\/revisions\/202736"}],"up":[{"embeddable":true,"href":"https:\/\/us.edu.pl\/wydzial\/wnst\/en\/wp-json\/wp\/v2\/pages\/670"}],"wp:attachment":[{"href":"https:\/\/us.edu.pl\/wydzial\/wnst\/en\/wp-json\/wp\/v2\/media?parent=5485"}],"curies":[{"name":"wp","href":"https:\/\/api.w.org\/{rel}","templated":true}]}}