{"id":6680,"date":"2020-11-02T19:11:12","date_gmt":"2020-11-02T18:11:12","guid":{"rendered":"https:\/\/us.edu.pl\/wydzial\/wnst\/?page_id=6680"},"modified":"2021-01-27T19:17:25","modified_gmt":"2021-01-27T18:17:25","slug":"swieto-liczby-pi-plan-wydarzen","status":"publish","type":"page","link":"https:\/\/us.edu.pl\/wydzial\/wnst\/en\/wspolpraca\/szkoly\/swieto-liczby-pi\/xiv-edycja\/swieto-liczby-pi-plan-wydarzen\/","title":{"rendered":"(Polski) \u015awi\u0119to Liczby Pi &#8211; plan wydarze\u0144"},"content":{"rendered":"<p class=\"qtranxs-available-languages-message qtranxs-available-languages-message-en\">Sorry, this entry is only available in <a href=\"https:\/\/us.edu.pl\/wydzial\/wnst\/pl\/wp-json\/wp\/v2\/pages\/6680\" class=\"qtranxs-available-language-link qtranxs-available-language-link-pl\" title=\"Polski\">Polish<\/a>.<\/p>","protected":false},"excerpt":{"rendered":"<p>Sorry, this entry is only available in Polish. [&#8230;]<\/p>\n<p><a class=\"btn btn-secondary understrap-read-more-link\" href=\"https:\/\/us.edu.pl\/wydzial\/wnst\/en\/wspolpraca\/szkoly\/swieto-liczby-pi\/xiv-edycja\/swieto-liczby-pi-plan-wydarzen\/\">Read More&#8230;<\/a><\/p>\n","protected":false},"author":1210,"featured_media":0,"parent":7862,"menu_order":0,"comment_status":"closed","ping_status":"closed","template":"","meta":{"_expiration-date-status":"saved","_expiration-date":0,"_expiration-date-type":"","_expiration-date-categories":[],"_expiration-date-options":[]},"acf":[],"_links":{"self":[{"href":"https:\/\/us.edu.pl\/wydzial\/wnst\/en\/wp-json\/wp\/v2\/pages\/6680"}],"collection":[{"href":"https:\/\/us.edu.pl\/wydzial\/wnst\/en\/wp-json\/wp\/v2\/pages"}],"about":[{"href":"https:\/\/us.edu.pl\/wydzial\/wnst\/en\/wp-json\/wp\/v2\/types\/page"}],"author":[{"embeddable":true,"href":"https:\/\/us.edu.pl\/wydzial\/wnst\/en\/wp-json\/wp\/v2\/users\/1210"}],"replies":[{"embeddable":true,"href":"https:\/\/us.edu.pl\/wydzial\/wnst\/en\/wp-json\/wp\/v2\/comments?post=6680"}],"version-history":[{"count":0,"href":"https:\/\/us.edu.pl\/wydzial\/wnst\/en\/wp-json\/wp\/v2\/pages\/6680\/revisions"}],"up":[{"embeddable":true,"href":"https:\/\/us.edu.pl\/wydzial\/wnst\/en\/wp-json\/wp\/v2\/pages\/7862"}],"wp:attachment":[{"href":"https:\/\/us.edu.pl\/wydzial\/wnst\/en\/wp-json\/wp\/v2\/media?parent=6680"}],"curies":[{"name":"wp","href":"https:\/\/api.w.org\/{rel}","templated":true}]}}