{"id":10501,"date":"2021-03-31T13:10:27","date_gmt":"2021-03-31T11:10:27","guid":{"rendered":"https:\/\/us.edu.pl\/wydzial\/wnst\/?page_id=10501"},"modified":"2022-05-11T13:01:23","modified_gmt":"2022-05-11T11:01:23","slug":"fizyka-medyczna-ii","status":"publish","type":"page","link":"https:\/\/us.edu.pl\/wydzial\/wnst\/studia\/kandydat\/oferta-dydaktyczna\/fizyka-medyczna\/fizyka-medyczna-ii\/","title":{"rendered":"fizyka medyczna"},"content":{"rendered":"<p>[vc_row][vc_column]\r\n                <div class=\"text-modules reverse\">\r\n                    <div class=\"container\">\r\n                        <h3 class=\"section-title section-title_border-bottom\">Fizyka medyczna - studia II stopnia<\/h3> \r\n                        <div class=\"row m-0\">\r\n                            <div class=\"text-modules__content\">\r\n                                Studia trwaj\u0105 3 semestry, rozpoczynaj\u0105 si\u0119 od semestru letniego, ko\u0144cz\u0105 si\u0119 obron\u0105 pracy magisterskiej i uzyskaniem tytu\u0142u zawodowego magistra fizyki medycznej. Po pierwszym semestrze studi\u00f3w studenci odbywaj\u0105 obowi\u0105zkowe praktyki zawodowe w liczbie 60 godzin. Istotnym zadaniem kszta\u0142cenia na kierunku Fizyka Medyczna jest przygotowanie fizyk\u00f3w do pracy w zespo\u0142ach interdyscyplinarnych (z\u0142o\u017conych z lekarzy, biolog\u00f3w, chemik\u00f3w, technik\u00f3w) oraz do pe\u0142nienia roli ekspert\u00f3w w zakresie planowania radioterapii, system\u00f3w zarz\u0105dzania jako\u015bci\u0105 w dziedzinach zwi\u0105zanych z fizyk\u0105 medyczn\u0105, system\u00f3w zarz\u0105dzania jako\u015bci\u0105 bezpiecze\u0144stwa, jako\u015bci\u0105 techniczn\u0105 procedur obrazowych, przygotowaniem i obs\u0142ug\u0105 procedur niestandardowych. Zaj\u0119cia s\u0105 prowadzone przez pracownik\u00f3w Instytutu In\u017cynierii Biomedycznej i Instytutu Fizyki Uniwersytetu \u015al\u0105skiego, a tak\u017ce \u015al\u0105skiego Uniwersytetu Medycznego, Narodowego Instytutu Onkologii im. Marii Sk\u0142odowskiej-Curie, Pa\u0144stwowego Instytutu Badawczego Oddzia\u0142 w Gliwicach.<\/p>\n<p>Student ma do wyboru dwie specjalno\u015bci:<\/p>\n<ul>\n<li>diagnostyka i obrazowanie medyczne,<\/li>\n<li>dozymetria i terapia onkologiczna,<\/li>\n<\/ul>\n<p>przy czym wyb\u00f3r specjalno\u015bci nast\u0119puje na pierwszym semestrze studi\u00f3w.<\/p>\n<p>Efekty uczenia si\u0119 kierunku fizyka medyczna r\u00f3\u017cni\u0105 si\u0119 od profilu absolwenta kierunku Fizyka i Fizyka Techniczna o specjalno\u015bci fizyki medycznej szerszym przygotowaniem w zakresie nauk biologicznych, medycznych i prawnych przy jednoczesnym pog\u0142\u0119bieniu wiedzy fizyczno-matematycznej w kierunku nauk biomedycznych.<\/p>\n<p>Absolwent jest przygotowany do kontynuacji procesu kszta\u0142cenia na studiach w szkole doktorskiej (III stopnia). \r\n                                <div class=\"mt-3\"><a href=\"https:\/\/katalog.us.edu.pl\/catalog\/program\/view?id=12595\" class=\"link-button mr-3 \">O kierunku<\/a><\/div>\r\n                            <\/div>\r\n                            \r\n                            <div class=\"text-modules__img\"><img src=\"https:\/\/us.edu.pl\/wydzial\/wnst\/wp-content\/uploads\/sites\/18\/zdjecia-kierunki\/rekrutacja-21-22\/WNST_Fizyka-medyczna_II_studia-in\u017cynierskie.png\" alt=\"img\"><\/div>\r\n                        <\/div>\r\n                    <\/div>\r\n                <\/div>[\/vc_column][\/vc_row]<\/p>","protected":false},"excerpt":{"rendered":"<p>[vc_row][vc_column][\/vc_column][\/vc_row] [&#8230;]<\/p>\n<p><a class=\"btn btn-secondary understrap-read-more-link\" href=\"https:\/\/us.edu.pl\/wydzial\/wnst\/studia\/kandydat\/oferta-dydaktyczna\/fizyka-medyczna\/fizyka-medyczna-ii\/\">Read More&#8230;<\/a><\/p>\n","protected":false},"author":2549,"featured_media":0,"parent":351,"menu_order":5,"comment_status":"closed","ping_status":"closed","template":"","meta":{"_expiration-date-status":"saved","_expiration-date":0,"_expiration-date-type":"","_expiration-date-categories":[],"_expiration-date-options":[]},"acf":[],"_links":{"self":[{"href":"https:\/\/us.edu.pl\/wydzial\/wnst\/wp-json\/wp\/v2\/pages\/10501"}],"collection":[{"href":"https:\/\/us.edu.pl\/wydzial\/wnst\/wp-json\/wp\/v2\/pages"}],"about":[{"href":"https:\/\/us.edu.pl\/wydzial\/wnst\/wp-json\/wp\/v2\/types\/page"}],"author":[{"embeddable":true,"href":"https:\/\/us.edu.pl\/wydzial\/wnst\/wp-json\/wp\/v2\/users\/2549"}],"replies":[{"embeddable":true,"href":"https:\/\/us.edu.pl\/wydzial\/wnst\/wp-json\/wp\/v2\/comments?post=10501"}],"version-history":[{"count":10,"href":"https:\/\/us.edu.pl\/wydzial\/wnst\/wp-json\/wp\/v2\/pages\/10501\/revisions"}],"predecessor-version":[{"id":26551,"href":"https:\/\/us.edu.pl\/wydzial\/wnst\/wp-json\/wp\/v2\/pages\/10501\/revisions\/26551"}],"up":[{"embeddable":true,"href":"https:\/\/us.edu.pl\/wydzial\/wnst\/wp-json\/wp\/v2\/pages\/351"}],"wp:attachment":[{"href":"https:\/\/us.edu.pl\/wydzial\/wnst\/wp-json\/wp\/v2\/media?parent=10501"}],"curies":[{"name":"wp","href":"https:\/\/api.w.org\/{rel}","templated":true}]}}