{"id":10534,"date":"2021-03-31T15:02:56","date_gmt":"2021-03-31T13:02:56","guid":{"rendered":"https:\/\/us.edu.pl\/wydzial\/wnst\/?page_id=10534"},"modified":"2024-07-25T13:13:00","modified_gmt":"2024-07-25T11:13:00","slug":"chemia-ii","status":"publish","type":"page","link":"https:\/\/us.edu.pl\/wydzial\/wnst\/studia\/kandydat\/oferta-dydaktyczna\/chemia-ii\/","title":{"rendered":"chemia II"},"content":{"rendered":"<p>[vc_row][vc_column]\r\n                <div class=\"text-modules reverse\">\r\n                    <div class=\"container\">\r\n                        <h3 class=\"section-title section-title_border-bottom\">Chemia - studia II stopnia<\/h3> <h3 class=\"subtitle text-modules__subtitle\">j\u0119zyk wyk\u0142adowy - polski<\/h3>\r\n                        <div class=\"row m-0\">\r\n                            <div class=\"text-modules__content\">\r\n                                Chemia to uniwersalny i wszechstronny kierunek na Wydziale Nauk \u015acis\u0142ych i Technicznych U\u015a.<\/p>\n<p>W roku akademickim 2021\/2022 pierwsi studenci i pierwsze studentki rozpoczn\u0105 kszta\u0142cenie wed\u0142ug <strong>nowego programu studi\u00f3w<\/strong>. Wprowadzaj\u0105c zmiany kierowali\u015bmy si\u0119 g\u0142osami Waszych koleg\u00f3w i kole\u017canek \u2013 student\u00f3w ko\u0144cz\u0105cych studia, jak r\u00f3wnie\u017c konsultowali\u015bmy pomys\u0142y z przedstawicieli przedsi\u0119biorc\u00f3w z firm chemicznych. Studiuj\u0105c u nas zdob\u0119dziecie wiedz\u0119 i umiej\u0119tno\u015bci do pracy w zawodzie chemika i chemiczki. Przygotujemy Ci\u0119 do prowadzenia dzia\u0142alno\u015bci naukowej &#8211; ju\u017c w pierwszym semestrze studi\u00f3w b\u0119dziesz realizowa\u0142 <strong>projekty naukowe<\/strong> w <a href=\"https:\/\/us.edu.pl\/instytut\/ich\/dzialalnosc-naukowa\/zespoly-badawcze\/\">zespo\u0142ach badawczych Instytutu Chemii<\/a>. Kieruj\u0105c si\u0119 w\u0142asnymi zainteresowaniami i planami na przysz\u0142o\u015b\u0107, od drugiego semestru studi\u00f3w b\u0119dziesz m\u00f3g\u0142\/mog\u0142a poszerzy\u0107 swoj\u0105 wiedz\u0119 wybieraj\u0105c jedn\u0105 z <strong>siedmiu proponowanych specjalizacji<\/strong>.<\/p>\n<p>Wiedz\u0119 i umiej\u0119tno\u015bci b\u0119dziesz zdobywa\u0142\/zdobywa\u0142a podczas zaj\u0119\u0107 obowi\u0105zkowych dla ca\u0142ego roku, a tak\u017ce na zaj\u0119ciach fakultatywnych oraz dodatkowych warsztatach realizowanych w ramach projekt\u00f3w finansowanych z Europejskiego Funduszu Spo\u0142ecznego.<\/p>\n<p>Atutem kierunku jest mo\u017cliwo\u015b\u0107 dokszta\u0142cenia si\u0119 w ramach dodatkowych warsztatach, szkoleniach, wizytach studyjnych czy <a href=\"http:\/\/www.bk.us.edu.pl\/platne-staze\"><strong>p\u0142atnych sta\u017cach<\/strong><\/a>\u00a0u pracodawc\u00f3w. <a href=\"https:\/\/us.edu.pl\/wydzial\/wnst\/wp-content\/uploads\/sites\/18\/unnamed-file.pdf\/Opis_szkolen_certyfikowanych_Instytut-Chemii.pdf\" class=\"mtli_attachment mtli_pdf\" data-mtli=\"mtli_filesize753,28kB\">Oferta zaj\u0119\u0107 dodatkowych<\/a> obejmuje r\u00f3wnie\u017c <strong>certyfikowane szkolenia<\/strong> prowadzone przez jednostki certyfikuj\u0105ce. \r\n                                <div class=\"mt-3\"><\/div>\r\n                            <\/div>\r\n                            \r\n                            <div class=\"text-modules__img\"><img src=\"https:\/\/us.edu.pl\/wydzial\/wnst\/wp-content\/uploads\/sites\/18\/zdjecia-kierunki\/rekrutacja-21-22\/WNST_Chemia_II.png\" alt=\"img\"><\/div>\r\n                        <\/div>\r\n                    <\/div>\r\n                <\/div>\r\n                <div class=\"text-modules\">\r\n                    <div class=\"container\">\r\n                        \r\n                        <div class=\"text-modules__content\"><\/p>\n<h3>Zapisz si\u0119 na studia<\/h3>\n<p><em><span style=\"color: #0095db;\"><strong>(rekrutacja 2024\/2025 trwa)<\/strong><\/span><\/em><\/p>\n<\/div>\r\n                    <\/div>\r\n                <\/div>[vc_btn title=&#8221;przejd\u017a do internetowej rejestracji kandydat\u00f3w&#8221; style=&#8221;outline-custom&#8221; outline_custom_color=&#8221;#002e5a&#8221; outline_custom_hover_background=&#8221;#002e5a&#8221; outline_custom_hover_text=&#8221;#ffffff&#8221; shape=&#8221;square&#8221; size=&#8221;lg&#8221; link=&#8221;url:https%3A%2F%2Firk2.us.edu.pl%2Fpl%2Foffer%2FSW-2024-Z%2Fprogramme%2FW4-S2CH19%2F%3Ffrom%3Dfield%3ACH|target:_blank&#8221;][vc_separator color=&#8221;custom&#8221; accent_color=&#8221;#fbb900&#8243;][\/vc_column][\/vc_row][vc_row title=&#8221;zapisz si\u0119 &#8211; studia stacjonarne&#8221; style=&#8221;custom&#8221; gradient_color_1=&#8221;turquoise&#8221; gradient_color_2=&#8221;blue&#8221; gradient_custom_color_1=&#8221;#dd3333&#8243; gradient_custom_color_2=&#8221;#eeee22&#8243; gradient_text_color=&#8221;#ffffff&#8221; custom_background=&#8221;#002e5a&#8221; custom_text=&#8221;#ffffff&#8221; outline_custom_color=&#8221;#666666&#8243; outline_custom_hover_background=&#8221;#666666&#8243; outline_custom_hover_text=&#8221;#ffffff&#8221; shape=&#8221;rounded&#8221; color=&#8221;grey&#8221; size=&#8221;md&#8221; align=&#8221;left&#8221; button_block=&#8221;&#8221; add_icon=&#8221;&#8221; i_align=&#8221;left&#8221; i_type=&#8221;fontawesome&#8221; i_icon_fontawesome=&#8221;fa fa-adjust&#8221; i_icon_openiconic=&#8221;vc-oi vc-oi-dial&#8221; i_icon_typicons=&#8221;typcn typcn-adjust-brightness&#8221; i_icon_entypo=&#8221;entypo-icon entypo-icon-note&#8221; i_icon_linecons=&#8221;vc_li vc_li-heart&#8221; i_icon_monosocial=&#8221;vc-mono vc-mono-fivehundredpx&#8221; i_icon_material=&#8221;vc-material vc-material-cake&#8221; i_icon_pixelicons=&#8221;vc_pixel_icon vc_pixel_icon-alert&#8221; custom_onclick=&#8221;&#8221; link=&#8221;url:https%3A%2F%2Firk.us.edu.pl%2Firk%2Fapplication%2Fprogram%3Fid%3D1155||target:%20_blank|&#8221; custom_onclick_code=&#8221;&#8221;][vc_column width=&#8221;1\/4&#8243; css=&#8221;.vc_custom_1721903957296{padding-right: 10px !important;}&#8221;][vc_single_image image=&#8221;15584&#8243; img_size=&#8221;large&#8221; alignment=&#8221;center&#8221; style=&#8221;vc_box_rounded&#8221;][\/vc_column][vc_column width=&#8221;3\/4&#8243; css=&#8221;.vc_custom_1721904166185{border-left-width: 22px !important;padding-left: 20px !important;border-left-color: #ffffff !important;border-left-style: solid !important;}&#8221;]\r\n                <div class=\"text-modules\">\r\n                    <div class=\"container\">\r\n                        \r\n                        <div class=\"text-modules__content\"><\/p>\n<h3><span style=\"color: #002e5a;\">specjalno\u015b\u0107 chemia budowlana<\/span><\/h3>\n<p>Specjalno\u015b\u0107 ta \u0142\u0105czy wiedz\u0119 z zakresu nauk chemicznych i in\u017cynierii materia\u0142owej oraz analityki technicznej i przemys\u0142owej. Program kszta\u0142cenia obejmuje metody modyfikacji funkcjonalnych materia\u0142\u00f3w ceramicznych, polimerowych, metalicznych i kompozytowych stosowanych w przemy\u015ble budowlanym. Absolwent zna podstawowe metody ochrony materia\u0142\u00f3w budowlanych przed korozj\u0105 oraz sposoby recyklingu wyrob\u00f3w gotowych oraz potrafi projektowa\u0107 i dobiera\u0107 materia\u0142y do r\u00f3\u017cnych zastosowa\u0144 oraz posiada wiedz\u0119 w zakresie metod ich badania. Zna podstawowe problemy zwi\u0105zane z ochron\u0105 \u015brodowiska i potrafi kierowa\u0107 si\u0119 w swoich dzia\u0142aniach zasad\u0105 zr\u00f3wnowa\u017conego rozwoju. Jest przygotowany do obs\u0142ugi specjalistycznego oprogramowania i komputerowych baz danych.<\/p>\n<p><strong>Na t\u0119 specjalno\u015b\u0107 zapraszamy absolwent\u00f3w studi\u00f3w in\u017cynierskich I stopnia.<\/strong><\/p>\n<\/div>\r\n                    <\/div>\r\n                <\/div>[\/vc_column][\/vc_row]<\/p>\n<style type=\"text\/css\">a[data-mtli~=\"mtli_filesize753,28kB\"]:after {content:\" (753,28 kB)\"}<\/style>","protected":false},"excerpt":{"rendered":"<p>[vc_row][vc_column][vc_btn title=&#8221;przejd\u017a do internetowej rejestracji kandydat\u00f3w&#8221; style=&#8221;outline-custom&#8221; outline_custom_color=&#8221;#002e5a&#8221; outline_custom_hover_background=&#8221;#002e5a&#8221; outline_custom_hover_text=&#8221;#ffffff&#8221; shape=&#8221;square&#8221; size=&#8221;lg&#8221; link=&#8221;url:https%3A%2F%2Firk2.us.edu.pl%2Fpl%2Foffer%2FSW-2024-Z%2Fprogramme%2FW4-S2CH19%2F%3Ffrom%3Dfield%3ACH|target:_blank&#8221;][vc_separator color=&#8221;custom&#8221; accent_color=&#8221;#fbb900&#8243;][\/vc_column][\/vc_row][vc_row title=&#8221;zapisz si\u0119 &#8211; studia stacjonarne&#8221; style=&#8221;custom&#8221; gradient_color_1=&#8221;turquoise&#8221; gradient_color_2=&#8221;blue&#8221; gradient_custom_color_1=&#8221;#dd3333&#8243; gradient_custom_color_2=&#8221;#eeee22&#8243; gradient_text_color=&#8221;#ffffff&#8221; custom_background=&#8221;#002e5a&#8221; custom_text=&#8221;#ffffff&#8221; outline_custom_color=&#8221;#666666&#8243; outline_custom_hover_background=&#8221;#666666&#8243; outline_custom_hover_text=&#8221;#ffffff&#8221; shape=&#8221;rounded&#8221; color=&#8221;grey&#8221; size=&#8221;md&#8221; align=&#8221;left&#8221; button_block=&#8221;&#8221; add_icon=&#8221;&#8221; i_align=&#8221;left&#8221; i_type=&#8221;fontawesome&#8221; i_icon_fontawesome=&#8221;fa fa-adjust&#8221; i_icon_openiconic=&#8221;vc-oi vc-oi-dial&#8221; i_icon_typicons=&#8221;typcn typcn-adjust-brightness&#8221; i_icon_entypo=&#8221;entypo-icon entypo-icon-note&#8221; i_icon_linecons=&#8221;vc_li vc_li-heart&#8221; i_icon_monosocial=&#8221;vc-mono vc-mono-fivehundredpx&#8221; i_icon_material=&#8221;vc-material vc-material-cake&#8221; i_icon_pixelicons=&#8221;vc_pixel_icon vc_pixel_icon-alert&#8221; [&#8230;]<\/p>\n<p><a class=\"btn btn-secondary understrap-read-more-link\" href=\"https:\/\/us.edu.pl\/wydzial\/wnst\/studia\/kandydat\/oferta-dydaktyczna\/chemia-ii\/\">Read More&#8230;<\/a><\/p>\n","protected":false},"author":92,"featured_media":0,"parent":2272,"menu_order":2,"comment_status":"closed","ping_status":"closed","template":"page-templates\/page-with-sidebar-and-bookmarks.php","meta":{"_expiration-date-status":"saved","_expiration-date":0,"_expiration-date-type":"","_expiration-date-categories":[],"_expiration-date-options":[]},"acf":[],"_links":{"self":[{"href":"https:\/\/us.edu.pl\/wydzial\/wnst\/wp-json\/wp\/v2\/pages\/10534"}],"collection":[{"href":"https:\/\/us.edu.pl\/wydzial\/wnst\/wp-json\/wp\/v2\/pages"}],"about":[{"href":"https:\/\/us.edu.pl\/wydzial\/wnst\/wp-json\/wp\/v2\/types\/page"}],"author":[{"embeddable":true,"href":"https:\/\/us.edu.pl\/wydzial\/wnst\/wp-json\/wp\/v2\/users\/92"}],"replies":[{"embeddable":true,"href":"https:\/\/us.edu.pl\/wydzial\/wnst\/wp-json\/wp\/v2\/comments?post=10534"}],"version-history":[{"count":10,"href":"https:\/\/us.edu.pl\/wydzial\/wnst\/wp-json\/wp\/v2\/pages\/10534\/revisions"}],"predecessor-version":[{"id":176935,"href":"https:\/\/us.edu.pl\/wydzial\/wnst\/wp-json\/wp\/v2\/pages\/10534\/revisions\/176935"}],"up":[{"embeddable":true,"href":"https:\/\/us.edu.pl\/wydzial\/wnst\/wp-json\/wp\/v2\/pages\/2272"}],"wp:attachment":[{"href":"https:\/\/us.edu.pl\/wydzial\/wnst\/wp-json\/wp\/v2\/media?parent=10534"}],"curies":[{"name":"wp","href":"https:\/\/api.w.org\/{rel}","templated":true}]}}