{"id":10591,"date":"2021-03-31T20:08:55","date_gmt":"2021-03-31T18:08:55","guid":{"rendered":"https:\/\/us.edu.pl\/wydzial\/wnst\/?page_id=10591"},"modified":"2022-05-23T15:41:01","modified_gmt":"2022-05-23T13:41:01","slug":"informatyka-ii","status":"publish","type":"page","link":"https:\/\/us.edu.pl\/wydzial\/wnst\/studia\/kandydat\/oferta-dydaktyczna\/informatyka\/informatyka-ii\/","title":{"rendered":"informatyka"},"content":{"rendered":"<p>[vc_row][vc_column]\r\n                <div class=\"text-modules reverse\">\r\n                    <div class=\"container\">\r\n                        <h3 class=\"section-title section-title_border-bottom\">Informatyka - studia II stopnia<\/h3> \r\n                        <div class=\"row m-0\">\r\n                            <div class=\"text-modules__content\">\r\n                                Studia ucz\u0105 umiej\u0119tno\u015bci kreowania nowych rozwi\u0105za\u0144 w zakresie informatyki, a nie tylko odtw\u00f3rczego korzystania z gotowych narz\u0119dzi. Absolwent tego kierunku mo\u017ce liczy\u0107 na solidne przygotowanie w zakresie, niezmiennego w czasie kanonu informatyki, obejmuj\u0105cego jej podstawy teoretyczne oraz niezb\u0119dn\u0105 podbudow\u0119 matematyczn\u0105, jak r\u00f3wnie\u017c solidne przygotowanie z podstawowych przedmiot\u00f3w kierunkowych, obejmuj\u0105cych architektur\u0119 oraz zasady dzia\u0142ania system\u00f3w komputerowych oraz sieci komputerowych, algorytmik\u0119 oraz podstawy programowania. Student poznaje metody projektowania system\u00f3w \u2013 w tym baz danych \u2013 uczy si\u0119 je stosowa\u0107 praktycznie, dobiera\u0107 w\u0142a\u015bciwe metody i narz\u0119dzia do okre\u015blonych zagadnie\u0144, dba\u0107 o bezpiecze\u0144stwo system\u00f3w i ochron\u0119 danych. Wsp\u00f3\u0142czesne zastosowania stawiaj\u0105 przed informatykiem nie tylko wyzwania klasyczne, ale wymagana jest r\u00f3wnie\u017c kreatywno\u015b\u0107 w zakresie informatyki, czyli zdolno\u015b\u0107 do rozwi\u0105zywania problem\u00f3w nietrywialnych, wymagaj\u0105cych stosowania metod i technik zaliczanych do sztucznej inteligencji. Student zaznajamiany jest z metodami radzenia sobie z problemami z\u0142o\u017conymi (trudno-rozwi\u0105zywalnymi), z metodami analizy danych, z technikami odkrywania wiedzy czy tworzeniem system\u00f3w z baz\u0105 wiedzy.<\/p>\n<p>Student ma do wyboru jedn\u0105 z nast\u0119puj\u0105cych specjalno\u015bci:<\/p>\n<ul>\n<li>grafika i wizualizacja komputerowa,<\/li>\n<li>inteligentne systemy informatyczne,<\/li>\n<li>in\u017cynieria Internetu,<\/li>\n<li>in\u017cynieria jako\u015bci oprogramowania.<\/li>\n<\/ul>\n<p>Kierunek informatyka posiada akredytacj\u0119 Pa\u0144stwowej Komisji Akredytacyjnej, co daje gwarancje studiowania na najwy\u017cszym poziomie oraz pe\u0142n\u0105 mo\u017cliwo\u015b\u0107 korzystania z wiedzy wykwalifikowanej kadry akademickiej. Dzi\u0119ki wsp\u00f3\u0142pracy nawi\u0105zanej z firmami z bran\u017cy IT studia na Wydziale Nauk \u015acis\u0142ych i Technicznych to r\u00f3wnie\u017c wiele dodatkowych przedsi\u0119wzi\u0119\u0107 w postaci warsztat\u00f3w, szkole\u0144, konferencji, dzi\u0119ki kt\u00f3rym studenci zdobywaj\u0105 wiedz\u0119 praktyczn\u0105 nieodzown\u0105 na rynku pracy. Na wydziale studenci mog\u0105 uczestniczy\u0107 m.in. w zaj\u0119ciach Akademii Oracle, Microsoft oraz Cisco.<\/p>\n<p>Studia prowadzone s\u0105 w trybie <a href=\"https:\/\/katalog.us.edu.pl\/catalog\/program\/view?id=12674\"><strong>stacjonarnym<\/strong><\/a>, jak i <strong>niestacjonarnym<\/strong>. Nab\u00f3r na <strong>studia niestacjonarne<\/strong> jest prowadzony w <a href=\"https:\/\/katalog.us.edu.pl\/catalog\/program\/view?id=12667\"><strong>semestrze zimowym<\/strong><\/a> i <strong><a href=\"https:\/\/katalog.us.edu.pl\/catalog\/program\/view?id=1271\">semestrze letnim.<\/a><br \/>\n<\/strong><a href=\"https:\/\/katalog.us.edu.pl\/catalog\/program\/view?id=12675\"><strong>Kierunek Informatyka II stopie\u0144 tryb stacjonarny prowadzony jest tak\u017ce w j\u0119zyku angielskim.<\/strong><\/a> Nab\u00f3r odbywa si\u0119 w semestrze letnim. \r\n                                <div class=\"mt-3\"><\/div>\r\n                            <\/div>\r\n                            \r\n                            <div class=\"text-modules__img\"><img src=\"https:\/\/us.edu.pl\/wydzial\/wnst\/wp-content\/uploads\/sites\/18\/zdjecia-kierunki\/rekrutacja-21-22\/WNST_Informatyka_II_studia-in\u017cynierskie.png\" alt=\"img\"><\/div>\r\n                        <\/div>\r\n                    <\/div>\r\n                <\/div>[\/vc_column][\/vc_row]<\/p>","protected":false},"excerpt":{"rendered":"<p>[vc_row][vc_column][\/vc_column][\/vc_row] [&#8230;]<\/p>\n<p><a class=\"btn btn-secondary understrap-read-more-link\" href=\"https:\/\/us.edu.pl\/wydzial\/wnst\/studia\/kandydat\/oferta-dydaktyczna\/informatyka\/informatyka-ii\/\">Read More&#8230;<\/a><\/p>\n","protected":false},"author":2549,"featured_media":0,"parent":349,"menu_order":6,"comment_status":"closed","ping_status":"closed","template":"","meta":{"_expiration-date-status":"saved","_expiration-date":0,"_expiration-date-type":"","_expiration-date-categories":[],"_expiration-date-options":[]},"acf":[],"_links":{"self":[{"href":"https:\/\/us.edu.pl\/wydzial\/wnst\/wp-json\/wp\/v2\/pages\/10591"}],"collection":[{"href":"https:\/\/us.edu.pl\/wydzial\/wnst\/wp-json\/wp\/v2\/pages"}],"about":[{"href":"https:\/\/us.edu.pl\/wydzial\/wnst\/wp-json\/wp\/v2\/types\/page"}],"author":[{"embeddable":true,"href":"https:\/\/us.edu.pl\/wydzial\/wnst\/wp-json\/wp\/v2\/users\/2549"}],"replies":[{"embeddable":true,"href":"https:\/\/us.edu.pl\/wydzial\/wnst\/wp-json\/wp\/v2\/comments?post=10591"}],"version-history":[{"count":5,"href":"https:\/\/us.edu.pl\/wydzial\/wnst\/wp-json\/wp\/v2\/pages\/10591\/revisions"}],"predecessor-version":[{"id":26570,"href":"https:\/\/us.edu.pl\/wydzial\/wnst\/wp-json\/wp\/v2\/pages\/10591\/revisions\/26570"}],"up":[{"embeddable":true,"href":"https:\/\/us.edu.pl\/wydzial\/wnst\/wp-json\/wp\/v2\/pages\/349"}],"wp:attachment":[{"href":"https:\/\/us.edu.pl\/wydzial\/wnst\/wp-json\/wp\/v2\/media?parent=10591"}],"curies":[{"name":"wp","href":"https:\/\/api.w.org\/{rel}","templated":true}]}}