{"id":10597,"date":"2021-03-31T20:25:25","date_gmt":"2021-03-31T18:25:25","guid":{"rendered":"https:\/\/us.edu.pl\/wydzial\/wnst\/?page_id=10597"},"modified":"2022-05-23T21:14:37","modified_gmt":"2022-05-23T19:14:37","slug":"inzynieria-materialowa-ii","status":"publish","type":"page","link":"https:\/\/us.edu.pl\/wydzial\/wnst\/studia\/kandydat\/oferta-dydaktyczna\/inzynieria-materialowa\/inzynieria-materialowa-ii\/","title":{"rendered":"in\u017cynieria materia\u0142owa"},"content":{"rendered":"<p>[vc_row][vc_column]\r\n                <div class=\"text-modules reverse\">\r\n                    <div class=\"container\">\r\n                        <h3 class=\"section-title section-title_border-bottom\">In\u017cynieria materia\u0142owa - studia II stopnia<\/h3> \r\n                        <div class=\"row m-0\">\r\n                            <div class=\"text-modules__content\">\r\n                                In\u017cynieria materia\u0142owa jest interdyscyplinarn\u0105 dziedzin\u0105 bada\u0144 naukowo-technicznych, kt\u00f3ra zajmuje si\u0119 analiz\u0105 wp\u0142ywu struktury chemicznej i fizycznej materia\u0142\u00f3w na ich w\u0142a\u015bciwo\u015bci elektryczne, mechaniczne, optyczne, powierzchniowe, chemiczne, magnetyczne i termiczne a tak\u017ce rozmaite kombinacje tych w\u0142a\u015bciwo\u015bci. In\u017cynieria materia\u0142owa obejmuje szereg nowoczesnych technik badawczych fizycznych i chemicznych przy pomocy, kt\u00f3rych mo\u017cna scharakteryzowa\u0107 zar\u00f3wno struktur\u0119 jak i w\u0142a\u015bciwo\u015bci materia\u0142\u00f3w. Zadaniem tych technik jest badanie wp\u0142ywu struktury na w\u0142a\u015bciwo\u015bci materia\u0142\u00f3w, zw\u0142aszcza te, kt\u00f3re s\u0105 praktycznie stosowane w r\u00f3\u017cnych technologiach. Umo\u017cliwia to opracowywanie sposob\u00f3w otrzymywania materia\u0142\u00f3w o \u015bci\u015ble okre\u015blonych cechach u\u017cytkowych. Badania te maj\u0105 wp\u0142yw nie tylko na planowan\u0105 struktur\u0119 produkt\u00f3w ko\u0144cowych, ale te\u017c pomagaj\u0105 opracowa\u0107 efektywne metody ich produkcji i przetwarzania. Badania prowadzone w ramach in\u017cynierii materia\u0142owej prowadz\u0105 do opracowania nowych materia\u0142\u00f3w, cho\u0107 s\u0105 te\u017c powszechnie stosowane do ulepszania ju\u017c stosowanych materia\u0142\u00f3w.<\/p>\n<p>Studia na II stopniu trwaj\u0105 <a href=\"https:\/\/katalog.us.edu.pl\/catalog\/program\/view?id=12156\">3 semestry<\/a>, ko\u0144cz\u0105 si\u0119 uzyskaniem tytu\u0142u <strong>magistra<\/strong>, zaczynaj\u0105 si\u0119 od semestru letniego lub<em>\u00a0<\/em><a href=\"https:\/\/katalog.us.edu.pl\/catalog\/program\/view?id=12157\">4 semestry<\/a>, ko\u0144cz\u0105 si\u0119 w\u00f3wczas uzyskaniem tytu\u0142u <strong>magistra in\u017cyniera;<\/strong> zaczynaj\u0105 si\u0119 od semestru zimowego.<\/p>\n<p>Studia na II stopniu studi\u00f3w kierunku in\u017cynieria materia\u0142owa prowadzone s\u0105 w dw\u00f3ch specjalno\u015bciach: kontrola jako\u015bci materia\u0142\u00f3w i wyrob\u00f3w oraz nauka o materia\u0142ach. Student otrzymuje gruntown\u0105 wiedz\u0119 z zakresu: fizyki, chemii, informatyki, nauk o materia\u0142ach in\u017cynierskich metalowych, ceramicznych, polimerowych i kompozytowych, doboru materia\u0142\u00f3w in\u017cynierskich do r\u00f3\u017cnych zastosowa\u0144, technologii wytwarzania, przetw\u00f3rstwa i recyklingu materia\u0142\u00f3w, metod kszta\u0142towania i badania struktury materia\u0142\u00f3w in\u017cynierskich w r\u00f3\u017cnych produktach.<\/p>\n<p>Ponadto blok przedmiot\u00f3w specjalistycznych \u0142\u0105cz\u0105cy wiedz\u0119 z zakresu biomateria\u0142\u00f3w metalicznych, biopolimer\u00f3w, bioceramiki oraz biokompozyt\u00f3w w po\u0142\u0105czeniu z biologicznymi, fizjologicznymi i spo\u0142ecznymi aspektami poszerza umiej\u0119tno\u015bci praktycznego doboru materia\u0142\u00f3w in\u017cynierskich do zastosowa\u0144 w medycynie, weterynarii i stomatologii.<\/p>\n<p>Cech\u0105 wsp\u00f3ln\u0105 specjalno\u015bci jest interdyscyplinarny zas\u00f3b wiedzy z zakresu kierowania zespo\u0142ami w dzia\u0142alno\u015bci badawczej i przemys\u0142owej, obs\u0142ugi system\u00f3w informatycznych oraz system\u00f3w komputerowego wspomagania prac in\u017cynierskich, doboru materia\u0142\u00f3w i technologii wytwarzania oraz przetwarzania materia\u0142\u00f3w. Absolwent jest przygotowany do podejmowania tw\u00f3rczych inicjatyw i decyzji dotycz\u0105cych in\u017cynierii i technologii materia\u0142owych oraz samodzielnego poprowadzenia dzia\u0142alno\u015bci gospodarczej, a tak\u017ce dzia\u0142alno\u015bci w ma\u0142ych i \u015brednich przedsi\u0119biorstwach, ze szczeg\u00f3lnym uwzgl\u0119dnieniem obszaru na pograniczu in\u017cynierii materia\u0142owej oraz medycyny i weterynarii.<\/p>\n<div class=\"mt-3\"><a href=\"https:\/\/katalog.us.edu.pl\/catalog\/program\/index?year=2022&page=1&ProgramSearch%5Bname%5D=in%C5%BCynieria+materia%C5%82owa&ProgramSearch%5Blevel_id%5D%5B%5D=SL_MASTER\" class=\"link-button mr-3 \">O kierunku<\/a><\/div>\r\n                            <\/div>\r\n                            \r\n                            <div class=\"text-modules__img\"><img src=\"https:\/\/us.edu.pl\/wydzial\/wnst\/wp-content\/uploads\/sites\/18\/zdjecia-kierunki\/rekrutacja-21-22\/WNST_Inzynieria-materia\u0142owa_II.png\" alt=\"img\"><\/div>\r\n                        <\/div>\r\n                    <\/div>\r\n                <\/div>[\/vc_column][\/vc_row][vc_row el_class=&#8221;container&#8221;][vc_column width=&#8221;1\/6&#8243;][\/vc_column][vc_column width=&#8221;5\/6&#8243;]\r\n                <div class=\"text-modules reverse\">\r\n                    <div class=\"container\">\r\n                         <h3 class=\"subtitle text-modules__subtitle\">Specjalno\u015b\u0107: Kontrola jako\u015bci materia\u0142\u00f3w i wyrob\u00f3w<\/h3>\r\n                        <div class=\"row m-0\">\r\n                            <div class=\"text-modules__content\">\r\n                                Absolwent drugiego stopnia studi\u00f3w specjalno\u015bci \u201eKontrola jako\u015bci materia\u0142\u00f3w i wyrob\u00f3w\u201d posiada umiej\u0119tno\u015bci oraz zaawansowan\u0105 wiedz\u0119 z zakresu in\u017cynierii materia\u0142owej, projektowania materia\u0142\u00f3w in\u017cynierskich, przer\u00f3bki i przetw\u00f3rstwa oraz kszta\u0142towania ich w\u0142a\u015bciwo\u015bci, kontroli jako\u015bci materia\u0142\u00f3w i wyrob\u00f3w jak r\u00f3wnie\u017c informatyki w zastosowaniu do nauki o materia\u0142ach oraz kontroli jako\u015bci.<br \/>\nRealizowane tre\u015bci kszta\u0142cenia w zakresie specjalno\u015bci \u201eKontrola jako\u015bci materia\u0142\u00f3w i wyrob\u00f3w \u201d umo\u017cliwi\u0105 kszta\u0142cenie specjalist\u00f3w wyposa\u017conych w wiedz\u0119 o najnowszych osi\u0105gni\u0119ciach fizyki, chemii i metalurgii w zakresie otrzymywania nowoczesnych materia\u0142\u00f3w i mo\u017cliwo\u015bciach modelowania nowych. Absolwenci tej specjalno\u015bci posiadaj\u0105 umiej\u0119tno\u015b\u0107 wszechstronnej oceny jako\u015bci r\u00f3\u017cnorodnych grup materia\u0142\u00f3w, bie\u017c\u0105cej analizy ich parametr\u00f3w u\u017cytkowych wa\u017cnych dla proces\u00f3w wytwarzania i przetwarzania materia\u0142\u00f3w dla okre\u015blonych zastosowa\u0144. Nab\u0119d\u0105 oni w trakcie studi\u00f3w umiej\u0119tno\u015b\u0107 korzystania z informacji naukowo-technicznej oraz posi\u0105d\u0105 wiedz\u0119 pozwalaj\u0105ca na sprawn\u0105 komunikacj\u0119 z zespo\u0142ami ludzkimi. Absolwenci dysponuj\u0105 wiedz\u0105 z zakresu informatyki i wdra\u017cania system\u00f3w informatycznych, zostan\u0105 przygotowani do uczestnictwa w pracach wymagaj\u0105cych oceny jako\u015bci nowoczesnych materia\u0142\u00f3w, w przemy\u015ble, w plac\u00f3wkach badawczych i us\u0142ugowych oraz w \u015brednich i ma\u0142ych firmach. Ponadto, posiadaj\u0105c g\u0142\u0119bok\u0105 wiedz\u0119 z zakresu nauk podstawowych i og\u00f3ln\u0105 w zakresie technologii materia\u0142\u00f3w, b\u0119d\u0105 mieli mo\u017cliwo\u015b\u0107 efektywnego komunikowania si\u0119 zar\u00f3wno z in\u017cynierami zatrudnionymi w podmiotach i organizacjach gospodarczych jak i z pracownikami naukowymi zajmuj\u0105cymi si\u0119 nowoczesnymi materia\u0142ami. \r\n                                <div class=\"mt-3\"><\/div>\r\n                            <\/div>\r\n                            \r\n                            <div class=\"text-modules__img\"><img src=\"https:\/\/us.edu.pl\/wydzial\/wnst\/wp-content\/uploads\/sites\/18\/zdjecia-kierunki\/rekrutacja-21-22\/WNST_In\u017cynieria-materia\u0142owa_II_kontrola-jako\u015bci.png\" alt=\"img\"><\/div>\r\n                        <\/div>\r\n                    <\/div>\r\n                <\/div>\r\n                <div class=\"text-modules reverse\">\r\n                    <div class=\"container\">\r\n                         <h3 class=\"subtitle text-modules__subtitle\">Specjalno\u015b\u0107: Nauka o materia\u0142ach<\/h3>\r\n                        <div class=\"row m-0\">\r\n                            <div class=\"text-modules__content\">\r\n                                W ramach specjalno\u015bci \u201eNauka o materia\u0142ach\u201d zaproponowano studentom, cztery bloki specjalizacyjne obejmuj\u0105cych r\u00f3\u017cne rodzaje materia\u0142\u00f3w lub zagadnienia z nimi zwi\u0105zane: \u201eMateria\u0142y dla medycyny\u201d \u201eNanomateria\u0142y\u201d, 'Komputerowe modelowanie materia\u0142\u00f3w\u201d, \u201eMetody bada\u0144 materia\u0142\u00f3w&#8221;.<\/p>\n<p>Absolwent drugiego stopnia studi\u00f3w tej specjalno\u015bci posiada umiej\u0119tno\u015bci oraz zaawansowan\u0105 wiedz\u0119 z zakresu in\u017cynierii materia\u0142owej, projektowania materia\u0142\u00f3w in\u017cynierskich, przer\u00f3bki i przetw\u00f3rstwa oraz kszta\u0142towania ich w\u0142a\u015bciwo\u015bci, jak r\u00f3wnie\u017c informatyki w zastosowaniu do nauki o materia\u0142ach.<\/p>\n<p>Realizowane tre\u015bci kszta\u0142cenia w zakresie specjalno\u015bci \u201enauka o materia\u0142ach\u201d umo\u017cliwi\u0105 kszta\u0142cenie specjalist\u00f3w wyposa\u017conych w wiedz\u0119 o najnowszych osi\u0105gni\u0119ciach fizyki, chemii i metalurgii w zakresie otrzymywania nowoczesnych materia\u0142\u00f3w i mo\u017cliwo\u015bciach modelowania nowych, z uwzgl\u0119dnieniem nowoczesnych technik wytwarzania (np. nanotechnologie).<\/p>\n<p>Absolwenci tej specjalno\u015bci posiadaj\u0105 umiej\u0119tno\u015b\u0107 wszechstronnej oceny funkcjonalnej r\u00f3\u017cnorodnych grup materia\u0142\u00f3w, bie\u017c\u0105cej analizy ich parametr\u00f3w u\u017cytkowych wa\u017cnych dla proces\u00f3w wytwarzania i przetwarzania materia\u0142\u00f3w dla okre\u015blonych zastosowa\u0144. Nab\u0119d\u0105 oni w trakcie studi\u00f3w umiej\u0119tno\u015b\u0107 korzystania z informacji naukowo-technicznej oraz posi\u0105d\u0105 wiedz\u0119 pozwalaj\u0105ca na sprawn\u0105 komunikacj\u0119 z zespo\u0142ami ludzkimi. Absolwenci dysponuj\u0105 wiedz\u0105 z zakresu informatyki i wdra\u017cania system\u00f3w informatycznych, zostan\u0105 przygotowani do uczestnictwa w pracach wymagaj\u0105cych zastosowa\u0144 i pozyskiwania nowoczesnych materia\u0142\u00f3w, w przemy\u015ble, w plac\u00f3wkach badawczych i us\u0142ugowych oraz w \u015brednich i ma\u0142ych firmach. Ponadto, posiadaj\u0105c g\u0142\u0119bok\u0105 wiedz\u0119 z zakresu nauk podstawowych i og\u00f3ln\u0105 w zakresie technologii materia\u0142\u00f3w, b\u0119d\u0105 mieli mo\u017cliwo\u015b\u0107 efektywnego komunikowania si\u0119 zar\u00f3wno z in\u017cynierami zatrudnionymi w podmiotach i organizacjach gospodarczych jak i z pracownikami naukowymi zajmuj\u0105cymi si\u0119 nowoczesnymi materia\u0142ami. \r\n                                <div class=\"mt-3\"><\/div>\r\n                            <\/div>\r\n                            \r\n                            <div class=\"text-modules__img\"><img src=\"https:\/\/us.edu.pl\/wydzial\/wnst\/wp-content\/uploads\/sites\/18\/zdjecia-kierunki\/rekrutacja-21-22\/WNST_In\u017cynieria-materia\u0142owa_II_nauka-o-materia\u0142ach.png\" alt=\"img\"><\/div>\r\n                        <\/div>\r\n                    <\/div>\r\n                <\/div>[\/vc_column][\/vc_row]<\/p>","protected":false},"excerpt":{"rendered":"<p>[vc_row][vc_column][\/vc_column][\/vc_row][vc_row el_class=&#8221;container&#8221;][vc_column width=&#8221;1\/6&#8243;][\/vc_column][vc_column width=&#8221;5\/6&#8243;][\/vc_column][\/vc_row] [&#8230;]<\/p>\n<p><a class=\"btn btn-secondary understrap-read-more-link\" href=\"https:\/\/us.edu.pl\/wydzial\/wnst\/studia\/kandydat\/oferta-dydaktyczna\/inzynieria-materialowa\/inzynieria-materialowa-ii\/\">Read More&#8230;<\/a><\/p>\n","protected":false},"author":2549,"featured_media":0,"parent":343,"menu_order":9,"comment_status":"closed","ping_status":"closed","template":"","meta":{"_expiration-date-status":"saved","_expiration-date":0,"_expiration-date-type":"","_expiration-date-categories":[],"_expiration-date-options":[]},"acf":[],"_links":{"self":[{"href":"https:\/\/us.edu.pl\/wydzial\/wnst\/wp-json\/wp\/v2\/pages\/10597"}],"collection":[{"href":"https:\/\/us.edu.pl\/wydzial\/wnst\/wp-json\/wp\/v2\/pages"}],"about":[{"href":"https:\/\/us.edu.pl\/wydzial\/wnst\/wp-json\/wp\/v2\/types\/page"}],"author":[{"embeddable":true,"href":"https:\/\/us.edu.pl\/wydzial\/wnst\/wp-json\/wp\/v2\/users\/2549"}],"replies":[{"embeddable":true,"href":"https:\/\/us.edu.pl\/wydzial\/wnst\/wp-json\/wp\/v2\/comments?post=10597"}],"version-history":[{"count":10,"href":"https:\/\/us.edu.pl\/wydzial\/wnst\/wp-json\/wp\/v2\/pages\/10597\/revisions"}],"predecessor-version":[{"id":156352,"href":"https:\/\/us.edu.pl\/wydzial\/wnst\/wp-json\/wp\/v2\/pages\/10597\/revisions\/156352"}],"up":[{"embeddable":true,"href":"https:\/\/us.edu.pl\/wydzial\/wnst\/wp-json\/wp\/v2\/pages\/343"}],"wp:attachment":[{"href":"https:\/\/us.edu.pl\/wydzial\/wnst\/wp-json\/wp\/v2\/media?parent=10597"}],"curies":[{"name":"wp","href":"https:\/\/api.w.org\/{rel}","templated":true}]}}