{"id":10603,"date":"2021-03-31T20:37:32","date_gmt":"2021-03-31T18:37:32","guid":{"rendered":"https:\/\/us.edu.pl\/wydzial\/wnst\/?page_id=10603"},"modified":"2022-05-23T21:33:27","modified_gmt":"2022-05-23T19:33:27","slug":"mechatronika-ii","status":"publish","type":"page","link":"https:\/\/us.edu.pl\/wydzial\/wnst\/studia\/kandydat\/oferta-dydaktyczna\/mechatronika\/mechatronika-ii\/","title":{"rendered":"mechatronika"},"content":{"rendered":"<p>[vc_row][vc_column]\r\n                <div class=\"text-modules reverse\">\r\n                    <div class=\"container\">\r\n                        <h3 class=\"section-title section-title_border-bottom\">Mechatronika - studia II stopnia<\/h3> \r\n                        <div class=\"row m-0\">\r\n                            <div class=\"text-modules__content\">\r\n                                Studia obejmuj\u0105 swoim programem interdyscyplinarne tre\u015bci kierunkowe m.in.: materia\u0142y i technologie materia\u0142owe, wytrzyma\u0142o\u015b\u0107 materia\u0142\u00f3w, uk\u0142ady elektroniczne, automatyzacj\u0119 proces\u00f3w technologicznych, podstawy konstrukcji maszyn, budow\u0119 i programowanie robot\u00f3w, metody numeryczne, zarz\u0105dzanie produkcj\u0105, us\u0142ugami i personelem. Absolwent jest przygotowany do uczestniczenia w interdyscyplinarnych zespo\u0142ach rozwi\u0105zuj\u0105cych problemy z konstrukcj\u0105, wytwarzaniem, sprzeda\u017c\u0105, eksploatacj\u0105, serwisowaniem i diagnozowaniem uk\u0142ad\u00f3w mechatronicznych oraz maszyn i urz\u0105dze\u0144, w kt\u00f3rych one wyst\u0119puj\u0105. Absolwent kierunku mechatronika mo\u017ce znale\u017a\u0107 zatrudnienie: w zak\u0142adach o zautomatyzowanym i zrobotyzowanym cyklu produkcyjnym &#8211; jako konstruktor, projektant, in\u017cynier; w zak\u0142adach prowadz\u0105cych us\u0142ugi w zakresie projektowania, serwisu i diagnostyki &#8211; jako kierownik dzia\u0142u obs\u0142ugi i napraw, serwisant; jako operator i programista CNC; w przemy\u015ble elektromaszynowym &#8211; wytwarzaj\u0105cym uk\u0142ady mechatroniczne, motoryzacyjnym, sprz\u0119tu gospodarstwa domowego, lotniczym, obrabiarkowym oraz innych plac\u00f3wkach eksploatuj\u0105cych i serwisuj\u0105cych uk\u0142ady mechatroniczne oraz maszyny i urz\u0105dzenia, w kt\u00f3rych s\u0105 one zastosowane. Absolwent mo\u017ce podj\u0105\u0107 prac\u0119 w instytucjach naukowo-badawczych oraz o\u015brodkach szkoleniowych i badawczo-rozwojowych. Ma r\u00f3wnie\u017c mo\u017cliwo\u015b\u0107 studiowania na studiach III stopnia. Studia rozpoczynaj\u0105 si\u0119 od semestru letniego.<\/p>\n<p>W ramach kierunku mo\u017cna wybra\u0107 dwie specjalno\u015bci.<\/p>\n<ol>\n<li><strong>Projektowanie mechatroniczne.<\/strong><br \/>\nAbsolwenci kierunku Mechatronika o specjalno\u015bci technologie mechatroniczne czyli specjalno\u015bci stanowi\u0105cej po\u0142\u0105czenie in\u017cynierii mechanicznej, powierzchni element\u00f3w uk\u0142ad\u00f3w maszyn i urz\u0105dze\u0144, elektrycznej, komputerowej, automatyki i robotyki, posiadaj\u0105 tw\u00f3rcz\u0105 zdolno\u015b\u0107 projektowania i opracowywania proces\u00f3w technologicznych produkcji cz\u0119\u015bci urz\u0105dze\u0144 i uk\u0142ad\u00f3w mechatronicznych, a tak\u017ce umiej\u0119tno\u015bci diagnozowania, wymiany i regulacji konkretnego elementu mechanicznego lub elektrycznego. Absolwenci specjalno\u015bci maj\u0105 szanse znalezienia zatrudnienia mi\u0119dzy innymi w instytucjach zajmuj\u0105cych si\u0119 projektowaniem, wytwarzaniem, diagnostyk\u0105, wymian\u0105 i regulacj\u0105 uk\u0142ad\u00f3w mechatronicznych, m.in. w przemy\u015ble elektromaszynowym, maszynowym, samochodowym, sprz\u0119tu gospodarstwa domowego.<\/li>\n<li><strong>Uk\u0142ady mikromechatroniczne.<\/strong><br \/>\nW zakresie przedmiot\u00f3w prowadzonych w ramach specjalno\u015bci, studenci zdobywaj\u0105 wiedz\u0119 i umiej\u0119tno\u015bci w zakresie funkcjonalnych materia\u0142\u00f3w ceramicznych dla mikromechatroniki, projektowania w mikromechatronice, modelowania uk\u0142ad\u00f3w mikromechatronicznych oraz zastosowania mikrokontroler\u00f3w i sterownik\u00f3w. Przedmioty i tre\u015bci kszta\u0142cenia realizowane w ramach specjalno\u015bci s\u0105 zorientowane na wsp\u00f3\u0142czesne potrzeby rynku pracy ze szczeg\u00f3lnym uwzgl\u0119dnieniem tematyki zwi\u0105zanej z otrzymywaniem, projektowaniem i modelowaniem materia\u0142\u00f3w stosowanych w uk\u0142adach mechatronicznych. Absolwenci kierunku Mechatronika o specjalno\u015bci uk\u0142ady mikromechatroniczne posiadaj\u0105 tw\u00f3rcz\u0105 zdolno\u015b\u0107 projektowania i opracowywania proces\u00f3w technologicznych produkcji cz\u0119\u015bci urz\u0105dze\u0144 i uk\u0142ad\u00f3w mechatronicznych. Potrafi\u0105 wykorzysta\u0107 informacj\u0119 techniczn\u0105 do diagnozowania, wymiany i regulacji element\u00f3w mechanicznych, elektrycznych lub zespo\u0142\u00f3w automatyki i robotyki przemys\u0142owej. Znajomo\u015b\u0107 powy\u017cszych zagadnie\u0144 pozwala im na efektywne zarz\u0105dzanie zespo\u0142ami ludzkimi w \u015brodowiskach przemys\u0142owych &#8211; ma\u0142ych i \u015brednich przedsi\u0119biorstwach zwi\u0105zanych z projektowaniem, wytwarzaniem, diagnostyk\u0105, wymian\u0105 i regulacj\u0105 uk\u0142ad\u00f3w mechatronicznych, mi\u0119dzy innymi w przemy\u015ble elektromaszynowym, maszynowym, samochodowym i sprz\u0119tu gospodarstwa domowego.<\/li>\n<\/ol>\n<div class=\"mt-3\"><a href=\"https:\/\/katalog.us.edu.pl\/catalog\/program\/view?id=12678\" class=\"link-button mr-3 \">O kierunku<\/a><\/div>\r\n                            <\/div>\r\n                            \r\n                            <div class=\"text-modules__img\"><img src=\"https:\/\/us.edu.pl\/wydzial\/wnst\/wp-content\/uploads\/sites\/18\/zdjecia-kierunki\/rekrutacja-21-22\/WNST_Mechatronika_II.png\" alt=\"img\"><\/div>\r\n                        <\/div>\r\n                    <\/div>\r\n                <\/div>[\/vc_column][\/vc_row]<\/p>","protected":false},"excerpt":{"rendered":"<p>[vc_row][vc_column][\/vc_column][\/vc_row] [&#8230;]<\/p>\n<p><a class=\"btn btn-secondary understrap-read-more-link\" href=\"https:\/\/us.edu.pl\/wydzial\/wnst\/studia\/kandydat\/oferta-dydaktyczna\/mechatronika\/mechatronika-ii\/\">Read More&#8230;<\/a><\/p>\n","protected":false},"author":2549,"featured_media":0,"parent":339,"menu_order":11,"comment_status":"closed","ping_status":"closed","template":"","meta":{"_expiration-date-status":"saved","_expiration-date":0,"_expiration-date-type":"","_expiration-date-categories":[],"_expiration-date-options":[]},"acf":[],"_links":{"self":[{"href":"https:\/\/us.edu.pl\/wydzial\/wnst\/wp-json\/wp\/v2\/pages\/10603"}],"collection":[{"href":"https:\/\/us.edu.pl\/wydzial\/wnst\/wp-json\/wp\/v2\/pages"}],"about":[{"href":"https:\/\/us.edu.pl\/wydzial\/wnst\/wp-json\/wp\/v2\/types\/page"}],"author":[{"embeddable":true,"href":"https:\/\/us.edu.pl\/wydzial\/wnst\/wp-json\/wp\/v2\/users\/2549"}],"replies":[{"embeddable":true,"href":"https:\/\/us.edu.pl\/wydzial\/wnst\/wp-json\/wp\/v2\/comments?post=10603"}],"version-history":[{"count":8,"href":"https:\/\/us.edu.pl\/wydzial\/wnst\/wp-json\/wp\/v2\/pages\/10603\/revisions"}],"predecessor-version":[{"id":156368,"href":"https:\/\/us.edu.pl\/wydzial\/wnst\/wp-json\/wp\/v2\/pages\/10603\/revisions\/156368"}],"up":[{"embeddable":true,"href":"https:\/\/us.edu.pl\/wydzial\/wnst\/wp-json\/wp\/v2\/pages\/339"}],"wp:attachment":[{"href":"https:\/\/us.edu.pl\/wydzial\/wnst\/wp-json\/wp\/v2\/media?parent=10603"}],"curies":[{"name":"wp","href":"https:\/\/api.w.org\/{rel}","templated":true}]}}