{"id":10608,"date":"2021-03-31T20:41:47","date_gmt":"2021-03-31T18:41:47","guid":{"rendered":"https:\/\/us.edu.pl\/wydzial\/wnst\/?page_id=10608"},"modified":"2022-05-12T14:17:44","modified_gmt":"2022-05-12T12:17:44","slug":"mikro-i-nanotechnologia-ii","status":"publish","type":"page","link":"https:\/\/us.edu.pl\/wydzial\/wnst\/studia\/kandydat\/oferta-dydaktyczna\/mikro-i-nanotechnologia\/mikro-i-nanotechnologia-ii\/","title":{"rendered":"mikro i nanotechnologia"},"content":{"rendered":"<p>[vc_row][vc_column]\r\n                <div class=\"text-modules reverse\">\r\n                    <div class=\"container\">\r\n                        <h3 class=\"section-title section-title_border-bottom\">Mikro i nanotechnologia - studia II stopnia<\/h3> \r\n                        <div class=\"row m-0\">\r\n                            <div class=\"text-modules__content\">\r\n                                <span style=\"color: #002a5e;\"><strong>Charakterystyka kierunku<\/strong><\/span><\/p>\n<p>Stacjonarne studia drugiego stopnia na kierunku Mikro i nanotechnologia trwaj\u0105 3 semestry, ko\u0144cz\u0105 si\u0119 zrealizowaniem pracy magisterskiej i uzyskaniem tytu\u0142u magistra. Program studi\u00f3w \u0142\u0105czy dwa profile kszta\u0142cenia. Jeden z nich ukierunkowany jest na nanotechnologi\u0119 ze szczeg\u00f3lnym uwzgl\u0119dnieniem fizycznych podstaw wytwarzania i charakteryzacji nanomateria\u0142\u00f3w, Alternatywna \u015bcie\u017ck\u0105 jest mikrotechnologia, w kt\u00f3rej g\u0142\u00f3wny nacisk po\u0142o\u017cony jest na komputerowe techniki projektowania mikrosystem\u00f3w (CAD, CNC, modelowanie FEM). Wyboru profilu kszta\u0142cenia dokonuje student poprzez wyst\u0119puj\u0105ce w siatce studi\u00f3w modu\u0142\u00f3w do wyboru.<\/p>\n<p>Student wybiera temat pracy magisterskiej w trakcie pierwszego semestru studi\u00f3w. Uczestniczy w seminarium magisterskim, w zaj\u0119ciach na pracowni magisterskiej oraz wyk\u0142adach specjalistycznych zgodnie z wybran\u0105 tematyk\u0105 pracy. W trakcie studi\u00f3w studenci uczestnicz\u0105 w seminariach, wyk\u0142adach i laboratoriach specjalistycznych. W tym czasie przygotowuj\u0105 prace magisterskie, kt\u00f3re s\u0105 wykonywane w pracowniach naukowych Instytutu Fizyki. Podstawowy cel nauczania na drugim stopniu studi\u00f3w na kierunku Mikro i nanotechnologia to przekazanie odpowiedniej wiedzy z zakresu podstaw nanotechnologii oraz wyrobienie umiej\u0119tno\u015bci potrzebnych przy samodzielnej pracy, zw\u0142aszcza w zakresie zastosowa\u0144.<\/p>\n<p><span style=\"color: #002a5e;\"><strong>Perspektywy zawodowe.<\/strong><\/span><\/p>\n<p>Absolwent kierunku studi\u00f3w Mikro i nanotechnologia posiada interdyscyplinarn\u0105 wiedz\u0119 z fizyki, chemii, informatyki, in\u017cynierii materia\u0142owej, w zakresie wykorzystywanym we wsp\u00f3\u0142czesnej nanotechnologii. Ponadto, absolwent zna r\u00f3\u017cnorodne zastosowania metod fizycznych w nowoczesnym przemy\u015ble i laboratoriach badawczych. Czyni go to pe\u0142nowarto\u015bciowym i bardzo poszukiwanym specjalist\u0105 mog\u0105cym podejmowa\u0107 prac\u0119 w innowacyjnych firmach, laboratoriach pracuj\u0105cych na rzecz przemys\u0142u, laboratoriach naukowych szk\u00f3\u0142 wy\u017cszych, plac\u00f3wkach PAN. Absolwent posiada r\u00f3wnie\u017c praktyczn\u0105 wiedz\u0119 dotycz\u0105c\u0105 metod fizycznych stosowanych w laboratoriach i w przemy\u015ble. Posiada umiej\u0119tno\u015bci ustawicznego uczenia si\u0119 i efektywnego wykorzystania posiadanej wiedzy. Podczas studi\u00f3w szczeg\u00f3lny nacisk zostanie po\u0142o\u017cony na rozw\u00f3j umiej\u0119tno\u015bci rozwi\u0105zywania problem\u00f3w, r\u00f3wnie\u017c z\u0142o\u017conych, wymagaj\u0105cych zastosowania odpowiedniego aparatu matematycznego, metody fizycznej i technologii. Studenci b\u0119d\u0105 rozwija\u0107 umiej\u0119tno\u015bci my\u015blenia projektowego. Absolwent uzyska wystarczaj\u0105ce przygotowanie do pracy w firmach o profilu nanotechnologicznym. Umiej\u0119tno\u015bci, kt\u00f3re absolwenci posiedli w trakcie studi\u00f3w, b\u0119d\u0105 mog\u0142y by\u0107 wykorzystane w dziedzinach pokrewnych jak informatyka czy in\u017cynieria materia\u0142owa. Po studiach drugiego stopnia mo\u017cna kontynuowa\u0107 nauk\u0119 na studiach trzeciego stopnia \u2013 doktoranckich.<\/p>\n<p>&nbsp;<\/p>\n<div class=\"mt-3\"><a href=\"https:\/\/katalog.us.edu.pl\/catalog\/program\/view?id=12716\" class=\"link-button mr-3 \">O kierunku<\/a><\/div>\r\n                            <\/div>\r\n                            \r\n                            <div class=\"text-modules__img\"><img src=\"https:\/\/us.edu.pl\/wydzial\/wnst\/wp-content\/uploads\/sites\/18\/zdjecia-kierunki\/rekrutacja-21-22\/WNST_Mikro-i-nanotechnologia_II.png\" alt=\"img\"><\/div>\r\n                        <\/div>\r\n                    <\/div>\r\n                <\/div>[\/vc_column][\/vc_row]<\/p>","protected":false},"excerpt":{"rendered":"<p>[vc_row][vc_column][\/vc_column][\/vc_row] [&#8230;]<\/p>\n<p><a class=\"btn btn-secondary understrap-read-more-link\" href=\"https:\/\/us.edu.pl\/wydzial\/wnst\/studia\/kandydat\/oferta-dydaktyczna\/mikro-i-nanotechnologia\/mikro-i-nanotechnologia-ii\/\">Read More&#8230;<\/a><\/p>\n","protected":false},"author":2549,"featured_media":0,"parent":336,"menu_order":12,"comment_status":"closed","ping_status":"closed","template":"","meta":{"_expiration-date-status":"saved","_expiration-date":0,"_expiration-date-type":"","_expiration-date-categories":[],"_expiration-date-options":[]},"acf":[],"_links":{"self":[{"href":"https:\/\/us.edu.pl\/wydzial\/wnst\/wp-json\/wp\/v2\/pages\/10608"}],"collection":[{"href":"https:\/\/us.edu.pl\/wydzial\/wnst\/wp-json\/wp\/v2\/pages"}],"about":[{"href":"https:\/\/us.edu.pl\/wydzial\/wnst\/wp-json\/wp\/v2\/types\/page"}],"author":[{"embeddable":true,"href":"https:\/\/us.edu.pl\/wydzial\/wnst\/wp-json\/wp\/v2\/users\/2549"}],"replies":[{"embeddable":true,"href":"https:\/\/us.edu.pl\/wydzial\/wnst\/wp-json\/wp\/v2\/comments?post=10608"}],"version-history":[{"count":10,"href":"https:\/\/us.edu.pl\/wydzial\/wnst\/wp-json\/wp\/v2\/pages\/10608\/revisions"}],"predecessor-version":[{"id":27782,"href":"https:\/\/us.edu.pl\/wydzial\/wnst\/wp-json\/wp\/v2\/pages\/10608\/revisions\/27782"}],"up":[{"embeddable":true,"href":"https:\/\/us.edu.pl\/wydzial\/wnst\/wp-json\/wp\/v2\/pages\/336"}],"wp:attachment":[{"href":"https:\/\/us.edu.pl\/wydzial\/wnst\/wp-json\/wp\/v2\/media?parent=10608"}],"curies":[{"name":"wp","href":"https:\/\/api.w.org\/{rel}","templated":true}]}}