{"id":1268,"date":"2019-12-01T17:36:42","date_gmt":"2019-12-01T16:36:42","guid":{"rendered":"https:\/\/us.edu.pl\/wydzial\/wnst\/?page_id=1268"},"modified":"2021-02-04T22:36:31","modified_gmt":"2021-02-04T21:36:31","slug":"o-wydziale","status":"publish","type":"page","link":"https:\/\/us.edu.pl\/wydzial\/wnst\/strona-glowna\/o-wydziale\/","title":{"rendered":"o Wydziale"},"content":{"rendered":"<p>[vc_row][vc_column]\r\n                <div class=\"text-modules\">\r\n                    <div class=\"container\">\r\n                        <h3 class=\"page-title text__title\">O Wydziale<\/h3>\r\n                        <div class=\"text-modules__content\"><p>W dniu 1 pa\u017adziernika 2019 roku rozpocz\u0105\u0142 dzia\u0142alno\u015b\u0107 <strong>Wydzia\u0142 Nauk \u015acis\u0142ych i Technicznych<\/strong>. W sk\u0142ad nowo powsta\u0142ego wydzia\u0142u wesz\u0142y dwie jednostki organizacyjne, kt\u00f3re dot\u0105d funkcjonowa\u0142y pod nazwami \u2013 Wydzia\u0142 Informatyki i Nauki o Materia\u0142ach oraz Wydzia\u0142 Matematyki, Fizyki i Chemii. Decyzja o powo\u0142aniu nowego Wydzia\u0142u ma zwi\u0105zek z przyj\u0119ciem przez Senat Uniwersytetu \u015al\u0105skiego 28 maja 2019 roku nowego statutu uczelni, kt\u00f3ry jest najwa\u017cniejszym aktem prawnym dostosowuj\u0105cym wewn\u0119trzne regulacje do wymog\u00f3w nowej Ustawy Prawo o szkolnictwie wy\u017cszym i nauce.<\/p>\n<p>Zmiany wprowadzone w Uniwersytecie \u015al\u0105skim maj\u0105 za zadanie umocnienie pozycji badawczej i dydaktycznej uczelni, konsolidacj\u0119 najlepszych zespo\u0142\u00f3w badawczych i integracj\u0119 \u015brodowisk naukowych i gospodarczych wok\u00f3\u0142 zagadnie\u0144 kluczowych dla rozwoju polskiej gospodarki, a tak\u017ce wzmocnienie wizerunku istniej\u0105cych w Uniwersytecie \u015al\u0105skim wydzia\u0142\u00f3w w\u015br\u00f3d potencjalnych student\u00f3w i pracodawc\u00f3w zainteresowanych zatrudnieniem absolwent\u00f3w.<\/p>\n<p><strong>Wydzia\u0142 Nauk \u015acis\u0142ych i Technicznych<\/strong> jest zlokalizowany w Katowicach, w Chorzowie i w Sosnowcu:<\/p>\n<ol>\n<li>Chorz\u00f3w 41-500, ul. 75. Pu\u0142ku Piechoty 1,<\/li>\n<li>Chorz\u00f3w 41-500, ul. 75. Pu\u0142ku Piechoty 1A,<\/li>\n<li>Katowice 40-007, ul. Bankowa 14,<\/li>\n<li>Katowice 40-006, ul. Szkolna 9,<\/li>\n<li>Sosnowiec 41-200, ul. B\u0119dzi\u0144ska 39,<\/li>\n<li>Sosnowiec 41-200, ul. \u017bytnia 10,<\/li>\n<li>Sosnowiec 41-200, ul. \u017bytnia 12.<\/li>\n<\/ol>\n<p>W obr\u0119bie jego struktury funkcjonuje sze\u015b\u0107 instytut\u00f3w naukowych: <a href=\"https:\/\/us.edu.pl\/instytut\/ich\">Instytut Chemii<\/a>, <a href=\"https:\/\/us.edu.pl\/instytut\/ifiz\">Instytut Fizyki im. Augusta Che\u0142kowskiego<\/a>, <a href=\"https:\/\/us.edu.pl\/instytut\/ii\">Instytut Informatyki<\/a>, <a href=\"https:\/\/us.edu.pl\/instytut\/iib\">Instytut In\u017cynierii Biomedycznej<\/a>, <a href=\"https:\/\/us.edu.pl\/instytut\/iim\">Instytut In\u017cynierii Materia\u0142owej<\/a>, <a href=\"https:\/\/us.edu.pl\/instytut\/im\">Instytut Matematyki<\/a>.<\/p>\n<p>Na Wydziale kszta\u0142c\u0105 si\u0119 studenci na kierunkach: <a href=\"https:\/\/us.edu.pl\/wydzial\/wnst\/studia\/kandydat\/oferta-dydaktyczna\/biofizyka\/\">Biofizyka<\/a>, <a href=\"https:\/\/us.edu.pl\/wydzial\/wnst\/studia\/kandydat\/oferta-dydaktyczna\/chemia\/\">Chemia<\/a>, <a href=\"https:\/\/us.edu.pl\/wydzial\/wnst\/studia\/kandydat\/oferta-dydaktyczna\/fizyka\/\">Fizyka<\/a>, <a href=\"https:\/\/us.edu.pl\/wydzial\/wnst\/studia\/kandydat\/oferta-dydaktyczna\/fizyka-medyczna\/\">Fizyka medyczna<\/a>, <a href=\"https:\/\/us.edu.pl\/wydzial\/wnst\/studia\/kandydat\/oferta-dydaktyczna\/informatyka\/\">Informatyka<\/a>, <a href=\"https:\/\/us.edu.pl\/wydzial\/wnst\/studia\/kandydat\/oferta-dydaktyczna\/informatyka-stosowana\/\">Informatyka stosowana<\/a>, <a href=\"https:\/\/us.edu.pl\/wydzial\/wnst\/studia\/kandydat\/oferta-dydaktyczna\/inzynieria-biomedyczna\/\">In\u017cynieria biomedyczna<\/a>, <a href=\"https:\/\/us.edu.pl\/wydzial\/wnst\/studia\/kandydat\/oferta-dydaktyczna\/inzynieria-materialowa\/\">In\u017cynieria materia\u0142owa<\/a>, <a href=\"https:\/\/us.edu.pl\/wydzial\/wnst\/studia\/kandydat\/oferta-dydaktyczna\/matematyka\/\">Matematyka<\/a>, <a href=\"https:\/\/us.edu.pl\/wydzial\/wnst\/studia\/kandydat\/oferta-dydaktyczna\/mechatronika\/\">Mechatronika<\/a>, <a href=\"https:\/\/us.edu.pl\/wydzial\/wnst\/studia\/kandydat\/oferta-dydaktyczna\/mikro-i-nanotechnologia\/\">Mikro i nanotechnologia<\/a>, <a href=\"https:\/\/us.edu.pl\/wydzial\/wnst\/studia\/kandydat\/oferta-dydaktyczna\/technologia-chemiczna\/\">Technologia chemiczna<\/a>. Prowadzone s\u0105 tak\u017ce kierunki w j\u0119zyku angielskim: <a href=\"https:\/\/katalog.us.edu.pl\/catalog\/program\/view?id=11854\">Computer Science (for BEng holders)<\/a>, <a href=\"https:\/\/katalog.us.edu.pl\/catalog\/program\/view?id=11766\">Fizyka, specjalno\u015b\u0107: nanofizyka i materia\u0142y mezoskopowe<\/a>, <a href=\"https:\/\/katalog.us.edu.pl\/catalog\/program\/view?id=11850\">Materials Science and Engineering<\/a>, <a href=\"https:\/\/katalog.us.edu.pl\/catalog\/program\/view?id=11767\">Theoretical Physics<\/a>.<\/p>\n<p>W ofercie dydaktycznej Wydzia\u0142u s\u0105 tak\u017ce studia podyplomowe: <span class=\"field-content\"><a href=\"http:\/\/psoin.us.edu.pl\">Ochrona informacji niejawnych i administracja bezpiecze\u0144stwa informacji<\/a>, <a href=\"https:\/\/www.studiapodyplomowe.us.edu.pl\/podyplomowe-studia-kwalifikacyjne-informatyka-w-szkole-ponadpodstawowej\/\">Podyplomowe Studia Kwalifikacyjne \u201eInformatyka w szkole ponadpodstawowej\u201d<\/a> i<\/span> <a href=\"http:\/\/www.optometriaslaska.us.edu.pl\/\"><span class=\"field-content\">Optometria<\/span><\/a>.<\/p>\n<\/div>\r\n                    <\/div>\r\n                <\/div>[\/vc_column][\/vc_row]<\/p>","protected":false},"excerpt":{"rendered":"<p>[vc_row][vc_column][\/vc_column][\/vc_row] [&#8230;]<\/p>\n<p><a class=\"btn btn-secondary understrap-read-more-link\" href=\"https:\/\/us.edu.pl\/wydzial\/wnst\/strona-glowna\/o-wydziale\/\">Read More&#8230;<\/a><\/p>\n","protected":false},"author":92,"featured_media":0,"parent":103,"menu_order":1,"comment_status":"closed","ping_status":"closed","template":"","meta":{"_expiration-date-status":"saved","_expiration-date":0,"_expiration-date-type":"","_expiration-date-categories":[],"_expiration-date-options":[]},"acf":[],"_links":{"self":[{"href":"https:\/\/us.edu.pl\/wydzial\/wnst\/wp-json\/wp\/v2\/pages\/1268"}],"collection":[{"href":"https:\/\/us.edu.pl\/wydzial\/wnst\/wp-json\/wp\/v2\/pages"}],"about":[{"href":"https:\/\/us.edu.pl\/wydzial\/wnst\/wp-json\/wp\/v2\/types\/page"}],"author":[{"embeddable":true,"href":"https:\/\/us.edu.pl\/wydzial\/wnst\/wp-json\/wp\/v2\/users\/92"}],"replies":[{"embeddable":true,"href":"https:\/\/us.edu.pl\/wydzial\/wnst\/wp-json\/wp\/v2\/comments?post=1268"}],"version-history":[{"count":15,"href":"https:\/\/us.edu.pl\/wydzial\/wnst\/wp-json\/wp\/v2\/pages\/1268\/revisions"}],"predecessor-version":[{"id":6335,"href":"https:\/\/us.edu.pl\/wydzial\/wnst\/wp-json\/wp\/v2\/pages\/1268\/revisions\/6335"}],"up":[{"embeddable":true,"href":"https:\/\/us.edu.pl\/wydzial\/wnst\/wp-json\/wp\/v2\/pages\/103"}],"wp:attachment":[{"href":"https:\/\/us.edu.pl\/wydzial\/wnst\/wp-json\/wp\/v2\/media?parent=1268"}],"curies":[{"name":"wp","href":"https:\/\/api.w.org\/{rel}","templated":true}]}}