{"id":14430,"date":"2021-06-18T19:34:55","date_gmt":"2021-06-18T17:34:55","guid":{"rendered":"https:\/\/us.edu.pl\/wydzial\/wnst\/?page_id=14430"},"modified":"2021-08-17T10:44:09","modified_gmt":"2021-08-17T08:44:09","slug":"uscern-cele-zrownowazonego-rozwoju","status":"publish","type":"page","link":"https:\/\/us.edu.pl\/wydzial\/wnst\/uscern\/uscern-cele-zrownowazonego-rozwoju\/","title":{"rendered":"Cele zr\u00f3wnowa\u017conego rozwoju"},"content":{"rendered":"<p>[vc_row el_class=&#8221;container&#8221;][vc_column]\r\n                <div class=\"text-modules\">\r\n                    <div class=\"container\">\r\n                        <h3 class=\"page-title text__title\">Poprzez nauk\u0119, technologi\u0119 i wsp\u00f3\u0142prac\u0119 zmieniamy \u015bwiat na lepsze<\/h3>\r\n                        <div class=\"text-modules__content\"><p>W 2015 roku przyw\u00f3dcy 193 kraj\u00f3w cz\u0142onkowskich ONZ podpisali dokument \u201e<a href=\"http:\/\/www.unic.un.org.pl\/files\/164\/Agenda%202030_pl_2016_ostateczna.pdf\" class=\"mtli_attachment mtli_pdf\" data-mtli=\"mtli_filesize885,95kB\" class=\"mtli_attachment mtli_pdf\" data-mtli=\"mtli_filesize885,95kB\">Przekszta\u0142camy nasz \u015bwiat: Agenda na Rzecz Zr\u00f3wnowa\u017conego Rozwoju 2030<\/a>&#8222;. Dokument ten zawiera 17 Cel\u00f3w Zr\u00f3wnowa\u017conego Rozwoju (ang. Sustainable Development Goals \u2013 SDGs), kt\u00f3re wskazuj\u0105 obszary o kluczowym znaczeniu dla ludzko\u015bci i naszej planety: ludzie, planeta, dobrobyt, pok\u00f3j, partnerstwo (ang. 5xP: people, planet, prosperity, peace, partnership).<\/p>\n<p><a href=\"https:\/\/www.un.org.pl\/\">Cele Zr\u00f3wnowa\u017conego Rozwoju ONZ<\/a> to plan dzia\u0142ania na rzecz przemian i przeobra\u017ce\u0144 \u015bwiata, w kt\u00f3rym potrzeby obecnego pokolenia mog\u0105 by\u0107 zaspokojone w spos\u00f3b zr\u00f3wnowa\u017cony, z szacunkiem dla \u015brodowiska oraz z uwzgl\u0119dnieniem potrzeb przysz\u0142ych pokole\u0144. Zar\u00f3wno Europejska Organizacja Bada\u0144 J\u0105drowych CERN jak i Uniwersytet \u015al\u0105ski w Katowicach wspieraj\u0105 realizacj\u0119 SDG.<\/p>\n<p>W opublikowanym w roku 2017 materiale \u201e<a href=\"https:\/\/home.cern\/news\/opinion\/cern\/cern-fully-engaged-sustainable-development-goals\">CERN \u2013 fully engaged with the Sustainable Development Goals<\/a>\u201d, Charlotte Lindberg Warakaulle, Dyrektor ds. Relacji Mi\u0119dzynarodowych CERN opisuje zaanga\u017cowanie CERN we wspieranie SDG w kontek\u015bcie realizacji podstawowej misji CERN.<\/p>\n<p>CERN przyczynia si\u0119 do realizacji pi\u0119ciu Cel\u00f3w Zr\u00f3wnowa\u017conego Rozwoju ONZ:<\/p>\n<ul>\n<li>3 \u2013 Dobre zdrowie i jako\u015b \u017cycia,<\/li>\n<li>4 \u2013 Dobra jako\u015b\u0107 edukacji,<\/li>\n<li>9 \u2013 Innowacyjno\u015b\u0107, przemys\u0142, infrastruktura,<\/li>\n<li>16 \u2013 Pok\u00f3j, sprawiedliwo\u015b\u0107 i silne instytucje,<\/li>\n<li>17 \u2013 Partnerstwa na rzecz cel\u00f3w.<\/li>\n<\/ul>\n<p>Uniwersytet \u015al\u0105ski realizuje misj\u0119 spo\u0142ecznej odpowiedzialno\u015bci uczelni poprzez swoj\u0105 dzia\u0142alno\u015b\u0107 badawcz\u0105, dydaktyczn\u0105 i artystyczn\u0105. Dzia\u0142alno\u015b\u0107 badawcza Uniwersytetu \u015al\u0105skiego zosta\u0142a uj\u0119ta w pi\u0119ciu grupach tematycznych, zdefiniowanych jako <a href=\"https:\/\/us.edu.pl\/inicjatywadoskonalosci\/priorytetowe-obszary-badawcze\/\">Priorytetowe Obszary Badawcze<\/a> (POB-y):<\/p>\n<ul>\n<li>POB 1: Harmonijny rozw\u00f3j cz\u0142owieka \u2013 troska o ochron\u0119 zdrowia i jako\u015b\u0107 \u017cycia<\/li>\n<li>POB 2: Nowoczesne materia\u0142y i technologie oraz ich spo\u0142eczno-kulturowe implikacje<\/li>\n<li>POB 3: Zmiany \u015brodowiska i klimatu wraz z towarzysz\u0105cymi im wyzwaniami spo\u0142ecznymi<\/li>\n<li>POB 4: Humanistyka dla przysz\u0142o\u015bci \u2013 interdyscyplinarne badania kultury i cywilizacji<\/li>\n<li>POB 5: Badanie fundamentalnych w\u0142a\u015bciwo\u015bci natury<\/li>\n<\/ul>\n<p>Pracownicy, studenci oraz doktoranci zwi\u0105zani ze \u015bl\u0105sk\u0105 Alma Mater podejmuj\u0105 <a href=\"https:\/\/us.edu.pl\/uczelnia\/cele-zrownowazonego-rozwoju-onz-2\/\">wiele inicjatyw oraz przedsi\u0119wzi\u0119\u0107<\/a>, kt\u00f3re wspieraj\u0105 realizacj\u0119 Cel\u00f3w Zr\u00f3wnowa\u017conego Rozwoju ONZ. Poszerzaj\u0105 granice wiedzy, tworz\u0105 nowe technologie i wprowadzaj\u0105 innowacje technologiczne, dla szeroko rozumianych potrzeb spo\u0142ecznych, przyczyniaj\u0105c si\u0119 do przekszta\u0142cania \u015bwiata na lepszy.<\/p>\n<style type=\"text\/css\">a[data-mtli~=\"mtli_filesize885,95kB\"]:after {content:\" (885,95 kB)\"}<\/style><\/div>\r\n                    <\/div>\r\n                <\/div>[\/vc_column][\/vc_row][vc_row][vc_column][vc_single_image image=&#8221;14431&#8243; img_size=&#8221;full&#8221; add_caption=&#8221;yes&#8221; alignment=&#8221;center&#8221; style=&#8221;vc_box_rounded&#8221; onclick=&#8221;img_link_large&#8221; img_link_target=&#8221;_blank&#8221;][\/vc_column][\/vc_row]<\/p>\n<style type=\"text\/css\">a[data-mtli~=\"mtli_filesize885,95kB\"]:after {content:\" (885,95 kB)\"}<\/style>","protected":false},"excerpt":{"rendered":"<p>[vc_row el_class=&#8221;container&#8221;][vc_column][\/vc_column][\/vc_row][vc_row][vc_column][vc_single_image image=&#8221;14431&#8243; img_size=&#8221;full&#8221; add_caption=&#8221;yes&#8221; alignment=&#8221;center&#8221; style=&#8221;vc_box_rounded&#8221; onclick=&#8221;img_link_large&#8221; img_link_target=&#8221;_blank&#8221;][\/vc_column][\/vc_row] [&#8230;]<\/p>\n<p><a class=\"btn btn-secondary understrap-read-more-link\" href=\"https:\/\/us.edu.pl\/wydzial\/wnst\/uscern\/uscern-cele-zrownowazonego-rozwoju\/\">Read More&#8230;<\/a><\/p>\n","protected":false},"author":2549,"featured_media":0,"parent":14207,"menu_order":0,"comment_status":"closed","ping_status":"closed","template":"","meta":{"_expiration-date-status":"saved","_expiration-date":0,"_expiration-date-type":"","_expiration-date-categories":[],"_expiration-date-options":[]},"acf":[],"_links":{"self":[{"href":"https:\/\/us.edu.pl\/wydzial\/wnst\/wp-json\/wp\/v2\/pages\/14430"}],"collection":[{"href":"https:\/\/us.edu.pl\/wydzial\/wnst\/wp-json\/wp\/v2\/pages"}],"about":[{"href":"https:\/\/us.edu.pl\/wydzial\/wnst\/wp-json\/wp\/v2\/types\/page"}],"author":[{"embeddable":true,"href":"https:\/\/us.edu.pl\/wydzial\/wnst\/wp-json\/wp\/v2\/users\/2549"}],"replies":[{"embeddable":true,"href":"https:\/\/us.edu.pl\/wydzial\/wnst\/wp-json\/wp\/v2\/comments?post=14430"}],"version-history":[{"count":16,"href":"https:\/\/us.edu.pl\/wydzial\/wnst\/wp-json\/wp\/v2\/pages\/14430\/revisions"}],"predecessor-version":[{"id":16196,"href":"https:\/\/us.edu.pl\/wydzial\/wnst\/wp-json\/wp\/v2\/pages\/14430\/revisions\/16196"}],"up":[{"embeddable":true,"href":"https:\/\/us.edu.pl\/wydzial\/wnst\/wp-json\/wp\/v2\/pages\/14207"}],"wp:attachment":[{"href":"https:\/\/us.edu.pl\/wydzial\/wnst\/wp-json\/wp\/v2\/media?parent=14430"}],"curies":[{"name":"wp","href":"https:\/\/api.w.org\/{rel}","templated":true}]}}