{"id":1502,"date":"2019-12-10T10:18:54","date_gmt":"2019-12-10T09:18:54","guid":{"rendered":"https:\/\/us.edu.pl\/wydzial\/wnst\/?page_id=1502"},"modified":"2020-02-14T09:18:24","modified_gmt":"2020-02-14T08:18:24","slug":"przewody-doktorskie-i-habilitacyjne","status":"publish","type":"page","link":"https:\/\/us.edu.pl\/wydzial\/wnst\/badania-naukowe\/przewody-doktorskie-i-habilitacyjne\/","title":{"rendered":"Przewody doktorskie i habilitacyjne"},"content":{"rendered":"<p><\/p>\n<p>[vc_row el_class=&#8221;container&#8221;][vc_column width=&#8221;1\/2&#8243;]\r\n                <div class=\"text-modules\">\r\n                    <div class=\"container\">\r\n                        \r\n                        <div class=\"text-modules__content\"><\/p>\n<h2>Publiczne obrony prac doktorskich<\/h2>\n<p>\n<\/div>\r\n                    <\/div>\r\n                <\/div>[vc_separator]\r\n                <div class=\"text-modules\">\r\n                    <div class=\"container\">\r\n                        \r\n                        <div class=\"text-modules__content\"><\/p>\n<h4><strong><span style=\"color: #002e5a\">Rozprawa doktorska mgr in\u017c. Krzysztof Czakon<\/span><\/strong><\/h4>\n<p>Temat rozprawy: <strong><span style=\"color: #002e5a\">Modyfikacja materia\u0142\u00f3w tapicerskich w rozwi\u0105zaniach in\u017cynierskich pokry\u0107 foteli samochodowych<\/span><\/strong><\/p>\n<p><a href=\"https:\/\/us.edu.pl\/wydzial\/wnst\/wp-content\/uploads\/sites\/18\/Nieprzypisane\/Streszczenie-pracy-doktorskiej-_-Czakon-K.pdf\" class=\"mtli_attachment mtli_pdf\" data-mtli=\"mtli_filesize189,80kB\" class=\"mtli_attachment mtli_pdf\" data-mtli=\"mtli_filesize189,80kB\">Streszczenie (j.polski)<\/a><br \/>\n<a href=\"https:\/\/us.edu.pl\/wydzial\/wnst\/wp-content\/uploads\/sites\/18\/Nieprzypisane\/Streszczenie-pracy-doktorskiej_angielski_Czakon-K.pdf\" class=\"mtli_attachment mtli_pdf\" data-mtli=\"mtli_filesize6,63kB\" class=\"mtli_attachment mtli_pdf\" data-mtli=\"mtli_filesize6,63kB\">Streszczenie (j. angielski)<\/a><br \/>\n<a href=\"https:\/\/us.edu.pl\/wydzial\/wnst\/wp-content\/uploads\/sites\/18\/Nieprzypisane\/Miko%C5%82ajczyk.pdf\" class=\"mtli_attachment mtli_pdf\" class=\"mtli_attachment mtli_pdf\">Recenzja &#8211; dr hab. n.t. in\u017c. Zbigniew Miko\u0142ajczyk, prof. P\u0141<\/a><br \/>\n<a href=\"https:\/\/us.edu.pl\/wydzial\/wnst\/wp-content\/uploads\/sites\/18\/Nieprzypisane\/prof.Gzik_.pdf\" class=\"mtli_attachment mtli_pdf\" data-mtli=\"mtli_filesize1,80MB\" class=\"mtli_attachment mtli_pdf\" data-mtli=\"mtli_filesize1,80MB\">Recenzja &#8211; prof. dr hab. in\u017c. Marek Gzik<\/a><\/p>\n<style type=\"text\/css\">a[data-mtli~=\"mtli_filesize189,80kB\"]:after {content:\" (189,80 kB)\"}a[data-mtli~=\"mtli_filesize6,63kB\"]:after {content:\" (6,63 kB)\"}a[data-mtli~=\"mtli_filesize1,80MB\"]:after {content:\" (1,80 MB)\"}<\/style><\/div>\r\n                    <\/div>\r\n                <\/div>[vc_separator][\/vc_column][vc_column width=&#8221;1\/2&#8243;]\r\n                <div class=\"text-modules\">\r\n                    <div class=\"container\">\r\n                        \r\n                        <div class=\"text-modules__content\"><\/p>\n<h2>Post\u0119powania habilitacyjne<\/h2>\n<p>\n<\/div>\r\n                    <\/div>\r\n                <\/div>[vc_separator][\/vc_column][\/vc_row]<\/p>\n<p><\/p>\n<style type=\"text\/css\">a[data-mtli~=\"mtli_filesize189,80kB\"]:after {content:\" (189,80 kB)\"}a[data-mtli~=\"mtli_filesize6,63kB\"]:after {content:\" (6,63 kB)\"}a[data-mtli~=\"mtli_filesize1,80MB\"]:after {content:\" (1,80 MB)\"}<\/style>","protected":false},"excerpt":{"rendered":"<p>[vc_row el_class=&#8221;container&#8221;][vc_column width=&#8221;1\/2&#8243;][vc_separator][vc_separator][\/vc_column][vc_column width=&#8221;1\/2&#8243;][vc_separator][\/vc_column][\/vc_row] [&#8230;]<\/p>\n<p><a class=\"btn btn-secondary understrap-read-more-link\" href=\"https:\/\/us.edu.pl\/wydzial\/wnst\/badania-naukowe\/przewody-doktorskie-i-habilitacyjne\/\">Read More&#8230;<\/a><\/p>\n","protected":false},"author":92,"featured_media":0,"parent":664,"menu_order":0,"comment_status":"closed","ping_status":"closed","template":"","meta":{"_expiration-date-status":"saved","_expiration-date":0,"_expiration-date-type":"","_expiration-date-categories":[],"_expiration-date-options":[]},"acf":[],"_links":{"self":[{"href":"https:\/\/us.edu.pl\/wydzial\/wnst\/wp-json\/wp\/v2\/pages\/1502"}],"collection":[{"href":"https:\/\/us.edu.pl\/wydzial\/wnst\/wp-json\/wp\/v2\/pages"}],"about":[{"href":"https:\/\/us.edu.pl\/wydzial\/wnst\/wp-json\/wp\/v2\/types\/page"}],"author":[{"embeddable":true,"href":"https:\/\/us.edu.pl\/wydzial\/wnst\/wp-json\/wp\/v2\/users\/92"}],"replies":[{"embeddable":true,"href":"https:\/\/us.edu.pl\/wydzial\/wnst\/wp-json\/wp\/v2\/comments?post=1502"}],"version-history":[{"count":46,"href":"https:\/\/us.edu.pl\/wydzial\/wnst\/wp-json\/wp\/v2\/pages\/1502\/revisions"}],"predecessor-version":[{"id":3109,"href":"https:\/\/us.edu.pl\/wydzial\/wnst\/wp-json\/wp\/v2\/pages\/1502\/revisions\/3109"}],"up":[{"embeddable":true,"href":"https:\/\/us.edu.pl\/wydzial\/wnst\/wp-json\/wp\/v2\/pages\/664"}],"wp:attachment":[{"href":"https:\/\/us.edu.pl\/wydzial\/wnst\/wp-json\/wp\/v2\/media?parent=1502"}],"curies":[{"name":"wp","href":"https:\/\/api.w.org\/{rel}","templated":true}]}}