{"id":15729,"date":"2021-07-30T11:05:10","date_gmt":"2021-07-30T09:05:10","guid":{"rendered":"https:\/\/us.edu.pl\/wydzial\/wnst\/?page_id=15729"},"modified":"2021-07-30T11:10:43","modified_gmt":"2021-07-30T09:10:43","slug":"komunikaty","status":"publish","type":"page","link":"https:\/\/us.edu.pl\/wydzial\/wnst\/wspolpraca\/szkoly\/ksztalcenie-dla-przyszlosci\/komunikaty\/","title":{"rendered":"Komunikaty"},"content":{"rendered":"<p>[vc_row][vc_column]\r\n                            \r\n            <div class=\"announcement-loop loop-section color-blue\" style=\"background-color: \">\r\n                <div class=\"container\">\r\n\r\n                    <div class=\"announcement-loop-top loop-section-top\">\r\n                        <h2 class=\"section-title\">Kszta\u0142cenie dla przysz\u0142o\u015bci | Komunikaty<\/h2>\r\n                         \r\n                    <\/div>\r\n\r\n                    <div class=\"announcement-loop-main\">\r\n            \r\n                <article class=\"announcement-loop-post carousel-slide\">\r\n                    \r\n                    <a href=\"https:\/\/us.edu.pl\/wydzial\/wnst\/komunikaty\/ksztalcenie-dla-przyszlosci-sztuczna-inteligencja-w-sosnowieckim-ckziu\/\">    <h3 class=\"article-title announcement-loop-post__title\">Sztuczna Inteligencja w sosnowieckim CKZiU | Kszta\u0142cenie dla przysz\u0142o\u015bci<\/h3> <\/a>\r\n                        \r\n                    <a href=\"https:\/\/us.edu.pl\/wydzial\/wnst\/komunikaty\/ksztalcenie-dla-przyszlosci-sztuczna-inteligencja-w-sosnowieckim-ckziu\/\">     <div class=\"announcement-loop-post__text\">[vc_row][vc_column width=&#8221;2\/3&#8243;][\/vc_column][vc_column width=&#8221;1\/3&#8243;][vc_single_image image=&#8221;15731&#8243; img_size=&#8221;large&#8221;][\/vc_column][\/vc_row][vc_row][vc_column][\/vc_column][\/vc_row][vc_row][vc_column wi...<\/div> <\/a>\r\n                    \r\n                     <a href=\"https:\/\/us.edu.pl\/wydzial\/wnst\/komunikaty\/ksztalcenie-dla-przyszlosci-sztuczna-inteligencja-w-sosnowieckim-ckziu\/\">   <div class=\"announcement-loop-post__more\">wi\u0119cej...<\/div> <\/a>\r\n                    \r\n                <\/article>\r\n            \r\n                <article class=\"announcement-loop-post carousel-slide\">\r\n                    \r\n                    <a href=\"https:\/\/us.edu.pl\/wydzial\/wnst\/komunikaty\/kolorowo-i-naukowo-baczyn-na-zajeciach-z-chemii-ksztalcenie-dla-przyszlosci\/\">    <h3 class=\"article-title announcement-loop-post__title\">Kolorowo i naukowo | Baczyn na zaj\u0119ciach z chemii | Kszta\u0142cenie dla przysz\u0142o\u015bci<\/h3> <\/a>\r\n                        \r\n                    <a href=\"https:\/\/us.edu.pl\/wydzial\/wnst\/komunikaty\/kolorowo-i-naukowo-baczyn-na-zajeciach-z-chemii-ksztalcenie-dla-przyszlosci\/\">     <div class=\"announcement-loop-post__text\">[vc_row][vc_column][\/vc_column][\/vc_row][vc_row][vc_column width=&#8221;1\/3&#8243;][vc_single_image image=&#8221;169550&#8243; img_size=&#8221;large&#8221; add_caption=&#8221;yes&#8221; alignment=&#8221;center&#8221; style=&#8221;vc_box_rounded...<\/div> <\/a>\r\n                    \r\n                     <a href=\"https:\/\/us.edu.pl\/wydzial\/wnst\/komunikaty\/kolorowo-i-naukowo-baczyn-na-zajeciach-z-chemii-ksztalcenie-dla-przyszlosci\/\">   <div class=\"announcement-loop-post__more\">wi\u0119cej...<\/div> <\/a>\r\n                    \r\n                <\/article>\r\n            \r\n                <article class=\"announcement-loop-post carousel-slide\">\r\n                    \r\n                    <a href=\"https:\/\/us.edu.pl\/wydzial\/wnst\/komunikaty\/wyklad-z-matematyki-klasy-dla-iv-z-zespolu-szkol-nr-2-w-rudzie-slaskiej\/\">    <h3 class=\"article-title announcement-loop-post__title\">Wyk\u0142ad z matematyki dla klasy IV z Zespo\u0142u Szk\u00f3\u0142 nr 2 w Rudzie \u015al\u0105skiej | Kszta\u0142cenie dla przysz\u0142o\u015bci<\/h3> <\/a>\r\n                        \r\n                    <a href=\"https:\/\/us.edu.pl\/wydzial\/wnst\/komunikaty\/wyklad-z-matematyki-klasy-dla-iv-z-zespolu-szkol-nr-2-w-rudzie-slaskiej\/\">     <div class=\"announcement-loop-post__text\">[vc_row][vc_column][\/vc_column][\/vc_row][vc_row][vc_column][\/vc_column][\/vc_row] [...]<p><a class=\"btn btn-secondary understrap-read-more-link\" href=\"https:\/\/us.edu.pl\/wydzial\/wnst\/wspolpraca\/szkoly\/ksztalcenie-dla-przyszlosci\/komunikaty\/\">Read...<\/div> <\/a>\r\n                    \r\n                     <a href=\"https:\/\/us.edu.pl\/wydzial\/wnst\/komunikaty\/wyklad-z-matematyki-klasy-dla-iv-z-zespolu-szkol-nr-2-w-rudzie-slaskiej\/\">   <div class=\"announcement-loop-post__more\">wi\u0119cej...<\/div> <\/a>\r\n                    \r\n                <\/article>\r\n            \r\n                <article class=\"announcement-loop-post carousel-slide\">\r\n                    \r\n                    <a href=\"https:\/\/us.edu.pl\/wydzial\/wnst\/komunikaty\/164034\/\">    <h3 class=\"article-title announcement-loop-post__title\">Wyk\u0142ady z informatyki w Centrum Kszta\u0142cenia Ustawicznego i Zawodowego w Sosnowcu | Kszta\u0142cenie dla przysz\u0142o\u015bci<\/h3> <\/a>\r\n                        \r\n                    <a href=\"https:\/\/us.edu.pl\/wydzial\/wnst\/komunikaty\/164034\/\">     <div class=\"announcement-loop-post__text\">[vc_row][vc_column][\/vc_column][\/vc_row][vc_row][vc_column][\/vc_column][\/vc_row] [...]<p><a class=\"btn btn-secondary understrap-read-more-link\" href=\"https:\/\/us.edu.pl\/wydzial\/wnst\/wspolpraca\/szkoly\/ksztalcenie-dla-przyszlosci\/komunikaty\/\">Read...<\/div> <\/a>\r\n                    \r\n                     <a href=\"https:\/\/us.edu.pl\/wydzial\/wnst\/komunikaty\/164034\/\">   <div class=\"announcement-loop-post__more\">wi\u0119cej...<\/div> <\/a>\r\n                    \r\n                <\/article>\r\n            \r\n                <article class=\"announcement-loop-post carousel-slide\">\r\n                    \r\n                    <a href=\"https:\/\/us.edu.pl\/wydzial\/wnst\/komunikaty\/kryptowaluty-i-technologia-blockchain-nowy-warsztat-w-projekcie-ksztalcenie-dla-przyszlosci\/\">    <h3 class=\"article-title announcement-loop-post__title\">Kryptowaluty i technologia blockchain | Nowy warsztat w projekcie \u201eKszta\u0142cenie dla przysz\u0142o\u015bci&#8221;<\/h3> <\/a>\r\n                        \r\n                    <a href=\"https:\/\/us.edu.pl\/wydzial\/wnst\/komunikaty\/kryptowaluty-i-technologia-blockchain-nowy-warsztat-w-projekcie-ksztalcenie-dla-przyszlosci\/\">     <div class=\"announcement-loop-post__text\">[vc_row][vc_column width=&#8221;4\/6&#8243;][\/vc_column][vc_column width=&#8221;2\/6&#8243;][\/vc_column][\/vc_row] [...]<p><a class=\"btn btn-secondary understrap-read-more-link\" href=\"https:\/\/us.edu.pl\/wydzial\/wnst\/wspolpraca\/szkoly\/ksztalcenie-dl...<\/div> <\/a>\r\n                    \r\n                     <a href=\"https:\/\/us.edu.pl\/wydzial\/wnst\/komunikaty\/kryptowaluty-i-technologia-blockchain-nowy-warsztat-w-projekcie-ksztalcenie-dla-przyszlosci\/\">   <div class=\"announcement-loop-post__more\">wi\u0119cej...<\/div> <\/a>\r\n                    \r\n                <\/article>\r\n            \r\n                <article class=\"announcement-loop-post carousel-slide\">\r\n                    \r\n                    <a href=\"https:\/\/us.edu.pl\/wydzial\/wnst\/komunikaty\/wspolpraca-ze-szkolami-podsumowanie\/\">    <h3 class=\"article-title announcement-loop-post__title\">Wsp\u00f3\u0142praca ze szko\u0142ami &#8211; podsumowanie roku akademickiego 2021\/2022<\/h3> <\/a>\r\n                        \r\n                    <a href=\"https:\/\/us.edu.pl\/wydzial\/wnst\/komunikaty\/wspolpraca-ze-szkolami-podsumowanie\/\">     <div class=\"announcement-loop-post__text\">[vc_row][vc_column][\/vc_column][\/vc_row][vc_row][vc_column][\/vc_column][\/vc_row][vc_row][vc_column][\/vc_column][\/vc_row] [...]<p><a class=\"btn btn-secondary understrap-read-more-link\" href=\"https:\/\/us.edu.pl\/wydzial\/wnst\/wspolpraca\/szkoly\/kszta...<\/div> <\/a>\r\n                    \r\n                     <a href=\"https:\/\/us.edu.pl\/wydzial\/wnst\/komunikaty\/wspolpraca-ze-szkolami-podsumowanie\/\">   <div class=\"announcement-loop-post__more\">wi\u0119cej...<\/div> <\/a>\r\n                    \r\n                <\/article><\/div>\r\n                    \r\n                    <div class=\"announcement-loop-main announcement-loop-main_responsive carousel\">\r\n                    \r\n                        <a href = \"#\" data-slide = \"prev\" class=\"arrow\" >\r\n                            <em class=\"ci ci-angle-left\" ><\/em >\r\n                            <span class=\"d-none\" > arrow<\/span >\r\n                        <\/a>\r\n    \r\n                        <a href = \"#\" data-slide = \"next\" class=\"arrow\" >\r\n                            <em class=\"ci ci-angle-right\" ><\/em >\r\n                            <span class=\"d-none\" > arrow<\/span >\r\n                        <\/a>\r\n                    \r\n                        <div class=\"row items\">\r\n            \r\n                <article class=\"announcement-loop-post carousel-slide\">\r\n                    \r\n                    <a href=\"https:\/\/us.edu.pl\/wydzial\/wnst\/komunikaty\/ksztalcenie-dla-przyszlosci-sztuczna-inteligencja-w-sosnowieckim-ckziu\/\">    <h3 class=\"article-title announcement-loop-post__title\">Sztuczna Inteligencja w sosnowieckim CKZiU | Kszta\u0142cenie dla przysz\u0142o\u015bci<\/h3> <\/a>\r\n                        \r\n                    <a href=\"https:\/\/us.edu.pl\/wydzial\/wnst\/komunikaty\/ksztalcenie-dla-przyszlosci-sztuczna-inteligencja-w-sosnowieckim-ckziu\/\">     <div class=\"announcement-loop-post__text\">[vc_row][vc_column width=&#8221;2\/3&#8243;][\/vc_column][vc_column width=&#8221;1\/3&#8243;][vc_single_image image=&#8221;15731&#8243; img_size=&#8221;large&#8221;][\/vc_column][\/vc_row][vc_row][vc_column][\/vc_column][\/vc_row][vc_row][vc_column wi...<\/div> <\/a>\r\n                    \r\n                     <a href=\"https:\/\/us.edu.pl\/wydzial\/wnst\/komunikaty\/ksztalcenie-dla-przyszlosci-sztuczna-inteligencja-w-sosnowieckim-ckziu\/\">   <div class=\"announcement-loop-post__more\">wi\u0119cej...<\/div> <\/a>\r\n                    \r\n                <\/article>\r\n            \r\n                <article class=\"announcement-loop-post carousel-slide\">\r\n                    \r\n                    <a href=\"https:\/\/us.edu.pl\/wydzial\/wnst\/komunikaty\/kolorowo-i-naukowo-baczyn-na-zajeciach-z-chemii-ksztalcenie-dla-przyszlosci\/\">    <h3 class=\"article-title announcement-loop-post__title\">Kolorowo i naukowo | Baczyn na zaj\u0119ciach z chemii | Kszta\u0142cenie dla przysz\u0142o\u015bci<\/h3> <\/a>\r\n                        \r\n                    <a href=\"https:\/\/us.edu.pl\/wydzial\/wnst\/komunikaty\/kolorowo-i-naukowo-baczyn-na-zajeciach-z-chemii-ksztalcenie-dla-przyszlosci\/\">     <div class=\"announcement-loop-post__text\">[vc_row][vc_column][\/vc_column][\/vc_row][vc_row][vc_column width=&#8221;1\/3&#8243;][vc_single_image image=&#8221;169550&#8243; img_size=&#8221;large&#8221; add_caption=&#8221;yes&#8221; alignment=&#8221;center&#8221; style=&#8221;vc_box_rounded...<\/div> <\/a>\r\n                    \r\n                     <a href=\"https:\/\/us.edu.pl\/wydzial\/wnst\/komunikaty\/kolorowo-i-naukowo-baczyn-na-zajeciach-z-chemii-ksztalcenie-dla-przyszlosci\/\">   <div class=\"announcement-loop-post__more\">wi\u0119cej...<\/div> <\/a>\r\n                    \r\n                <\/article>\r\n            \r\n                <article class=\"announcement-loop-post carousel-slide\">\r\n                    \r\n                    <a href=\"https:\/\/us.edu.pl\/wydzial\/wnst\/komunikaty\/wyklad-z-matematyki-klasy-dla-iv-z-zespolu-szkol-nr-2-w-rudzie-slaskiej\/\">    <h3 class=\"article-title announcement-loop-post__title\">Wyk\u0142ad z matematyki dla klasy IV z Zespo\u0142u Szk\u00f3\u0142 nr 2 w Rudzie \u015al\u0105skiej | Kszta\u0142cenie dla przysz\u0142o\u015bci<\/h3> <\/a>\r\n                        \r\n                    <a href=\"https:\/\/us.edu.pl\/wydzial\/wnst\/komunikaty\/wyklad-z-matematyki-klasy-dla-iv-z-zespolu-szkol-nr-2-w-rudzie-slaskiej\/\">     <div class=\"announcement-loop-post__text\">[vc_row][vc_column][\/vc_column][\/vc_row][vc_row][vc_column][\/vc_column][\/vc_row] [...]<p><a class=\"btn btn-secondary understrap-read-more-link\" href=\"https:\/\/us.edu.pl\/wydzial\/wnst\/wspolpraca\/szkoly\/ksztalcenie-dla-przyszlosci\/komunikaty\/\">Read...<\/div> <\/a>\r\n                    \r\n                     <a href=\"https:\/\/us.edu.pl\/wydzial\/wnst\/komunikaty\/wyklad-z-matematyki-klasy-dla-iv-z-zespolu-szkol-nr-2-w-rudzie-slaskiej\/\">   <div class=\"announcement-loop-post__more\">wi\u0119cej...<\/div> <\/a>\r\n                    \r\n                <\/article>\r\n            \r\n                <article class=\"announcement-loop-post carousel-slide\">\r\n                    \r\n                    <a href=\"https:\/\/us.edu.pl\/wydzial\/wnst\/komunikaty\/164034\/\">    <h3 class=\"article-title announcement-loop-post__title\">Wyk\u0142ady z informatyki w Centrum Kszta\u0142cenia Ustawicznego i Zawodowego w Sosnowcu | Kszta\u0142cenie dla przysz\u0142o\u015bci<\/h3> <\/a>\r\n                        \r\n                    <a href=\"https:\/\/us.edu.pl\/wydzial\/wnst\/komunikaty\/164034\/\">     <div class=\"announcement-loop-post__text\">[vc_row][vc_column][\/vc_column][\/vc_row][vc_row][vc_column][\/vc_column][\/vc_row] [...]<p><a class=\"btn btn-secondary understrap-read-more-link\" href=\"https:\/\/us.edu.pl\/wydzial\/wnst\/wspolpraca\/szkoly\/ksztalcenie-dla-przyszlosci\/komunikaty\/\">Read...<\/div> <\/a>\r\n                    \r\n                     <a href=\"https:\/\/us.edu.pl\/wydzial\/wnst\/komunikaty\/164034\/\">   <div class=\"announcement-loop-post__more\">wi\u0119cej...<\/div> <\/a>\r\n                    \r\n                <\/article>\r\n            \r\n                <article class=\"announcement-loop-post carousel-slide\">\r\n                    \r\n                    <a href=\"https:\/\/us.edu.pl\/wydzial\/wnst\/komunikaty\/kryptowaluty-i-technologia-blockchain-nowy-warsztat-w-projekcie-ksztalcenie-dla-przyszlosci\/\">    <h3 class=\"article-title announcement-loop-post__title\">Kryptowaluty i technologia blockchain | Nowy warsztat w projekcie \u201eKszta\u0142cenie dla przysz\u0142o\u015bci&#8221;<\/h3> <\/a>\r\n                        \r\n                    <a href=\"https:\/\/us.edu.pl\/wydzial\/wnst\/komunikaty\/kryptowaluty-i-technologia-blockchain-nowy-warsztat-w-projekcie-ksztalcenie-dla-przyszlosci\/\">     <div class=\"announcement-loop-post__text\">[vc_row][vc_column width=&#8221;4\/6&#8243;][\/vc_column][vc_column width=&#8221;2\/6&#8243;][\/vc_column][\/vc_row] [...]<p><a class=\"btn btn-secondary understrap-read-more-link\" href=\"https:\/\/us.edu.pl\/wydzial\/wnst\/wspolpraca\/szkoly\/ksztalcenie-dl...<\/div> <\/a>\r\n                    \r\n                     <a href=\"https:\/\/us.edu.pl\/wydzial\/wnst\/komunikaty\/kryptowaluty-i-technologia-blockchain-nowy-warsztat-w-projekcie-ksztalcenie-dla-przyszlosci\/\">   <div class=\"announcement-loop-post__more\">wi\u0119cej...<\/div> <\/a>\r\n                    \r\n                <\/article>\r\n            \r\n                <article class=\"announcement-loop-post carousel-slide\">\r\n                    \r\n                    <a href=\"https:\/\/us.edu.pl\/wydzial\/wnst\/komunikaty\/wspolpraca-ze-szkolami-podsumowanie\/\">    <h3 class=\"article-title announcement-loop-post__title\">Wsp\u00f3\u0142praca ze szko\u0142ami &#8211; podsumowanie roku akademickiego 2021\/2022<\/h3> <\/a>\r\n                        \r\n                    <a href=\"https:\/\/us.edu.pl\/wydzial\/wnst\/komunikaty\/wspolpraca-ze-szkolami-podsumowanie\/\">     <div class=\"announcement-loop-post__text\">[vc_row][vc_column][\/vc_column][\/vc_row][vc_row][vc_column][\/vc_column][\/vc_row][vc_row][vc_column][\/vc_column][\/vc_row] [...]<p><a class=\"btn btn-secondary understrap-read-more-link\" href=\"https:\/\/us.edu.pl\/wydzial\/wnst\/wspolpraca\/szkoly\/kszta...<\/div> <\/a>\r\n                    \r\n                     <a href=\"https:\/\/us.edu.pl\/wydzial\/wnst\/komunikaty\/wspolpraca-ze-szkolami-podsumowanie\/\">   <div class=\"announcement-loop-post__more\">wi\u0119cej...<\/div> <\/a>\r\n                    \r\n                <\/article><\/div>\r\n                    <\/div>\r\n                <\/div>\r\n            <\/div>\r\n            [\/vc_column][\/vc_row]<\/p>","protected":false},"excerpt":{"rendered":"<p>[vc_row][vc_column][\/vc_column][\/vc_row] [&#8230;]<\/p>\n<p><a class=\"btn btn-secondary understrap-read-more-link\" href=\"https:\/\/us.edu.pl\/wydzial\/wnst\/wspolpraca\/szkoly\/ksztalcenie-dla-przyszlosci\/komunikaty\/\">Read More&#8230;<\/a><\/p>\n","protected":false},"author":92,"featured_media":0,"parent":8457,"menu_order":0,"comment_status":"closed","ping_status":"closed","template":"","meta":{"_expiration-date-status":"saved","_expiration-date":0,"_expiration-date-type":"","_expiration-date-categories":[],"_expiration-date-options":[]},"acf":[],"_links":{"self":[{"href":"https:\/\/us.edu.pl\/wydzial\/wnst\/wp-json\/wp\/v2\/pages\/15729"}],"collection":[{"href":"https:\/\/us.edu.pl\/wydzial\/wnst\/wp-json\/wp\/v2\/pages"}],"about":[{"href":"https:\/\/us.edu.pl\/wydzial\/wnst\/wp-json\/wp\/v2\/types\/page"}],"author":[{"embeddable":true,"href":"https:\/\/us.edu.pl\/wydzial\/wnst\/wp-json\/wp\/v2\/users\/92"}],"replies":[{"embeddable":true,"href":"https:\/\/us.edu.pl\/wydzial\/wnst\/wp-json\/wp\/v2\/comments?post=15729"}],"version-history":[{"count":4,"href":"https:\/\/us.edu.pl\/wydzial\/wnst\/wp-json\/wp\/v2\/pages\/15729\/revisions"}],"predecessor-version":[{"id":15734,"href":"https:\/\/us.edu.pl\/wydzial\/wnst\/wp-json\/wp\/v2\/pages\/15729\/revisions\/15734"}],"up":[{"embeddable":true,"href":"https:\/\/us.edu.pl\/wydzial\/wnst\/wp-json\/wp\/v2\/pages\/8457"}],"wp:attachment":[{"href":"https:\/\/us.edu.pl\/wydzial\/wnst\/wp-json\/wp\/v2\/media?parent=15729"}],"curies":[{"name":"wp","href":"https:\/\/api.w.org\/{rel}","templated":true}]}}