{"id":157570,"date":"2022-06-11T08:58:35","date_gmt":"2022-06-11T06:58:35","guid":{"rendered":"https:\/\/us.edu.pl\/wydzial\/wnst\/?page_id=157570"},"modified":"2022-12-16T21:11:08","modified_gmt":"2022-12-16T20:11:08","slug":"pinus","status":"publish","type":"page","link":"https:\/\/us.edu.pl\/wydzial\/wnst\/strona-glowna\/realizowane-projekty\/projekty-dydaktyczne-pozostale\/pinus\/","title":{"rendered":"pinus"},"content":{"rendered":"<p>[vc_row el_class=&#8221;container&#8221;][vc_column width=&#8221;1\/4&#8243;][vc_wp_custommenu nav_menu=&#8221;733&#8243; title=&#8221;MENU&#8221;]  <div class=\"announcements-wrap\"> \r\n\t\t\t\t\t\t\t\t\t<div class=\"announcements announcements_1\" style=\"background-color:\">\r\n                                <div class=\"section-title\">Komunikaty<\/div>\r\n                                \r\n                                <style>.xkowzr.angle-list > li::before{color:  !important}<\/style><div class=\"d-flex flex-wrap\"><ul class=\"angle-list xkowzr\" ><li > <a href = \"https:\/\/us.edu.pl\/wydzial\/wnst\/komunikaty\/22-11-2023-r-wyklad-magiczny-swiat-fosforu\/\" style=\"color:\"> 22.11.2023 r. | Trwa rejestracja na wyk\u0142ad \u201eZaproszenie do magicznego \u015bwiata chemii fosforu&#8221; | projekt PINU\u015a <\/a > <\/li > <li > <a href = \"https:\/\/us.edu.pl\/wydzial\/wnst\/komunikaty\/29-11-2023-r-z-najlepszymi-przez-nauke-wyklady-popularnonaukowe\/\" style=\"color:\"> 29.11.2023 r. | Z najlepszymi przez nauk\u0119 \u2013 wyk\u0142ady popularnonaukowe | projekt PINU\u015a <\/a > <\/li > <li > <a href = \"https:\/\/us.edu.pl\/wydzial\/wnst\/komunikaty\/12-09-2023-r-wyklad-neutrinos-and-secrets-of-our-universe\/\" style=\"color:\"> 12.09.2023 r. Wyk\u0142ad &#8222;Neutrinos and secrets of our Universe&#8221; <\/a > <\/li > <li > <a href = \"https:\/\/us.edu.pl\/wydzial\/wnst\/komunikaty\/12-09-2023-r-wyklad-proporcjonalnosc-czy-zawsze-jest-taka-prosta\/\" style=\"color:\"> 12.09.2023 r. Wyk\u0142ad &#8222;Proporcjonalno\u015b\u0107, czy zawsze jest taka prosta?&#8221; <\/a > <\/li > <li > <a href = \"https:\/\/us.edu.pl\/wydzial\/wnst\/komunikaty\/galeria-zdjec-szkola-letnia-12-16-06-2023-r\/\" style=\"color:\"> Galeria zdj\u0119\u0107 | Szko\u0142a Letnia 12-16.06.2023 r. <\/a > <\/li > <li > <a href = \"https:\/\/us.edu.pl\/wydzial\/wnst\/komunikaty\/21-06-2023-r-wyklad-pistolet-dla-kazdego-czyli-jak-dziala-druk-3d\/\" style=\"color:\"> 21.06.2023 r. Wyk\u0142ad &#8222;Pistolet dla ka\u017cdego, czyli jak dzia\u0142a druk 3D&#8221; <\/a > <\/li > <li > <a href = \"https:\/\/us.edu.pl\/wydzial\/wnst\/komunikaty\/21-06-2023-r-wyklad-kolorowa-zywnosc-co-wybrac-aby-zyc-zdrowo\/\" style=\"color:\"> 21.06.2023 r. Wyk\u0142ad &#8222;Kolorowa \u017cywno\u015b\u0107 &#8211; co wybra\u0107, aby \u017cy\u0107 zdrowo?&#8221; <\/a > <\/li > <li > <a href = \"https:\/\/us.edu.pl\/wydzial\/wnst\/komunikaty\/06-06-2023-r-wyklad-lanie-wody-n-temat-wody\/\" style=\"color:\"> 06.06.2023 r. Wyk\u0142ad &#8222;Lanie wody na temat wody&#8221; <\/a > <\/li > <li > <a href = \"https:\/\/us.edu.pl\/wydzial\/wnst\/komunikaty\/06-06-2023-r-wyklad-wladca-pierscieni-czyli-po-co-nam-duze-laboratoria-fizyki-jadrowej-i-czastek-elementarnych\/\" style=\"color:\"> 06.06.2023 r. Wyk\u0142ad &#8222;W\u0142adca pier\u015bcieni, czyli po co nam du\u017ce laboratoria fizyki j\u0105drowej i cz\u0105stek elementarnych&#8221; <\/a > <\/li > <li > <a href = \"https:\/\/us.edu.pl\/wydzial\/wnst\/komunikaty\/31-05-2023-r-wyklad-terapie-celowe-w-leczeniu-nowotworow\/\" style=\"color:\"> 31.05.2023 r. Wyk\u0142ad &#8222;Terapie celowe w leczeniu nowotwor\u00f3w&#8221; <\/a > <\/li > <\/ul><\/div>\r\n\t\t\t\t\t\t\t\t\t<\/div>\r\n\t\t\t\t\t\t\t\t<\/div>[\/vc_column][vc_column width=&#8221;3\/4&#8243;]\r\n                <div class=\"text-modules\">\r\n                    <div class=\"container\">\r\n                        <h3 class=\"section-title text-modules__title\">Projekt <i>Popularyzacja i Nauka: PIN U\u015a - kod do przysz\u0142o\u015bci<\/i><\/h3> \r\n                        <div class=\"row m-0\">\r\n                            <div class=\"text-modules__content\">Celem g\u0142\u00f3wnym projektu jest popularyzacja nauki w dziedzinie nauk \u015bcis\u0142ych i in\u017cynieryjno-technicznych oraz promocja osi\u0105gni\u0119\u0107 naukowych pracownik\u00f3w Wydzia\u0142u Nauk \u015acis\u0142ych i Technicznych Uniwersytetu \u015al\u0105skiego w Katowicach.<\/p>\n<p><b>Koordynator projektu: dr hab. Agnieszka Nowak-Brzezi\u0144ska, prof. U\u015a.<\/b><\/p>\n<p><strong>Koordynator ds. administracyjnych i sprawozdawczo\u015bci: mgr Patrycja Wajda-Mierzwa.<\/strong><\/p>\n<p>Dzia\u0142ania przewidziane w projekcie:<\/p>\n<ol>\n<li><span style=\"color: #002e5a;\"><strong>Szko\u0142a letnia:<\/strong> <\/span>przyczyni si\u0119 do realizacji celu projektu poprzez promocj\u0119 potencja\u0142u naukowego WN\u015aiT oraz upowszechnienie aktualnych trend\u00f3w badawczych w naukach \u015bcis\u0142ych i in\u017cynieryjno-technicznych.<br \/>\n<strong>Koordynator: dr hab. El\u017cbieta Stephan, prof. U\u015a<\/strong><\/li>\n<li><span style=\"color: #002e5a;\"><strong>Z najlepszymi przez nauk\u0119 &#8211; warsztaty popularnonaukowe<\/strong><\/span>: przyczyni\u0105 si\u0119 do pobudzenia ciekawo\u015bci poznawczej, kreatywno\u015bci i ch\u0119ci pog\u0142\u0119biania wiedzy. Ponadto uczestnicy warsztat\u00f3w zaczn\u0105 identyfikowa\u0107 Uniwersytet \u015al\u0105ski jako miejsce, w kt\u00f3rym studiuj\u0105c mo\u017cna zdobywa\u0107 wysokie kwalifikacje, pracowa\u0107 w nowoczesnych laboratoriach, wsp\u00f3\u0142uczestniczy\u0107 w mi\u0119dzynarodowych projektach.<br \/>\n<strong>Koordynatorzy:\u00a0dr Aneta Szczygielska-\u0141aciak, dr Marcin \u0141aciak<\/strong><\/li>\n<li><strong><span style=\"color: #002e5a;\">Z najlepszymi przez nauk\u0119 &#8211; wyk\u0142ady popularnonaukowe<\/span><\/strong>: wprowadz\u0105 uczni\u00f3w w \u015bwiat bada\u0144 prowadzonych przez naukowc\u00f3w. Uczestnicy zdob\u0119d\u0105 wiedz\u0119 o najnowszych osi\u0105gni\u0119ciach naukowych oraz mo\u017cliwo\u015bciach wykorzystania wiedzy naukowej w praktyce.<br \/>\n<strong>Koordynatorzy: dr Aneta Szczygielska-\u0141aciak, dr Marcin \u0141aciak\u00a0<\/strong><\/li>\n<li><span style=\"color: #002e5a;\"><strong>Rodzinny Piknik Naukowy WN\u015aiT<\/strong><\/span>: jest wydarzeniem edukacyjnym, bezp\u0142atnym i otwartym dla publiczno\u015bci. Dzia\u0142anie przyczyni si\u0119 do realizacji celu projektu poprzez stymulowanie i podtrzymywanie zainteresowania spo\u0142ecze\u0144stwa naszego regionu naukami \u015bcis\u0142ymi, technologi\u0105, in\u017cynieri\u0105 i matematyk\u0105 (STEM).<br \/>\n<strong>Koordynator: dr hab. Ma\u0142gorzata Karolus, prof. U\u015a<\/strong><\/li>\n<\/ol>\n<p>Szereg dzia\u0142a\u0144 prowadzonych w ramach szko\u0142y letniej, warsztat\u00f3w, konkurs\u00f3w i pikniku koncentruje si\u0119 na uczeniu si\u0119 przez do\u015bwiadczenie. M\u0142odzie\u017c b\u0119dzie mia\u0142a unikaln\u0105 okazj\u0119 poznania warsztatu wsp\u00f3\u0142czesnego badacza poprzez aktywne dzia\u0142ania w nowoczesnych laboratoriach naukowych i realizacj\u0119 projekt\u00f3w.<\/p>\n<p><a href=\"https:\/\/us.edu.pl\/wydzial\/wnst\/wp-content\/uploads\/sites\/18\/Dokumenty-zalaczniki\/Zarzadzenie-nr-144_2022.pdf\" class=\"mtli_attachment mtli_pdf\" data-mtli=\"mtli_filesize175,89kB\">Zarz\u0105dzenie nr 144<\/a><\/p>\n<p><a href=\"https:\/\/us.edu.pl\/wydzial\/wnst\/wp-content\/uploads\/sites\/18\/Dokumenty-zalaczniki\/zal.-do-zarzadzenia_Regulamin-rekrutacji-i-uczestnictwa.pdf\" class=\"mtli_attachment mtli_pdf\" data-mtli=\"mtli_filesize233,16kB\">Regulamin uczestnictwa w projekcie PIN U\u015a<\/a><\/p>\n<p><a href=\"https:\/\/us.edu.pl\/wydzial\/wnst\/wp-content\/uploads\/sites\/18\/Dokumenty-zalaczniki\/Zalacznik-3-Formularz-rejestracyjny-zapisy-indywidualne.pdf\" class=\"mtli_attachment mtli_pdf\" data-mtli=\"mtli_filesize228,49kB\">Formularz rejestracyjny (zapisy indywidualne)<\/a><\/p>\n<p><a href=\"https:\/\/us.edu.pl\/wydzial\/wnst\/wp-content\/uploads\/sites\/18\/Dokumenty-zalaczniki\/Zalacznik-2-Formularz-rejestracyjny-szkoly.pdf\" class=\"mtli_attachment mtli_pdf\" data-mtli=\"mtli_filesize222,32kB\">Formularz rejestracyjny (szko\u0142y)<\/a><\/div>\r\n                            <div class=\"text-modules__numerical\"><div><span class=\"text-modules__num\"><\/span> <\/div><\/div>\r\n                        <\/div>\r\n                    <\/div>\r\n                <\/div>[\/vc_column][\/vc_row][vc_row][vc_column]<div class=\"container\"><div class=\"separator\" style=\"background-color: #002E5A\"><\/div><\/div>\r\n                <div class=\"text-modules\">\r\n                    <div class=\"container\">\r\n                        \r\n                        <div class=\"text-modules__content\"><p><img class=\"alignnone size-full wp-image-157602\" src=\"https:\/\/us.edu.pl\/wydzial\/wnst\/wp-content\/uploads\/sites\/18\/Bez-kategorii\/loga-1.png\" alt=\"\" width=\"100%\" height=\"auto\" srcset=\"https:\/\/us.edu.pl\/wydzial\/wnst\/wp-content\/uploads\/sites\/18\/Bez-kategorii\/loga-1.png 1000w, https:\/\/us.edu.pl\/wydzial\/wnst\/wp-content\/uploads\/sites\/18\/Bez-kategorii\/loga-1-300x44.png 300w, https:\/\/us.edu.pl\/wydzial\/wnst\/wp-content\/uploads\/sites\/18\/Bez-kategorii\/loga-1-768x113.png 768w, https:\/\/us.edu.pl\/wydzial\/wnst\/wp-content\/uploads\/sites\/18\/Bez-kategorii\/loga-1-575x85.png 575w\" sizes=\"(max-width: 1000px) 100vw, 1000px\" \/><\/p>\n<p><center>Projekt dofinansowano w ramach programu \u201eSpo\u0142eczna odpowiedzialno\u015b\u0107 nauki\u201d Ministerstwa Edukacji i Nauki.<\/center><\/p>\n<\/div>\r\n                    <\/div>\r\n                <\/div>[\/vc_column][\/vc_row]<\/p>\n<style type=\"text\/css\">a[data-mtli~=\"mtli_filesize175,89kB\"]:after {content:\" (175,89 kB)\"}a[data-mtli~=\"mtli_filesize233,16kB\"]:after {content:\" (233,16 kB)\"}a[data-mtli~=\"mtli_filesize228,49kB\"]:after {content:\" (228,49 kB)\"}a[data-mtli~=\"mtli_filesize222,32kB\"]:after {content:\" (222,32 kB)\"}<\/style>","protected":false},"excerpt":{"rendered":"<p>[vc_row el_class=&#8221;container&#8221;][vc_column width=&#8221;1\/4&#8243;][vc_wp_custommenu nav_menu=&#8221;733&#8243; title=&#8221;MENU&#8221;][\/vc_column][vc_column width=&#8221;3\/4&#8243;][\/vc_column][\/vc_row][vc_row][vc_column][\/vc_column][\/vc_row] [&#8230;]<\/p>\n<p><a class=\"btn btn-secondary understrap-read-more-link\" href=\"https:\/\/us.edu.pl\/wydzial\/wnst\/strona-glowna\/realizowane-projekty\/projekty-dydaktyczne-pozostale\/pinus\/\">Read More&#8230;<\/a><\/p>\n","protected":false},"author":92,"featured_media":0,"parent":6775,"menu_order":0,"comment_status":"closed","ping_status":"closed","template":"","meta":{"_expiration-date-status":"","_expiration-date":0,"_expiration-date-type":"","_expiration-date-categories":[],"_expiration-date-options":[]},"acf":[],"_links":{"self":[{"href":"https:\/\/us.edu.pl\/wydzial\/wnst\/wp-json\/wp\/v2\/pages\/157570"}],"collection":[{"href":"https:\/\/us.edu.pl\/wydzial\/wnst\/wp-json\/wp\/v2\/pages"}],"about":[{"href":"https:\/\/us.edu.pl\/wydzial\/wnst\/wp-json\/wp\/v2\/types\/page"}],"author":[{"embeddable":true,"href":"https:\/\/us.edu.pl\/wydzial\/wnst\/wp-json\/wp\/v2\/users\/92"}],"replies":[{"embeddable":true,"href":"https:\/\/us.edu.pl\/wydzial\/wnst\/wp-json\/wp\/v2\/comments?post=157570"}],"version-history":[{"count":12,"href":"https:\/\/us.edu.pl\/wydzial\/wnst\/wp-json\/wp\/v2\/pages\/157570\/revisions"}],"predecessor-version":[{"id":162291,"href":"https:\/\/us.edu.pl\/wydzial\/wnst\/wp-json\/wp\/v2\/pages\/157570\/revisions\/162291"}],"up":[{"embeddable":true,"href":"https:\/\/us.edu.pl\/wydzial\/wnst\/wp-json\/wp\/v2\/pages\/6775"}],"wp:attachment":[{"href":"https:\/\/us.edu.pl\/wydzial\/wnst\/wp-json\/wp\/v2\/media?parent=157570"}],"curies":[{"name":"wp","href":"https:\/\/api.w.org\/{rel}","templated":true}]}}