{"id":157581,"date":"2022-06-11T09:27:37","date_gmt":"2022-06-11T07:27:37","guid":{"rendered":"https:\/\/us.edu.pl\/wydzial\/wnst\/?page_id=157581"},"modified":"2022-11-04T09:02:58","modified_gmt":"2022-11-04T08:02:58","slug":"wyklady","status":"publish","type":"page","link":"https:\/\/us.edu.pl\/wydzial\/wnst\/strona-glowna\/realizowane-projekty\/projekty-dydaktyczne-pozostale\/pinus\/wyklady\/","title":{"rendered":"wyk\u0142ady"},"content":{"rendered":"<p>[vc_row el_class=&#8221;container&#8221;][vc_column width=&#8221;1\/4&#8243;][vc_wp_custommenu nav_menu=&#8221;733&#8243; title=&#8221;MENU&#8221;]  <div class=\"announcements-wrap\"> \r\n\t\t\t\t\t\t\t\t\t<div class=\"announcements announcements_1\" style=\"background-color:\">\r\n                                <div class=\"section-title\">Komunikaty<\/div>\r\n                                \r\n                                <style>.qnxqsy.angle-list > li::before{color:  !important}<\/style><div class=\"d-flex flex-wrap\"><ul class=\"angle-list qnxqsy\" ><li > <a href = \"https:\/\/us.edu.pl\/wydzial\/wnst\/komunikaty\/22-11-2023-r-wyklad-magiczny-swiat-fosforu\/\" style=\"color:\"> 22.11.2023 r. | Trwa rejestracja na wyk\u0142ad \u201eZaproszenie do magicznego \u015bwiata chemii fosforu&#8221; | projekt PINU\u015a <\/a > <\/li > <li > <a href = \"https:\/\/us.edu.pl\/wydzial\/wnst\/komunikaty\/29-11-2023-r-z-najlepszymi-przez-nauke-wyklady-popularnonaukowe\/\" style=\"color:\"> 29.11.2023 r. | Z najlepszymi przez nauk\u0119 \u2013 wyk\u0142ady popularnonaukowe | projekt PINU\u015a <\/a > <\/li > <li > <a href = \"https:\/\/us.edu.pl\/wydzial\/wnst\/komunikaty\/12-09-2023-r-wyklad-neutrinos-and-secrets-of-our-universe\/\" style=\"color:\"> 12.09.2023 r. Wyk\u0142ad &#8222;Neutrinos and secrets of our Universe&#8221; <\/a > <\/li > <li > <a href = \"https:\/\/us.edu.pl\/wydzial\/wnst\/komunikaty\/12-09-2023-r-wyklad-proporcjonalnosc-czy-zawsze-jest-taka-prosta\/\" style=\"color:\"> 12.09.2023 r. Wyk\u0142ad &#8222;Proporcjonalno\u015b\u0107, czy zawsze jest taka prosta?&#8221; <\/a > <\/li > <li > <a href = \"https:\/\/us.edu.pl\/wydzial\/wnst\/komunikaty\/galeria-zdjec-szkola-letnia-12-16-06-2023-r\/\" style=\"color:\"> Galeria zdj\u0119\u0107 | Szko\u0142a Letnia 12-16.06.2023 r. <\/a > <\/li > <li > <a href = \"https:\/\/us.edu.pl\/wydzial\/wnst\/komunikaty\/21-06-2023-r-wyklad-pistolet-dla-kazdego-czyli-jak-dziala-druk-3d\/\" style=\"color:\"> 21.06.2023 r. Wyk\u0142ad &#8222;Pistolet dla ka\u017cdego, czyli jak dzia\u0142a druk 3D&#8221; <\/a > <\/li > <li > <a href = \"https:\/\/us.edu.pl\/wydzial\/wnst\/komunikaty\/21-06-2023-r-wyklad-kolorowa-zywnosc-co-wybrac-aby-zyc-zdrowo\/\" style=\"color:\"> 21.06.2023 r. Wyk\u0142ad &#8222;Kolorowa \u017cywno\u015b\u0107 &#8211; co wybra\u0107, aby \u017cy\u0107 zdrowo?&#8221; <\/a > <\/li > <li > <a href = \"https:\/\/us.edu.pl\/wydzial\/wnst\/komunikaty\/06-06-2023-r-wyklad-lanie-wody-n-temat-wody\/\" style=\"color:\"> 06.06.2023 r. Wyk\u0142ad &#8222;Lanie wody na temat wody&#8221; <\/a > <\/li > <li > <a href = \"https:\/\/us.edu.pl\/wydzial\/wnst\/komunikaty\/06-06-2023-r-wyklad-wladca-pierscieni-czyli-po-co-nam-duze-laboratoria-fizyki-jadrowej-i-czastek-elementarnych\/\" style=\"color:\"> 06.06.2023 r. Wyk\u0142ad &#8222;W\u0142adca pier\u015bcieni, czyli po co nam du\u017ce laboratoria fizyki j\u0105drowej i cz\u0105stek elementarnych&#8221; <\/a > <\/li > <li > <a href = \"https:\/\/us.edu.pl\/wydzial\/wnst\/komunikaty\/31-05-2023-r-wyklad-terapie-celowe-w-leczeniu-nowotworow\/\" style=\"color:\"> 31.05.2023 r. Wyk\u0142ad &#8222;Terapie celowe w leczeniu nowotwor\u00f3w&#8221; <\/a > <\/li > <\/ul><\/div><a href = \"https:\/\/us.edu.pl\/wydzial\/wnst\/komunikaty\/\" class=\"link-button\">Wszystko<\/a>\r\n\t\t\t\t\t\t\t\t\t<\/div>\r\n\t\t\t\t\t\t\t\t<\/div>[\/vc_column][vc_column width=&#8221;3\/4&#8243;]\r\n                <div class=\"text-modules\">\r\n                    <div class=\"container\">\r\n                        \r\n                        <div class=\"text-modules__content\"><\/p>\n<h3><strong><span style=\"color: #002e5a;\">Z najlepszymi przez nauk\u0119 &#8211; wyk\u0142ady<\/span><\/strong><\/h3>\n<p><strong><span style=\"color: #002e5a;\">Koordynator: dr Aneta Szczygielska-\u0141aciak<\/span><\/strong><\/p>\n<p>&#8222;Z najlepszymi przez nauk\u0119&#8221; to cykl otwartych wyk\u0142ad\u00f3w popularnonaukowych promuj\u0105cych badania naukowe prowadzone przez grupy badawcze na Wydziale Nauk \u015acis\u0142ych i Technicznych Uniwersytetu \u015al\u0105skiego oraz renomowane Laboratoria Naukowe w Europie i na \u015awiecie, w kt\u00f3rych pracuj\u0105 naukowcy i absolwenci U\u015a m. in. CERN, ESRF, ILL.<\/p>\n<p>Wyk\u0142ady\u00a0adresowane s\u0105 przede wszystkim do uczni\u00f3w szk\u00f3\u0142 \u015brednich, jak r\u00f3wnie\u017c wszystkich zainteresowanych badaniami naukowymi oraz ich zastosowaniami w \u017cyciu codziennym (m.in. uczni\u00f3w starszych klas szk\u00f3\u0142 podstawowych, nauczycieli, student\u00f3w, doktorant\u00f3w i wyk\u0142adowc\u00f3w\u00a0 oraz mieszka\u0144c\u00f3w naszego regionu i nie tylko).<\/p>\n<p>Tematyka wyk\u0142ad\u00f3w zwi\u0105zana b\u0119dzie z r\u00f3\u017cnymi dziedzinami nauki, min.:<\/p>\n<ul>\n<li>nauk \u015bcis\u0142ych i technicznych (m. in. naukami fizycznymi i chemicznymi, matematyk\u0105 i informatyk\u0105),<\/li>\n<li>nauk in\u017cynieryjno-technicznych (m.in. in\u017cynieri\u0105 biomedyczn\u0105, chemiczn\u0105 i\u00a0materia\u0142ow\u0105),<\/li>\n<li>nauk medycznych i nauk o zdrowiu (m.in. naukami medycznymi i\u00a0farmaceutycznymi).<\/li>\n<\/ul>\n<p>Wyk\u0142ady prowadzone b\u0119d\u0105 przez wykwalifikowan\u0105 kadr\u0119 naukowo-dydaktyczn\u0105 naszego Wydzia\u0142u i Uniwersytetu, a tak\u017ce wyk\u0142adowc\u00f3w z zagranicy.<\/p>\n<p>Profesorowie i pracownicy naukowi w spos\u00f3b dost\u0119pny i obrazowy dla m\u0142odego s\u0142uchacza opowiedz\u0105 o tym, co dzieje si\u0119 w \u015bwiecie nauki i techniki. Zaprezentuj\u0105, jak wa\u017cne dla dalszego post\u0119pu i rozwoju techniki s\u0105 nauki \u015bcis\u0142e. Dzi\u0119ki tym wyk\u0142adom s\u0142uchacze mog\u0105 pozna\u0107 najwi\u0119ksze laboratoria naukowe \u015bwiata, wielkie umys\u0142y, ciekawe teorie i wspania\u0142e eksperymenty.<\/p>\n<p><strong>Wyk\u0142ady odbywa\u0107 si\u0119 b\u0119d\u0105 cyklicznie, 2 razy w miesi\u0105cu, w sali audytoryjnej Wydzia\u0142u Nauk \u015acis\u0142ych i Technicznych, przy ulicy 75 Pu\u0142ku Piechoty 1A w Chorzowie.<\/strong><\/p>\n<p>W planie mi\u0119dzy innymi wyk\u0142ady:<\/p>\n<ul>\n<li>Alchemia piwa,<\/li>\n<li>Czy mo\u017cna zmierzy\u0107 temperatur\u0119 materii j\u0105drowej?,<\/li>\n<li>Medycyna w pigu\u0142ce,<\/li>\n<li>Niezwyk\u0142a pustka,<\/li>\n<li>Kolorowa \u017cywno\u015b\u0107 &#8211; co wybra\u0107 aby \u017cy\u0107 zdrowo&#8221;,<\/li>\n<li>Witaj, to ja sztuczna inteligencja,<\/li>\n<li>Implanty przysz\u0142o\u015bci dla stomatologii,<\/li>\n<li>Matematyczne pierogi,<\/li>\n<\/ul>\n<p>i wiele innych popularnonaukowych opowie\u015bci wprowadzaj\u0105cych w ekscytuj\u0105cy \u015bwiat nauki.<\/p>\n<p><span style=\"font-size: 12pt;\"><a href=\"https:\/\/formularze.us.edu.pl\/pinuswyklady\"><strong><span style=\"color: #003366;\">Zapisz si\u0119 na wyk\u0142ad<\/span><\/strong><\/a><\/span><\/p>\n<p>Pami\u0119tajmy, \u017ce:<br \/>\n<span style=\"color: #003366;\">Nowe technologie, kt\u00f3re ukszta\u0142tuj\u0105 nasz \u015bwiat i nasz\u0105\u00a0 przysz\u0142o\u015b\u0107 spoczywaj\u0105 w\u2026. otwartych umys\u0142ach m\u0142odego pokolenia!<\/span><\/p>\n<\/div>\r\n                    <\/div>\r\n                <\/div>[\/vc_column][\/vc_row][vc_row][vc_column]<div class=\"container\"><div class=\"separator\" style=\"background-color: #002E5A\"><\/div><\/div>\r\n                <div class=\"text-modules\">\r\n                    <div class=\"container\">\r\n                        \r\n                        <div class=\"text-modules__content\"><p><img class=\"alignnone size-full wp-image-157602\" src=\"https:\/\/us.edu.pl\/wydzial\/wnst\/wp-content\/uploads\/sites\/18\/Bez-kategorii\/loga-1.png\" alt=\"\" width=\"100%\" height=\"auto\" srcset=\"https:\/\/us.edu.pl\/wydzial\/wnst\/wp-content\/uploads\/sites\/18\/Bez-kategorii\/loga-1.png 1000w, https:\/\/us.edu.pl\/wydzial\/wnst\/wp-content\/uploads\/sites\/18\/Bez-kategorii\/loga-1-300x44.png 300w, https:\/\/us.edu.pl\/wydzial\/wnst\/wp-content\/uploads\/sites\/18\/Bez-kategorii\/loga-1-768x113.png 768w, https:\/\/us.edu.pl\/wydzial\/wnst\/wp-content\/uploads\/sites\/18\/Bez-kategorii\/loga-1-575x85.png 575w\" sizes=\"(max-width: 1000px) 100vw, 1000px\" \/><\/p>\n<p><center>Projekt dofinansowano w ramach programu \u201eSpo\u0142eczna odpowiedzialno\u015b\u0107 nauki\u201d Ministerstwa Edukacji i Nauki.<\/center><\/p>\n<\/div>\r\n                    <\/div>\r\n                <\/div>[\/vc_column][\/vc_row]<\/p>","protected":false},"excerpt":{"rendered":"<p>[vc_row el_class=&#8221;container&#8221;][vc_column width=&#8221;1\/4&#8243;][vc_wp_custommenu nav_menu=&#8221;733&#8243; title=&#8221;MENU&#8221;][\/vc_column][vc_column width=&#8221;3\/4&#8243;][\/vc_column][\/vc_row][vc_row][vc_column][\/vc_column][\/vc_row] [&#8230;]<\/p>\n<p><a class=\"btn btn-secondary understrap-read-more-link\" href=\"https:\/\/us.edu.pl\/wydzial\/wnst\/strona-glowna\/realizowane-projekty\/projekty-dydaktyczne-pozostale\/pinus\/wyklady\/\">Read More&#8230;<\/a><\/p>\n","protected":false},"author":92,"featured_media":0,"parent":157570,"menu_order":0,"comment_status":"closed","ping_status":"closed","template":"","meta":{"_expiration-date-status":"","_expiration-date":0,"_expiration-date-type":"","_expiration-date-categories":[],"_expiration-date-options":[]},"acf":[],"_links":{"self":[{"href":"https:\/\/us.edu.pl\/wydzial\/wnst\/wp-json\/wp\/v2\/pages\/157581"}],"collection":[{"href":"https:\/\/us.edu.pl\/wydzial\/wnst\/wp-json\/wp\/v2\/pages"}],"about":[{"href":"https:\/\/us.edu.pl\/wydzial\/wnst\/wp-json\/wp\/v2\/types\/page"}],"author":[{"embeddable":true,"href":"https:\/\/us.edu.pl\/wydzial\/wnst\/wp-json\/wp\/v2\/users\/92"}],"replies":[{"embeddable":true,"href":"https:\/\/us.edu.pl\/wydzial\/wnst\/wp-json\/wp\/v2\/comments?post=157581"}],"version-history":[{"count":11,"href":"https:\/\/us.edu.pl\/wydzial\/wnst\/wp-json\/wp\/v2\/pages\/157581\/revisions"}],"predecessor-version":[{"id":161440,"href":"https:\/\/us.edu.pl\/wydzial\/wnst\/wp-json\/wp\/v2\/pages\/157581\/revisions\/161440"}],"up":[{"embeddable":true,"href":"https:\/\/us.edu.pl\/wydzial\/wnst\/wp-json\/wp\/v2\/pages\/157570"}],"wp:attachment":[{"href":"https:\/\/us.edu.pl\/wydzial\/wnst\/wp-json\/wp\/v2\/media?parent=157581"}],"curies":[{"name":"wp","href":"https:\/\/api.w.org\/{rel}","templated":true}]}}