{"id":159078,"date":"2022-07-19T13:11:15","date_gmt":"2022-07-19T11:11:15","guid":{"rendered":"https:\/\/us.edu.pl\/wydzial\/wnst\/?page_id=159078"},"modified":"2025-09-24T18:11:13","modified_gmt":"2025-09-24T16:11:13","slug":"materials-science-and-engineering","status":"publish","type":"page","link":"https:\/\/us.edu.pl\/wydzial\/wnst\/studia\/kandydat\/oferta-dydaktyczna\/materials-science-and-engineering\/","title":{"rendered":"materials science and engineering"},"content":{"rendered":"<p>[vc_row][vc_column]\r\n                <div class=\"text-modules reverse\">\r\n                    <div class=\"container\">\r\n                        <h3 class=\"section-title section-title_border-bottom\">Materials science and engineering - studia stacjonarne I stopnia<\/h3> <h3 class=\"subtitle text-modules__subtitle\">j\u0119zyk wyk\u0142adowy: angielski<\/h3>\r\n                        <div class=\"row m-0\">\r\n                            <div class=\"text-modules__content\">\r\n                                Z jakich materia\u0142\u00f3w zrobione s\u0105 turbiny silnik\u00f3w wysokopr\u0119\u017cnych? Jak zaprojektowa\u0107 i wytworzy\u0107 odpowiedni materia\u0142 na implanty kostne? Czy da si\u0119 wytworzy\u0107 materia\u0142y przyjazne \u015brodowisku i wytrzyma\u0142e zarazem? Po czym pozna\u0107, \u017ce wyprodukowany element nie nadaje si\u0119 do u\u017cytkowania? Odpowiedzi na te oraz inne pytania poznasz, studiuj\u0105c in\u017cynieri\u0119 materia\u0142ow\u0105!<\/p>\n<p><strong>Odkryj in\u017cynieri\u0119 materia\u0142ow\u0105 po angielsku!!!<\/strong><\/p>\n<p>Ta interdyscyplinarna dziedzina bada\u0144 naukowo-technicznych zajmuje si\u0119 analiz\u0105 wp\u0142ywu struktury chemicznej i fizycznej materia\u0142\u00f3w na ich w\u0142a\u015bciwo\u015bci. Wiedza ta umo\u017cliwia opracowywanie sposob\u00f3w otrzymywania materia\u0142\u00f3w o \u015bci\u015ble okre\u015blonych cechach u\u017cytkowych. Studia II stopnia dadz\u0105 Ci podstaw\u0119 do bada\u0144 nad wytwarzaniem nowych materia\u0142\u00f3w oraz ulepszaniem materia\u0142\u00f3w ju\u017c stosowanych. Efekty Twojej pracy przys\u0142u\u017c\u0105 si\u0119 dziedzinom takim jak implantologia, lotnictwo czy przemys\u0142 motoryzacyjny. Studiuj\u0105c in\u017cynieri\u0119 materia\u0142ow\u0105, masz realny wp\u0142yw na \u015bwiat! \r\n                                <div class=\"mt-3\"><a href=\"https:\/\/informator.us.edu.pl\/programmes\/list\/all\/MA\/\" class=\"link-button mr-3 \">Karta kierunku - program studi\u00f3w <\/a><\/div>\r\n                            <\/div>\r\n                            \r\n                            <div class=\"text-modules__img\"><img src=\"https:\/\/us.edu.pl\/wydzial\/wnst\/wp-content\/uploads\/sites\/18\/zdjecia-kierunki\/rekrutacja-23-24\/inzynieria-materialowa-ang.png\" alt=\"img\"><\/div>\r\n                        <\/div>\r\n                    <\/div>\r\n                <\/div>[\/vc_column][\/vc_row][vc_row disable_element=&#8221;yes&#8221; css=&#8221;.vc_custom_1758730216856{padding-right: 20px !important;padding-left: 20px !important;background-color: #f2f2f2 !important;}&#8221;][vc_column]\r\n                <div class=\"text-modules\">\r\n                    <div class=\"container\">\r\n                        \r\n                        <div class=\"text-modules__content\"><\/p>\n<h3>Zapisz si\u0119 na studia<\/h3>\n<p><strong><span style=\"color: #0095db;\">Tura 3 (30.07.2025 07:00 \u2013 11.09.2025 23:59)<\/span><\/strong><\/p>\n<\/div>\r\n                    <\/div>\r\n                <\/div>[vc_btn title=&#8221;przejd\u017a do internetowej rejestracji dla kandydat\u00f3w&#8221; style=&#8221;outline-custom&#8221; outline_custom_color=&#8221;#002a5e&#8221; outline_custom_hover_background=&#8221;#002e5a&#8221; outline_custom_hover_text=&#8221;#ffffff&#8221; size=&#8221;lg&#8221; i_icon_fontawesome=&#8221;fas fa-arrow-right&#8221; add_icon=&#8221;true&#8221; link=&#8221;url:https%3A%2F%2Firk.us.edu.pl%2Fpl%2Foffer%2FSW-2025-Z%2Fprogramme%2FW4-S1MAA19%2F%3Ffrom%3Dfield%3AMA|target:_blank&#8221;][\/vc_column][\/vc_row]<\/p>","protected":false},"excerpt":{"rendered":"<p>[vc_row][vc_column][\/vc_column][\/vc_row][vc_row disable_element=&#8221;yes&#8221; css=&#8221;.vc_custom_1758730216856{padding-right: 20px !important;padding-left: 20px !important;background-color: #f2f2f2 !important;}&#8221;][vc_column][vc_btn title=&#8221;przejd\u017a do internetowej rejestracji dla kandydat\u00f3w&#8221; style=&#8221;outline-custom&#8221; outline_custom_color=&#8221;#002a5e&#8221; outline_custom_hover_background=&#8221;#002e5a&#8221; outline_custom_hover_text=&#8221;#ffffff&#8221; size=&#8221;lg&#8221; i_icon_fontawesome=&#8221;fas fa-arrow-right&#8221; add_icon=&#8221;true&#8221; link=&#8221;url:https%3A%2F%2Firk.us.edu.pl%2Fpl%2Foffer%2FSW-2025-Z%2Fprogramme%2FW4-S1MAA19%2F%3Ffrom%3Dfield%3AMA|target:_blank&#8221;][\/vc_column][\/vc_row] [&#8230;]<\/p>\n<p><a class=\"btn btn-secondary understrap-read-more-link\" href=\"https:\/\/us.edu.pl\/wydzial\/wnst\/studia\/kandydat\/oferta-dydaktyczna\/materials-science-and-engineering\/\">Read More&#8230;<\/a><\/p>\n","protected":false},"author":92,"featured_media":0,"parent":2272,"menu_order":9,"comment_status":"closed","ping_status":"closed","template":"page-templates\/page-with-sidebar-and-bookmarks.php","meta":{"_expiration-date-status":"","_expiration-date":0,"_expiration-date-type":"","_expiration-date-categories":[],"_expiration-date-options":[]},"acf":[],"_links":{"self":[{"href":"https:\/\/us.edu.pl\/wydzial\/wnst\/wp-json\/wp\/v2\/pages\/159078"}],"collection":[{"href":"https:\/\/us.edu.pl\/wydzial\/wnst\/wp-json\/wp\/v2\/pages"}],"about":[{"href":"https:\/\/us.edu.pl\/wydzial\/wnst\/wp-json\/wp\/v2\/types\/page"}],"author":[{"embeddable":true,"href":"https:\/\/us.edu.pl\/wydzial\/wnst\/wp-json\/wp\/v2\/users\/92"}],"replies":[{"embeddable":true,"href":"https:\/\/us.edu.pl\/wydzial\/wnst\/wp-json\/wp\/v2\/comments?post=159078"}],"version-history":[{"count":10,"href":"https:\/\/us.edu.pl\/wydzial\/wnst\/wp-json\/wp\/v2\/pages\/159078\/revisions"}],"predecessor-version":[{"id":201302,"href":"https:\/\/us.edu.pl\/wydzial\/wnst\/wp-json\/wp\/v2\/pages\/159078\/revisions\/201302"}],"up":[{"embeddable":true,"href":"https:\/\/us.edu.pl\/wydzial\/wnst\/wp-json\/wp\/v2\/pages\/2272"}],"wp:attachment":[{"href":"https:\/\/us.edu.pl\/wydzial\/wnst\/wp-json\/wp\/v2\/media?parent=159078"}],"curies":[{"name":"wp","href":"https:\/\/api.w.org\/{rel}","templated":true}]}}