{"id":16057,"date":"2021-08-12T08:35:00","date_gmt":"2021-08-12T06:35:00","guid":{"rendered":"https:\/\/us.edu.pl\/wydzial\/wnst\/?page_id=16057"},"modified":"2021-08-13T14:39:09","modified_gmt":"2021-08-13T12:39:09","slug":"kalendarium","status":"publish","type":"page","link":"https:\/\/us.edu.pl\/wydzial\/wnst\/uscern\/kalendarium\/","title":{"rendered":"kalendarium"},"content":{"rendered":"<p>[vc_row][vc_column]\r\n                <div class=\"text-modules\">\r\n                    <div class=\"container\">\r\n                        \r\n                        <div class=\"text-modules__content\"><\/p>\n<h2><strong><span style=\"color: #002e5a;\">Kalendarium wsp\u00f3\u0142pracy naukowej<br \/>\n<\/span><\/strong><\/h2>\n<p>\n<\/div>\r\n                    <\/div>\r\n                <\/div>\r\n                <div class=\"text-modules\">\r\n                    <div class=\"container\">\r\n                        <h3 class=\"section-title text-modules__title\">2019-<\/h3> \r\n                        <div class=\"row m-0\">\r\n                            <div class=\"text-modules__content\">Eksperyment NA61\/SHINE \u2013 polskim eksperymentem. Kontynuacja i rozszerzenie bada\u0144 rozpocz\u0119tych w roku 2010.<\/p>\n<p>Aktualnie dr hab. Seweryn Kowalski, prof. U\u015a pe\u0142ni funkcj\u0119 koordynatora detektora, koordynatora zasob\u00f3w komputerowych eksperymentu oraz zast\u0119pcy koordynatora od spraw bezpiecze\u0144stwa , a dr Szymon Pu\u0142awski, prof. U\u015a pe\u0142ni funkcj\u0119 koordynatora oprogramowania eksperymentu, koordynatora wi\u0105zki i detektor\u00f3w wi\u0105zki, zast\u0119pcy koordynatora detektora.<\/div>\r\n                            <div class=\"text-modules__numerical\"><div><span class=\"text-modules__num\"><\/span> <\/div><\/div>\r\n                        <\/div>\r\n                    <\/div>\r\n                <\/div>\r\n                <div class=\"text-modules\">\r\n                    <div class=\"container\">\r\n                        <h3 class=\"section-title text-modules__title\">2017-<\/h3> \r\n                        <div class=\"row m-0\">\r\n                            <div class=\"text-modules__content\">FCC \u2013 prace teoretyczne, precyzyjne obliczenia w ramach Modelu Standardowego, prof. Janusz Gluza, dr Ievgen Dubovyk, mgr Krzysztof Grzanka.<\/div>\r\n                            <div class=\"text-modules__numerical\"><div><span class=\"text-modules__num\"><\/span> <\/div><\/div>\r\n                        <\/div>\r\n                    <\/div>\r\n                <\/div>\r\n                <div class=\"text-modules\">\r\n                    <div class=\"container\">\r\n                        <h3 class=\"section-title text-modules__title\">2014-<\/h3> \r\n                        <div class=\"row m-0\">\r\n                            <div class=\"text-modules__content\">LHC, HL-LHC \u2013 prace teoretyczne, fenomenologia modeli niestandardowych, prof. Janusz Gluza, dr Tomasz Jeli\u0144ski, dr Bartosz Dziewit, mgr Magdalena Kordiaczy\u0144ska, mgr Radomir Sevillano.<\/div>\r\n                            <div class=\"text-modules__numerical\"><div><span class=\"text-modules__num\"><\/span> <\/div><\/div>\r\n                        <\/div>\r\n                    <\/div>\r\n                <\/div>\r\n                <div class=\"text-modules\">\r\n                    <div class=\"container\">\r\n                        <h3 class=\"section-title text-modules__title\">18.11.2011<\/h3> \r\n                        <div class=\"row m-0\">\r\n                            <div class=\"text-modules__content\">Wyk\u0142ad Prof. Carlo Rubbii (laureata nagrody Nobla z fizyki w roku 1984) pt. \u201cThe Marvelous neutrinos\u201d wyg\u0142oszony w trakcie zebrania wsp\u00f3\u0142pracy fizyk\u00f3w ICARUS w Uniwersytecie \u015al\u0105skim.<\/div>\r\n                            <div class=\"text-modules__numerical\"><div><span class=\"text-modules__num\"><\/span> <\/div><\/div>\r\n                        <\/div>\r\n                    <\/div>\r\n                <\/div>\r\n                <div class=\"text-modules\">\r\n                    <div class=\"container\">\r\n                        <h3 class=\"section-title text-modules__title\">2010<\/h3> \r\n                        <div class=\"row m-0\">\r\n                            <div class=\"text-modules__content\">Nawi\u0105zanie wsp\u00f3\u0142pracy z NA61\/SHINE. Grupa fizyk\u00f3w z Instytutu Fizyki rozpocz\u0119\u0142a prac\u0119 w eksperymencie od przej\u0119cia odpowiedzialno\u015bci za system prowadzenia wi\u0105zki i detektory wi\u0105zki. Z ka\u017cdym rokiem uczestnictwa we wsp\u00f3\u0142pracy zadania i odpowiedzialno\u015b\u0107 cz\u0142onk\u00f3w grupy wzrasta\u0142a.<\/div>\r\n                            <div class=\"text-modules__numerical\"><div><span class=\"text-modules__num\"><\/span> <\/div><\/div>\r\n                        <\/div>\r\n                    <\/div>\r\n                <\/div>\r\n                <div class=\"text-modules\">\r\n                    <div class=\"container\">\r\n                        <h3 class=\"section-title text-modules__title\">2007-2014<\/h3> \r\n                        <div class=\"row m-0\">\r\n                            <div class=\"text-modules__content\">Udzia\u0142 nauczycieli i kadry akademickiej U\u015a w europejskim programie szkole\u0144 nauczycieli fizyki w CERN pod opiek\u0105 pracownik\u00f3w Pracowni Dydaktyki Fizyki Instytutu Fizyki U\u015a.<\/div>\r\n                            <div class=\"text-modules__numerical\"><div><span class=\"text-modules__num\"><\/span> <\/div><\/div>\r\n                        <\/div>\r\n                    <\/div>\r\n                <\/div>\r\n                <div class=\"text-modules\">\r\n                    <div class=\"container\">\r\n                        <h3 class=\"section-title text-modules__title\">2007<\/h3> \r\n                        <div class=\"row m-0\">\r\n                            <div class=\"text-modules__content\">III nagroda w ramach II-go Festiwalu Film\u00f3w Popularnonaukowych w Sopocie za\u00a0 film \u201cWielki wybuch\u201d powsta\u0142y w ramach wsp\u00f3\u0142pracy Pracowni Dydaktyki Fizyki U\u015a i telewizji TVP3<\/div>\r\n                            <div class=\"text-modules__numerical\"><div><span class=\"text-modules__num\"><\/span> <\/div><\/div>\r\n                        <\/div>\r\n                    <\/div>\r\n                <\/div>\r\n                <div class=\"text-modules\">\r\n                    <div class=\"container\">\r\n                        <h3 class=\"section-title text-modules__title\">2004<\/h3> \r\n                        <div class=\"row m-0\">\r\n                            <div class=\"text-modules__content\">Udzia\u0142 delegacji Uniwersytetu \u015al\u0105skiego w Festiwalu \u201cScience on Stage\u201d w CERN.<\/div>\r\n                            <div class=\"text-modules__numerical\"><div><span class=\"text-modules__num\"><\/span> <\/div><\/div>\r\n                        <\/div>\r\n                    <\/div>\r\n                <\/div>\r\n                <div class=\"text-modules\">\r\n                    <div class=\"container\">\r\n                        <h3 class=\"section-title text-modules__title\">2001-2015<\/h3> \r\n                        <div class=\"row m-0\">\r\n                            <div class=\"text-modules__content\">Praca grupy fizyk\u00f3w w eksperymencie ICARUS T600, wykorzystuj\u0105cym w latach 2010-2012 wi\u0105zk\u0119 CNGS (CERN \u2013 Gran Sasso) neutrin mionowych produkowan\u0105 w CERN-ie. Jednym z najwa\u017cniejszych wynik\u00f3w ICARUS-a by\u0142o zmierzenie pr\u0119dko\u015bci neutrin i falsyfikacja ich nad\u015bwietlno\u015bci. Fizycy z U\u015a uczestniczyli w pomiarach testowych, instalacji detektora w podziemnym laboratorium w Gran Sasso we W\u0142oszech oraz zbieraniu i analizie danych.<\/div>\r\n                            <div class=\"text-modules__numerical\"><div><span class=\"text-modules__num\"><\/span> <\/div><\/div>\r\n                        <\/div>\r\n                    <\/div>\r\n                <\/div>\r\n                <div class=\"text-modules\">\r\n                    <div class=\"container\">\r\n                        <h3 class=\"section-title text-modules__title\">2000<\/h3> \r\n                        <div class=\"row m-0\">\r\n                            <div class=\"text-modules__content\">Projekt przygotowany przez Parcowni\u0119 Dydaktyki Fizyki kierowan\u0105 przez dr Jerzego Jarosza, prof. U\u015a \u201c<em>We live on Earth, the noninertial system\u201d <\/em>prezentowany w ramach festiwalu \u201cPhysics on Stage\u201d w CERN-ie ukierunkowanego na edukacj\u0119 i promocj\u0119 nauki.<\/div>\r\n                            <div class=\"text-modules__numerical\"><div><span class=\"text-modules__num\"><\/span> <\/div><\/div>\r\n                        <\/div>\r\n                    <\/div>\r\n                <\/div>\r\n                <div class=\"text-modules\">\r\n                    <div class=\"container\">\r\n                        <h3 class=\"section-title text-modules__title\">1991-1997<\/h3> \r\n                        <div class=\"row m-0\">\r\n                            <div class=\"text-modules__content\">Pierwszy udzia\u0142 fizyka (prof. dr hab. Jan Kisiel) z Uniwersytetu \u015al\u0105skiego w eksperymencie cernowskim CRYSTAL BARREL: w ramach stypendium Humboldta, oraz trzykrotnego CERN Corresponding Fellowship.<\/div>\r\n                            <div class=\"text-modules__numerical\"><div><span class=\"text-modules__num\"><\/span> <\/div><\/div>\r\n                        <\/div>\r\n                    <\/div>\r\n                <\/div>\r\n                <div class=\"text-modules\">\r\n                    <div class=\"container\">\r\n                        <h3 class=\"section-title text-modules__title\">1991-1995<\/h3> \r\n                        <div class=\"row m-0\">\r\n                            <div class=\"text-modules__content\">Wsp\u00f3\u0142praca prof. dr hab. Jana Ha\u0144derka z naukowcami z CERN-u &#8211; badanie mo\u017cliwo\u015bci wykorzystania ferroelektryk\u00f3w i ceramik w eksperymentach cernowskich<\/div>\r\n                            <div class=\"text-modules__numerical\"><div><span class=\"text-modules__num\"><\/span> <\/div><\/div>\r\n                        <\/div>\r\n                    <\/div>\r\n                <\/div>\r\n                <div class=\"text-modules\">\r\n                    <div class=\"container\">\r\n                        <h3 class=\"section-title text-modules__title\">1989<\/h3> \r\n                        <div class=\"row m-0\">\r\n                            <div class=\"text-modules__content\">Prace teoretyczne dla LEP \u2013 obliczenia w ramach Modelu Standardowego, generatory Monte Carlo, prof. Henryk Czy\u017c, prof. Karol Ko\u0142odziej, prof. Marek Zra\u0142ek<\/div>\r\n                            <div class=\"text-modules__numerical\"><div><span class=\"text-modules__num\"><\/span> <\/div><\/div>\r\n                        <\/div>\r\n                    <\/div>\r\n                <\/div>[vc_separator][\/vc_column][\/vc_row][vc_row content_placement=&#8221;middle&#8221; disable_element=&#8221;yes&#8221;][vc_column]\r\n                <div class=\"numerical-data-list\">\r\n                \r\n                    <div class=\"container\">\r\n                    <div class=\"section-title\">Kalendarium<\/div>\r\n                    <div class=\"line\"> <strong>1989<\/strong> <span>Prace teoretyczne dla LEP \u2013 obliczenia w ramach Modelu Standardowego, generatory Monte Carlo, prof. Henryk Czy\u017c, prof. Karol Ko\u0142odziej, prof. Marek Zra\u0142ek<\/span><\/div><div class=\"line\"> <strong>1991-1995<\/strong> <span>Wsp\u00f3\u0142praca prof. dr hab. Jana Ha\u0144derka z naukowcami z CERN-u - badanie mo\u017cliwo\u015bci wykorzystania ferroelektryk\u00f3w i ceramik w eksperymentach cernowskich <\/span><\/div><div class=\"line\"> <strong>1991-1997<\/strong> <span>Pierwszy udzia\u0142 fizyka (prof. dr hab. Jan Kisiel) z Uniwersytetu \u015al\u0105skiego w eksperymencie cernowskim CRYSTAL BARREL: w ramach stypendium Humboldta, oraz trzykrotnego CERN Corresponding Fellowship. <\/span><\/div><div class=\"line\"> <strong>2000<\/strong> <span>...<\/span><\/div><div class=\"line\"> <strong>2004<\/strong> <span>Udzia\u0142 delegacji Uniwersytetu \u015al\u0105skiego w Festiwalu \u201cScience on Stage\u201d w CERN. <\/span><\/div><div class=\"line\"> <strong>2001-2015<\/strong> <span>...<\/span><\/div><div class=\"line\"> <strong>2007-2014<\/strong> <span>Udzia\u0142 nauczycieli i kadry akademickiej U\u015a w europejskim programie szkole\u0144 nauczycieli fizyki w CERN pod opiek\u0105 pracownik\u00f3w Pracowni Dydaktyki Fizyki IF, U\u015a.<\/span><\/div>\r\n                    <\/div>\r\n               \r\n                <\/div>[\/vc_column][\/vc_row]<\/p>","protected":false},"excerpt":{"rendered":"<p>[vc_row][vc_column][vc_separator][\/vc_column][\/vc_row][vc_row content_placement=&#8221;middle&#8221; disable_element=&#8221;yes&#8221;][vc_column][\/vc_column][\/vc_row] [&#8230;]<\/p>\n<p><a class=\"btn btn-secondary understrap-read-more-link\" href=\"https:\/\/us.edu.pl\/wydzial\/wnst\/uscern\/kalendarium\/\">Read More&#8230;<\/a><\/p>\n","protected":false},"author":92,"featured_media":0,"parent":14207,"menu_order":0,"comment_status":"closed","ping_status":"closed","template":"","meta":{"_expiration-date-status":"saved","_expiration-date":0,"_expiration-date-type":"","_expiration-date-categories":[],"_expiration-date-options":[]},"acf":[],"_links":{"self":[{"href":"https:\/\/us.edu.pl\/wydzial\/wnst\/wp-json\/wp\/v2\/pages\/16057"}],"collection":[{"href":"https:\/\/us.edu.pl\/wydzial\/wnst\/wp-json\/wp\/v2\/pages"}],"about":[{"href":"https:\/\/us.edu.pl\/wydzial\/wnst\/wp-json\/wp\/v2\/types\/page"}],"author":[{"embeddable":true,"href":"https:\/\/us.edu.pl\/wydzial\/wnst\/wp-json\/wp\/v2\/users\/92"}],"replies":[{"embeddable":true,"href":"https:\/\/us.edu.pl\/wydzial\/wnst\/wp-json\/wp\/v2\/comments?post=16057"}],"version-history":[{"count":27,"href":"https:\/\/us.edu.pl\/wydzial\/wnst\/wp-json\/wp\/v2\/pages\/16057\/revisions"}],"predecessor-version":[{"id":16144,"href":"https:\/\/us.edu.pl\/wydzial\/wnst\/wp-json\/wp\/v2\/pages\/16057\/revisions\/16144"}],"up":[{"embeddable":true,"href":"https:\/\/us.edu.pl\/wydzial\/wnst\/wp-json\/wp\/v2\/pages\/14207"}],"wp:attachment":[{"href":"https:\/\/us.edu.pl\/wydzial\/wnst\/wp-json\/wp\/v2\/media?parent=16057"}],"curies":[{"name":"wp","href":"https:\/\/api.w.org\/{rel}","templated":true}]}}