{"id":160935,"date":"2022-10-18T12:09:14","date_gmt":"2022-10-18T10:09:14","guid":{"rendered":"https:\/\/us.edu.pl\/wydzial\/wnst\/?page_id=160935"},"modified":"2022-10-18T14:11:29","modified_gmt":"2022-10-18T12:11:29","slug":"badz-w-temacie","status":"publish","type":"page","link":"https:\/\/us.edu.pl\/wydzial\/wnst\/badz-w-temacie\/","title":{"rendered":"B\u0105d\u017a w temacie"},"content":{"rendered":"<p>[vc_row el_class=&#8221;container&#8221;][vc_column width=&#8221;1\/5&#8243;]            \r\n            <div class=\"sidebar_moduls sidebar_moduls_facebok fb-page\"\r\n              data-href=\"https:\/\/www.facebook.com\/BadzWTemacie\" \r\n              data-width=\"330\"\r\n              data-hide-cover=\"false\"\r\n              data-show-facepile=\"true\"><\/div>\r\n             \r\n             <div id=\"fb-root\"><\/div>\r\n            <script async defer crossorigin=\"anonymous\" src=\" https:\/\/connect.facebook.net\/pl_PL\/sdk.js#xfbml=1&version=v4.0 \">                        \r\n            <\/script>\r\n            [\/vc_column][vc_column width=&#8221;3\/5&#8243;][vc_column_text]<\/p>\n<p style=\"text-align: left;\"><strong><span style=\"color: #002e5a;\">Masz zagwozdk\u0119?<\/span><\/strong><\/p>\n<p style=\"text-align: left;\"><span style=\"color: #002e5a;\"><strong>Zainteresowa\u0142o Ci\u0119<\/strong> jakie\u015b zjawisko albo czego\u015b nie rozumiesz i zwyczajnie boisz si\u0119 zapyta\u0107, bo to wstyd nie wiedzie\u0107?<\/span><\/p>\n<p style=\"text-align: left;\"><span style=\"color: #002e5a;\">Zapytaj tutaj \u2013 zapewniamy prywatno\u015b\u0107 i profesjonaln\u0105 odpowied\u017a na pytanie. Jeszcze b\u0119dziesz \u015bwieci\u0107 na zaj\u0119ciach i w towarzystwie \u2013 i to wiedz\u0105!<\/span><\/p>\n<p style=\"text-align: left;\"><span style=\"color: #002e5a;\">Skorzystaj z formularza i obserwuj nasz profil \u2013 tam opublikujemy odpowied\u017a.<\/span><\/p>\n<p style=\"text-align: left;\"><span style=\"color: #002e5a;\"><strong>B\u0105d\u017a w temacie i wype\u0142nij formularz<\/strong><\/span><\/p>\n<p>[\/vc_column_text]<div role=\"form\" class=\"wpcf7\" id=\"wpcf7-f160934-o1\" lang=\"pl-PL\" dir=\"ltr\">\n<div class=\"screen-reader-response\"><p role=\"status\" aria-live=\"polite\" aria-atomic=\"true\"><\/p> <ul><\/ul><\/div>\n<form action=\"\/wydzial\/wnst\/wp-json\/wp\/v2\/pages\/160935#wpcf7-f160934-o1\" method=\"post\" class=\"wpcf7-form init\" novalidate=\"novalidate\" data-status=\"init\">\n<div style=\"display: none;\">\n<input type=\"hidden\" name=\"_wpcf7\" value=\"160934\" \/>\n<input type=\"hidden\" name=\"_wpcf7_version\" value=\"5.6.4\" \/>\n<input type=\"hidden\" name=\"_wpcf7_locale\" value=\"pl_PL\" \/>\n<input type=\"hidden\" name=\"_wpcf7_unit_tag\" value=\"wpcf7-f160934-o1\" \/>\n<input type=\"hidden\" name=\"_wpcf7_container_post\" value=\"0\" \/>\n<input type=\"hidden\" name=\"_wpcf7_posted_data_hash\" value=\"\" \/>\n<\/div>\n<p><label> Imi\u0119 \/ Pseudonim (wymagane)     <span class=\"wpcf7-form-control-wrap\" data-name=\"your-name\"><input type=\"text\" name=\"your-name\" value=\"\" size=\"40\" class=\"wpcf7-form-control wpcf7-text wpcf7-validates-as-required\" aria-required=\"true\" aria-invalid=\"false\" \/><\/span> <\/label><br \/>\n<label> Adres email (wymagane)     <span class=\"wpcf7-form-control-wrap\" data-name=\"your-email\"><input type=\"email\" name=\"your-email\" value=\"\" size=\"40\" class=\"wpcf7-form-control wpcf7-text wpcf7-email wpcf7-validates-as-required wpcf7-validates-as-email\" aria-required=\"true\" aria-invalid=\"false\" \/><\/span> <\/label><\/p>\n<p><span class=\"wpcf7-form-control-wrap\" data-name=\"checkbox-711\"><span class=\"wpcf7-form-control wpcf7-checkbox\"><span class=\"wpcf7-list-item first\"><label><input type=\"checkbox\" name=\"checkbox-711[]\" value=\"ucze\u0144\" \/><span class=\"wpcf7-list-item-label\">ucze\u0144<\/span><\/label><\/span><span class=\"wpcf7-list-item\"><label><input type=\"checkbox\" name=\"checkbox-711[]\" value=\"student\" \/><span class=\"wpcf7-list-item-label\">student<\/span><\/label><\/span><span class=\"wpcf7-list-item\"><label><input type=\"checkbox\" name=\"checkbox-711[]\" value=\"nauczyciel\" \/><span class=\"wpcf7-list-item-label\">nauczyciel<\/span><\/label><\/span><span class=\"wpcf7-list-item last\"><label><input type=\"checkbox\" name=\"checkbox-711[]\" value=\"inny\" \/><span class=\"wpcf7-list-item-label\">inny<\/span><\/label><\/span><\/span><\/span><\/p>\n<p><label> Temat pytania (opcjonalnie)     <span class=\"wpcf7-form-control-wrap\" data-name=\"your-subject\"><input type=\"text\" name=\"your-subject\" value=\"\" size=\"40\" class=\"wpcf7-form-control wpcf7-text\" aria-invalid=\"false\" \/><\/span> <\/label><\/p>\n<p><label> Tre\u015b\u0107 pytania (opcjonalnie)     <span class=\"wpcf7-form-control-wrap\" data-name=\"your-message\"><textarea name=\"your-message\" cols=\"40\" rows=\"10\" class=\"wpcf7-form-control wpcf7-textarea\" aria-invalid=\"false\"><\/textarea><\/span> <\/label><\/p>\n<p><input type=\"submit\" value=\"Wy\u015blij\" class=\"wpcf7-form-control has-spinner wpcf7-submit\" \/><\/p>\n<div class=\"wpcf7-response-output\" aria-hidden=\"true\"><\/div><\/form><\/div>[vc_column_text]<strong><span style=\"color: #002e5a;\">Zastrzegamy sobie wyb\u00f3r pyta\u0144, na kt\u00f3re odpowiemy.<\/span><\/strong>[\/vc_column_text][\/vc_column][vc_column width=&#8221;1\/5&#8243;]\r\n                <div class=\"text-modules\">\r\n                    <div class=\"container\">\r\n                        \r\n                        <div class=\"text-modules__content\"><p><img class=\"alignnone size-full wp-image-160940\" src=\"https:\/\/us.edu.pl\/wydzial\/wnst\/wp-content\/uploads\/sites\/18\/Bez-kategorii\/BWT_800_600.png\" alt=\"\" width=\"100%\" height=\"auto\" srcset=\"https:\/\/us.edu.pl\/wydzial\/wnst\/wp-content\/uploads\/sites\/18\/Bez-kategorii\/BWT_800_600.png 800w, https:\/\/us.edu.pl\/wydzial\/wnst\/wp-content\/uploads\/sites\/18\/Bez-kategorii\/BWT_800_600-300x225.png 300w, https:\/\/us.edu.pl\/wydzial\/wnst\/wp-content\/uploads\/sites\/18\/Bez-kategorii\/BWT_800_600-768x576.png 768w, https:\/\/us.edu.pl\/wydzial\/wnst\/wp-content\/uploads\/sites\/18\/Bez-kategorii\/BWT_800_600-575x431.png 575w\" sizes=\"(max-width: 800px) 100vw, 800px\" \/><\/p>\n<\/div>\r\n                    <\/div>\r\n                <\/div>[\/vc_column][\/vc_row]<\/p>","protected":false},"excerpt":{"rendered":"<p>[vc_row el_class=&#8221;container&#8221;][vc_column width=&#8221;1\/5&#8243;][\/vc_column][vc_column width=&#8221;3\/5&#8243;][vc_column_text] Masz zagwozdk\u0119? Zainteresowa\u0142o Ci\u0119 jakie\u015b zjawisko albo czego\u015b nie rozumiesz i zwyczajnie boisz si\u0119 zapyta\u0107, bo to wstyd nie wiedzie\u0107? Zapytaj tutaj \u2013 zapewniamy prywatno\u015b\u0107 i profesjonaln\u0105 odpowied\u017a na pytanie. Jeszcze b\u0119dziesz \u015bwieci\u0107 na zaj\u0119ciach i w towarzystwie \u2013 i to wiedz\u0105! Skorzystaj z formularza i obserwuj nasz profil \u2013 tam [&#8230;]<\/p>\n<p><a class=\"btn btn-secondary understrap-read-more-link\" href=\"https:\/\/us.edu.pl\/wydzial\/wnst\/badz-w-temacie\/\">Read More&#8230;<\/a><\/p>\n","protected":false},"author":92,"featured_media":0,"parent":0,"menu_order":0,"comment_status":"closed","ping_status":"closed","template":"","meta":{"_expiration-date-status":"","_expiration-date":0,"_expiration-date-type":"","_expiration-date-categories":[],"_expiration-date-options":[]},"acf":[],"_links":{"self":[{"href":"https:\/\/us.edu.pl\/wydzial\/wnst\/wp-json\/wp\/v2\/pages\/160935"}],"collection":[{"href":"https:\/\/us.edu.pl\/wydzial\/wnst\/wp-json\/wp\/v2\/pages"}],"about":[{"href":"https:\/\/us.edu.pl\/wydzial\/wnst\/wp-json\/wp\/v2\/types\/page"}],"author":[{"embeddable":true,"href":"https:\/\/us.edu.pl\/wydzial\/wnst\/wp-json\/wp\/v2\/users\/92"}],"replies":[{"embeddable":true,"href":"https:\/\/us.edu.pl\/wydzial\/wnst\/wp-json\/wp\/v2\/comments?post=160935"}],"version-history":[{"count":10,"href":"https:\/\/us.edu.pl\/wydzial\/wnst\/wp-json\/wp\/v2\/pages\/160935\/revisions"}],"predecessor-version":[{"id":160948,"href":"https:\/\/us.edu.pl\/wydzial\/wnst\/wp-json\/wp\/v2\/pages\/160935\/revisions\/160948"}],"wp:attachment":[{"href":"https:\/\/us.edu.pl\/wydzial\/wnst\/wp-json\/wp\/v2\/media?parent=160935"}],"curies":[{"name":"wp","href":"https:\/\/api.w.org\/{rel}","templated":true}]}}