{"id":161414,"date":"2022-11-03T12:48:22","date_gmt":"2022-11-03T11:48:22","guid":{"rendered":"https:\/\/us.edu.pl\/wydzial\/wnst\/?page_id=161414"},"modified":"2024-06-26T14:26:03","modified_gmt":"2024-06-26T12:26:03","slug":"studencki-slup-ogloszeniowy","status":"publish","type":"page","link":"https:\/\/us.edu.pl\/wydzial\/wnst\/studia\/studencki-slup-ogloszeniowy\/","title":{"rendered":"Studencki s\u0142up og\u0142oszeniowy"},"content":{"rendered":"<p>[vc_row el_class=&#8221;container&#8221;][vc_column]\n                <div class=\"article-loop loop-section \">\n                <div class=\"container \">\n                    <div class=\"article-loop-top loop-section-top\">\n                        <h2 class=\"section-title\">Og\u0142oszenia studenckie<\/h2>\n                    \n                        <div class=\"article-loop-top_right loop-section-top__right\">    <a href = \"https:\/\/us.edu.pl\/wydzial\/wnst\/category\/adv\/?strona=1&amp;kategoria=800&amp;widok=plytki&amp;liczba_postow=32\" class=\"link-button\" > Wszystko<\/a><\/div>\n                    <\/div><div class=\"article-loop-main article-loop-main_big-and-smalls\">\n                        <article class=\"article-loop-post article-loop-post_big\">\r\n                <a href=\"https:\/\/us.edu.pl\/wydzial\/wnst\/2025\/10\/24\/zaproszenie-do-udzialu-w-xvi-edycji-miedzynarodowego-konkursu-matematyka-w-obiektywie\/\" class=\"article-loop-post__thumbnail thumbnail\"\r\n                   style=\"background-image: url(https:\/\/us.edu.pl\/wydzial\/wnst\/wp-content\/uploads\/sites\/18\/Bez-kategorii\/matematyka-w-obiektywue-wyr.jpg)\">\r\n                    <span>wi\u0119cej<\/span>\r\n                <\/a>\r\n\r\n                <div class=\"article-loop-post__content\">\r\n                    <h3 class=\"article-loop-post__title\">\r\n                        <a href=\"https:\/\/us.edu.pl\/wydzial\/wnst\/2025\/10\/24\/zaproszenie-do-udzialu-w-xvi-edycji-miedzynarodowego-konkursu-matematyka-w-obiektywie\/\">Zaproszenie do udzia\u0142u w XVI edycji mi\u0119dzynarodowego Konkursu \u201eMatematyka w obiektywie\u201d<\/a>\r\n                    <\/h3>\r\n                    <div class=\"article-loop-post__categories\" >\r\n                        <a href=\"https:\/\/us.edu.pl\/wydzial\/wnst\/category\/adv\/\">og\u0142oszenia<\/a><a href=\"https:\/\/us.edu.pl\/wydzial\/wnst\/category\/student\/\">student<\/a>\r\n                    <\/div>\r\n                    <div class=\"article-loop-post__first_paragraph\" >\r\n                        W imieniu Wydzia\u0142u Nauk \u015acis\u0142ych i Przyrodniczych Uniwersytetu Szczeci\u0144skiego oraz Akademii Pedagogiki Specjalnej im. Marii Grzegorzewskiej w Warszawie zapraszamy do wzi\u0119cia udzia\u0142u w corocznym, mi\u0119dzynarodowym konkursie pt.\u201eMatematyka w obiektywie\u201d.\r\nTegoroczna, XVI edycja, wyr\u00f3\u017cniona Honorowym Patronatem \u00a0Ministra Nauki i Szkolnictwa...\r\n                    <\/div>\r\n                <\/div >\r\n            <\/article > <div><article class=\"article-loop-post \">\r\n                <a href=\"https:\/\/us.edu.pl\/wydzial\/wnst\/2025\/05\/12\/perspektywy-women-in-tech-summit-2025\/\" class=\"article-loop-post__thumbnail thumbnail\"\r\n                   style=\"background-image: url(https:\/\/us.edu.pl\/wydzial\/wnst\/wp-content\/uploads\/sites\/18\/Bez-kategorii\/promo_wyr-summit-300x169.jpg)\">\r\n                    <span>wi\u0119cej<\/span>\r\n                <\/a>\r\n\r\n                <div class=\"article-loop-post__content\">\r\n                    <h3 class=\"article-loop-post__title\">\r\n                        <a href=\"https:\/\/us.edu.pl\/wydzial\/wnst\/2025\/05\/12\/perspektywy-women-in-tech-summit-2025\/\">Perspektywy Women in Tech Summit 2025 | Zaproszenie dla studentek i student\u00f3w<\/a>\r\n                    <\/h3>\r\n                    <div class=\"article-loop-post__categories\" >\r\n                        <a href=\"https:\/\/us.edu.pl\/wydzial\/wnst\/category\/adv\/\">og\u0142oszenia<\/a><a href=\"https:\/\/us.edu.pl\/wydzial\/wnst\/category\/student\/\">student<\/a>\r\n                    <\/div>\r\n                    <div class=\"article-loop-post__first_paragraph\" hidden>\r\n                        <span style=\"color: #002e5a;\"><strong>Czas na rejestracj\u0119 wewn\u0119trzn\u0105 up\u0142ywa 18.05.2025 r.<\/strong><\/span>\r\n                    <\/div>\r\n                <\/div >\r\n            <\/article > <article class=\"article-loop-post \">\r\n                <a href=\"https:\/\/us.edu.pl\/wydzial\/wnst\/2025\/01\/10\/rejestracja-do-12-edycji-corporate-readiness-certificate\/\" class=\"article-loop-post__thumbnail thumbnail\"\r\n                   style=\"background-image: url(https:\/\/us.edu.pl\/wydzial\/wnst\/wp-content\/uploads\/sites\/18\/Bez-kategorii\/CRC-300x300.png)\">\r\n                    <span>wi\u0119cej<\/span>\r\n                <\/a>\r\n\r\n                <div class=\"article-loop-post__content\">\r\n                    <h3 class=\"article-loop-post__title\">\r\n                        <a href=\"https:\/\/us.edu.pl\/wydzial\/wnst\/2025\/01\/10\/rejestracja-do-12-edycji-corporate-readiness-certificate\/\">Rejestracja do 12. edycji Corporate Readiness Certificate<\/a>\r\n                    <\/h3>\r\n                    <div class=\"article-loop-post__categories\" >\r\n                        <a href=\"https:\/\/us.edu.pl\/wydzial\/wnst\/category\/adv\/\">og\u0142oszenia<\/a><a href=\"https:\/\/us.edu.pl\/wydzial\/wnst\/category\/student\/\">student<\/a>\r\n                    <\/div>\r\n                    <div class=\"article-loop-post__first_paragraph\" hidden>\r\n                        \r\n                    <\/div>\r\n                <\/div >\r\n            <\/article > <\/div>\n                    <\/div><div class=\"article-loop-main article-loop-main_smalls\"><article class=\"article-loop-post \">\r\n                <a href=\"https:\/\/us.edu.pl\/wydzial\/wnst\/2025\/01\/10\/program-loreal-unesco-dla-kobiet-i-nauki-edycja-25\/\" class=\"article-loop-post__thumbnail thumbnail\"\r\n                   style=\"background-image: url(https:\/\/us.edu.pl\/wydzial\/wnst\/wp-content\/uploads\/sites\/18\/Bez-kategorii\/nowe-logo-dark-300x273.png)\">\r\n                    <span>wi\u0119cej<\/span>\r\n                <\/a>\r\n\r\n                <div class=\"article-loop-post__content\">\r\n                    <h3 class=\"article-loop-post__title\">\r\n                        <a href=\"https:\/\/us.edu.pl\/wydzial\/wnst\/2025\/01\/10\/program-loreal-unesco-dla-kobiet-i-nauki-edycja-25\/\">Program L\u2019Or\u00e9al-UNESCO Dla Kobiet i Nauki \u2013 edycja 25<\/a>\r\n                    <\/h3>\r\n                    <div class=\"article-loop-post__categories\" >\r\n                        <a href=\"https:\/\/us.edu.pl\/wydzial\/wnst\/category\/adv\/\">og\u0142oszenia<\/a><a href=\"https:\/\/us.edu.pl\/wydzial\/wnst\/category\/student\/\">student<\/a>\r\n                    <\/div>\r\n                    <div class=\"article-loop-post__first_paragraph\" hidden>\r\n                        \r\n                    <\/div>\r\n                <\/div >\r\n            <\/article > <article class=\"article-loop-post \">\r\n                <a href=\"https:\/\/us.edu.pl\/wydzial\/wnst\/2024\/10\/29\/konkursu-o-nagrode-abb-xxii-edycja-2024-2025\/\" class=\"article-loop-post__thumbnail thumbnail\"\r\n                   style=\"background-image: url(https:\/\/us.edu.pl\/wydzial\/wnst\/wp-content\/uploads\/sites\/18\/Bez-kategorii\/ABB-Poland-award-300x200.png)\">\r\n                    <span>wi\u0119cej<\/span>\r\n                <\/a>\r\n\r\n                <div class=\"article-loop-post__content\">\r\n                    <h3 class=\"article-loop-post__title\">\r\n                        <a href=\"https:\/\/us.edu.pl\/wydzial\/wnst\/2024\/10\/29\/konkursu-o-nagrode-abb-xxii-edycja-2024-2025\/\">Konkurs o Nagrod\u0119 ABB &#8211; XXII edycja 2024\/2025<\/a>\r\n                    <\/h3>\r\n                    <div class=\"article-loop-post__categories\" >\r\n                        <a href=\"https:\/\/us.edu.pl\/wydzial\/wnst\/category\/adv\/\">og\u0142oszenia<\/a><a href=\"https:\/\/us.edu.pl\/wydzial\/wnst\/category\/student\/\">student<\/a>\r\n                    <\/div>\r\n                    <div class=\"article-loop-post__first_paragraph\" hidden>\r\n                        \r\n                    <\/div>\r\n                <\/div >\r\n            <\/article > <article class=\"article-loop-post \">\r\n                <a href=\"https:\/\/us.edu.pl\/wydzial\/wnst\/2024\/09\/18\/178768\/\" class=\"article-loop-post__thumbnail thumbnail\"\r\n                   style=\"background-image: url(https:\/\/us.edu.pl\/wydzial\/wnst\/wp-content\/uploads\/sites\/18\/zdjecia-wydarzenia\/IT-poniedzialek\/7-300x225.png)\">\r\n                    <span>wi\u0119cej<\/span>\r\n                <\/a>\r\n\r\n                <div class=\"article-loop-post__content\">\r\n                    <h3 class=\"article-loop-post__title\">\r\n                        <a href=\"https:\/\/us.edu.pl\/wydzial\/wnst\/2024\/09\/18\/178768\/\">NVIDIA szkoli w zakresie AI | Zapisz si\u0119 na bezp\u0142atne szkolenia i zdob\u0105d\u017a certyfikat<\/a>\r\n                    <\/h3>\r\n                    <div class=\"article-loop-post__categories\" >\r\n                        <a href=\"https:\/\/us.edu.pl\/wydzial\/wnst\/category\/adv\/\">og\u0142oszenia<\/a><a href=\"https:\/\/us.edu.pl\/wydzial\/wnst\/category\/student\/\">student<\/a>\r\n                    <\/div>\r\n                    <div class=\"article-loop-post__first_paragraph\" hidden>\r\n                        \r\n                    <\/div>\r\n                <\/div >\r\n            <\/article > <\/div>\n                <div class=\"article-loop-main article-loop-main_big-posts-responsive\" data-home-url=\"https:\/\/us.edu.pl\/wydzial\/wnst\">\n                        <a href = \"#\" data-slide = \"prev\" class=\"arrow\" >\n                            <em class=\"ci ci-arrow-left\" ><\/em >\n                            <span class=\"d-none\" > arrow<\/span >\n                        <\/a>\n    \n                        <a href = \"#\" data-slide = \"next\" class=\"arrow\" >\n                            <em class=\"ci ci-arrow-right\" ><\/em >\n                            <span class=\"d-none\" > arrow<\/span >\n                        <\/a>\n                        <div class=\"row items\" >\n                            \r\n            <div class=\"vc_column_container vc_col-sm-4\">\r\n                <a href=\"https:\/\/us.edu.pl\/wydzial\/wnst\/2025\/10\/24\/zaproszenie-do-udzialu-w-xvi-edycji-miedzynarodowego-konkursu-matematyka-w-obiektywie\/\" class=\"article-loop-post__thumbnail thumbnail\"\r\n                    style=\"background-image: url(https:\/\/us.edu.pl\/wydzial\/wnst\/wp-content\/uploads\/sites\/18\/Bez-kategorii\/matematyka-w-obiektywue-wyr-300x154.jpg)\">\r\n                    <span>wi\u0119cej<\/span>\r\n                <\/a>\r\n\r\n                <div class=\"article-loop-post__content\">\r\n                    <h3 class=\"article-loop-post__title\">\r\n                        <a href=\"https:\/\/us.edu.pl\/wydzial\/wnst\/2025\/10\/24\/zaproszenie-do-udzialu-w-xvi-edycji-miedzynarodowego-konkursu-matematyka-w-obiektywie\/\">Zaproszenie do udzia\u0142u w XVI edycji mi\u0119dzynarodowego Konkursu \u201eMatematyka w obiektywie\u201d<\/a>\r\n                    <\/h3>\r\n            \r\n                    <div class=\"article-loop-post__categories\">\r\n                        <a href=\"https:\/\/us.edu.pl\/wydzial\/wnst\/category\/adv\/\">og\u0142oszenia<\/a><a href=\"https:\/\/us.edu.pl\/wydzial\/wnst\/category\/student\/\">student<\/a>\r\n                    <\/div>    \r\n                <\/div>\r\n            <\/div>\r\n        \r\n            <div class=\"vc_column_container vc_col-sm-4\">\r\n                <a href=\"https:\/\/us.edu.pl\/wydzial\/wnst\/2025\/05\/12\/perspektywy-women-in-tech-summit-2025\/\" class=\"article-loop-post__thumbnail thumbnail\"\r\n                    style=\"background-image: url(https:\/\/us.edu.pl\/wydzial\/wnst\/wp-content\/uploads\/sites\/18\/Bez-kategorii\/promo_wyr-summit-300x169.jpg)\">\r\n                    <span>wi\u0119cej<\/span>\r\n                <\/a>\r\n\r\n                <div class=\"article-loop-post__content\">\r\n                    <h3 class=\"article-loop-post__title\">\r\n                        <a href=\"https:\/\/us.edu.pl\/wydzial\/wnst\/2025\/05\/12\/perspektywy-women-in-tech-summit-2025\/\">Perspektywy Women in Tech Summit 2025 | Zaproszenie dla studentek i student\u00f3w<\/a>\r\n                    <\/h3>\r\n            \r\n                    <div class=\"article-loop-post__categories\">\r\n                        <a href=\"https:\/\/us.edu.pl\/wydzial\/wnst\/category\/adv\/\">og\u0142oszenia<\/a><a href=\"https:\/\/us.edu.pl\/wydzial\/wnst\/category\/student\/\">student<\/a>\r\n                    <\/div>    \r\n                <\/div>\r\n            <\/div>\r\n        \r\n            <div class=\"vc_column_container vc_col-sm-4\">\r\n                <a href=\"https:\/\/us.edu.pl\/wydzial\/wnst\/2025\/01\/10\/rejestracja-do-12-edycji-corporate-readiness-certificate\/\" class=\"article-loop-post__thumbnail thumbnail\"\r\n                    style=\"background-image: url(https:\/\/us.edu.pl\/wydzial\/wnst\/wp-content\/uploads\/sites\/18\/Bez-kategorii\/CRC-300x300.png)\">\r\n                    <span>wi\u0119cej<\/span>\r\n                <\/a>\r\n\r\n                <div class=\"article-loop-post__content\">\r\n                    <h3 class=\"article-loop-post__title\">\r\n                        <a href=\"https:\/\/us.edu.pl\/wydzial\/wnst\/2025\/01\/10\/rejestracja-do-12-edycji-corporate-readiness-certificate\/\">Rejestracja do 12. edycji Corporate Readiness Certificate<\/a>\r\n                    <\/h3>\r\n            \r\n                    <div class=\"article-loop-post__categories\">\r\n                        <a href=\"https:\/\/us.edu.pl\/wydzial\/wnst\/category\/adv\/\">og\u0142oszenia<\/a><a href=\"https:\/\/us.edu.pl\/wydzial\/wnst\/category\/student\/\">student<\/a>\r\n                    <\/div>    \r\n                <\/div>\r\n            <\/div>\r\n        \n                        <\/div>\n                    <\/div><\/div ><\/div > [\/vc_column][\/vc_row]<\/p>","protected":false},"excerpt":{"rendered":"<p>[vc_row el_class=&#8221;container&#8221;][vc_column][\/vc_column][\/vc_row] [&#8230;]<\/p>\n<p><a class=\"btn btn-secondary understrap-read-more-link\" href=\"https:\/\/us.edu.pl\/wydzial\/wnst\/2025\/01\/10\/rejestracja-do-12-edycji-corporate-readiness-certificate\/\">Read More&#8230;<\/a><\/p>\n","protected":false},"author":92,"featured_media":0,"parent":538,"menu_order":0,"comment_status":"closed","ping_status":"closed","template":"","meta":{"_expiration-date-status":"","_expiration-date":0,"_expiration-date-type":"","_expiration-date-categories":[],"_expiration-date-options":[]},"acf":[],"_links":{"self":[{"href":"https:\/\/us.edu.pl\/wydzial\/wnst\/wp-json\/wp\/v2\/pages\/161414"}],"collection":[{"href":"https:\/\/us.edu.pl\/wydzial\/wnst\/wp-json\/wp\/v2\/pages"}],"about":[{"href":"https:\/\/us.edu.pl\/wydzial\/wnst\/wp-json\/wp\/v2\/types\/page"}],"author":[{"embeddable":true,"href":"https:\/\/us.edu.pl\/wydzial\/wnst\/wp-json\/wp\/v2\/users\/92"}],"replies":[{"embeddable":true,"href":"https:\/\/us.edu.pl\/wydzial\/wnst\/wp-json\/wp\/v2\/comments?post=161414"}],"version-history":[{"count":11,"href":"https:\/\/us.edu.pl\/wydzial\/wnst\/wp-json\/wp\/v2\/pages\/161414\/revisions"}],"predecessor-version":[{"id":162076,"href":"https:\/\/us.edu.pl\/wydzial\/wnst\/wp-json\/wp\/v2\/pages\/161414\/revisions\/162076"}],"up":[{"embeddable":true,"href":"https:\/\/us.edu.pl\/wydzial\/wnst\/wp-json\/wp\/v2\/pages\/538"}],"wp:attachment":[{"href":"https:\/\/us.edu.pl\/wydzial\/wnst\/wp-json\/wp\/v2\/media?parent=161414"}],"curies":[{"name":"wp","href":"https:\/\/api.w.org\/{rel}","templated":true}]}}