{"id":16223,"date":"2021-08-22T18:20:03","date_gmt":"2021-08-22T16:20:03","guid":{"rendered":"https:\/\/us.edu.pl\/wydzial\/wnst\/?page_id=16223"},"modified":"2022-09-13T14:23:03","modified_gmt":"2022-09-13T12:23:03","slug":"akcja-popularyzacja","status":"publish","type":"page","link":"https:\/\/us.edu.pl\/wydzial\/wnst\/wspolpraca\/szkoly\/akcja-popularyzacja\/","title":{"rendered":"Akcja Popularyzacja"},"content":{"rendered":"<p><\/p>\n<p>[vc_row][vc_column width=&#8221;1\/4&#8243;][vc_single_image image=&#8221;18786&#8243; alignment=&#8221;center&#8221;][\/vc_column][vc_column width=&#8221;1\/4&#8243;][vc_single_image image=&#8221;16296&#8243;][\/vc_column][vc_column width=&#8221;1\/4&#8243;][vc_single_image image=&#8221;16294&#8243;][\/vc_column][vc_column width=&#8221;1\/4&#8243;][vc_single_image image=&#8221;18825&#8243; alignment=&#8221;center&#8221;][\/vc_column][\/vc_row][vc_row][vc_column]<div class=\"container\"><div class=\"separator\" style=\"background-color: #002E5A\"><\/div><\/div>[\/vc_column][\/vc_row][vc_row][vc_column]\r\n                <div class=\"text-modules\">\r\n                    <div class=\"container\">\r\n                        <h3 class=\"page-title text__title\">Akcja Popularyzacja<\/h3>\r\n                        <div class=\"text-modules__content\"><p><b><span data-contrast=\"none\">Opis:<\/span><\/b><span data-ccp-props=\"{&quot;134233117&quot;:true,&quot;134233118&quot;:true,&quot;201341983&quot;:0,&quot;335551550&quot;:6,&quot;335551620&quot;:6,&quot;335559740&quot;:276}\">\u00a0<\/span><\/p>\n<p><span data-contrast=\"auto\">Projekt pt. \u201eAkcja Popularyzacja\u201d uzyska\u0142 dofinansowanie\u00a0<\/span><span data-contrast=\"auto\">w ramach programu Spo\u0142eczna Odpowiedzialno\u015b\u0107 Nauki &#8211; Popularyzacja Nauki i Promocja Sportu. Projekt realizowany jest przez Wydzia\u0142 Nauk \u015acis\u0142ych i Technicznych we wsp\u00f3\u0142pracy z Wydzia\u0142em Nauk Przyrodniczych<\/span><span data-contrast=\"none\">.<\/span><span data-ccp-props=\"{&quot;134233117&quot;:true,&quot;134233118&quot;:true,&quot;201341983&quot;:0,&quot;335551550&quot;:6,&quot;335551620&quot;:6,&quot;335559731&quot;:708,&quot;335559740&quot;:276}\">\u00a0<\/span><\/p>\n<p><span data-contrast=\"auto\">Sk\u0142ada si\u0119 on z 3 zada\u0144:\u00a0<\/span><span data-ccp-props=\"{&quot;201341983&quot;:0,&quot;335551550&quot;:6,&quot;335551620&quot;:6,&quot;335559731&quot;:708,&quot;335559739&quot;:160,&quot;335559740&quot;:276}\">\u00a0<\/span><\/p>\n<ul>\n<li data-leveltext=\"\uf0b7\" data-font=\"Symbol\" data-listid=\"3\" aria-setsize=\"-1\" data-aria-posinset=\"1\" data-aria-level=\"1\"><span data-contrast=\"auto\">Zadanie 1:\u00a0<\/span><span data-contrast=\"auto\">\u00a0Interdyscyplinarne wyk\u0142ady dla szk\u00f3\u0142 \u201cNauka wok\u00f3\u0142 nas\u201d<\/span><span data-contrast=\"auto\">,\u00a0<\/span><\/li>\n<li data-leveltext=\"\uf0b7\" data-font=\"Symbol\" data-listid=\"3\" aria-setsize=\"-1\" data-aria-posinset=\"2\" data-aria-level=\"1\"><span data-contrast=\"auto\">Zadanie 2:\u00a0<\/span><span data-contrast=\"auto\">Wyk\u0142ady popularnonaukowe w konwencji TED \u201cZaw\u00f3d naukowiec\u201d,<\/span><\/li>\n<li data-leveltext=\"\uf0b7\" data-font=\"Symbol\" data-listid=\"3\" aria-setsize=\"-1\" data-aria-posinset=\"2\" data-aria-level=\"1\"><span data-contrast=\"auto\">Zadanie 3:\u00a0<\/span><span data-contrast=\"auto\">Warsztaty dla dzieci i m\u0142odzie\u017cy.<\/span><\/li>\n<\/ul>\n<p><span data-contrast=\"auto\">Tematyka wszystkich zada\u0144 zwi\u0105zana jest z naukami \u015bcis\u0142ymi i przyrodniczymi.<\/span><\/p>\n<p><span data-contrast=\"auto\">Zadanie 2 jest realizowane jest przez Wydzia\u0142 Nauk Przyrodniczych, natomiast zadania: 1 i 3 s\u0105 prowadzone przez Wydzia\u0142 Nauk \u015acis\u0142ych i Technicznych. Koordynowanie ca\u0142ego projektu le\u017cy po stronie Wydzia\u0142u Nauk \u015acis\u0142ych i Technicznych.<\/span><\/p>\n<p><b><span data-contrast=\"none\">Cele\u00a0projektu:<\/span><\/b><span data-ccp-props=\"{&quot;134233117&quot;:true,&quot;134233118&quot;:true,&quot;201341983&quot;:0,&quot;335551550&quot;:6,&quot;335551620&quot;:6,&quot;335559740&quot;:240}\">\u00a0<\/span><\/p>\n<p><span data-contrast=\"none\">P<\/span><span data-contrast=\"auto\">opularyzacja nauk \u015bcis\u0142ych i przyrodniczych oraz wskazanie Uniwersytetu \u015al\u0105skiego jako miejsca, w kt\u00f3rym studiuj\u0105c mo\u017cna zdobywa\u0107 wysokie kwalifikacje, pracowa\u0107 w nowoczesnych laboratoriach, wsp\u00f3\u0142uczestniczy\u0107 w mi\u0119dzynarodowych projektach, co w dalszej przysz\u0142o\u015bci przek\u0142ada si\u0119 na sukces zawodowy.\u00a0<\/span><span data-ccp-props=\"{&quot;201341983&quot;:0,&quot;335551550&quot;:6,&quot;335551620&quot;:6,&quot;335559731&quot;:708,&quot;335559739&quot;:160,&quot;335559740&quot;:276}\">\u00a0<\/span><\/p>\n<p><span data-contrast=\"auto\">Skupienie dzia\u0142a\u0144 o charakterze popularno-naukowym, skierowanym do otoczenia spo\u0142ecznego uczelni, w szczeg\u00f3lno\u015bci do grup docelowych obejmuj\u0105cych m\u0142odzie\u017c szkoln\u0105 oraz nauczycieli &#8211; osoby kt\u00f3rych kompetencje do upowszechniania nauki powinny by\u0107 stale rozwijane.\u00a0<\/span><span data-ccp-props=\"{&quot;201341983&quot;:0,&quot;335551550&quot;:6,&quot;335551620&quot;:6,&quot;335559731&quot;:708,&quot;335559739&quot;:160,&quot;335559740&quot;:276}\">\u00a0<\/span><\/p>\n<p><span data-contrast=\"none\">Podniesienie kompetencji uczestnik\u00f3w projektu w zakresie kreatywnego rozwi\u0105zywania problem\u00f3w, krytycznego my\u015blenia, umiej\u0119tno\u015bci rozumowania w naukach przyrodniczych i matematycznych, my\u015blenia naukowego,\u00a0oraz\u00a0umiej\u0119tno\u015bci STEAM i\u00a0wiedzy ICT,\u00a0jak r\u00f3wnie\u017c\u00a0umiej\u0119tno\u015bci pracy w grupie\u00a0i\u00a0umiej\u0119tno\u015bci spo\u0142ecznych.<\/span><span data-ccp-props=\"{&quot;201341983&quot;:0,&quot;335551550&quot;:6,&quot;335551620&quot;:6,&quot;335559731&quot;:708,&quot;335559739&quot;:160,&quot;335559740&quot;:276}\">\u00a0<\/span><\/p>\n<p><b><span data-contrast=\"none\">Termin realizacji:<\/span><\/b><span data-ccp-props=\"{&quot;134233117&quot;:true,&quot;134233118&quot;:true,&quot;201341983&quot;:0,&quot;335559740&quot;:240}\">\u00a0<\/span><\/p>\n<p><span data-contrast=\"none\">01.01.2021\u00a0&#8211;\u00a031.12.2022<\/span><span data-ccp-props=\"{&quot;134233117&quot;:true,&quot;134233118&quot;:true,&quot;201341983&quot;:0,&quot;335559740&quot;:240}\">\u00a0<\/span><\/p>\n<p><b><span data-contrast=\"none\">Dofinansowanie projektu z\u00a0<\/span><\/b><b><span data-contrast=\"auto\">Ministerstwa Edukacji i Szkolnictwa Wy\u017cszego<\/span><\/b><span data-contrast=\"auto\">\u00a0<\/span><span data-ccp-props=\"{&quot;134233117&quot;:true,&quot;134233118&quot;:true,&quot;201341983&quot;:0,&quot;335559740&quot;:276}\">\u00a0<\/span><\/p>\n<p><span data-contrast=\"auto\">689\u00a0791,95 z\u0142<\/span><span data-ccp-props=\"{&quot;134233117&quot;:true,&quot;134233118&quot;:true,&quot;201341983&quot;:0,&quot;335559740&quot;:276}\">\u00a0<\/span><\/p>\n<p><b><span data-contrast=\"none\">Koordynator:<\/span><\/b><span data-ccp-props=\"{&quot;201341983&quot;:0,&quot;335559739&quot;:160,&quot;335559740&quot;:276}\">\u00a0<\/span><\/p>\n<ul>\n<li data-leveltext=\"\uf0b7\" data-font=\"Symbol\" data-listid=\"1\" aria-setsize=\"-1\" data-aria-posinset=\"1\" data-aria-level=\"1\"><span data-contrast=\"none\">dr\u00a0Aneta Szczygielska-\u0141aciak\u00a0&#8211;\u00a0<\/span><span data-contrast=\"auto\">Wydzia\u0142 Nauk \u015acis\u0142ych i Technicznych<\/span><span data-ccp-props=\"{&quot;201341983&quot;:0,&quot;335559685&quot;:426,&quot;335559739&quot;:160,&quot;335559740&quot;:276}\">\u00a0<\/span><\/li>\n<\/ul>\n<p><span data-contrast=\"none\">\u202f<\/span><b><span data-contrast=\"none\">Organizatorzy:<\/span><\/b><span data-ccp-props=\"{&quot;201341983&quot;:0,&quot;335559739&quot;:160,&quot;335559740&quot;:276}\">\u00a0<\/span><\/p>\n<ul>\n<li data-leveltext=\"\uf0b7\" data-font=\"Symbol\" data-listid=\"2\" aria-setsize=\"-1\" data-aria-posinset=\"1\" data-aria-level=\"1\"><span data-contrast=\"none\">dr Agata Daszkowska-Golec,\u00a0prof.U\u015a\u00a0;\u00a0<\/span><span data-contrast=\"auto\">Wydzia\u0142 Nauk Przyrodniczych<\/span><span data-ccp-props=\"{&quot;201341983&quot;:0,&quot;335559685&quot;:426,&quot;335559739&quot;:160,&quot;335559740&quot;:276}\">\u00a0<\/span><\/li>\n<li data-leveltext=\"\uf0b7\" data-font=\"Symbol\" data-listid=\"2\" aria-setsize=\"-1\" data-aria-posinset=\"2\" data-aria-level=\"1\"><span data-contrast=\"none\">dr\u00a0Katarzyna Kowalska-Szojda;\u00a0<\/span><span data-contrast=\"auto\">Wydzia\u0142 Nauk \u015acis\u0142ych i Technicznych<\/span><span data-ccp-props=\"{&quot;201341983&quot;:0,&quot;335559685&quot;:426,&quot;335559739&quot;:160,&quot;335559740&quot;:276}\">\u00a0<\/span><\/li>\n<li data-leveltext=\"\uf0b7\" data-font=\"Symbol\" data-listid=\"2\" aria-setsize=\"-1\" data-aria-posinset=\"3\" data-aria-level=\"1\"><span data-contrast=\"none\">dr Marcin \u0141aciak;\u00a0<\/span><span data-contrast=\"auto\">Wydzia\u0142 Nauk \u015acis\u0142ych i Technicznych<\/span><\/li>\n<li data-leveltext=\"\uf0b7\" data-font=\"Symbol\" data-listid=\"2\" aria-setsize=\"-1\" data-aria-posinset=\"1\" data-aria-level=\"1\"><span data-contrast=\"none\">mgr Joanna\u00a0Stelmaszak;\u00a0<\/span><span data-contrast=\"auto\">Wydzia\u0142 Nauk \u015acis\u0142ych i Technicznych<\/span><span data-ccp-props=\"{&quot;201341983&quot;:0,&quot;335559685&quot;:426,&quot;335559739&quot;:160,&quot;335559740&quot;:276}\">\u00a0<\/span><\/li>\n<li data-leveltext=\"\uf0b7\" data-font=\"Symbol\" data-listid=\"2\" aria-setsize=\"-1\" data-aria-posinset=\"2\" data-aria-level=\"1\"><span data-contrast=\"none\">dr Aneta Szczygielska-\u0141aciak;\u00a0<\/span><span data-contrast=\"auto\">Wydzia\u0142 Nauk \u015acis\u0142ych i Technicznych<\/span><span data-ccp-props=\"{&quot;201341983&quot;:0,&quot;335559685&quot;:426,&quot;335559739&quot;:160,&quot;335559740&quot;:276}\">\u00a0<\/span><\/li>\n<li data-leveltext=\"\uf0b7\" data-font=\"Symbol\" data-listid=\"2\" aria-setsize=\"-1\" data-aria-posinset=\"3\" data-aria-level=\"1\"><span data-contrast=\"none\">dr Barbara W\u00f3jcikowska;\u00a0<\/span><span data-contrast=\"auto\">Wydzia\u0142 Nauk Przyrodniczych<\/span><span data-ccp-props=\"{&quot;201341983&quot;:0,&quot;335559685&quot;:426,&quot;335559739&quot;:160,&quot;335559740&quot;:276}\">\u00a0<\/span><\/li>\n<\/ul>\n<p><b><span data-contrast=\"none\">Akty prawne:<\/span><\/b><span data-ccp-props=\"{&quot;201341983&quot;:0,&quot;335559739&quot;:160,&quot;335559740&quot;:276}\">\u00a0<\/span><\/p>\n<p><a href=\"http:\/\/www.bip.us.edu.pl\/sites\/bip.us.edu.pl\/files\/zarz2021144.pdf\" class=\"mtli_attachment mtli_pdf\" data-mtli=\"mtli_filesize36,44kB\" class=\"mtli_attachment mtli_pdf\" data-mtli=\"mtli_filesize36,44kB\"><span data-contrast=\"none\">Zarz\u0105dzenie nr 144\/2021<\/span><span data-contrast=\"none\">\u202f<\/span><span data-contrast=\"auto\">\u00a0Rektora Uniwersytetu \u015al\u0105skiego w Katowicach z dnia 11 sierpnia 2021 r. w sprawie realizacji projektu pn.: \u201eAkcja Popularyzacja\u201d finansowanego w ramach programu \u201eSpo\u0142eczna odpowiedzialno\u015b\u0107 nauki\u201d.<\/span><\/a><\/p>\n<style type=\"text\/css\">a[data-mtli~=\"mtli_filesize36,44kB\"]:after {content:\" (36,44 kB)\"}<\/style><\/div>\r\n                    <\/div>\r\n                <\/div>[\/vc_column][\/vc_row][vc_row][vc_column]<div class=\"container\"><div class=\"separator\" style=\"background-color: #002E5A\"><\/div><\/div>[\/vc_column][vc_column]\r\n                <div class=\"text-modules\">\r\n                    <div class=\"container\">\r\n                        \r\n                        <div class=\"text-modules__content\"><\/p>\n<p style=\"text-align: center;\">Projekt dofinansowano z programu \u201eSpo\u0142eczna Odpowiedzialno\u015b\u0107 Nauki\u201d Ministra Edukacji i Nauki.<\/p>\n<p>\n<\/div>\r\n                    <\/div>\r\n                <\/div>[\/vc_column][\/vc_row]<\/p>\n<p><\/p>\n<style type=\"text\/css\">a[data-mtli~=\"mtli_filesize36,44kB\"]:after {content:\" (36,44 kB)\"}<\/style>","protected":false},"excerpt":{"rendered":"<p>[vc_row][vc_column width=&#8221;1\/4&#8243;][vc_single_image image=&#8221;18786&#8243; alignment=&#8221;center&#8221;][\/vc_column][vc_column width=&#8221;1\/4&#8243;][vc_single_image image=&#8221;16296&#8243;][\/vc_column][vc_column width=&#8221;1\/4&#8243;][vc_single_image image=&#8221;16294&#8243;][\/vc_column][vc_column width=&#8221;1\/4&#8243;][vc_single_image image=&#8221;18825&#8243; alignment=&#8221;center&#8221;][\/vc_column][\/vc_row][vc_row][vc_column][\/vc_column][\/vc_row][vc_row][vc_column][\/vc_column][\/vc_row][vc_row][vc_column][\/vc_column][vc_column][\/vc_column][\/vc_row] [&#8230;]<\/p>\n<p><a class=\"btn btn-secondary understrap-read-more-link\" href=\"https:\/\/us.edu.pl\/wydzial\/wnst\/wspolpraca\/szkoly\/akcja-popularyzacja\/\">Read More&#8230;<\/a><\/p>\n","protected":false},"author":104,"featured_media":0,"parent":680,"menu_order":0,"comment_status":"closed","ping_status":"closed","template":"page-templates\/page-with-sidebar.php","meta":{"_expiration-date-status":"","_expiration-date":0,"_expiration-date-type":"","_expiration-date-categories":[],"_expiration-date-options":[]},"acf":[],"_links":{"self":[{"href":"https:\/\/us.edu.pl\/wydzial\/wnst\/wp-json\/wp\/v2\/pages\/16223"}],"collection":[{"href":"https:\/\/us.edu.pl\/wydzial\/wnst\/wp-json\/wp\/v2\/pages"}],"about":[{"href":"https:\/\/us.edu.pl\/wydzial\/wnst\/wp-json\/wp\/v2\/types\/page"}],"author":[{"embeddable":true,"href":"https:\/\/us.edu.pl\/wydzial\/wnst\/wp-json\/wp\/v2\/users\/104"}],"replies":[{"embeddable":true,"href":"https:\/\/us.edu.pl\/wydzial\/wnst\/wp-json\/wp\/v2\/comments?post=16223"}],"version-history":[{"count":26,"href":"https:\/\/us.edu.pl\/wydzial\/wnst\/wp-json\/wp\/v2\/pages\/16223\/revisions"}],"predecessor-version":[{"id":18836,"href":"https:\/\/us.edu.pl\/wydzial\/wnst\/wp-json\/wp\/v2\/pages\/16223\/revisions\/18836"}],"up":[{"embeddable":true,"href":"https:\/\/us.edu.pl\/wydzial\/wnst\/wp-json\/wp\/v2\/pages\/680"}],"wp:attachment":[{"href":"https:\/\/us.edu.pl\/wydzial\/wnst\/wp-json\/wp\/v2\/media?parent=16223"}],"curies":[{"name":"wp","href":"https:\/\/api.w.org\/{rel}","templated":true}]}}