{"id":162988,"date":"2023-01-24T10:14:50","date_gmt":"2023-01-24T09:14:50","guid":{"rendered":"https:\/\/us.edu.pl\/wydzial\/wnst\/?page_id=162988"},"modified":"2023-01-30T10:53:42","modified_gmt":"2023-01-30T09:53:42","slug":"xvi-edycja","status":"publish","type":"page","link":"https:\/\/us.edu.pl\/wydzial\/wnst\/wspolpraca\/szkoly\/swieto-liczby-pi\/xvi-edycja\/","title":{"rendered":"XVI \u015awi\u0119to Liczby Pi"},"content":{"rendered":"<p>[vc_row el_class=&#8221;container&#8221;][vc_column width=&#8221;2\/5&#8243; el_class=&#8221;container&#8221;][vc_row_inner][vc_column_inner]            \r\n            <div class=\"sidebar_moduls sidebar_moduls_facebok fb-page\"\r\n              data-href=\"https:\/\/www.facebook.com\/swietoliczbypi\/\" \r\n              data-width=\"330\"\r\n              data-hide-cover=\"false\"\r\n              data-show-facepile=\"true\"><\/div>\r\n             \r\n             <div id=\"fb-root\"><\/div>\r\n            <script async defer crossorigin=\"anonymous\" src=\" https:\/\/connect.facebook.net\/pl_PL\/sdk.js#xfbml=1&version=v4.0 \">                        \r\n            <\/script>\r\n            [\/vc_column_inner][\/vc_row_inner]\r\n                <div class=\"text-modules\">\r\n                    <div class=\"container\">\r\n                        \r\n                        <div class=\"text-modules__content\"><p><img class=\"aligncenter wp-image-23911 size-full\" style=\"max-width: 330px;\" src=\"https:\/\/us.edu.pl\/wydzial\/wnst\/wp-content\/uploads\/sites\/18\/Nieprzypisane\/plakat_XVISLPi.png\" alt=\"\" width=\"100%\" height=\"auto\" srcset=\"https:\/\/us.edu.pl\/wydzial\/wnst\/wp-content\/uploads\/sites\/18\/Nieprzypisane\/plakat_XVISLPi.png 1000w, https:\/\/us.edu.pl\/wydzial\/wnst\/wp-content\/uploads\/sites\/18\/Nieprzypisane\/plakat_XVISLPi-212x300.png 212w, https:\/\/us.edu.pl\/wydzial\/wnst\/wp-content\/uploads\/sites\/18\/Nieprzypisane\/plakat_XVISLPi-768x1086.png 768w, https:\/\/us.edu.pl\/wydzial\/wnst\/wp-content\/uploads\/sites\/18\/Nieprzypisane\/plakat_XVISLPi-724x1024.png 724w, https:\/\/us.edu.pl\/wydzial\/wnst\/wp-content\/uploads\/sites\/18\/Nieprzypisane\/plakat_XVISLPi-407x575.png 407w\" sizes=\"(max-width: 1000px) 100vw, 1000px\" \/><\/p>\n<\/div>\r\n                    <\/div>\r\n                <\/div>[\/vc_column][vc_column width=&#8221;3\/5&#8243;]\r\n                <div class=\"text-modules\">\r\n                    <div class=\"container\">\r\n                        \r\n                        <div class=\"text-modules__content\"><\/p>\n<p style=\"text-align: center;\"><span style=\"font-size: 14pt; color: #003366;\"><strong>XVI \u015awi\u0119to Liczby Pi<\/strong><\/span><\/p>\n<p style=\"text-align: center;\">\u03c0 = 3,14159 26535 89793 23846 26433 83279 50288 41971&#8230;<\/p>\n<p>\u015awi\u0119to Liczby Pi to wydarzenie popularyzatorskie, kt\u00f3rego data dyktowana jest przez 3 pierwsze cyfry liczby \u03c0: 3,14&#8230; Przypomnijmy, \u017ce jest to ameryka\u0144ski zapis daty 14 marca.<\/p>\n<p>Wydarzenie skierowane jest przede wszystkim do uczni\u00f3w szk\u00f3\u0142 podstawowych, ponadpodstawowych, ale r\u00f3wnie\u017c student\u00f3w i sympatyk\u00f3w nauk \u015bcis\u0142ych. G\u0142\u00f3wnym celem \u015bwi\u0119towania jest promocja nauk matematyczno-przyrodniczych oraz \u015bcis\u0142ych i technicznych. Ci\u0105g\u0142y rozw\u00f3j, odkrycia i wynalazki wzmagaj\u0105 apetyt naukowc\u00f3w i odbiorc\u00f3w. Niejednokrotnie s\u0105 to zagadnienia trudne, kt\u00f3re wystarczy przedstawi\u0107 w uproszczonej formie, \u017ceby wzbudzi\u0107 zainteresowanie i rozpali\u0107 ciekawo\u015b\u0107.<\/p>\n<p style=\"text-align: center;\">To wszystko dost\u0119pne by\u0142o w czasie \u015awi\u0119ta Liczby Pi &#8211; 14 marca 2022 r.<br \/>\n<a href=\"https:\/\/us.edu.pl\/wydzial\/wnst\/wspolpraca\/szkoly\/swieto-liczby-pi\/podsumowanie-xvi-swieto-liczby-pi\/\" target=\"_blank\" rel=\"noopener\">Oto podsumowanie<\/a><\/p>\n<p>\n<\/div>\r\n                    <\/div>\r\n                <\/div>[\/vc_column][\/vc_row]<\/p>","protected":false},"excerpt":{"rendered":"<p>[vc_row el_class=&#8221;container&#8221;][vc_column width=&#8221;2\/5&#8243; el_class=&#8221;container&#8221;][vc_row_inner][vc_column_inner][\/vc_column_inner][\/vc_row_inner][\/vc_column][vc_column width=&#8221;3\/5&#8243;][\/vc_column][\/vc_row] [&#8230;]<\/p>\n<p><a class=\"btn btn-secondary understrap-read-more-link\" href=\"https:\/\/us.edu.pl\/wydzial\/wnst\/wspolpraca\/szkoly\/swieto-liczby-pi\/xvi-edycja\/\">Read More&#8230;<\/a><\/p>\n","protected":false},"author":92,"featured_media":0,"parent":742,"menu_order":0,"comment_status":"closed","ping_status":"closed","template":"page-templates\/page-with-sidebar.php","meta":{"_expiration-date-status":"","_expiration-date":0,"_expiration-date-type":"","_expiration-date-categories":[],"_expiration-date-options":[]},"acf":[],"_links":{"self":[{"href":"https:\/\/us.edu.pl\/wydzial\/wnst\/wp-json\/wp\/v2\/pages\/162988"}],"collection":[{"href":"https:\/\/us.edu.pl\/wydzial\/wnst\/wp-json\/wp\/v2\/pages"}],"about":[{"href":"https:\/\/us.edu.pl\/wydzial\/wnst\/wp-json\/wp\/v2\/types\/page"}],"author":[{"embeddable":true,"href":"https:\/\/us.edu.pl\/wydzial\/wnst\/wp-json\/wp\/v2\/users\/92"}],"replies":[{"embeddable":true,"href":"https:\/\/us.edu.pl\/wydzial\/wnst\/wp-json\/wp\/v2\/comments?post=162988"}],"version-history":[{"count":2,"href":"https:\/\/us.edu.pl\/wydzial\/wnst\/wp-json\/wp\/v2\/pages\/162988\/revisions"}],"predecessor-version":[{"id":162998,"href":"https:\/\/us.edu.pl\/wydzial\/wnst\/wp-json\/wp\/v2\/pages\/162988\/revisions\/162998"}],"up":[{"embeddable":true,"href":"https:\/\/us.edu.pl\/wydzial\/wnst\/wp-json\/wp\/v2\/pages\/742"}],"wp:attachment":[{"href":"https:\/\/us.edu.pl\/wydzial\/wnst\/wp-json\/wp\/v2\/media?parent=162988"}],"curies":[{"name":"wp","href":"https:\/\/api.w.org\/{rel}","templated":true}]}}