{"id":163235,"date":"2023-01-29T16:35:44","date_gmt":"2023-01-29T15:35:44","guid":{"rendered":"https:\/\/us.edu.pl\/wydzial\/wnst\/?page_id=163235"},"modified":"2023-01-29T16:37:33","modified_gmt":"2023-01-29T15:37:33","slug":"o-konkursie-2022","status":"publish","type":"page","link":"https:\/\/us.edu.pl\/wydzial\/wnst\/wspolpraca\/szkoly\/konkurs-chemiczny\/konkurs-chemiczny-2022\/o-konkursie-2022\/","title":{"rendered":"o Konkursie"},"content":{"rendered":"<p>[vc_row el_class=&#8221;container&#8221;][vc_column]\r\n                <div class=\"text-modules\">\r\n                    <div class=\"container\">\r\n                        <h3 class=\"page-title text__title\">O XV Konkursie<\/h3>\r\n                        <div class=\"text-modules__content\"><p>Og\u00f3lnopolski Konkurs Chemiczny sk\u0142ada si\u0119 z dw\u00f3ch etap\u00f3w:<\/p>\n<ul>\n<li>etap pierwszy \u2013 pisemny<\/li>\n<li>etap drugi (fina\u0142) \u2013 laboratoryjny<\/li>\n<\/ul>\n<p>Cz\u0119\u015b\u0107 pisemna, kt\u00f3ra odb\u0119dzie si\u0119 w dniu <strong>21.03.<\/strong><strong>2022 roku<\/strong> b\u0119dzie mia\u0142a charakter eliminacji, natomiast zadania laboratoryjne stanowi\u0107 b\u0119d\u0105 fina\u0142 Konkursu.\u00a0 Fina\u0142 odb\u0119dzie\u00a0 si\u0119 <strong>28.03.2022 r.<\/strong> Do fina\u0142u dopuszczonych zostanie 25-35 najlepszych uczestniczek i uczestnik\u00f3w eliminacji.<\/p>\n<p style=\"text-align: center;\"><strong>Ze wzgl\u0119du na pandemi\u0119 Covid-19 pierwszy etap odb\u0119dzie si\u0119 on-line<\/strong><\/p>\n<h3><span style=\"color: #002a5e;\">Program pierwszego etapu Konkursu<\/span><\/h3>\n<ol>\n<li>Wyk\u0142ad popularnonaukowy (rozpocz\u0119cie o godzinie 11<sup>00<\/sup>);<\/li>\n<li>Cz\u0119\u015b\u0107 pisemna Konkursu (rozpocz\u0119cie oko\u0142o godziny 11<sup>30<\/sup>);<\/li>\n<\/ol>\n<p>W cz\u0119\u015bci pisemnej Konkursu uczestnicy b\u0119d\u0105 rozwi\u0105zywa\u0107 zadania testowe, przy czym jedno z zada\u0144 b\u0119dzie dotyczy\u0107 wys\u0142uchanego wyk\u0142adu. Tematyka zada\u0144 mie\u015bci\u0107 si\u0119 b\u0119dzie w programie chemii przewidzianym dla lice\u00f3w og\u00f3lnokszta\u0142c\u0105cych (wi\u0119kszo\u015b\u0107 zada\u0144 w programie podstawowym). Chcemy, aby podobnie jak w ubieg\u0142ych latach, poziom trudno\u015bci zada\u0144 odpowiada\u0142 programowi chemii w szko\u0142ach \u015brednich.<\/p>\n<p>Lista zawodnik\u00f3w zakwalifikowanych do fina\u0142u zostanie opublikowana na stronie Konkursu i na stronie Instytutu Chemii.<\/p>\n<h3><span style=\"color: #002a5e;\">Program drugiego etapu Konkursu &#8211; FINA\u0141<\/span><\/h3>\n<ol>\n<li>Zbi\u00f3rka finalist\u00f3w: 28.03.2022 r. godz. 9<sup>30<\/sup> &#8211; hol budynku Instytutu Chemii Uniwersytetu \u015al\u0105skiego, ul. Szkolna 9;<\/li>\n<li>Fina\u0142 Konkursu (pocz\u0105tek oko\u0142o godz. 10<sup>00<\/sup>).<br \/>\nW finale zawodnicy b\u0119d\u0105 rozwi\u0105zywa\u0107 niezbyt skomplikowane manualnie zadania laboratoryjne. Przed przyst\u0105pieniem do rozwi\u0105zywania zada\u0144 przewidujemy po\u015bwi\u0119cenie oko\u0142o p\u00f3\u0142 godziny na zademonstrowanie m\u0142odzie\u017cy potrzebnych element\u00f3w techniki laboratoryjnej. Powinno to u\u0142atwi\u0107 wykonywanie zada\u0144 laboratoryjnych tym uczestnikom Konkursu, kt\u00f3rzy mieli dotychczas niewiele okazji do samodzielnej pracy w laboratorium chemicznym. Przewidujemy, \u017ce cz\u0119\u015b\u0107 fina\u0142owa Konkursu zako\u0144czy si\u0119 oko\u0142o godz. 13<sup>00<\/sup>.<\/li>\n<li>Og\u0142oszenie wynik\u00f3w Konkursu i wr\u0119czenie nagr\u00f3d &#8211; oko\u0142o godz. 15.00.<strong><br \/>\n<\/strong><\/li>\n<\/ol>\n<p style=\"text-align: center;\"><strong>Uwaga. \u00a0Je\u015bli ograniczenia pandemiczne nie pozwol\u0105 na realizacj\u0119 fina\u0142u w laboratorium, zostanie on przeprowadzony &#8211; podobnie jak etap pierwszy &#8211; w wersji on-line. Zadania b\u0119d\u0105 mia\u0142y r\u00f3wnie\u017c charakter testowy ale ich tematyka b\u0119dzie zwi\u0105zana z eksperymentami (w prob\u00f3wkach).<\/strong><\/p>\n<h3><span style=\"color: #002a5e;\">Nagrody<\/span><\/h3>\n<p>Nagrody otrzymuj\u0105 tak laureaci jak i finali\u015bci Konkursu. Fundatorami nagr\u00f3d s\u0105:<\/p>\n<p style=\"text-align: center;\">SYNTHOS S.A. &#8211; G\u0142\u00f3wny Sponsor Konkursu<\/p>\n<p style=\"text-align: center;\">JM Rektor Uniwersytetu \u015al\u0105skiego i Instytut Chemii U\u015a<\/p>\n<p style=\"text-align: center;\">Polskie Towarzystwo Chemiczne<\/p>\n<p style=\"text-align: center;\">Ksi\u0119garnia internetowa Kraina Ksi\u0105\u017cek<\/p>\n<h3><span style=\"color: #002a5e;\">Informacje organizacyjne<\/span><\/h3>\n<p>Prosimy Dyrekcje Szk\u00f3\u0142 o przes\u0142anie do dnia <strong>18.03.2022<\/strong><strong> r.<\/strong> do godziny 12<sup>00<\/sup> formularza zg\u0142oszeniowego wype\u0142nionego przez ka\u017cdego uczestnika konkursu dost\u0119pnego na stronie: <a href=\"https:\/\/formularze.us.edu.pl\/konkurschemiczny\/562\/2926\">https:\/\/formularze.us.edu.pl\/konkurschemiczny<\/a> Prosimy o obligatoryjne podanie adresu e-mail uczestnika, gdy\u017c b\u0119dzie on konieczny na etapie przeprowadzania konkursu online. Jednocze\u015bnie informujemy, \u017ce nie ma ograniczenia, co do liczby zg\u0142aszanych os\u00f3b. <span style=\"color: #000000;\">Bardzo prosimy o wysy\u0142anie formularzy w wersji elektronicznej. Ka\u017cde wys\u0142ane w ten spos\u00f3b zg\u0142oszenie zostanie potwierdzone mailem zwrotnym. W trakcie nap\u0142ywania zg\u0142osze\u0144, na stronie Konkursu pojawi si\u0119 lista szk\u00f3\u0142 wraz z informacj\u0119 o liczbie reprezentuj\u0105cych j\u0105 uczni\u00f3w. Wype\u0142niony formularz nale\u017cy przes\u0142a\u0107 na adres: <a style=\"color: #000000;\" href=\"konkurs.chemiczny@us.edu.pl\">konkurs.chemiczny@us.edu.pl<\/a><\/span><\/p>\n<\/div>\r\n                    <\/div>\r\n                <\/div>[\/vc_column][\/vc_row][vc_row el_class=&#8221;container&#8221;][vc_column el_class=&#8221;container&#8221; css=&#8221;.vc_custom_1644244818228{background-color: #002a5e !important;}&#8221;]\r\n                <div class=\"text-modules\">\r\n                    <div class=\"container\">\r\n                        \r\n                        <div class=\"text-modules__content\"><\/p>\n<p style=\"text-align: center;\"><span style=\"letter-spacing: 0.7mm; color: #ffffff; font-size: 100%;\">Wszelkich informacji o Konkursie udzielaj\u0105:<\/span><\/p>\n<p style=\"text-align: center;\"><span style=\"color: #ffffff;\">mgr Beata Marcol-Szumilas | tel. 32 359 1954<\/span><br \/>\n<span style=\"color: #ffffff;\">mgr Aneta Kurpanik-W\u00f3jcik | tel. 32 3591357<\/span><br \/>\n<span style=\"color: #ffffff;\">dr Marek Matussek | tel. 32 359 1357<\/span><\/p>\n<p style=\"text-align: center;\"><span style=\"color: #999999;\">email: <a style=\"color: #999999;\" href=\"mailto:konkurs.chemiczny@us.edu.pl\">konkurs.chemiczny@us.edu.pl<\/a><\/span><\/p>\n<p>\n<\/div>\r\n                    <\/div>\r\n                <\/div>[\/vc_column][\/vc_row][vc_row title=&#8221;strona rejestracji&#8221; style=&#8221;custom&#8221; gradient_color_1=&#8221;turquoise&#8221; gradient_color_2=&#8221;blue&#8221; gradient_custom_color_1=&#8221;#dd3333&#8243; gradient_custom_color_2=&#8221;#eeee22&#8243; gradient_text_color=&#8221;#ffffff&#8221; custom_background=&#8221;#002e5a&#8221; custom_text=&#8221;#ffffff&#8221; outline_custom_color=&#8221;#666666&#8243; outline_custom_hover_background=&#8221;#666666&#8243; outline_custom_hover_text=&#8221;#ffffff&#8221; shape=&#8221;rounded&#8221; color=&#8221;grey&#8221; size=&#8221;md&#8221; align=&#8221;left&#8221; button_block=&#8221;&#8221; add_icon=&#8221;&#8221; i_align=&#8221;left&#8221; i_type=&#8221;fontawesome&#8221; i_icon_fontawesome=&#8221;fa fa-adjust&#8221; i_icon_openiconic=&#8221;vc-oi vc-oi-dial&#8221; i_icon_typicons=&#8221;typcn typcn-adjust-brightness&#8221; i_icon_entypo=&#8221;entypo-icon entypo-icon-note&#8221; i_icon_linecons=&#8221;vc_li vc_li-heart&#8221; i_icon_monosocial=&#8221;vc-mono vc-mono-fivehundredpx&#8221; i_icon_material=&#8221;vc-material vc-material-cake&#8221; i_icon_pixelicons=&#8221;vc_pixel_icon vc_pixel_icon-alert&#8221; custom_onclick=&#8221;&#8221; link=&#8221;url:https%3A%2F%2Fus.edu.pl%2Fwydzial%2Fwnst%2Fstudia%2Fstudent%2Frejestracje-na-zajecia||target:%20_blank|&#8221; custom_onclick_code=&#8221;&#8221; el_class=&#8221;container&#8221;][vc_column width=&#8221;1\/5&#8243;][\/vc_column][vc_column width=&#8221;1\/5&#8243;][\/vc_column][vc_column width=&#8221;1\/5&#8243;][\/vc_column][vc_column width=&#8221;1\/5&#8243;][\/vc_column][vc_column width=&#8221;1\/5&#8243;][vc_empty_space][vc_btn title=&#8221;powr\u00f3t na stron\u0119 g\u0142\u00f3wn\u0105&#8221; style=&#8221;custom&#8221; custom_background=&#8221;#002e5a&#8221; custom_text=&#8221;#ffffff&#8221; align=&#8221;left&#8221; link=&#8221;url:https%3A%2F%2Fus.edu.pl%2Fwydzial%2Fwnst%2Fwspolpraca%2Fszkoly%2Fkonkurs-chemiczny%2F||target:%20_blank|&#8221;][\/vc_column][\/vc_row]<\/p>","protected":false},"excerpt":{"rendered":"<p>[vc_row el_class=&#8221;container&#8221;][vc_column][\/vc_column][\/vc_row][vc_row el_class=&#8221;container&#8221;][vc_column el_class=&#8221;container&#8221; css=&#8221;.vc_custom_1644244818228{background-color: #002a5e !important;}&#8221;][\/vc_column][\/vc_row][vc_row title=&#8221;strona rejestracji&#8221; style=&#8221;custom&#8221; gradient_color_1=&#8221;turquoise&#8221; gradient_color_2=&#8221;blue&#8221; gradient_custom_color_1=&#8221;#dd3333&#8243; gradient_custom_color_2=&#8221;#eeee22&#8243; gradient_text_color=&#8221;#ffffff&#8221; custom_background=&#8221;#002e5a&#8221; custom_text=&#8221;#ffffff&#8221; outline_custom_color=&#8221;#666666&#8243; outline_custom_hover_background=&#8221;#666666&#8243; outline_custom_hover_text=&#8221;#ffffff&#8221; shape=&#8221;rounded&#8221; color=&#8221;grey&#8221; size=&#8221;md&#8221; align=&#8221;left&#8221; button_block=&#8221;&#8221; add_icon=&#8221;&#8221; i_align=&#8221;left&#8221; i_type=&#8221;fontawesome&#8221; i_icon_fontawesome=&#8221;fa fa-adjust&#8221; i_icon_openiconic=&#8221;vc-oi vc-oi-dial&#8221; i_icon_typicons=&#8221;typcn typcn-adjust-brightness&#8221; i_icon_entypo=&#8221;entypo-icon entypo-icon-note&#8221; i_icon_linecons=&#8221;vc_li vc_li-heart&#8221; i_icon_monosocial=&#8221;vc-mono vc-mono-fivehundredpx&#8221; i_icon_material=&#8221;vc-material vc-material-cake&#8221; i_icon_pixelicons=&#8221;vc_pixel_icon vc_pixel_icon-alert&#8221; custom_onclick=&#8221;&#8221; link=&#8221;url:https%3A%2F%2Fus.edu.pl%2Fwydzial%2Fwnst%2Fstudia%2Fstudent%2Frejestracje-na-zajecia||target:%20_blank|&#8221; custom_onclick_code=&#8221;&#8221; el_class=&#8221;container&#8221;][vc_column width=&#8221;1\/5&#8243;][\/vc_column][vc_column width=&#8221;1\/5&#8243;][\/vc_column][vc_column width=&#8221;1\/5&#8243;][\/vc_column][vc_column width=&#8221;1\/5&#8243;][\/vc_column][vc_column width=&#8221;1\/5&#8243;][vc_empty_space][vc_btn title=&#8221;powr\u00f3t na [&#8230;]<\/p>\n<p><a class=\"btn btn-secondary understrap-read-more-link\" href=\"https:\/\/us.edu.pl\/wydzial\/wnst\/wspolpraca\/szkoly\/konkurs-chemiczny\/konkurs-chemiczny-2022\/o-konkursie-2022\/\">Read More&#8230;<\/a><\/p>\n","protected":false},"author":92,"featured_media":0,"parent":163146,"menu_order":0,"comment_status":"closed","ping_status":"closed","template":"","meta":{"_expiration-date-status":"saved","_expiration-date":0,"_expiration-date-type":"","_expiration-date-categories":[],"_expiration-date-options":[]},"acf":[],"_links":{"self":[{"href":"https:\/\/us.edu.pl\/wydzial\/wnst\/wp-json\/wp\/v2\/pages\/163235"}],"collection":[{"href":"https:\/\/us.edu.pl\/wydzial\/wnst\/wp-json\/wp\/v2\/pages"}],"about":[{"href":"https:\/\/us.edu.pl\/wydzial\/wnst\/wp-json\/wp\/v2\/types\/page"}],"author":[{"embeddable":true,"href":"https:\/\/us.edu.pl\/wydzial\/wnst\/wp-json\/wp\/v2\/users\/92"}],"replies":[{"embeddable":true,"href":"https:\/\/us.edu.pl\/wydzial\/wnst\/wp-json\/wp\/v2\/comments?post=163235"}],"version-history":[{"count":2,"href":"https:\/\/us.edu.pl\/wydzial\/wnst\/wp-json\/wp\/v2\/pages\/163235\/revisions"}],"predecessor-version":[{"id":163237,"href":"https:\/\/us.edu.pl\/wydzial\/wnst\/wp-json\/wp\/v2\/pages\/163235\/revisions\/163237"}],"up":[{"embeddable":true,"href":"https:\/\/us.edu.pl\/wydzial\/wnst\/wp-json\/wp\/v2\/pages\/163146"}],"wp:attachment":[{"href":"https:\/\/us.edu.pl\/wydzial\/wnst\/wp-json\/wp\/v2\/media?parent=163235"}],"curies":[{"name":"wp","href":"https:\/\/api.w.org\/{rel}","templated":true}]}}