{"id":163948,"date":"2023-02-19T10:23:44","date_gmt":"2023-02-19T09:23:44","guid":{"rendered":"https:\/\/us.edu.pl\/wydzial\/wnst\/?page_id=163948"},"modified":"2023-02-19T12:57:13","modified_gmt":"2023-02-19T11:57:13","slug":"wydzialowa-strategia-ksztalcenia","status":"publish","type":"page","link":"https:\/\/us.edu.pl\/wydzial\/wnst\/wydzialowa-strategia-ksztalcenia\/","title":{"rendered":"wydzia\u0142owa strategia kszta\u0142cenia"},"content":{"rendered":"<p>[vc_row][vc_column]\r\n                <div class=\"text-modules\">\r\n                    <div class=\"container\">\r\n                        \r\n                        <div class=\"text-modules__content\"><\/p>\n<h3 style=\"text-align: center;\"><span style=\"color: #002e5e;\">Wydzia\u0142owa Strategia Kszta\u0142cenia z Wykorzystaniem Metod i Technik Kszta\u0142cenia na Odleg\u0142o\u015b\u0107<\/span><\/h3>\n<p>\n<\/div>\r\n                    <\/div>\r\n                <\/div>[\/vc_column][\/vc_row][vc_row el_class=&#8221;container&#8221;][vc_column width=&#8221;2\/3&#8243;]\r\n                <div class=\"text-modules\">\r\n                    <div class=\"container\">\r\n                        \r\n                        <div class=\"text-modules__content\"><p><span style=\"color: #002e5a;\"><strong>Informacje wprowadzaj\u0105ce<\/strong><\/span><\/p>\n<p>Zarz\u0105dzeniem nr 176 Rektora Uniwersytetu \u015al\u0105skiego w Katowicach z dnia 15 pa\u017adziernika 2021 r. w sprawie zasad prowadzenia w Uniwersytecie \u015al\u0105skim w Katowicach zaj\u0119\u0107 dydaktycznych z wykorzystaniem metod i technik kszta\u0142cenia na odleg\u0142o\u015b\u0107 ustala og\u00f3lne regulacje dotycz\u0105ce kszta\u0142cenia na odleg\u0142o\u015b\u0107.<br \/>\nZgodnie z par. 2, pkt. 6 rozporz\u0105dzenia nr 176, Dziekan, po zasi\u0119gni\u0119ciu opinii wydzia\u0142owej komisji do spraw kszta\u0142cenia i student\u00f3w, okre\u015bla wydzia\u0142ow\u0105 strategi\u0119 kszta\u0142cenia z wykorzystaniem metod i technik kszta\u0142cenia na odleg\u0142o\u015b\u0107.<br \/>\nZgodnie z par. 4, o prowadzeniu zaj\u0119\u0107 w ramach danego modu\u0142u decyduje Dyrektor Kierunku po zasi\u0119gni\u0119ciu opinii rady dydaktycznej, bior\u0105 pod uwag\u0119 czynniki wskazane w pkt. 2 oraz prowadz\u0105c ewidencj\u0119 wskazan\u0105 w pkt. 4.<br \/>\nWymogi formalne zwi\u0105zane z kszta\u0142ceniem na odleg\u0142o\u015b\u0107 okre\u015bla par. 6 zarz\u0105dzenia nr 176, natomiast par. 7 okre\u015bla ramy sposobu nabywania przez prowadz\u0105cych uprawnie\u0144 do prowadzenia tego typu zaj\u0119\u0107. Opieraj\u0105c si\u0119 na zarz\u0105dzeniu nr 176, niniejszy dokument okre\u015bla Wydzia\u0142ow\u0105 Strategi\u0119 Kszta\u0142cenia z Wykorzystaniem Metod i Technik Kszta\u0142cenia na Odleg\u0142o\u015b\u0107.<\/p>\n<p>Ilekro\u0107 w niniejszym dokumencie jest mowa o:<\/p>\n<ul>\n<li>prowadzeniu zaj\u0119\u0107 zdalnych &#8211; nale\u017cy przez to rozumie\u0107 \u201cprowadzenie zaj\u0119\u0107 z wykorzystaniem metod i technik kszta\u0142cenia na odleg\u0142o\u015b\u0107\u201d,<\/li>\n<li>wydzia\u0142owej strategii &#8211; nale\u017cy przez to rozumie\u0107 \u201cWydzia\u0142ow\u0105 Strategi\u0119 Kszta\u0142cenia z Wykorzystaniem Metod i Technik Kszta\u0142cenia na Odleg\u0142o\u015b\u0107\u201d,<\/li>\n<li>Wydziale &#8211; nale\u017cy rozumie\u0107 Wydzia\u0142 Nauk \u015acis\u0142ych i Technicznych.<\/li>\n<\/ul>\n<p>Poj\u0119cia i sformu\u0142owania wskazane w par. 3 par. 1 zarz\u0105dzenia nr 176 stosowane s\u0105 ustalonym tam znaczeniu w niniejszej wydzia\u0142owej strategii.<\/p>\n<p><strong><span style=\"color: #002e5a;\">Prowadzenie zaj\u0119\u0107 zdalnych<\/span><\/strong><\/p>\n<p>Decyzj\u0119 o wskazaniu do realizacji zaj\u0119\u0107 zdalnych w ramach ka\u017cdego kierunku podejmuje Dyrektor Kierunku, bior\u0105c pod uwag\u0119 specyfik\u0119 kierunku, tryb realizacji zaj\u0119\u0107 i ich typ, a tak\u017ce inne istotne indywidualne uwarunkowania zwi\u0105zane z prowadzeniem zaj\u0119\u0107 w ramach konkretnego modu\u0142u.<br \/>\nZgodnie z par. 7, pkt. 1 zarz\u0105dzenia nr 176 do realizacji zaj\u0119\u0107 zdalnych uprawnieni s\u0105 prowadz\u0105cy, kt\u00f3rzy odbyli szkolenia przygotowuj\u0105ce do tej formy prowadzenia zaj\u0119\u0107. Szkolenia, kt\u00f3rych odbycie potwierdzana jest odpowiednim certyfikatem, realizuje Centrum Kszta\u0142cenia na Odleg\u0142o\u015b\u0107.<br \/>\nSwoj\u0105 wa\u017cno\u015b\u0107 zachowuj\u0105 szkolenia realizowane uprzednio przez prowadz\u0105cych w Centrum Kszta\u0142cenia na Odleg\u0142o\u015b\u0107, w czasie przed wprowadzeniem regulacji zwi\u0105zanych z pandemi\u0105 Covid 19. Potwierdzenie nabytych wtedy uprawnie\u0144 prowadz\u0105cy mog\u0105 uzyskiwa\u0107 osobi\u015bcie w Centrum Kszta\u0142cenia na Odleg\u0142o\u015b\u0107.<br \/>\nW\u0142adze Wydzia\u0142u Nauk \u015acis\u0142ych i Technicznych zach\u0119caj\u0105 do udzia\u0142u w szkoleniach realizowanych przez Centrum Kszta\u0142cenia na Odleg\u0142o\u015b\u0107 r\u00f3wnie\u017c osobom uprawnienia do prowadzenia zaj\u0119\u0107 zdalnych posiadaj\u0105cym, czego motywacj\u0105 jest rozw\u00f3j metod oraz narz\u0119dzi kszta\u0142cenia zdalnego. Rekomendacja ta wpisuje si\u0119 postulat rozwoju kompetencji dydaktycznych pracownik\u00f3w dydaktycznych wydzia\u0142u.<br \/>\nWszyscy prowadz\u0105cy, rozpoczynaj\u0105cy prowadzenie zaj\u0119\u0107 zdalnych po wyga\u015bni\u0119ciu regulacji obowi\u0105zuj\u0105cych w czasie pandemii, zobowi\u0105zani s\u0105 do spe\u0142nienia wymog\u00f3w wskazanych w par. 7, pkt. 1 zarz\u0105dzenia nr 176, czyli do odbycia szkole\u0144 potwierdzonych certyfikatem.<br \/>\nZgodnie z par. 7, pkt. 3 zarz\u0105dzenia nr 176, Dziekan mo\u017ce zwolni\u0107 prowadz\u0105cego zaj\u0119cia posiadaj\u0105cego do\u015bwiadczenie w zakresie metod i technik kszta\u0142cenia na odleg\u0142o\u015b\u0107 z obowi\u0105zku odbycia szkolenia, o kt\u00f3rym mowa pkt.1 tego\u017c paragrafu. Zwolnienie odbywa si\u0119 na wniosek prowadz\u0105cego zaj\u0119cia, na warunkach okre\u015blonych w pkt. 4, par. 7 zarz\u0105dzenia.<\/p>\n<p>Potwierdzenie spe\u0142nienia warunk\u00f3w a), b i c) o kt\u00f3rych mowa w pkt. 4, par. 7 zarz\u0105dzenia odbywa si\u0119 w spos\u00f3b nast\u0119puj\u0105cy:<\/p>\n<ol>\n<li>Pe\u0142nomocnik Dziekana ds. kszta\u0142cenia na odleg\u0142o\u015b\u0107 przygotowuje listy wymaganych umiej\u0119tno\u015bci w zakresie wykorzystywanych odpowiednich platform kszta\u0142cenia zdalnego, pozwalaj\u0105ce na potwierdzenie przez pracownika kompetencji w zakresie prowadzenia zaj\u0119\u0107 zdalnych.<\/li>\n<li>Dla ka\u017cdej ze wskazanych przez zarz\u0105dzenie nr 176 platform kszta\u0142cenia zdalnego przygotowywana jest odpowiednia lista umiej\u0119tno\u015bci.<\/li>\n<li>Pracownik wyst\u0119puj\u0105cy o zwolnienie z odbycia szkolenia do\u0142\u0105cza do wniosku w\u0142a\u015bciwe listy umiej\u0119tno\u015bci, oznaczaj\u0105c na nich posiadane umiej\u0119tno\u015bci. Na tej podstawie Dziekan podejmuje decyzj\u0119 o pozytywnym rozpatrzeniu wniosku lub kieruje wniosek do dalszej weryfikacji<br \/>\nrealizowanej przez Pe\u0142nomocnika.<\/li>\n<li>W przypadku wskazania do przeprowadzenia dalszej weryfikacji kompetencji w zakresie kszta\u0142cenia zdalnego, weryfikacja nast\u0119puje na drodze indywidualnej, w\u0142a\u015bciwej dla specyfiki prowadzonych zaj\u0119\u0107 zdalnych jak i specyfiki wykorzystywanej platformy. Kontakt<br \/>\nz pe\u0142nomocnikiem realizowany jest poprzez poczt\u0119 elektroniczn\u0105, aktualny adres e-mail Pe\u0142nomocnika: <a href=\"mailto:roman.siminski@us.edu.pl\">roman.siminski@us.edu.pl<\/a>.<\/li>\n<\/ol>\n<p>\n<\/div>\r\n                    <\/div>\r\n                <\/div>[\/vc_column][vc_column width=&#8221;1\/3&#8243;][vc_row_inner][vc_column_inner css=&#8221;.vc_custom_1676807825383{margin-left: 3px !important;padding-left: 3px !important;background-color: #f4f4f4 !important;}&#8221;]\r\n                <div class=\"text-modules\">\r\n                    <div class=\"container\">\r\n                        \r\n                        <div class=\"text-modules__content\"><\/p>\n<p style=\"text-align: center;\"><span style=\"color: #002e5a;\"><strong>Niezb\u0119dne dokumenty<\/strong><\/span><\/p>\n<p><a href=\"https:\/\/aktyprawne.us.edu.pl\/d\/5359\/5\/\"><span style=\"font-size: 80%;\">Zarz\u0105dzenie nr 176 Rektora Uniwersytetu \u015al\u0105skiego\u00a0<\/span><\/a><\/p>\n<p><span style=\"font-size: 80%;\"><a href=\"https:\/\/us.edu.pl\/wydzial\/wnst\/wp-content\/uploads\/sites\/18\/Dokumenty-zalaczniki\/SZJK\/StrategiKszalceniaZdalnegoWNSiT.pdf\" class=\"mtli_attachment mtli_pdf\" data-mtli=\"mtli_filesize76,21kB\" class=\"mtli_attachment mtli_pdf\" data-mtli=\"mtli_filesize76,21kB\">Wydzia\u0142owa Strategia Kszta\u0142cenia z wykorzystaniem Metod i Technik Kszta\u0142cenia na Odleg\u0142o\u015b\u0107 &#8211; pe\u0142en tekst<\/a><\/span><\/p>\n<p><span style=\"font-size: 80%;\"><a href=\"https:\/\/us.edu.pl\/wydzial\/wnst\/wp-content\/uploads\/sites\/18\/Dokumenty-zalaczniki\/SZJK\/Wniosek_o_zwolnienie_ze_szkolenia_zdalnego.pdf\" class=\"mtli_attachment mtli_pdf\" data-mtli=\"mtli_filesize64,84kB\" class=\"mtli_attachment mtli_pdf\" data-mtli=\"mtli_filesize64,84kB\">Wniosek o zwolnienie ze szkolenia zdalnego.pdf<\/a><\/span><br \/>\n<span style=\"font-size: 80%;\"><a href=\"https:\/\/us.edu.pl\/wydzial\/wnst\/wp-content\/uploads\/sites\/18\/Dokumenty-zalaczniki\/SZJK\/Wniosek_o_zwolnienie_ze_szkolenia_zdalnego.docx\" class=\"mtli_attachment mtli_docx\" data-mtli=\"mtli_filesize18,09kB\" class=\"mtli_attachment mtli_docx\" data-mtli=\"mtli_filesize18,09kB\">Wniosek o zwolnienie ze szkolenia zdalnego.docx<\/a><\/span><\/p>\n<ul>\n<li><span style=\"font-size: 80%;\"><a href=\"https:\/\/us.edu.pl\/wydzial\/wnst\/wp-content\/uploads\/sites\/18\/Dokumenty-zalaczniki\/SZJK\/ListaUmiejetnosciMoodle.pdf\" class=\"mtli_attachment mtli_pdf\" data-mtli=\"mtli_filesize70,77kB\" class=\"mtli_attachment mtli_pdf\" data-mtli=\"mtli_filesize70,77kB\">Lista umiej\u0119tno\u015bci Moodle.pdf<\/a><\/span><\/li>\n<li><span style=\"font-size: 80%;\"><a href=\"https:\/\/us.edu.pl\/wydzial\/wnst\/wp-content\/uploads\/sites\/18\/Dokumenty-zalaczniki\/SZJK\/ListaUmiejetnosciGoogleWS.pdf\" class=\"mtli_attachment mtli_pdf\" data-mtli=\"mtli_filesize72,23kB\" class=\"mtli_attachment mtli_pdf\" data-mtli=\"mtli_filesize72,23kB\">Lista umiej\u0119tno\u015bci Google WS.pdf<\/a><\/span><\/li>\n<li><span style=\"font-size: 80%;\"><a href=\"https:\/\/us.edu.pl\/wydzial\/wnst\/wp-content\/uploads\/sites\/18\/Dokumenty-zalaczniki\/SZJK\/ListaUmiejetnosciTeams.pdf\" class=\"mtli_attachment mtli_pdf\" data-mtli=\"mtli_filesize66,99kB\" class=\"mtli_attachment mtli_pdf\" data-mtli=\"mtli_filesize66,99kB\">Lista umiej\u0119tno\u015bci Teams.pdf<\/a><\/span><\/li>\n<\/ul>\n<p>\n<style type=\"text\/css\">a[data-mtli~=\"mtli_filesize76,21kB\"]:after {content:\" (76,21 kB)\"}a[data-mtli~=\"mtli_filesize64,84kB\"]:after {content:\" (64,84 kB)\"}a[data-mtli~=\"mtli_filesize18,09kB\"]:after {content:\" (18,09 kB)\"}a[data-mtli~=\"mtli_filesize70,77kB\"]:after {content:\" (70,77 kB)\"}a[data-mtli~=\"mtli_filesize72,23kB\"]:after {content:\" (72,23 kB)\"}a[data-mtli~=\"mtli_filesize66,99kB\"]:after {content:\" (66,99 kB)\"}<\/style><\/div>\r\n                    <\/div>\r\n                <\/div>[\/vc_column_inner][\/vc_row_inner]\r\n                <div class=\"text-modules\">\r\n                    <div class=\"container\">\r\n                        \r\n                        <div class=\"text-modules__content\"><\/p>\n<hr \/>\n<p><a href=\"https:\/\/el.us.edu.pl\/cko\/?page_id=753\" target=\"_blank\" rel=\"noopener\"><img class=\"alignnone wp-image-163963 size-full\" src=\"https:\/\/us.edu.pl\/wydzial\/wnst\/wp-content\/uploads\/sites\/18\/Bez-kategorii\/cko-logo.png\" alt=\"logo centrum kszta\u0142cenia na odleg\u0142o\u015b\u0107\" width=\"100%\" height=\"auto\" srcset=\"https:\/\/us.edu.pl\/wydzial\/wnst\/wp-content\/uploads\/sites\/18\/Bez-kategorii\/cko-logo.png 1440w, https:\/\/us.edu.pl\/wydzial\/wnst\/wp-content\/uploads\/sites\/18\/Bez-kategorii\/cko-logo-300x300.png 300w, https:\/\/us.edu.pl\/wydzial\/wnst\/wp-content\/uploads\/sites\/18\/Bez-kategorii\/cko-logo-1024x1024.png 1024w, https:\/\/us.edu.pl\/wydzial\/wnst\/wp-content\/uploads\/sites\/18\/Bez-kategorii\/cko-logo-150x150.png 150w, https:\/\/us.edu.pl\/wydzial\/wnst\/wp-content\/uploads\/sites\/18\/Bez-kategorii\/cko-logo-768x768.png 768w, https:\/\/us.edu.pl\/wydzial\/wnst\/wp-content\/uploads\/sites\/18\/Bez-kategorii\/cko-logo-575x575.png 575w\" sizes=\"(max-width: 1440px) 100vw, 1440px\" \/><\/a><\/p>\n<hr \/>\n<p>\n<\/div>\r\n                    <\/div>\r\n                <\/div>[\/vc_column][\/vc_row]<\/p>\n<style type=\"text\/css\">a[data-mtli~=\"mtli_filesize76,21kB\"]:after {content:\" (76,21 kB)\"}a[data-mtli~=\"mtli_filesize64,84kB\"]:after {content:\" (64,84 kB)\"}a[data-mtli~=\"mtli_filesize18,09kB\"]:after {content:\" (18,09 kB)\"}a[data-mtli~=\"mtli_filesize70,77kB\"]:after {content:\" (70,77 kB)\"}a[data-mtli~=\"mtli_filesize72,23kB\"]:after {content:\" (72,23 kB)\"}a[data-mtli~=\"mtli_filesize66,99kB\"]:after {content:\" (66,99 kB)\"}<\/style>","protected":false},"excerpt":{"rendered":"<p>[vc_row][vc_column][\/vc_column][\/vc_row][vc_row el_class=&#8221;container&#8221;][vc_column width=&#8221;2\/3&#8243;][\/vc_column][vc_column width=&#8221;1\/3&#8243;][vc_row_inner][vc_column_inner css=&#8221;.vc_custom_1676807825383{margin-left: 3px !important;padding-left: 3px !important;background-color: #f4f4f4 !important;}&#8221;][\/vc_column_inner][\/vc_row_inner][\/vc_column][\/vc_row] [&#8230;]<\/p>\n<p><a class=\"btn btn-secondary understrap-read-more-link\" href=\"https:\/\/us.edu.pl\/wydzial\/wnst\/wydzialowa-strategia-ksztalcenia\/\">Read More&#8230;<\/a><\/p>\n","protected":false},"author":92,"featured_media":0,"parent":0,"menu_order":0,"comment_status":"closed","ping_status":"closed","template":"","meta":{"_expiration-date-status":"","_expiration-date":0,"_expiration-date-type":"","_expiration-date-categories":[],"_expiration-date-options":[]},"acf":[],"_links":{"self":[{"href":"https:\/\/us.edu.pl\/wydzial\/wnst\/wp-json\/wp\/v2\/pages\/163948"}],"collection":[{"href":"https:\/\/us.edu.pl\/wydzial\/wnst\/wp-json\/wp\/v2\/pages"}],"about":[{"href":"https:\/\/us.edu.pl\/wydzial\/wnst\/wp-json\/wp\/v2\/types\/page"}],"author":[{"embeddable":true,"href":"https:\/\/us.edu.pl\/wydzial\/wnst\/wp-json\/wp\/v2\/users\/92"}],"replies":[{"embeddable":true,"href":"https:\/\/us.edu.pl\/wydzial\/wnst\/wp-json\/wp\/v2\/comments?post=163948"}],"version-history":[{"count":10,"href":"https:\/\/us.edu.pl\/wydzial\/wnst\/wp-json\/wp\/v2\/pages\/163948\/revisions"}],"predecessor-version":[{"id":163974,"href":"https:\/\/us.edu.pl\/wydzial\/wnst\/wp-json\/wp\/v2\/pages\/163948\/revisions\/163974"}],"wp:attachment":[{"href":"https:\/\/us.edu.pl\/wydzial\/wnst\/wp-json\/wp\/v2\/media?parent=163948"}],"curies":[{"name":"wp","href":"https:\/\/api.w.org\/{rel}","templated":true}]}}