{"id":164846,"date":"2023-03-21T15:27:21","date_gmt":"2023-03-21T14:27:21","guid":{"rendered":"https:\/\/us.edu.pl\/wydzial\/wnst\/?page_id=164846"},"modified":"2025-07-23T10:25:39","modified_gmt":"2025-07-23T08:25:39","slug":"podsumowanie-2","status":"publish","type":"page","link":"https:\/\/us.edu.pl\/wydzial\/wnst\/wspolpraca\/szkoly\/konkurs-chemiczny\/konkurs-chemiczny-2023\/podsumowanie-2\/","title":{"rendered":"podsumowanie 2023"},"content":{"rendered":"<p>[vc_row content_placement=&#8221;middle&#8221; el_class=&#8221;container&#8221;][vc_column width=&#8221;1\/5&#8243;][vc_single_image image=&#8221;24571&#8243; img_size=&#8221;large&#8221;][\/vc_column][vc_column width=&#8221;4\/5&#8243;]\r\n                <div class=\"text-modules\">\r\n                    <div class=\"container\">\r\n                        <h3 class=\"section-title text-modules__title\">Podsumowanie XVI Og\u00f3lnopolskiego Konkursu Chemicznego<\/h3> \r\n                        <div class=\"row m-0\">\r\n                            <div class=\"text-modules__content\"><\/p>\n<h3><span style=\"color: #002a5e;\">Laureaci trzech pierwszych miejsc:<\/span><\/h3>\n<ol>\n<li><span style=\"color: #002a5e;\">Bartosz Norek<\/span> &#8211; Liceum Og\u00f3lnokszta\u0142c\u0105ce Filomata w Gliwicach<\/li>\n<li><span style=\"color: #002a5e;\">Olaf Bokas-Pudelski<\/span> &#8211; V LO im. Jakuba Jasi\u0144skiego we Wroc\u0142awiu<\/li>\n<li><span style=\"color: #002a5e;\">Kordian Fuksa<\/span> &#8211; VII LO im. Kr\u00f3la Jana III Sobieskiego w Krakowie<\/li>\n<\/ol>\n<h3><span style=\"color: #002a5e;\">Nagrodzeni nauczyciele<\/span><\/h3>\n<ol>\n<li><span style=\"color: #002e5a;\">Agata Zegar<\/span> &#8211;<span style=\"color: #000000;\"> II LO im. Kr\u00f3la Jana III Sobieskiego w Krakowie<\/span><\/li>\n<li><span style=\"color: #002e5a;\">Dominika Sadowska<\/span> &#8211; <span style=\"color: #000000;\">Liceum Og\u00f3lnokszta\u0142c\u0105ce Filomata w Gliwicach<\/span><\/li>\n<\/ol>\n<p><\/div>\r\n                            <div class=\"text-modules__numerical\"><div><span class=\"text-modules__num\"><b>391<br><\/b><\/span> Liczba uczestnik\u00f3w<\/div><div><span class=\"text-modules__num\"><b>12<br><\/b><\/span> Liczba wojew\u00f3dztw<\/div><div><span class=\"text-modules__num\"><b>103<br><\/b><\/span> Liczba szk\u00f3\u0142<\/div><div><span class=\"text-modules__num\"><b>21<br><\/b><\/span> Liczba finalist\u00f3w<\/div><\/div>\r\n                        <\/div>\r\n                    <\/div>\r\n                <\/div>[\/vc_column][\/vc_row][vc_row el_class=&#8221;container&#8221;][vc_column]\r\n                <div class=\"text-modules\">\r\n                    <div class=\"container\">\r\n                        \r\n                        <div class=\"text-modules__content\"><\/p>\n<h3><span style=\"color: #002a5e;\">Podsumowanie<\/span><\/h3>\n<p><small>| tekst: dr hab. Barbara Feist, prof. U\u015a|<\/small><br \/>\nW dniu 20 marca 2023 roku zako\u0144czy\u0142 si\u0119 kolejny, ju\u017c XVI Og\u00f3lnopolski Konkurs Chemiczny dla m\u0142odzie\u017cy szk\u00f3\u0142 ponadpodstawowych. By\u0142a to sesja fina\u0142owa, podczas kt\u00f3rej uczniowie skupili si\u0119 nad wykrywaniem soli oraz substancji organicznych w pr\u00f3bkach, stosuj\u0105c do tego odpowiednie reakcje charakterystyczne.<br \/>\nOrganizatorami Konkursu byli: Instytut Chemii, Wydzia\u0142 Nauk \u015acis\u0142ych i Technicznych Uniwersytetu \u015al\u0105skiego w Katowicach oraz Oddzia\u0142 Katowicki Polskiego Towarzystwa Chemicznego. Patronat nad Konkursem obj\u0119li: Dziekan Wydzia\u0142u Nauk \u015acis\u0142ych i Technicznych Uniwersytetu \u015al\u0105skiego \u2013 prof. dr hab. Danuta Str\u00f3\u017c oraz Dyrektor Instytutu Chemii \u2013 prof. dr hab. Robert Musio\u0142.<\/p>\n<p>Organizowanie Konkursu ma na celu zwi\u0119kszenie zainteresowania m\u0142odzie\u017cy naukami \u015bcis\u0142ymi i do\u015bwiadczalnymi, w tym przypadku chemi\u0105. Zainteresowanie wydarzeniem, jak co roku by\u0142o spore. Ostatecznie do pierwszej, pisemnej cz\u0119\u015bci Konkursu przyst\u0105pi\u0142o w dniu 8 marca 2023 roku 391 uczni\u00f3w ze 103 szk\u00f3\u0142 licealnych, technicznych oraz podstawowych. Reprezentowali w sumie 63 miejscowo\u015bci z 12 wojew\u00f3dztw (Podlaskie, \u015al\u0105skie, Pomorskie, Mazowieckie, Ma\u0142opolskie, Kujawsko-Pomorskie, Wielkopolskie, \u0141\u00f3dzkie, Dolno\u015bl\u0105skie, Lubelskie, Podkarpackie, \u015awi\u0119tokrzyskie).<\/p>\n<p>W cz\u0119\u015bci pisemnej Konkursu, kt\u00f3ra odby\u0142a si\u0119 w formie on-line, uczniowie rozwi\u0105zywali zadania testowe z zakresu chemii na poziomie szko\u0142y \u015bredniej. Arkusz konkursowy sk\u0142ada\u0142 si\u0119 z 45 pyta\u0144 testowych obejmuj\u0105cych og\u00f3ln\u0105 wiedz\u0119 chemiczn\u0105 oraz proste zadania obliczeniowe. Kilka pyta\u0144 dotyczy\u0142o wyg\u0142oszonego na wst\u0119pie przez dra Marka Matusska ciekawego wyk\u0142adu pt. \u201eReakcje sprz\u0119gania jako narz\u0119dzie syntetyczne w tworzeniu nowych wi\u0105za\u0144 C-C oraz C-heteroatom\u201d. Do fina\u0142u dopuszczono 20 najlepszych uczestniczek i uczestnik\u00f3w eliminacji. Zadania z cz\u0119\u015bci fina\u0142owej uczestnicy rozwi\u0105zywali w laboratorium Instytutu Chemii. Przed og\u0142oszeniem wynik\u00f3w ko\u0144cowych i rozdaniem nagr\u00f3d, wszyscy Go\u015bcie zostali zaproszeni na obiad.<\/p>\n<p>Nagrody otrzymali zar\u00f3wno laureaci jak i finali\u015bci Konkursu. Fundatorami nagr\u00f3d byli: SYNTHOS S.A. \u2013 g\u0142\u00f3wny sponsor Konkursu, JM Rektor Uniwersytetu \u015al\u0105skiego i Instytut Chemii U\u015a oraz Polskie Towarzystwo Chemiczne. Nagrodami by\u0142y karty podarunkowe na zakup sprz\u0119tu elektronicznego. Nagrodzeni zostali r\u00f3wnie\u017c nauczyciele (opiekunowie laureat\u00f3w).<\/p>\n<p>Laureatami trzech pierwszych miejsc byli:<br \/>\n1. Bartosz Norek \u2013 Liceum Og\u00f3lnokszta\u0142c\u0105ce Filomata w Gliwicach<br \/>\n2. Olaf Bokas-Pudelski \u2013 V LO im. Jakuba Jasi\u0144skiego we Wroc\u0142awiu<br \/>\n3. Kordian Fuksa \u2013 VII LO im. Kr\u00f3la Jana III Sobieskiego w Krakowie<br \/>\nNagrodzeni zostali tak\u017ce nauczyciele:<br \/>\n1. Agata Zegar \u2013 II LO im. Kr\u00f3la Jana III Sobieskiego w Krakowie<br \/>\n2. Dominika Sadowska \u2013 Liceum Og\u00f3lnokszta\u0142c\u0105ce Filomata w Gliwicach<\/p>\n<p>Gratulujemy Laureatkom i Laureatom oraz Finalistkom i Finalistom naszego Konkursu, a tak\u017ce Nauczycielom chemii za zmotywowanie i zainteresowanie swoich uczni\u00f3w nie\u0142atwym przedmiotem, jakim jest chemia.<\/p>\n<p>Zapraszamy do udzia\u0142u w XVII edycji Konkursu ju\u017c za rok.<\/p>\n<hr \/>\n<h3><span style=\"color: #002a5e;\">Galeria zdj\u0119\u0107<\/span><\/h3>\n<p>\n<\/div>\r\n                    <\/div>\r\n                <\/div>[\/vc_column][\/vc_row][vc_row title=&#8221;strona rejestracji&#8221; style=&#8221;custom&#8221; gradient_color_1=&#8221;turquoise&#8221; gradient_color_2=&#8221;blue&#8221; gradient_custom_color_1=&#8221;#dd3333&#8243; gradient_custom_color_2=&#8221;#eeee22&#8243; gradient_text_color=&#8221;#ffffff&#8221; custom_background=&#8221;#002e5a&#8221; custom_text=&#8221;#ffffff&#8221; outline_custom_color=&#8221;#666666&#8243; outline_custom_hover_background=&#8221;#666666&#8243; outline_custom_hover_text=&#8221;#ffffff&#8221; shape=&#8221;rounded&#8221; color=&#8221;grey&#8221; size=&#8221;md&#8221; align=&#8221;left&#8221; button_block=&#8221;&#8221; add_icon=&#8221;&#8221; i_align=&#8221;left&#8221; i_type=&#8221;fontawesome&#8221; i_icon_fontawesome=&#8221;fa fa-adjust&#8221; i_icon_openiconic=&#8221;vc-oi vc-oi-dial&#8221; i_icon_typicons=&#8221;typcn typcn-adjust-brightness&#8221; i_icon_entypo=&#8221;entypo-icon entypo-icon-note&#8221; i_icon_linecons=&#8221;vc_li vc_li-heart&#8221; i_icon_monosocial=&#8221;vc-mono vc-mono-fivehundredpx&#8221; i_icon_material=&#8221;vc-material vc-material-cake&#8221; i_icon_pixelicons=&#8221;vc_pixel_icon vc_pixel_icon-alert&#8221; custom_onclick=&#8221;&#8221; link=&#8221;url:https%3A%2F%2Fus.edu.pl%2Fwydzial%2Fwnst%2Fstudia%2Fstudent%2Frejestracje-na-zajecia||target:%20_blank|&#8221; custom_onclick_code=&#8221;&#8221;][vc_column]            \r\n                \r\n                <div class=\"container\">\r\n                     <div class=\"gallery-big \">\r\n                        \r\n                        <div class=\"row m-0\">\r\n                        <a data-fancybox=\"9102\" href=\"https:\/\/us.edu.pl\/wydzial\/wnst\/wp-content\/uploads\/sites\/18\/zdjecia-wydarzenia\/konkurs-chemiczny\/Fot.-Matylda-Klos-085.jpg\"\r\n                        title=\"Uczestnicy rozwi\u0105zywali zadania testowe, kt\u00f3rych tematyka by\u0142a zwi\u0105zana z eksperymentami w prob\u00f3wkach. Na zdj\u0119ciu uczniowie w laboratorium | fot. Matylda Klos\" \r\n                        class=\"gallery-big__item gallery-big__item_big thumbnail\"\r\n                        style=\"background-image: url(https:\/\/us.edu.pl\/wydzial\/wnst\/wp-content\/uploads\/sites\/18\/zdjecia-wydarzenia\/konkurs-chemiczny\/Fot.-Matylda-Klos-085.jpg)\"><span class=\"d-none\">https:\/\/us.edu.pl\/wydzial\/wnst\/wp-content\/uploads\/sites\/18\/zdjecia-wydarzenia\/konkurs-chemiczny\/Fot.-Matylda-Klos-085.jpg<\/span><\/a><div class=\"gallery-big__small-items\">\r\n                        <a data-fancybox=\"9102\" href=\"https:\/\/us.edu.pl\/wydzial\/wnst\/wp-content\/uploads\/sites\/18\/zdjecia-wydarzenia\/konkurs-chemiczny\/Fot.-Matylda-Klos-105.jpg\"\r\n                        title=\"Fina\u0142 XVI Og\u00f3lnopolskiego Konkursu Chemicznego odby\u0142 si\u0119 20 marca 2023 roku. Na zdj\u0119ciu test, kt\u00f3ry rozwi\u0105zywali uczestnicy | Fot. Matylda Klos\" \r\n                        class=\"gallery-big__item  thumbnail\"\r\n                        style=\"background-image: url(https:\/\/us.edu.pl\/wydzial\/wnst\/wp-content\/uploads\/sites\/18\/zdjecia-wydarzenia\/konkurs-chemiczny\/Fot.-Matylda-Klos-105.jpg)\"><span class=\"d-none\">https:\/\/us.edu.pl\/wydzial\/wnst\/wp-content\/uploads\/sites\/18\/zdjecia-wydarzenia\/konkurs-chemiczny\/Fot.-Matylda-Klos-105.jpg<\/span><\/a>\r\n                        <a data-fancybox=\"9102\" href=\"https:\/\/us.edu.pl\/wydzial\/wnst\/wp-content\/uploads\/sites\/18\/zdjecia-wydarzenia\/konkurs-chemiczny\/Fot.-Matylda-Klos-005.jpg\"\r\n                        title=\"Zdj\u0119cie pami\u0105tkowe laureat\u00f3w i finalist\u00f3w XVI Og\u00f3lnopolskiego Konkursu Chemicznego | fot. Matylda Klos\" \r\n                        class=\"gallery-big__item  thumbnail\"\r\n                        style=\"background-image: url(https:\/\/us.edu.pl\/wydzial\/wnst\/wp-content\/uploads\/sites\/18\/zdjecia-wydarzenia\/konkurs-chemiczny\/Fot.-Matylda-Klos-005.jpg)\"><span class=\"d-none\">https:\/\/us.edu.pl\/wydzial\/wnst\/wp-content\/uploads\/sites\/18\/zdjecia-wydarzenia\/konkurs-chemiczny\/Fot.-Matylda-Klos-005.jpg<\/span><\/a><\/div><\/div><div class=\"row m-0\">\r\n                        <a data-fancybox=\"9102\" href=\"https:\/\/us.edu.pl\/wydzial\/wnst\/wp-content\/uploads\/sites\/18\/zdjecia-wydarzenia\/konkurs-chemiczny\/Fot.-Matylda-Klos-103.jpg\"\r\n                        title=\"Konkurs skierowany by\u0142 do uczni\u00f3w szk\u00f3\u0142 \u015brednich | fot. Matylda Klos\" \r\n                        class=\"gallery-big__item gallery-big__item_big thumbnail\"\r\n                        style=\"background-image: url(https:\/\/us.edu.pl\/wydzial\/wnst\/wp-content\/uploads\/sites\/18\/zdjecia-wydarzenia\/konkurs-chemiczny\/Fot.-Matylda-Klos-103.jpg)\"><span class=\"d-none\">https:\/\/us.edu.pl\/wydzial\/wnst\/wp-content\/uploads\/sites\/18\/zdjecia-wydarzenia\/konkurs-chemiczny\/Fot.-Matylda-Klos-103.jpg<\/span><\/a><div class=\"gallery-big__small-items\">\r\n                        <a data-fancybox=\"9102\" href=\"https:\/\/us.edu.pl\/wydzial\/wnst\/wp-content\/uploads\/sites\/18\/zdjecia-wydarzenia\/konkurs-chemiczny\/Fot.-Matylda-Klos-097.jpg\"\r\n                        title=\"Prob\u00f3wki | fot. Matylda Klos\" \r\n                        class=\"gallery-big__item  thumbnail\"\r\n                        style=\"background-image: url(https:\/\/us.edu.pl\/wydzial\/wnst\/wp-content\/uploads\/sites\/18\/zdjecia-wydarzenia\/konkurs-chemiczny\/Fot.-Matylda-Klos-097.jpg)\"><span class=\"d-none\">https:\/\/us.edu.pl\/wydzial\/wnst\/wp-content\/uploads\/sites\/18\/zdjecia-wydarzenia\/konkurs-chemiczny\/Fot.-Matylda-Klos-097.jpg<\/span><\/a>\r\n                        <a data-fancybox=\"9102\" href=\"https:\/\/us.edu.pl\/wydzial\/wnst\/wp-content\/uploads\/sites\/18\/zdjecia-wydarzenia\/konkurs-chemiczny\/Fot.-Matylda-Klos-089-1.jpg\"\r\n                        title=\"Prof. dr hab. Robert Musio\u0142 oraz dr Marek Matussek z Instytutu Chemii U\u015a | fot. Matylda Klos\" \r\n                        class=\"gallery-big__item  thumbnail\"\r\n                        style=\"background-image: url(https:\/\/us.edu.pl\/wydzial\/wnst\/wp-content\/uploads\/sites\/18\/zdjecia-wydarzenia\/konkurs-chemiczny\/Fot.-Matylda-Klos-089-1.jpg)\"><span class=\"d-none\">https:\/\/us.edu.pl\/wydzial\/wnst\/wp-content\/uploads\/sites\/18\/zdjecia-wydarzenia\/konkurs-chemiczny\/Fot.-Matylda-Klos-089-1.jpg<\/span><\/a><\/div><\/div><div class=\"row m-0\">\r\n                        <a data-fancybox=\"9102\" href=\"https:\/\/us.edu.pl\/wydzial\/wnst\/wp-content\/uploads\/sites\/18\/zdjecia-wydarzenia\/konkurs-chemiczny\/Fot.-Matylda-Klos-062.jpg\"\r\n                        title=\"Ucze\u0144 podczas przeprowadzania eksperymentu | fot. Matylda Klos\" \r\n                        class=\"gallery-big__item gallery-big__item_big thumbnail\"\r\n                        style=\"background-image: url(https:\/\/us.edu.pl\/wydzial\/wnst\/wp-content\/uploads\/sites\/18\/zdjecia-wydarzenia\/konkurs-chemiczny\/Fot.-Matylda-Klos-062.jpg)\"><span class=\"d-none\">https:\/\/us.edu.pl\/wydzial\/wnst\/wp-content\/uploads\/sites\/18\/zdjecia-wydarzenia\/konkurs-chemiczny\/Fot.-Matylda-Klos-062.jpg<\/span><\/a><div class=\"gallery-big__small-items\">\r\n                        <a data-fancybox=\"9102\" href=\"https:\/\/us.edu.pl\/wydzial\/wnst\/wp-content\/uploads\/sites\/18\/zdjecia-wydarzenia\/konkurs-chemiczny\/Fot.-Matylda-Klos-060.jpg\"\r\n                        title=\"Uczniowie podczas przeprowadzania eksperyment\u00f3w | fot. Matylda Klos\" \r\n                        class=\"gallery-big__item  thumbnail\"\r\n                        style=\"background-image: url(https:\/\/us.edu.pl\/wydzial\/wnst\/wp-content\/uploads\/sites\/18\/zdjecia-wydarzenia\/konkurs-chemiczny\/Fot.-Matylda-Klos-060.jpg)\"><span class=\"d-none\">https:\/\/us.edu.pl\/wydzial\/wnst\/wp-content\/uploads\/sites\/18\/zdjecia-wydarzenia\/konkurs-chemiczny\/Fot.-Matylda-Klos-060.jpg<\/span><\/a>\r\n                        <a data-fancybox=\"9102\" href=\"https:\/\/us.edu.pl\/wydzial\/wnst\/wp-content\/uploads\/sites\/18\/zdjecia-wydarzenia\/konkurs-chemiczny\/Fot.-Matylda-Klos-036.jpg\"\r\n                        title=\"Wr\u0119czenie nagr\u00f3d laureatom konkursu | fot. Matylda Klos\" \r\n                        class=\"gallery-big__item  thumbnail\"\r\n                        style=\"background-image: url(https:\/\/us.edu.pl\/wydzial\/wnst\/wp-content\/uploads\/sites\/18\/zdjecia-wydarzenia\/konkurs-chemiczny\/Fot.-Matylda-Klos-036.jpg)\"><span class=\"d-none\">https:\/\/us.edu.pl\/wydzial\/wnst\/wp-content\/uploads\/sites\/18\/zdjecia-wydarzenia\/konkurs-chemiczny\/Fot.-Matylda-Klos-036.jpg<\/span><\/a><\/div><\/div>\r\n                    <\/div>\r\n                <\/div>[vc_separator]\r\n                <div class=\"text-modules\">\r\n                    <div class=\"container\">\r\n                        \r\n                        <div class=\"text-modules__content\"><\/p>\n<p style=\"text-align: left;\"><span style=\"color: #002a5e;\"><a style=\"color: #002a5e;\" href=\"https:\/\/us.edu.pl\/wydzial\/wnst\/wspolpraca\/szkoly\/konkurs-chemiczny\/konkurs-chemiczny-2022\/podsumowanie-2\/\">Przeczytaj podsumowanie XV edycji<\/a><\/span><\/p>\n<p>\n<\/div>\r\n                    <\/div>\r\n                <\/div>[\/vc_column][\/vc_row][vc_row title=&#8221;strona rejestracji&#8221; style=&#8221;custom&#8221; gradient_color_1=&#8221;turquoise&#8221; gradient_color_2=&#8221;blue&#8221; gradient_custom_color_1=&#8221;#dd3333&#8243; gradient_custom_color_2=&#8221;#eeee22&#8243; gradient_text_color=&#8221;#ffffff&#8221; custom_background=&#8221;#002e5a&#8221; custom_text=&#8221;#ffffff&#8221; outline_custom_color=&#8221;#666666&#8243; outline_custom_hover_background=&#8221;#666666&#8243; outline_custom_hover_text=&#8221;#ffffff&#8221; shape=&#8221;rounded&#8221; color=&#8221;grey&#8221; size=&#8221;md&#8221; align=&#8221;left&#8221; button_block=&#8221;&#8221; add_icon=&#8221;&#8221; i_align=&#8221;left&#8221; i_type=&#8221;fontawesome&#8221; i_icon_fontawesome=&#8221;fa fa-adjust&#8221; i_icon_openiconic=&#8221;vc-oi vc-oi-dial&#8221; i_icon_typicons=&#8221;typcn typcn-adjust-brightness&#8221; i_icon_entypo=&#8221;entypo-icon entypo-icon-note&#8221; i_icon_linecons=&#8221;vc_li vc_li-heart&#8221; i_icon_monosocial=&#8221;vc-mono vc-mono-fivehundredpx&#8221; i_icon_material=&#8221;vc-material vc-material-cake&#8221; i_icon_pixelicons=&#8221;vc_pixel_icon vc_pixel_icon-alert&#8221; custom_onclick=&#8221;&#8221; link=&#8221;url:https%3A%2F%2Fus.edu.pl%2Fwydzial%2Fwnst%2Fstudia%2Fstudent%2Frejestracje-na-zajecia||target:%20_blank|&#8221; custom_onclick_code=&#8221;&#8221;][vc_column width=&#8221;1\/5&#8243;][\/vc_column][vc_column width=&#8221;1\/5&#8243;][\/vc_column][vc_column width=&#8221;1\/5&#8243;][\/vc_column][vc_column width=&#8221;1\/5&#8243;][\/vc_column][vc_column width=&#8221;1\/5&#8243;][vc_btn title=&#8221;powr\u00f3t do strony g\u0142\u00f3wnej&#8221; style=&#8221;custom&#8221; custom_background=&#8221;#002e5a&#8221; custom_text=&#8221;#ffffff&#8221; align=&#8221;left&#8221; link=&#8221;url:https%3A%2F%2Fus.edu.pl%2Fwydzial%2Fwnst%2Fwspolpraca%2Fszkoly%2Fkonkurs-chemiczny%2F||target:%20_blank|&#8221;][\/vc_column][\/vc_row]<\/p>","protected":false},"excerpt":{"rendered":"<p>[vc_row content_placement=&#8221;middle&#8221; el_class=&#8221;container&#8221;][vc_column width=&#8221;1\/5&#8243;][vc_single_image image=&#8221;24571&#8243; img_size=&#8221;large&#8221;][\/vc_column][vc_column width=&#8221;4\/5&#8243;][\/vc_column][\/vc_row][vc_row el_class=&#8221;container&#8221;][vc_column][\/vc_column][\/vc_row][vc_row title=&#8221;strona rejestracji&#8221; style=&#8221;custom&#8221; gradient_color_1=&#8221;turquoise&#8221; gradient_color_2=&#8221;blue&#8221; gradient_custom_color_1=&#8221;#dd3333&#8243; gradient_custom_color_2=&#8221;#eeee22&#8243; gradient_text_color=&#8221;#ffffff&#8221; custom_background=&#8221;#002e5a&#8221; custom_text=&#8221;#ffffff&#8221; outline_custom_color=&#8221;#666666&#8243; outline_custom_hover_background=&#8221;#666666&#8243; outline_custom_hover_text=&#8221;#ffffff&#8221; shape=&#8221;rounded&#8221; color=&#8221;grey&#8221; size=&#8221;md&#8221; align=&#8221;left&#8221; button_block=&#8221;&#8221; add_icon=&#8221;&#8221; i_align=&#8221;left&#8221; i_type=&#8221;fontawesome&#8221; i_icon_fontawesome=&#8221;fa fa-adjust&#8221; i_icon_openiconic=&#8221;vc-oi vc-oi-dial&#8221; i_icon_typicons=&#8221;typcn typcn-adjust-brightness&#8221; i_icon_entypo=&#8221;entypo-icon entypo-icon-note&#8221; i_icon_linecons=&#8221;vc_li vc_li-heart&#8221; i_icon_monosocial=&#8221;vc-mono vc-mono-fivehundredpx&#8221; i_icon_material=&#8221;vc-material vc-material-cake&#8221; i_icon_pixelicons=&#8221;vc_pixel_icon vc_pixel_icon-alert&#8221; custom_onclick=&#8221;&#8221; link=&#8221;url:https%3A%2F%2Fus.edu.pl%2Fwydzial%2Fwnst%2Fstudia%2Fstudent%2Frejestracje-na-zajecia||target:%20_blank|&#8221; custom_onclick_code=&#8221;&#8221;][vc_column][vc_separator][\/vc_column][\/vc_row][vc_row title=&#8221;strona rejestracji&#8221; style=&#8221;custom&#8221; gradient_color_1=&#8221;turquoise&#8221; gradient_color_2=&#8221;blue&#8221; gradient_custom_color_1=&#8221;#dd3333&#8243; gradient_custom_color_2=&#8221;#eeee22&#8243; [&#8230;]<\/p>\n<p><a class=\"btn btn-secondary understrap-read-more-link\" href=\"https:\/\/us.edu.pl\/wydzial\/wnst\/wspolpraca\/szkoly\/konkurs-chemiczny\/konkurs-chemiczny-2023\/podsumowanie-2\/\">Read More&#8230;<\/a><\/p>\n","protected":false},"author":92,"featured_media":0,"parent":172428,"menu_order":0,"comment_status":"closed","ping_status":"closed","template":"","meta":{"_expiration-date-status":"","_expiration-date":0,"_expiration-date-type":"","_expiration-date-categories":[],"_expiration-date-options":[]},"acf":[],"_links":{"self":[{"href":"https:\/\/us.edu.pl\/wydzial\/wnst\/wp-json\/wp\/v2\/pages\/164846"}],"collection":[{"href":"https:\/\/us.edu.pl\/wydzial\/wnst\/wp-json\/wp\/v2\/pages"}],"about":[{"href":"https:\/\/us.edu.pl\/wydzial\/wnst\/wp-json\/wp\/v2\/types\/page"}],"author":[{"embeddable":true,"href":"https:\/\/us.edu.pl\/wydzial\/wnst\/wp-json\/wp\/v2\/users\/92"}],"replies":[{"embeddable":true,"href":"https:\/\/us.edu.pl\/wydzial\/wnst\/wp-json\/wp\/v2\/comments?post=164846"}],"version-history":[{"count":10,"href":"https:\/\/us.edu.pl\/wydzial\/wnst\/wp-json\/wp\/v2\/pages\/164846\/revisions"}],"predecessor-version":[{"id":197956,"href":"https:\/\/us.edu.pl\/wydzial\/wnst\/wp-json\/wp\/v2\/pages\/164846\/revisions\/197956"}],"up":[{"embeddable":true,"href":"https:\/\/us.edu.pl\/wydzial\/wnst\/wp-json\/wp\/v2\/pages\/172428"}],"wp:attachment":[{"href":"https:\/\/us.edu.pl\/wydzial\/wnst\/wp-json\/wp\/v2\/media?parent=164846"}],"curies":[{"name":"wp","href":"https:\/\/api.w.org\/{rel}","templated":true}]}}