{"id":16599,"date":"2021-08-22T19:54:23","date_gmt":"2021-08-22T17:54:23","guid":{"rendered":"https:\/\/us.edu.pl\/wydzial\/wnst\/?page_id=16599"},"modified":"2022-09-13T14:27:45","modified_gmt":"2022-09-13T12:27:45","slug":"ap-warsztaty-informacje-ogolne","status":"publish","type":"page","link":"https:\/\/us.edu.pl\/wydzial\/wnst\/wspolpraca\/szkoly\/akcja-popularyzacja\/ap-warsztaty-informacje-ogolne\/","title":{"rendered":"Informacje og\u00f3lne"},"content":{"rendered":"<p>[vc_row][vc_column width=&#8221;1\/4&#8243;][vc_single_image image=&#8221;18786&#8243; alignment=&#8221;center&#8221;][\/vc_column][vc_column width=&#8221;1\/4&#8243;][vc_single_image image=&#8221;16296&#8243;][\/vc_column][vc_column width=&#8221;1\/4&#8243;][vc_single_image image=&#8221;16294&#8243;][\/vc_column][vc_column width=&#8221;1\/4&#8243;][vc_single_image image=&#8221;18825&#8243; alignment=&#8221;center&#8221;][\/vc_column][\/vc_row][vc_row el_class=&#8221;container&#8221;][vc_column]<div class=\"container\"><div class=\"separator\" style=\"background-color: #002E5A\"><\/div><\/div>[\/vc_column][\/vc_row][vc_row][vc_column]\r\n                <div class=\"text-modules\">\r\n                    <div class=\"container\">\r\n                        <h3 class=\"page-title text__title\">Warsztaty dla dzieci i m\u0142odzie\u017cy<\/h3>\r\n                        <div class=\"text-modules__content\"><p>Celem g\u0142\u00f3wnym warsztat\u00f3w dla dzieci i m\u0142odzie\u017cy jest zaznajomienie uczestnik\u00f3w z warsztatem pracy naukowca oraz wzrost ich wiedzy uczestnik\u00f3w o aktualnych trendach badawczych w naukach \u015bcis\u0142ych i przyrodniczych.<\/p>\n<p><strong>Warsztaty\u00a0dedykowane s\u0105 uczniom klas 7 i 8 Szk\u00f3\u0142 Podstawowych oraz uczniom Szk\u00f3\u0142 \u015arednich.\u00a0<\/strong><\/p>\n<p><strong>Udzia\u0142 w projekcie jest bezp\u0142atny.<\/strong><\/p>\n<p>Zaj\u0119cia przeprowadzone b\u0119d\u0105 w laboratoriach i\u00a0pracowniach znajduj\u0105cych si\u0119 na Wydziale Nauk \u015acis\u0142ych i Technicznych, ul. 75 Pu\u0142ku Piechoty 1A w Chorzowie (<strong>dojazd w\u0142asny!)<\/strong><\/p>\n<p>Podczas warsztat\u00f3w uczestnicy b\u0119d\u0105 mieli okazj\u0119 w praktyce przekona\u0107 si\u0119, na czym polega praca naukowca, osobi\u015bcie przeprowadz\u0105 proste eksperymenty naukowe z wykorzystaniem odczynnik\u00f3w, sprz\u0119tu laboratoryjnego, sprz\u0119tu komputerowego.<\/p>\n<p>Warsztaty prowadzone b\u0119d\u0105 przez\u00a0wykwalifikowanych wyk\u0142adowc\u00f3w, dydaktyk\u00f3w z\u202fWydzia\u0142u Nauk \u015acis\u0142ych i Technicznych\u00a0oraz Wydzia\u0142u Nauk Przyrodniczych Uniwersytetu \u015al\u0105skiego jak i specjalist\u00f3w w swoich dziedzinach, z wsp\u00f3\u0142pracuj\u0105cych jednostek naukowych i dydaktycznych,\u00a0Wyk\u0142adowcy\u00a0wprowadz\u0105 s\u0142uchaczy w \u015bwiat nauki i nowoczesnych technologii. Zakres materia\u0142u b\u0119dzie\u00a0odwo\u0142ywa\u0142 si\u0119 do\u00a0podstawy\u00a0programowej w danej dziedzinie\u00a0jak i\u00a0zawiera\u0142\u00a0tre\u015bci\u00a0znacznie\u00a0rozszerzaj\u0105ce wiedz\u0119 uczestnik\u00f3w.<\/p>\n<p>Zaj\u0119cia<strong>\u00a0<\/strong>realizowane b\u0119d\u0105 w blokach tematycznych\u00a0<strong>w soboty, od godziny 8:00 do godziny 16:00<\/strong>.<\/p>\n<p>Podczas ka\u017cdego spotkania\u00a0uczestnicy wezm\u0105 udzia\u0142 w 3 warsztatach\u00a0tematycznych,\u00a0zostanie im tak\u017ce\u00a0zapewniony ciep\u0142y posi\u0142ek,\u00a0podczas przerwy obiadowej.<strong>\u00a0<\/strong><\/p>\n<p><strong>Czas trwania ka\u017cdego warsztatu to 3 godziny lekcyjne.<\/strong><\/p>\n<p>Warsztaty prowadzone b\u0119d\u0105 w niewielkich,<strong>\u00a06 \u2013 osobowych zespo\u0142ach<\/strong>, co umo\u017cliwi ka\u017cdemu z m\u0142odych naukowc\u00f3w na indywidualne dzia\u0142ania\u00a0pod okiem prowadz\u0105cego.<\/p>\n<p>W ramach zaj\u0119\u0107 projektowych ka\u017cdy uczestnik b\u0119dzie m\u00f3g\u0142 wzi\u0105\u0107\u00a0<strong>udzia\u0142 w 24 warsztatach\u00a0tematycznych.\u00a0<\/strong>Tematyka warsztat\u00f3w obejmowa\u0107 b\u0119dzie takie dziedziny jak fizyka, chemia, kryminalistyka, fizyka medyczna, biofizyka\/bioin\u017cynieria, matematyka, informatyka, robotyka, nauka o\u202fmateria\u0142ach, geografia, ochrona \u015brodowiska, biologia oraz biotechnologia.<\/p>\n<\/div>\r\n                    <\/div>\r\n                <\/div>\r\n                <div class=\"text-modules\">\r\n                    <div class=\"container\">\r\n                        <h3 class=\"page-title text__title\">Tematyka warsztat\u00f3w:<\/h3>\r\n                        <div class=\"text-modules__content\"><\/p>\n<ol>\n<li>Fizyka wok\u00f3\u0142 nas;<\/li>\n<li>Mikro\u015bwiaty w mikroskopie;<\/li>\n<li>Budujemy wiosk\u0119 na Ksi\u0119\u017cycu;<\/li>\n<li>\u015awietlny odcisk palca;<\/li>\n<li>Chemia wok\u00f3\u0142 nas;<\/li>\n<li>Chemia \u017cywno\u015bci (bia\u0142ka, cukry, t\u0142uszcze, witaminy);<\/li>\n<li>Chemia organiczna z zastosowaniem w chemii lek\u00f3w;<\/li>\n<li>\u015alady Kryminalistyczne, kt\u00f3rych nie wida\u0107, czyli o pracy ps\u00f3w s\u0142u\u017cbowych;<\/li>\n<li>\u015awiat w podczerwieni \u2013 obrazowanie termiczne;<\/li>\n<li>Zajrze\u0107 w g\u0142\u0105b cia\u0142a \u2013 obrazowanie ultrasonograficzne;<\/li>\n<li>Otwieramy serce przed Tob\u0105;<\/li>\n<li>Powierzchnia pe\u0142na tajemnic;<\/li>\n<li>Jak hodowa\u0107 kom\u00f3rki w laboratorium;<\/li>\n<li>VCBIURZDQLH MHVW IDMQH\u201d &#8211; warsztaty z szyfrowania;<\/li>\n<li>Statystyka;<\/li>\n<li>Modelowanie i druk 3d;<\/li>\n<li>Programowa\u0107 ka\u017cdy mo\u017ce!;<\/li>\n<li>Programowanie prostych gier komputerowych;<\/li>\n<li>LEGO MINDSTORMS i figury geometryczne;<\/li>\n<li>Ja, Robot \u2013 podstawy automatyki i robotyki;<\/li>\n<li>\u015awiat polimer\u00f3w;<\/li>\n<li>Biomateria\u0142y w stomatologii ;<\/li>\n<li>\u017bycie w szkle &#8211; stw\u00f3rz sw\u00f3j mini-ogr\u00f3d;<\/li>\n<li>EKG Ziemi \u2013 sejsmologia.<\/li>\n<\/ol>\n<p>\n<\/div>\r\n                    <\/div>\r\n                <\/div>\r\n                <div class=\"text-modules\">\r\n                    <div class=\"container\">\r\n                        \r\n                        <div class=\"text-modules__content\"><p>Uczestnicy b\u0119d\u0105 mogli zapozna\u0107 si\u0119 z r\u00f3\u017cnymi dziedzinami nauki i badaniami w nich prowadzonymi. Mamy nadziej\u0119, \u017ce ka\u017cdy\u00a0znajdzie co\u015b dla siebie, odnajdzie swoj\u0105 naukow\u0105 \u015bcie\u017ck\u0119, kt\u00f3r\u0105 b\u0119dzie m\u00f3g\u0142 pod\u0105\u017ca\u0107 w przysz\u0142o\u015bci.<\/p>\n<\/div>\r\n                    <\/div>\r\n                <\/div>\r\n                <div class=\"text-modules\">\r\n                    <div class=\"container\">\r\n                        <h3 class=\"page-title text__title\">Rekrutacja do projektu<\/h3>\r\n                        <div class=\"text-modules__content\"><p>Uczestnikiem projektu mo\u017ce zosta\u0107 ka\u017cdy ucze\u0144 klasy 7 i 8 szko\u0142y podstawowej oraz szko\u0142y \u015bredniej, kt\u00f3ry zainteresowany jest rozwijaniem i wzbogacaniem swojej wiedzy w zakresie nauk \u015bcis\u0142ych i przyrodniczych. Ka\u017cdy, kto szuka swojej naukowej \u015bcie\u017cki i pragnie prze\u017cy\u0107 inspiruj\u0105ce przygody w \u015bwiecie nauki.<\/p>\n<p>Rekrutacja do projektu prowadzona b\u0119dzie poprzez formularz zg\u0142oszeniowy, kt\u00f3ry znajduje si\u0119 na stronie:<\/p>\n<p>Formularz zg\u0142oszeniowy b\u0119dzie aktywny od\u00a023 sierpnia 2021\u00a0do 10 wrze\u015bnia 2021.<\/p>\n<p><strong>Zg\u0142oszenia uczestnika dokonuj\u0105 rodzice lub prawni opiekunowie ucznia!\u00a0<\/strong><\/p>\n<p>Kryterium oceny wniosk\u00f3w stanowi \u015brednia arytmetyczna ocen z przedmiot\u00f3w \u015bcis\u0142ych i przyrodniczych ze \u015bwiadectwa szkolnego z czerwca 2021 roku. Przedmioty brane pod uwag\u0119 wyszczeg\u00f3lnione s\u0105 w formularzu\u00a0zg\u0142oszeniowego. Niezb\u0119dne jest do\u0142\u0105czenie do formularza skanu \u015bwiadectwa!<\/p>\n<p>Rozpatrywane b\u0119d\u0105 wy\u0142\u0105cznie kompletne, podpisane\u00a0zg\u0142oszenia!<\/p>\n<p><strong>Ze wzgl\u0119du na ograniczon\u0105 liczb\u0119 miejsc decyduje kolejno\u015b\u0107 zg\u0142osze\u0144.<\/strong>\u00a0<strong>W przypadku du\u017cej liczby zg\u0142osze\u0144 organizator zastrzega sobie mo\u017cliwo\u015b\u0107 przeprowadzenia drugiego etapu rekrutacji,\u00a0.<\/strong><\/p>\n<p>Spotkanie organizacyjne\u00a0dla os\u00f3b zakwalifikowanych do projektu\u00a0oraz ich rodzic\u00f3w\/opiekun\u00f3w\u00a0odb\u0119dzie si\u0119 zdalnie,\u00a0za pomoc\u0105 platformy MS\u00a0Teams.\u00a0Data i odpowiedni link zostan\u0105 przes\u0142ane na podany w formularzu\u00a0zg\u0142oszeniowym\u00a0adres e-mail.<\/p>\n<p>&nbsp;<\/p>\n<p>Uwaga:<\/p>\n<p>Ze wzgl\u0119du na sytuacj\u0119 epidemiczn\u0105 i brak mo\u017cliwo\u015bci okre\u015blenia na chwil\u0119 obecn\u0105 obostrze\u0144\u00a0 jakie mog\u0105 z przysz\u0142o\u015bci nast\u0105pi\u0107, Organizatorzy zastrzegaj\u0105 sobie mo\u017cliwo\u015b\u0107 zmiany formy warsztat\u00f3w na szko\u0142\u0119 letni\u0105 lub zimow\u0105. O ewentualnych zmianach osoby zakwalifikowane do projektu dowiedz\u0105 si\u0119 najszybciej jak to b\u0119dzie mo\u017cliwe. Zaplanowane zaj\u0119cia spe\u0142ni\u0105 swoj\u0105 rol\u0119 wy\u0142\u0105cznie w formie zaj\u0119\u0107 stacjonarnych w laboratoriach naukowych.<\/p>\n<\/div>\r\n                    <\/div>\r\n                <\/div>[\/vc_column][\/vc_row][vc_row el_class=&#8221;container&#8221;][vc_column]<div class=\"container\"><div class=\"separator\" style=\"background-color: #002E5A\"><\/div><\/div>[\/vc_column][vc_column]\r\n                <div class=\"text-modules\">\r\n                    <div class=\"container\">\r\n                        \r\n                        <div class=\"text-modules__content\"><\/p>\n<p style=\"text-align: center;\">Projekt dofinansowano z programu \u201eSpo\u0142eczna Odpowiedzialno\u015b\u0107 Nauki\u201d Ministra Edukacji i Nauki.<\/p>\n<p>\n<\/div>\r\n                    <\/div>\r\n                <\/div>[\/vc_column][\/vc_row]<\/p>","protected":false},"excerpt":{"rendered":"<p>[vc_row][vc_column width=&#8221;1\/4&#8243;][vc_single_image image=&#8221;18786&#8243; alignment=&#8221;center&#8221;][\/vc_column][vc_column width=&#8221;1\/4&#8243;][vc_single_image image=&#8221;16296&#8243;][\/vc_column][vc_column width=&#8221;1\/4&#8243;][vc_single_image image=&#8221;16294&#8243;][\/vc_column][vc_column width=&#8221;1\/4&#8243;][vc_single_image image=&#8221;18825&#8243; alignment=&#8221;center&#8221;][\/vc_column][\/vc_row][vc_row el_class=&#8221;container&#8221;][vc_column][\/vc_column][\/vc_row][vc_row][vc_column][\/vc_column][\/vc_row][vc_row el_class=&#8221;container&#8221;][vc_column][\/vc_column][vc_column][\/vc_column][\/vc_row] [&#8230;]<\/p>\n<p><a class=\"btn btn-secondary understrap-read-more-link\" href=\"https:\/\/us.edu.pl\/wydzial\/wnst\/wspolpraca\/szkoly\/akcja-popularyzacja\/ap-warsztaty-informacje-ogolne\/\">Read More&#8230;<\/a><\/p>\n","protected":false},"author":104,"featured_media":0,"parent":16223,"menu_order":5,"comment_status":"closed","ping_status":"closed","template":"page-templates\/page-with-sidebar.php","meta":{"_expiration-date-status":"","_expiration-date":0,"_expiration-date-type":"","_expiration-date-categories":[],"_expiration-date-options":[]},"acf":[],"_links":{"self":[{"href":"https:\/\/us.edu.pl\/wydzial\/wnst\/wp-json\/wp\/v2\/pages\/16599"}],"collection":[{"href":"https:\/\/us.edu.pl\/wydzial\/wnst\/wp-json\/wp\/v2\/pages"}],"about":[{"href":"https:\/\/us.edu.pl\/wydzial\/wnst\/wp-json\/wp\/v2\/types\/page"}],"author":[{"embeddable":true,"href":"https:\/\/us.edu.pl\/wydzial\/wnst\/wp-json\/wp\/v2\/users\/104"}],"replies":[{"embeddable":true,"href":"https:\/\/us.edu.pl\/wydzial\/wnst\/wp-json\/wp\/v2\/comments?post=16599"}],"version-history":[{"count":9,"href":"https:\/\/us.edu.pl\/wydzial\/wnst\/wp-json\/wp\/v2\/pages\/16599\/revisions"}],"predecessor-version":[{"id":157743,"href":"https:\/\/us.edu.pl\/wydzial\/wnst\/wp-json\/wp\/v2\/pages\/16599\/revisions\/157743"}],"up":[{"embeddable":true,"href":"https:\/\/us.edu.pl\/wydzial\/wnst\/wp-json\/wp\/v2\/pages\/16223"}],"wp:attachment":[{"href":"https:\/\/us.edu.pl\/wydzial\/wnst\/wp-json\/wp\/v2\/media?parent=16599"}],"curies":[{"name":"wp","href":"https:\/\/api.w.org\/{rel}","templated":true}]}}