{"id":170892,"date":"2023-11-05T15:31:40","date_gmt":"2023-11-05T14:31:40","guid":{"rendered":"https:\/\/us.edu.pl\/wydzial\/wnst\/?page_id=170892"},"modified":"2024-07-31T19:50:19","modified_gmt":"2024-07-31T17:50:19","slug":"warsztaty-informacje-ogolne","status":"publish","type":"page","link":"https:\/\/us.edu.pl\/wydzial\/wnst\/wspolpraca\/szkoly\/z-nauka-za-pan-brat\/warsztaty-informacje-ogolne\/","title":{"rendered":"Warsztaty &#8211; informacje ogolne"},"content":{"rendered":"<p>[vc_row][vc_column width=&#8221;1\/4&#8243;][vc_single_image image=&#8221;165053&#8243;][\/vc_column][vc_column width=&#8221;1\/4&#8243;][vc_single_image image=&#8221;165029&#8243; img_size=&#8221;&#8221;][\/vc_column][vc_column width=&#8221;1\/4&#8243;][vc_single_image image=&#8221;164962&#8243;][\/vc_column][vc_column width=&#8221;1\/4&#8243;][vc_single_image image=&#8221;18786&#8243; alignment=&#8221;center&#8221;][\/vc_column][\/vc_row][vc_row][vc_column]<div class=\"container\"><div class=\"separator\" style=\"background-color: #002E5A\"><\/div><\/div>[\/vc_column][\/vc_row][vc_row][vc_column]\r\n                <div class=\"text-modules\">\r\n                    <div class=\"container\">\r\n                        <h3 class=\"page-title text__title\">Warsztaty dla uczni\u00f3w \u201eBli\u017cej nauki\u201d<\/h3>\r\n                        <div class=\"text-modules__content\"><p><img class=\"alignleft wp-image-171098 size-medium\" src=\"https:\/\/us.edu.pl\/wydzial\/wnst\/wp-content\/uploads\/sites\/18\/Szkoly\/Z-nauka-za-pan-brat\/logotypy\/Blizej-nauki_kolor-300x223.png\" alt=\"\" width=\"300\" height=\"223\" srcset=\"https:\/\/us.edu.pl\/wydzial\/wnst\/wp-content\/uploads\/sites\/18\/Szkoly\/Z-nauka-za-pan-brat\/logotypy\/Blizej-nauki_kolor-300x223.png 300w, https:\/\/us.edu.pl\/wydzial\/wnst\/wp-content\/uploads\/sites\/18\/Szkoly\/Z-nauka-za-pan-brat\/logotypy\/Blizej-nauki_kolor-1024x760.png 1024w, https:\/\/us.edu.pl\/wydzial\/wnst\/wp-content\/uploads\/sites\/18\/Szkoly\/Z-nauka-za-pan-brat\/logotypy\/Blizej-nauki_kolor-768x570.png 768w, https:\/\/us.edu.pl\/wydzial\/wnst\/wp-content\/uploads\/sites\/18\/Szkoly\/Z-nauka-za-pan-brat\/logotypy\/Blizej-nauki_kolor-1536x1140.png 1536w, https:\/\/us.edu.pl\/wydzial\/wnst\/wp-content\/uploads\/sites\/18\/Szkoly\/Z-nauka-za-pan-brat\/logotypy\/Blizej-nauki_kolor-2048x1521.png 2048w, https:\/\/us.edu.pl\/wydzial\/wnst\/wp-content\/uploads\/sites\/18\/Szkoly\/Z-nauka-za-pan-brat\/logotypy\/Blizej-nauki_kolor-575x427.png 575w\" sizes=\"(max-width: 300px) 100vw, 300px\" \/>Celem g\u0142\u00f3wnym warsztat\u00f3w jest zaznajomienie uczestnik\u00f3w z warsztatem pracy naukowca oraz wzrost ich wiedzy o aktualnych trendach badawczych w naukach \u015bcis\u0142ych, technicznych i przyrodniczych.<\/p>\n<p><strong>Warsztaty\u00a0dedykowane s\u0105 uczniom wszystkich klas, wszystkich typ\u00f3w szk\u00f3\u0142 \u015brednich.\u00a0<\/strong><\/p>\n<p><strong>Udzia\u0142 w projekcie jest bezp\u0142atny.<\/strong><\/p>\n<p><strong>Warsztaty odbywa\u0107 si\u0119 b\u0119d\u0105 w soboty, od godziny 9:00 do godziny 14:00.<\/strong><\/p>\n<p>Zaj\u0119cia prowadzone b\u0119d\u0105 w laboratoriach i\u00a0pracowniach znajduj\u0105cych si\u0119 na Wydziale Nauk \u015acis\u0142ych i Technicznych Uniwersytetu \u015al\u0105skiego, przy ul. 75 Pu\u0142ku Piechoty 1A w\u00a0Chorzowie (<strong>dojazd w\u0142asny!).\u00a0 <\/strong><\/p>\n<p>Podczas warsztat\u00f3w uczestnicy b\u0119d\u0105 mieli okazj\u0119 w praktyce przekona\u0107 si\u0119, na czym polega praca naukowca, osobi\u015bcie przeprowadz\u0105 proste eksperymenty naukowe z\u00a0wykorzystaniem odczynnik\u00f3w, pomocy dydaktycznych, sprz\u0119tu laboratoryjnego i sprz\u0119tu komputerowego.<\/p>\n<p>Warsztaty prowadzone b\u0119d\u0105 przez wykwalifikowanych wyk\u0142adowc\u00f3w, dydaktyk\u00f3w z\u202fWydzia\u0142u Nauk \u015acis\u0142ych i Technicznych\u00a0oraz Wydzia\u0142u Nauk Przyrodniczych Uniwersytetu \u015al\u0105skiego oraz specjalist\u00f3w ze wsp\u00f3\u0142pracuj\u0105cych jednostek naukowych i dydaktycznych. Wyk\u0142adowcy wprowadz\u0105 s\u0142uchaczy w\u00a0\u015bwiat nauki i nowoczesnych technologii. Zakres materia\u0142u b\u0119dzie odwo\u0142ywa\u0142 si\u0119 do podstawy\u00a0programowej szk\u00f3\u0142 \u015brednich w danej dziedzinie jak i zawiera\u0142 tre\u015bci znacznie rozszerzaj\u0105ce wiedz\u0119 uczestnik\u00f3w.<\/p>\n<\/div>\r\n                    <\/div>\r\n                <\/div><div class=\"container\"><div class=\"separator\" style=\"background-color: #002E5A\"><\/div><\/div>\r\n                <div class=\"text-modules\">\r\n                    <div class=\"container\">\r\n                        \r\n                        <div class=\"text-modules__content\"><p>Rekrutacja do projektu odbywa si\u0119 zgodnie z Regulaminem rekrutacji stanowi\u0105cym Za\u0142\u0105cznik do Zarz\u0105dzenia nr 147 Rektora Uniwersytetu \u015al\u0105skiego.<\/p>\n<p>Uczestnikiem projektu mo\u017ce zosta\u0107 ka\u017cdy ucze\u0144 szko\u0142y \u015bredniej, kt\u00f3ry zainteresowany jest rozwijaniem i wzbogacaniem swojej wiedzy w zakresie nauk \u015bcis\u0142ych i przyrodniczych. Ka\u017cdy, kto szuka swojej naukowej \u015bcie\u017cki i\u00a0pragnie prze\u017cy\u0107 inspiruj\u0105ce przygody w \u015bwiecie nauki.<\/p>\n<p>Rekrutacja do projektu prowadzona b\u0119dzie poprzez formularze zg\u0142oszeniowe.<\/p>\n<ul>\n<li>Formularz zg\u0142oszeniowy na blok nauk \u015bcis\u0142ych i technicznych aktywny b\u0119dzie od 23 pa\u017adziernika 2023 roku do 26 listopada 2023 lub do wyczerpania miejsc.<\/li>\n<\/ul>\n<p><a href=\"https:\/\/formularze.us.edu.pl\/form\/index\/4404\">https:\/\/formularze.us.edu.pl\/form\/index\/4404<\/a><\/p>\n<ul>\n<li>Formularz zg\u0142oszeniowy na blok zaj\u0119\u0107 chemicznych aktywny b\u0119dzie od 23 pa\u017adziernika 2023 roku do 26 listopada 2023 lub do wyczerpania miejsc.<\/li>\n<\/ul>\n<p><a href=\"https:\/\/formularze.us.edu.pl\/form\/index\/4405\">https:\/\/formularze.us.edu.pl\/form\/index\/4405<\/a><\/p>\n<ul>\n<li>Formularz zg\u0142oszeniowy na blok zaj\u0119\u0107 przyrodniczych aktywny b\u0119dzie od 23 pa\u017adziernika 2023 roku do 26 listopada 2023 lub do wyczerpania miejsc.<\/li>\n<\/ul>\n<p><a href=\"https:\/\/formularze.us.edu.pl\/form\/index\/4406\">https:\/\/formularze.us.edu.pl\/form\/index\/4406<\/a><\/p>\n<ul>\n<li>Formularz zg\u0142oszeniowy na blok zaj\u0119\u0107 przyrodniczych aktywny b\u0119dzie od 23 pa\u017adziernika 2023 roku do 26 listopada 2023 lub do wyczerpania miejsc.<\/li>\n<\/ul>\n<p><a href=\"https:\/\/formularze.us.edu.pl\/form\/index\/4407\">https:\/\/formularze.us.edu.pl\/form\/index\/4407<\/a><\/p>\n<p>&nbsp;<\/p>\n<p><strong>Zg\u0142oszenia uczestnika dokonuj\u0105 rodzice lub prawni opiekunowie ucznia!<\/strong><\/p>\n<p><strong>Je\u015bli ucze\u0144 jest pe\u0142noletni mo\u017ce samodzielnie dokona\u0107 zg\u0142oszenia do projektu.<\/strong><\/p>\n<p>Osoby ch\u0119tne do udzia\u0142u w kilku blokach tematycznych wype\u0142niaj\u0105 w\u0142a\u015bciw\u0105 liczb\u0119\u00a0 odpowiednich formularzy zg\u0142oszeniowych.<\/p>\n<p><strong>Ze wzgl\u0119du na ograniczon\u0105 liczb\u0119 miejsc decyduje kolejno\u015b\u0107 zg\u0142osze\u0144.<\/strong><\/p>\n<p><strong>\u00a0<\/strong><strong>W przypadku du\u017cej liczby zg\u0142osze\u0144 organizator zastrzega sobie mo\u017cliwo\u015b\u0107 przeprowadzenia drugiego etapu rekrutacji opisanego w regulaminie.<\/strong><\/p>\n<\/div>\r\n                    <\/div>\r\n                <\/div><div class=\"container\"><div class=\"separator\" style=\"background-color: #002E5A\"><\/div><\/div>\r\n                <div class=\"text-modules\">\r\n                    <div class=\"container\">\r\n                        \r\n                        <div class=\"text-modules__content\"><p>Na zako\u0144czenie edycji warsztat\u00f3w uczestnicy wezm\u0105 udzia\u0142 w wyk\u0142adzie popularnonaukowym.<\/p>\n<p>Ka\u017cdy uczestnik otrzyma certyfikat uczestnictwa w projekcie oraz suplement w\u00a0zakresie warsztat\u00f3w, w kt\u00f3rych bra\u0142 udzia\u0142.<\/p>\n<p>Uczestnicy maj\u0105 mo\u017cliwo\u015b\u0107 brania udzia\u0142u r\u00f3wnie\u017c w innych zaj\u0119ciach oferowanych w ramach projektu \u201eZ Nauk\u0105 za pan brat\u201d poprzez osobn\u0105 rekrutacj\u0119\/rejestracj\u0119, to jest w:<\/p>\n<ol>\n<li>czerwcowych warsztatach plenerowych \u2013 niezale\u017cna rekrutacja i rejestracja poprzez logowanie na zaj\u0119cia &#8211; 5 godzin lekcyjnych, udzia\u0142 bezp\u0142atny;<\/li>\n<li>programie tutoringowym (niezale\u017cna rekrutacja, 25 godzin lekcyjnych, udzia\u0142 bezp\u0142atny); Wybrany zostanie temat badawczy, nad kt\u00f3rym nast\u0119pnie uczestnicy b\u0119d\u0105 pracowa\u0107 pod okiem tutora \u2013 naukowca; Podsumowaniem pracy badawczej b\u0119dzie sesja posterowa, podczas kt\u00f3rej uczestnicy zaprezentuj\u0105 wyniki swoich projekt\u00f3w.<\/li>\n<\/ol>\n<p>\n<\/div>\r\n                    <\/div>\r\n                <\/div>[\/vc_column][\/vc_row][vc_row][vc_column][vc_column_text]<\/p>\n<p>[\/vc_column_text][\/vc_column][\/vc_row][vc_row][vc_column]<div class=\"container\"><div class=\"separator\" style=\"background-color: #002E5A\"><\/div><\/div>[\/vc_column][vc_column]\r\n                <div class=\"text-modules\">\r\n                    <div class=\"container\">\r\n                        \r\n                        <div class=\"text-modules__content\"><\/p>\n<p style=\"text-align: center;\">Projekt dofinansowano z programu \u201eSpo\u0142eczna Odpowiedzialno\u015b\u0107 Nauki\u201d Ministra Edukacji i Nauki.<\/p>\n<p>\n<\/div>\r\n                    <\/div>\r\n                <\/div>[\/vc_column][\/vc_row][vc_row][vc_column width=&#8221;1\/3&#8243;][\/vc_column][vc_column width=&#8221;1\/3&#8243;][vc_single_image image=&#8221;165066&#8243; img_size=&#8221;&#8221;][\/vc_column][vc_column width=&#8221;1\/3&#8243;][\/vc_column][\/vc_row]<\/p>","protected":false},"excerpt":{"rendered":"<p>[vc_row][vc_column width=&#8221;1\/4&#8243;][vc_single_image image=&#8221;165053&#8243;][\/vc_column][vc_column width=&#8221;1\/4&#8243;][vc_single_image image=&#8221;165029&#8243; img_size=&#8221;&#8221;][\/vc_column][vc_column width=&#8221;1\/4&#8243;][vc_single_image image=&#8221;164962&#8243;][\/vc_column][vc_column width=&#8221;1\/4&#8243;][vc_single_image image=&#8221;18786&#8243; alignment=&#8221;center&#8221;][\/vc_column][\/vc_row][vc_row][vc_column][\/vc_column][\/vc_row][vc_row][vc_column][\/vc_column][\/vc_row][vc_row][vc_column][vc_column_text] [\/vc_column_text][\/vc_column][\/vc_row][vc_row][vc_column][\/vc_column][vc_column][\/vc_column][\/vc_row][vc_row][vc_column width=&#8221;1\/3&#8243;][\/vc_column][vc_column width=&#8221;1\/3&#8243;][vc_single_image image=&#8221;165066&#8243; img_size=&#8221;&#8221;][\/vc_column][vc_column width=&#8221;1\/3&#8243;][\/vc_column][\/vc_row] [&#8230;]<\/p>\n<p><a class=\"btn btn-secondary understrap-read-more-link\" href=\"https:\/\/us.edu.pl\/wydzial\/wnst\/wspolpraca\/szkoly\/z-nauka-za-pan-brat\/warsztaty-informacje-ogolne\/\">Read More&#8230;<\/a><\/p>\n","protected":false},"author":104,"featured_media":0,"parent":164950,"menu_order":0,"comment_status":"closed","ping_status":"closed","template":"page-templates\/page-with-sidebar.php","meta":{"_expiration-date-status":"","_expiration-date":0,"_expiration-date-type":"","_expiration-date-categories":[],"_expiration-date-options":[]},"acf":[],"_links":{"self":[{"href":"https:\/\/us.edu.pl\/wydzial\/wnst\/wp-json\/wp\/v2\/pages\/170892"}],"collection":[{"href":"https:\/\/us.edu.pl\/wydzial\/wnst\/wp-json\/wp\/v2\/pages"}],"about":[{"href":"https:\/\/us.edu.pl\/wydzial\/wnst\/wp-json\/wp\/v2\/types\/page"}],"author":[{"embeddable":true,"href":"https:\/\/us.edu.pl\/wydzial\/wnst\/wp-json\/wp\/v2\/users\/104"}],"replies":[{"embeddable":true,"href":"https:\/\/us.edu.pl\/wydzial\/wnst\/wp-json\/wp\/v2\/comments?post=170892"}],"version-history":[{"count":7,"href":"https:\/\/us.edu.pl\/wydzial\/wnst\/wp-json\/wp\/v2\/pages\/170892\/revisions"}],"predecessor-version":[{"id":171120,"href":"https:\/\/us.edu.pl\/wydzial\/wnst\/wp-json\/wp\/v2\/pages\/170892\/revisions\/171120"}],"up":[{"embeddable":true,"href":"https:\/\/us.edu.pl\/wydzial\/wnst\/wp-json\/wp\/v2\/pages\/164950"}],"wp:attachment":[{"href":"https:\/\/us.edu.pl\/wydzial\/wnst\/wp-json\/wp\/v2\/media?parent=170892"}],"curies":[{"name":"wp","href":"https:\/\/api.w.org\/{rel}","templated":true}]}}