{"id":170952,"date":"2023-11-05T16:17:48","date_gmt":"2023-11-05T15:17:48","guid":{"rendered":"https:\/\/us.edu.pl\/wydzial\/wnst\/?page_id=170952"},"modified":"2024-07-31T20:12:29","modified_gmt":"2024-07-31T18:12:29","slug":"tutoring-informacje-ogolne","status":"publish","type":"page","link":"https:\/\/us.edu.pl\/wydzial\/wnst\/wspolpraca\/szkoly\/z-nauka-za-pan-brat\/tutoring-informacje-ogolne\/","title":{"rendered":"Tutoring &#8211; informacje og\u00f3lne"},"content":{"rendered":"<p>[vc_row][vc_column width=&#8221;1\/4&#8243;][vc_single_image image=&#8221;165053&#8243;][\/vc_column][vc_column width=&#8221;1\/4&#8243;][vc_single_image image=&#8221;165029&#8243; img_size=&#8221;&#8221;][\/vc_column][vc_column width=&#8221;1\/4&#8243;][vc_single_image image=&#8221;164962&#8243;][\/vc_column][vc_column width=&#8221;1\/4&#8243;][vc_single_image image=&#8221;18786&#8243; alignment=&#8221;center&#8221;][\/vc_column][\/vc_row][vc_row][vc_column]<div class=\"container\"><div class=\"separator\" style=\"background-color: #002E5A\"><\/div><\/div>[\/vc_column][\/vc_row][vc_row][vc_column][vc_column_text]<br \/>\n[\/vc_column_text][\/vc_column][\/vc_row][vc_row][vc_column]\r\n                <div class=\"text-modules\">\r\n                    <div class=\"container\">\r\n                        <h3 class=\"page-title text__title\">Program TUTORINGOWY \u201eZ Naukowcem r\u0119ka w r\u0119k\u0119\u201d<\/h3>\r\n                        <div class=\"text-modules__content\"><p><em><img class=\"alignleft wp-image-171099 size-medium\" src=\"https:\/\/us.edu.pl\/wydzial\/wnst\/wp-content\/uploads\/sites\/18\/Szkoly\/Z-nauka-za-pan-brat\/logotypy\/Z-naukowcem-tutoring-kolor-300x292.png\" alt=\"\" width=\"300\" height=\"292\" srcset=\"https:\/\/us.edu.pl\/wydzial\/wnst\/wp-content\/uploads\/sites\/18\/Szkoly\/Z-nauka-za-pan-brat\/logotypy\/Z-naukowcem-tutoring-kolor-300x292.png 300w, https:\/\/us.edu.pl\/wydzial\/wnst\/wp-content\/uploads\/sites\/18\/Szkoly\/Z-nauka-za-pan-brat\/logotypy\/Z-naukowcem-tutoring-kolor-1024x996.png 1024w, https:\/\/us.edu.pl\/wydzial\/wnst\/wp-content\/uploads\/sites\/18\/Szkoly\/Z-nauka-za-pan-brat\/logotypy\/Z-naukowcem-tutoring-kolor-768x747.png 768w, https:\/\/us.edu.pl\/wydzial\/wnst\/wp-content\/uploads\/sites\/18\/Szkoly\/Z-nauka-za-pan-brat\/logotypy\/Z-naukowcem-tutoring-kolor-1536x1494.png 1536w, https:\/\/us.edu.pl\/wydzial\/wnst\/wp-content\/uploads\/sites\/18\/Szkoly\/Z-nauka-za-pan-brat\/logotypy\/Z-naukowcem-tutoring-kolor-2048x1992.png 2048w, https:\/\/us.edu.pl\/wydzial\/wnst\/wp-content\/uploads\/sites\/18\/Szkoly\/Z-nauka-za-pan-brat\/logotypy\/Z-naukowcem-tutoring-kolor-575x559.png 575w\" sizes=\"(max-width: 300px) 100vw, 300px\" \/>\u201eNa nic zda si\u0119 nasza wiedza teoretyczna,<\/em><\/p>\n<p><em>je\u015bli nie potrafimy przekszta\u0142ci\u0107 jej w czyn.\u201d<\/em><\/p>\n<p><em>Miko\u0142aj Gogol<\/em><\/p>\n<p>&nbsp;<\/p>\n<p>Program TUTORINGU ma na celu podniesienie kompetencji matematycznych, informatycznych oraz naukowo-technicznych uczestnik\u00f3w projektu, kt\u00f3re stanowi\u0105 po\u0142\u0105czenie wiedzy, umiej\u0119tno\u015bci i postaw uwa\u017canych za niezb\u0119dne dla potrzeb samorealizacji i rozwoju osobistego.<\/p>\n<p>Zaj\u0119cia prowadzone b\u0119d\u0105 przez pracownik\u00f3w naukowych, naukowo-dydaktycznych i dydaktycznych Wydzia\u0142u Nauk \u015acis\u0142ych i Technicznych Uniwersytetu \u015al\u0105skiego <strong>w formie indywidualnej pracy w relacji Ucze\u0144-Mistrz<\/strong>.<\/p>\n<p>Indywidualne podej\u015bcie pozwala na bardziej efektywny rozw\u00f3j krytycznego my\u015blenia naukowego, kreatywnego rozwi\u0105zywania problem\u00f3w, umiej\u0119tno\u015bci rozumowania w naukach przyrodniczych i matematycznych.<\/p>\n<p>Ka\u017cdy uczestnik &#8211; Tutis, pod okiem swojego Tutora, b\u0119dzie mia\u0142 mo\u017cliwo\u015b\u0107 zrealizowania okre\u015blonego projektu badawczego w ramach dziedzin naukowych reprezentowanych na Wydziale Nauk \u015acis\u0142ych i Technicznych Uniwersytetu \u015al\u0105skiego. B\u0119dzie m\u00f3g\u0142 rozwija\u0107 swoje zainteresowania, wykaza\u0107 si\u0119 kreatywno\u015bci\u0105, a tak\u017ce zdolno\u015bci\u0105 do planowania przedsi\u0119wzi\u0119\u0107 i prowadzenia ich dla osi\u0105gni\u0119cia zamierzonych cel\u00f3w. Wsp\u00f3lna praca w Zespole pozwoli M\u0142odemu Naukowcy na kreatywne rozwi\u0105zywanie problem\u00f3w z r\u00f3\u017cnych dziedzin ze \u015bwiadomym wykorzystaniem metod i narz\u0119dzi wywodz\u0105cych si\u0119 z matematyki i informatyki.<\/p>\n<p><strong>Tutoring\u00a0dedykowany jest uczniom wszystkich klas, wszystkich typ\u00f3w szk\u00f3\u0142 \u015brednich.\u00a0<\/strong><\/p>\n<p>Na realizacj\u0119 swojego projektu, zaplanowano <strong>25 godzin lekcyjnych <\/strong>dla ka\u017cdego z\u00a0uczestnik\u00f3w (od grudnia 2023 do wrze\u015bnia 2024).<\/p>\n<p><strong>Udzia\u0142 w projekcie jest bezp\u0142atny.<\/strong><\/p>\n<p><strong>Zaj\u0119cia odbywa\u0107 si\u0119 b\u0119d\u0105 w terminach ustalonych indywidualnie przez Tutor\u00f3w i Uczestnik\u00f3w.<\/strong><\/p>\n<p>Szczeg\u00f3\u0142owe tematy TUTORINGU zostan\u0105 przedstawione po zako\u0144czeniu rekrutacji na pierwszym spotkaniu Tutor\u00f3w z uczestnikami.<\/p>\n<p>Zaj\u0119cia prowadzone b\u0119d\u0105 w laboratoriach i pracowniach naukowych znajduj\u0105cych si\u0119 na Wydziale Nauk \u015acis\u0142ych i Technicznych Uniwersytetu \u015al\u0105skiego w trzech lokalizacjach, w zale\u017cno\u015bci od realizowanego tematu w\u00a0Chorzowie, Sosnowcu lub w Katowicach <strong>(dojazd w\u0142asny!).\u00a0 <\/strong><\/p>\n<p>Podsumowaniem pracy b\u0119dzie <u>prezentacja wynik\u00f3w projektu badawczego w formie posteru przedstawionego podczas konferencji zamykaj\u0105cej projekt<\/u> <em>Z\u00a0nauk\u0105 za pan brat<\/em>.<\/p>\n<p><strong>Liczba miejsc ograniczona: Maksymalnie 10 uczni\u00f3w szk\u00f3\u0142 \u015brednich<\/strong>.<\/p>\n<p>Rekrutacja do projektu prowadzona jest poprzez formularz zg\u0142oszeniowy <a href=\"https:\/\/formularze.us.edu.pl\/form\/index\/4454\">https:\/\/formularze.us.edu.pl\/form\/index\/4454<\/a><\/p>\n<p>Formularz zg\u0142oszeniowy jest ju\u017c aktywny. Zg\u0142oszenia przyjmowane s\u0105 do<strong> 20 listopada 2023<\/strong> <strong>do godziny 24:00<\/strong>.<\/p>\n<p>W formularzu kandydat zaznacza obszar swoich zainteresowa\u0144 w zakresie nauk \u015bcis\u0142ych i\u00a0przyrodniczych.<\/p>\n<p><strong>Zg\u0142oszenia uczestnika dokonuj\u0105 rodzice lub prawni opiekunowie ucznia!\u00a0<\/strong><\/p>\n<p><strong>Je\u015bli ucze\u0144 jest pe\u0142noletni mo\u017ce samodzielnie dokona\u0107 zg\u0142oszenia do projektu.<\/strong><\/p>\n<p><strong>W przypadku du\u017cej liczby zg\u0142osze\u0144 organizator zastrzega sobie mo\u017cliwo\u015b\u0107 przeprowadzenia drugiego etapu rekrutacji.<\/strong><\/p>\n<p>Nab\u00f3r kandydat\u00f3w do programu tutoringowego w drugim etapie rekrutacji <u>b\u0119dzie przeprowadzony na drodze konkursu.<\/u><\/p>\n<p>Uczestnicy otrzymaj\u0105 do opracowania zadania problemowe, kt\u00f3re zostan\u0105 opublikowane na stronie projektu. Ka\u017cdy kandydat wybierze i opracuje TYLKO JEDEN TEMAT z listy zaproponowanych zada\u0144 problemowych.<\/p>\n<p>Prace b\u0119d\u0105 ocenione przez komisj\u0119 sk\u0142adaj\u0105c\u0105 si\u0119 z pracownik\u00f3w naukowych i\u00a0naukowo-dydaktycznych Wydzia\u0142u Nauk \u015acis\u0142ych i Technicznych.<\/p>\n<p>Prace podpisane<strong>\u00a0imieniem, nazwiskiem i rokiem urodzenia, <\/strong>o obj\u0119to\u015bci<strong>\u00a0nie przekraczaj\u0105cej 1.5 strony formatu A4,\u00a0<\/strong>pisane czcionk\u0105 <strong>Times New Roman 12pkt<\/strong>, zapisane jako plik <strong>pdf<\/strong>, nale\u017cy przesy\u0142a\u0107 na adres mailowy:\u00a0<a href=\"mailto:malgorzata.karolus@us.edu.pl\">malgorzata.karolus@us.edu.pl<\/a> <strong>\u00a0<\/strong>zaznaczaj\u0105c w\u00a0temacie wiadomo\u015bci:<strong>\u00a0TUTORING <\/strong><strong>\u201e<\/strong><strong>Z Naukowcem r\u0119ka w r\u0119k\u0119\u201d<\/strong><strong>.<\/strong><\/p>\n<p><strong>Termin nadsy\u0142ania prac:\u00a01 grudnia 2023 r godzina 24:00.<\/strong><\/p>\n<p><strong>Wyniki rekrutacji og\u0142oszone zostan\u0105 najp\u00f3\u017aniej do 10 grudnia 2023 r.<\/strong><\/p>\n<p>W TUTORINGU we\u017amie udzia\u0142 10 pierwszych os\u00f3b z listy rankingowej.<\/p>\n<p>Informacja o zakwalifikowaniu si\u0119 ucznia do udzia\u0142u w projekcie oraz niezb\u0119dne dokumenty przes\u0142ane zostan\u0105 drog\u0105 elektroniczn\u0105 na adres e-mail uczestnika\/rodzica\/opiekuna podany w\u00a0formularzu zg\u0142oszeniowym.<\/p>\n<p>Zasady rekrutacji do TUTORINGU okre\u015blone s\u0105 w <a href=\"https:\/\/aktyprawne.us.edu.pl\/423-lista\/d\/6743\/5\/\">Zarz\u0105dzenie Rektora nr 148\/2023<\/a>.<\/p>\n<\/div>\r\n                    <\/div>\r\n                <\/div>[\/vc_column][\/vc_row][vc_row][vc_column][vc_column_text]<br \/>\n[\/vc_column_text][\/vc_column][\/vc_row][vc_row][vc_column]<div class=\"container\"><div class=\"separator\" style=\"background-color: #002E5A\"><\/div><\/div>[\/vc_column][vc_column]\r\n                <div class=\"text-modules\">\r\n                    <div class=\"container\">\r\n                        \r\n                        <div class=\"text-modules__content\"><\/p>\n<p style=\"text-align: center;\">Projekt dofinansowano z programu \u201eSpo\u0142eczna Odpowiedzialno\u015b\u0107 Nauki\u201d Ministra Edukacji i Nauki.<\/p>\n<p>\n<\/div>\r\n                    <\/div>\r\n                <\/div>[\/vc_column][\/vc_row][vc_row][vc_column width=&#8221;1\/3&#8243;][\/vc_column][vc_column width=&#8221;1\/3&#8243;][vc_single_image image=&#8221;165066&#8243; img_size=&#8221;&#8221;][\/vc_column][vc_column width=&#8221;1\/3&#8243;][\/vc_column][\/vc_row]<\/p>","protected":false},"excerpt":{"rendered":"<p>[vc_row][vc_column width=&#8221;1\/4&#8243;][vc_single_image image=&#8221;165053&#8243;][\/vc_column][vc_column width=&#8221;1\/4&#8243;][vc_single_image image=&#8221;165029&#8243; img_size=&#8221;&#8221;][\/vc_column][vc_column width=&#8221;1\/4&#8243;][vc_single_image image=&#8221;164962&#8243;][\/vc_column][vc_column width=&#8221;1\/4&#8243;][vc_single_image image=&#8221;18786&#8243; alignment=&#8221;center&#8221;][\/vc_column][\/vc_row][vc_row][vc_column][\/vc_column][\/vc_row][vc_row][vc_column][vc_column_text] [\/vc_column_text][\/vc_column][\/vc_row][vc_row][vc_column][\/vc_column][\/vc_row][vc_row][vc_column][vc_column_text] [\/vc_column_text][\/vc_column][\/vc_row][vc_row][vc_column][\/vc_column][vc_column][\/vc_column][\/vc_row][vc_row][vc_column width=&#8221;1\/3&#8243;][\/vc_column][vc_column width=&#8221;1\/3&#8243;][vc_single_image image=&#8221;165066&#8243; img_size=&#8221;&#8221;][\/vc_column][vc_column width=&#8221;1\/3&#8243;][\/vc_column][\/vc_row] [&#8230;]<\/p>\n<p><a class=\"btn btn-secondary understrap-read-more-link\" href=\"https:\/\/us.edu.pl\/wydzial\/wnst\/wspolpraca\/szkoly\/z-nauka-za-pan-brat\/tutoring-informacje-ogolne\/\">Read More&#8230;<\/a><\/p>\n","protected":false},"author":104,"featured_media":0,"parent":164950,"menu_order":0,"comment_status":"closed","ping_status":"closed","template":"page-templates\/page-with-sidebar.php","meta":{"_expiration-date-status":"","_expiration-date":0,"_expiration-date-type":"","_expiration-date-categories":[],"_expiration-date-options":[]},"acf":[],"_links":{"self":[{"href":"https:\/\/us.edu.pl\/wydzial\/wnst\/wp-json\/wp\/v2\/pages\/170952"}],"collection":[{"href":"https:\/\/us.edu.pl\/wydzial\/wnst\/wp-json\/wp\/v2\/pages"}],"about":[{"href":"https:\/\/us.edu.pl\/wydzial\/wnst\/wp-json\/wp\/v2\/types\/page"}],"author":[{"embeddable":true,"href":"https:\/\/us.edu.pl\/wydzial\/wnst\/wp-json\/wp\/v2\/users\/104"}],"replies":[{"embeddable":true,"href":"https:\/\/us.edu.pl\/wydzial\/wnst\/wp-json\/wp\/v2\/comments?post=170952"}],"version-history":[{"count":8,"href":"https:\/\/us.edu.pl\/wydzial\/wnst\/wp-json\/wp\/v2\/pages\/170952\/revisions"}],"predecessor-version":[{"id":171156,"href":"https:\/\/us.edu.pl\/wydzial\/wnst\/wp-json\/wp\/v2\/pages\/170952\/revisions\/171156"}],"up":[{"embeddable":true,"href":"https:\/\/us.edu.pl\/wydzial\/wnst\/wp-json\/wp\/v2\/pages\/164950"}],"wp:attachment":[{"href":"https:\/\/us.edu.pl\/wydzial\/wnst\/wp-json\/wp\/v2\/media?parent=170952"}],"curies":[{"name":"wp","href":"https:\/\/api.w.org\/{rel}","templated":true}]}}