{"id":171609,"date":"2023-11-20T11:32:53","date_gmt":"2023-11-20T10:32:53","guid":{"rendered":"https:\/\/us.edu.pl\/wydzial\/wnst\/?page_id=171609"},"modified":"2026-01-21T14:45:00","modified_gmt":"2026-01-21T13:45:00","slug":"wsparcie","status":"publish","type":"page","link":"https:\/\/us.edu.pl\/wydzial\/wnst\/strona-glowna\/realizowane-projekty\/projekty-badawcze\/wsparcie\/","title":{"rendered":"wsparcie"},"content":{"rendered":"<p>[vc_row el_class=&#8221;container&#8221;][vc_column width=&#8221;2\/3&#8243;]\r\n                <div class=\"text-modules\">\r\n                    <div class=\"container\">\r\n                        \r\n                        <div class=\"text-modules__content\"><\/p>\n<h3><span style=\"color: #002e5a;\">Sk\u0142adanie wniosk\u00f3w grantowych w ramach konkurs\u00f3w Narodowego Centrum Nauki<\/span><\/h3>\n<p>Zgodnie z Zarz\u0105dzeniem nr 147 Rektora Uniwersytetu \u015al\u0105skiego w Katowicach z dnia 13\u00a0pa\u017adziernika 2022 r., \u00a7 4, pkt. 5, wnioskodawcy zobowi\u0105zani s\u0105 przekaza\u0107 swoje wnioski do konsultacji pod wzgl\u0119dem m.in. bud\u017cetu i kwalifikowalno\u015bci koszt\u00f3w do Dzia\u0142u Projekt\u00f3w <strong>nie p\u00f3\u017aniej ni\u017c na dwa tygodnie<\/strong> przed z\u0142o\u017ceniem wniosku do instytucji finansuj\u0105cej projekt.<\/p>\n<p>W zwi\u0105zku z powy\u017cszym przypominamy o potrzebie dodania <strong>Dzia\u0142u Projekt\u00f3w<\/strong> oraz<strong> Dzia\u0142u Nauki<\/strong> w systemie OSF jako redaktor\u00f3w pomocniczych, zarejestrowanych w \u00a0systemie z loginem: dnb i maciej.bisaga.<\/p>\n<p>Szczeg\u00f3ln\u0105 uwag\u0119 nale\u017cy zwr\u00f3ci\u0107 na wsparcie w tworzeniu <strong>Plan\u00f3w Zarz\u0105dzania Danymi<\/strong>. Zapraszamy w tym celu do kontaktu <strong>z wydzia\u0142owymi Data Stewardami<\/strong> (<a href=\"https:\/\/us.edu.pl\/data_stewardzi_na_us\/\">us.edu.pl\/data_stewardzi_na_us\/<\/a>) \u2013 specjalistami ds. danych otwartych, kt\u00f3rzy stworz\u0105 z Pa\u0144stwem uszyty \u201ena miar\u0119&#8221; Plan Zarz\u0105dzania Danymi (oceniany przez NCN). Nale\u017cy zwr\u00f3ci\u0107 uwag\u0119, \u017ce Plan Zarz\u0105dzania Danymi jest elementem pracy merytorycznej, a jego konsultacja wymaga czasu. Dlatego te\u017c zach\u0119camy do jak najszybszego przyst\u0105pienia do tego procesu, by Data Steward m\u00f3g\u0142 dok\u0142adnie zapozna\u0107 si\u0119 z projektem i skonsultowa\u0107 go w spos\u00f3b rzetelny.<\/p>\n<\/div>\r\n                    <\/div>\r\n                <\/div>[\/vc_column][vc_column width=&#8221;1\/3&#8243;][vc_single_image image=&#8221;171610&#8243; img_size=&#8221;large&#8221; alignment=&#8221;center&#8221; style=&#8221;vc_box_rounded&#8221; onclick=&#8221;custom_link&#8221; link=&#8221;https:\/\/us.edu.pl\/data_stewardzi_na_us\/&#8221;][\/vc_column][\/vc_row][vc_row][vc_column]\r\n                <div class=\"text-modules\">\r\n                    <div class=\"container\">\r\n                        \r\n                        <div class=\"text-modules__content\"><\/p>\n<h3><span style=\"color: #002e5a;\">Czym zajmuje si\u0119 Data Steward?<\/span><\/h3>\n<ul>\n<li><strong>Zarz\u0105dzanie danymi badawczymi:<\/strong>\u00a0Data Stewardzi odpowiadaj\u0105 za nadzorowanie procesu gromadzenia i utrzymania danych badawczych. Zapewniaj\u0105, \u017ce dane s\u0105 odpowiednio udokumentowane, zorganizowane i dost\u0119pne dla innych badaczy.<\/li>\n<li><strong>Pomoc w przygotowywaniu planu zarz\u0105dzania danymi:<\/strong>\u00a0Data Stewardzi odgrywaj\u0105 kluczow\u0105 rol\u0119 w wspieraniu pracownik\u00f3w naukowych i administracyjnych w tworzeniu planu zarz\u0105dzania danymi. Pomagaj\u0105 w identyfikacji potrzebnych zasob\u00f3w, ustalaniu odpowiednich procedur gromadzenia i przechowywania danych, a tak\u017ce w okre\u015bleniu strategii zabezpiecze\u0144 i zgodno\u015bci z przepisami.<\/li>\n<li><strong>Ochrona danych i prywatno\u015bci:<\/strong>\u00a0Data Stewardzi stosuj\u0105 odpowiednie procedury, aby chroni\u0107 poufno\u015b\u0107 danych oraz zapewni\u0107 zgodno\u015b\u0107 z przepisami dotycz\u0105cymi ochrony danych, takimi jak RODO.<\/li>\n<li><strong>Wspieranie analizy danych:<\/strong>\u00a0Data Stewardzi mog\u0105 pom\u00f3c w identyfikacji odpowiednich narz\u0119dzi i metod analizy danych oraz zapewni\u0107 wsparcie w interpretacji wynik\u00f3w.<\/li>\n<li><strong>Standaryzacja danych:<\/strong>\u00a0Data Stewardzi dbaj\u0105 o utrzymanie sp\u00f3jno\u015bci i standaryzacji danych, co u\u0142atwia por\u00f3wnywanie i \u0142\u0105czenie r\u00f3\u017cnych \u017ar\u00f3de\u0142 informacji.<\/li>\n<li><strong>Udost\u0119pnianie danych:<\/strong>\u00a0Data Stewardzi u\u0142atwiaj\u0105 dost\u0119p do danych, zar\u00f3wno wewn\u0119trznie w ramach uczelni, jak i zewn\u0119trznie dla wsp\u00f3\u0142pracownik\u00f3w i partner\u00f3w.<\/li>\n<li><strong>Edukacja i szkolenia:<\/strong>\u00a0Data Stewardzi prowadz\u0105 szkolenia i warsztaty, aby zwi\u0119ksza\u0107 \u015bwiadomo\u015b\u0107 i kompetencje zwi\u0105zane z zarz\u0105dzaniem danymi w\u015br\u00f3d pracownik\u00f3w i student\u00f3w.<\/li>\n<\/ul>\n<p>Dzi\u0119ki zaanga\u017cowaniu Data Steward\u00f3w na Uniwersytecie \u015al\u0105skim, nasza uczelnia staje si\u0119 bardziej efektywna w zarz\u0105dzaniu danymi, co przek\u0142ada si\u0119 na lepsze rezultaty bada\u0144 i doskona\u0142e wsparcie dla proces\u00f3w naukowych i administracyjnych.<\/p>\n<p>Opiekunami danych w Uczelni s\u0105:<\/p>\n<p>dr\u00a0<strong>Maciej Bisaga &#8211;<\/strong>\u00a0koordynator programu<\/p>\n<p>mgr\u00a0<strong>Bogumi\u0142a Go\u0142ek\u00a0<\/strong> &#8211; Data Steward Wydzia\u0142u Nauk \u015acis\u0142ych i Technicznych<\/p>\n<p><small>Pe\u0142ny tekst na stronie: <a href=\"https:\/\/us.edu.pl\/nauka-i-badania\/otwarta-nauka\/data_stewardzi_na_us\/\">Data Stewardzi na U\u015a | Uniwersytet \u015al\u0105ski w Katowicach (us.edu.pl)<\/a><\/small><\/p>\n<\/div>\r\n                    <\/div>\r\n                <\/div>[\/vc_column][\/vc_row]<\/p>","protected":false},"excerpt":{"rendered":"<p>[vc_row el_class=&#8221;container&#8221;][vc_column width=&#8221;2\/3&#8243;][\/vc_column][vc_column width=&#8221;1\/3&#8243;][vc_single_image image=&#8221;171610&#8243; img_size=&#8221;large&#8221; alignment=&#8221;center&#8221; style=&#8221;vc_box_rounded&#8221; onclick=&#8221;custom_link&#8221; link=&#8221;https:\/\/us.edu.pl\/data_stewardzi_na_us\/&#8221;][\/vc_column][\/vc_row][vc_row][vc_column][\/vc_column][\/vc_row] [&#8230;]<\/p>\n<p><a class=\"btn btn-secondary understrap-read-more-link\" href=\"https:\/\/us.edu.pl\/wydzial\/wnst\/strona-glowna\/realizowane-projekty\/projekty-badawcze\/wsparcie\/\">Read More&#8230;<\/a><\/p>\n","protected":false},"author":92,"featured_media":0,"parent":7712,"menu_order":0,"comment_status":"closed","ping_status":"closed","template":"","meta":{"_expiration-date-status":"","_expiration-date":0,"_expiration-date-type":"","_expiration-date-categories":[],"_expiration-date-options":[]},"acf":[],"_links":{"self":[{"href":"https:\/\/us.edu.pl\/wydzial\/wnst\/wp-json\/wp\/v2\/pages\/171609"}],"collection":[{"href":"https:\/\/us.edu.pl\/wydzial\/wnst\/wp-json\/wp\/v2\/pages"}],"about":[{"href":"https:\/\/us.edu.pl\/wydzial\/wnst\/wp-json\/wp\/v2\/types\/page"}],"author":[{"embeddable":true,"href":"https:\/\/us.edu.pl\/wydzial\/wnst\/wp-json\/wp\/v2\/users\/92"}],"replies":[{"embeddable":true,"href":"https:\/\/us.edu.pl\/wydzial\/wnst\/wp-json\/wp\/v2\/comments?post=171609"}],"version-history":[{"count":5,"href":"https:\/\/us.edu.pl\/wydzial\/wnst\/wp-json\/wp\/v2\/pages\/171609\/revisions"}],"predecessor-version":[{"id":203554,"href":"https:\/\/us.edu.pl\/wydzial\/wnst\/wp-json\/wp\/v2\/pages\/171609\/revisions\/203554"}],"up":[{"embeddable":true,"href":"https:\/\/us.edu.pl\/wydzial\/wnst\/wp-json\/wp\/v2\/pages\/7712"}],"wp:attachment":[{"href":"https:\/\/us.edu.pl\/wydzial\/wnst\/wp-json\/wp\/v2\/media?parent=171609"}],"curies":[{"name":"wp","href":"https:\/\/api.w.org\/{rel}","templated":true}]}}