{"id":171952,"date":"2023-12-06T14:27:37","date_gmt":"2023-12-06T13:27:37","guid":{"rendered":"https:\/\/us.edu.pl\/wydzial\/wnst\/?page_id=171952"},"modified":"2023-12-12T11:51:52","modified_gmt":"2023-12-12T10:51:52","slug":"7sfn","status":"publish","type":"page","link":"https:\/\/us.edu.pl\/wydzial\/wnst\/wspolpraca\/sfn\/7sfn\/","title":{"rendered":"7. \u015al\u0105ski Festiwal Nauki"},"content":{"rendered":"<p>[vc_row][vc_column][vc_column_text][\/vc_column_text][\/vc_column][\/vc_row][vc_row el_class=&#8221;container&#8221;][vc_column]\r\n                <div class=\"text-modules\">\r\n                    <div class=\"container\">\r\n                        \r\n                        <div class=\"text-modules__content\"><p><img class=\"alignnone wp-image-171963 size-full\" src=\"https:\/\/us.edu.pl\/wydzial\/wnst\/wp-content\/uploads\/sites\/18\/Bez-kategorii\/7sfn_poziom_z_data-pl.png\" alt=\"\" width=\"100%\" height=\"auto\" srcset=\"https:\/\/us.edu.pl\/wydzial\/wnst\/wp-content\/uploads\/sites\/18\/Bez-kategorii\/7sfn_poziom_z_data-pl.png 2466w, https:\/\/us.edu.pl\/wydzial\/wnst\/wp-content\/uploads\/sites\/18\/Bez-kategorii\/7sfn_poziom_z_data-pl-300x51.png 300w, https:\/\/us.edu.pl\/wydzial\/wnst\/wp-content\/uploads\/sites\/18\/Bez-kategorii\/7sfn_poziom_z_data-pl-1024x173.png 1024w, https:\/\/us.edu.pl\/wydzial\/wnst\/wp-content\/uploads\/sites\/18\/Bez-kategorii\/7sfn_poziom_z_data-pl-768x130.png 768w, https:\/\/us.edu.pl\/wydzial\/wnst\/wp-content\/uploads\/sites\/18\/Bez-kategorii\/7sfn_poziom_z_data-pl-1536x259.png 1536w, https:\/\/us.edu.pl\/wydzial\/wnst\/wp-content\/uploads\/sites\/18\/Bez-kategorii\/7sfn_poziom_z_data-pl-2048x345.png 2048w, https:\/\/us.edu.pl\/wydzial\/wnst\/wp-content\/uploads\/sites\/18\/Bez-kategorii\/7sfn_poziom_z_data-pl-575x97.png 575w\" sizes=\"(max-width: 2466px) 100vw, 2466px\" \/><\/p>\n<\/div>\r\n                    <\/div>\r\n                <\/div>\r\n                <div class=\"text-modules\">\r\n                    <div class=\"container\">\r\n                        \r\n                        <div class=\"text-modules__content\"><p><img class=\"alignnone size-full wp-image-171962\" src=\"https:\/\/us.edu.pl\/wydzial\/wnst\/wp-content\/uploads\/sites\/18\/Bez-kategorii\/tlo.png\" alt=\"\" width=\"100%\" height=\"auto\" srcset=\"https:\/\/us.edu.pl\/wydzial\/wnst\/wp-content\/uploads\/sites\/18\/Bez-kategorii\/tlo.png 1908w, https:\/\/us.edu.pl\/wydzial\/wnst\/wp-content\/uploads\/sites\/18\/Bez-kategorii\/tlo-300x133.png 300w, https:\/\/us.edu.pl\/wydzial\/wnst\/wp-content\/uploads\/sites\/18\/Bez-kategorii\/tlo-1024x453.png 1024w, https:\/\/us.edu.pl\/wydzial\/wnst\/wp-content\/uploads\/sites\/18\/Bez-kategorii\/tlo-768x340.png 768w, https:\/\/us.edu.pl\/wydzial\/wnst\/wp-content\/uploads\/sites\/18\/Bez-kategorii\/tlo-1536x679.png 1536w, https:\/\/us.edu.pl\/wydzial\/wnst\/wp-content\/uploads\/sites\/18\/Bez-kategorii\/tlo-575x254.png 575w\" sizes=\"(max-width: 1908px) 100vw, 1908px\" \/><\/p>\n<\/div>\r\n                    <\/div>\r\n                <\/div>[\/vc_column][\/vc_row][vc_row content_placement=&#8221;middle&#8221; el_class=&#8221;container&#8221;][vc_column width=&#8221;1\/6&#8243;][\/vc_column][vc_column width=&#8221;2\/3&#8243;]\r\n                <div class=\"text-modules\">\r\n                    <div class=\"container\">\r\n                        \r\n                        <div class=\"text-modules__content\"><\/p>\n<h3 style=\"text-align: center;\"><span style=\"color: #002e5a;\"><strong>NAUKI \u015aCIS\u0141E I TECHNICZNE S\u0104 WSZ\u0118DZIE!<\/strong><\/span><\/h3>\n<p style=\"text-align: center;\"><span style=\"color: #002e5a;\">Wydzia\u0142 Nauk \u015acis\u0142ych i Technicznych na 7. \u015al\u0105skim Festiwalu Nauki.\u00a0<\/span><span style=\"color: #002e5a;\">Naukowcy i Dydaktycy Wydzia\u0142u zapraszaj\u0105 na liczne wyk\u0142ady, warsztaty oraz pokazy. W dniach od 9 do 11 grudnia 2023 r. mo\u017cecie nas spotka\u0107 na wielu scenach, bo nie da si\u0119 nas zmie\u015bci\u0107 na jednej.<\/span><\/p>\n<p style=\"text-align: center;\"><span style=\"color: #002e5a;\">\u017byczymy niezapomnianych wra\u017ce\u0144!<\/span><\/p>\n<p>\n<\/div>\r\n                    <\/div>\r\n                <\/div>[\/vc_column][vc_column width=&#8221;1\/6&#8243;][\/vc_column][\/vc_row][vc_row el_class=&#8221;container&#8221;][vc_column]<div class=\"container\"><div class=\"separator\" style=\"background-color: #002E5A\"><\/div><\/div>[\/vc_column][\/vc_row][vc_row el_class=&#8221;container&#8221;][vc_column][vc_tta_tabs color=&#8221;blue&#8221; alignment=&#8221;center&#8221; active_section=&#8221;1&#8243; no_fill_content_area=&#8221;true&#8221; el_class=&#8221;shadow&#8221;][vc_tta_section title=&#8221;NAUKI \u015aCIS\u0141E&#8221; tab_id=&#8221;1632142204373-a1c1b975-3b2f&#8221;][vc_row_inner][vc_column_inner width=&#8221;1\/3&#8243;]\r\n                <div class=\"text-modules\">\r\n                    <div class=\"container\">\r\n                        \r\n                        <div class=\"text-modules__content\"><p><img class=\"alignnone wp-image-171953 size-full\" src=\"https:\/\/us.edu.pl\/wydzial\/wnst\/wp-content\/uploads\/sites\/18\/Bez-kategorii\/NAUKI-SCISLE.png\" alt=\"\" width=\"100%\" height=\"auto\" srcset=\"https:\/\/us.edu.pl\/wydzial\/wnst\/wp-content\/uploads\/sites\/18\/Bez-kategorii\/NAUKI-SCISLE.png 1200w, https:\/\/us.edu.pl\/wydzial\/wnst\/wp-content\/uploads\/sites\/18\/Bez-kategorii\/NAUKI-SCISLE-300x300.png 300w, https:\/\/us.edu.pl\/wydzial\/wnst\/wp-content\/uploads\/sites\/18\/Bez-kategorii\/NAUKI-SCISLE-1024x1024.png 1024w, https:\/\/us.edu.pl\/wydzial\/wnst\/wp-content\/uploads\/sites\/18\/Bez-kategorii\/NAUKI-SCISLE-150x150.png 150w, https:\/\/us.edu.pl\/wydzial\/wnst\/wp-content\/uploads\/sites\/18\/Bez-kategorii\/NAUKI-SCISLE-768x768.png 768w, https:\/\/us.edu.pl\/wydzial\/wnst\/wp-content\/uploads\/sites\/18\/Bez-kategorii\/NAUKI-SCISLE-575x575.png 575w\" sizes=\"(max-width: 1200px) 100vw, 1200px\" \/><\/p>\n<\/div>\r\n                    <\/div>\r\n                <\/div>[\/vc_column_inner][vc_column_inner width=&#8221;2\/3&#8243;]\r\n                <div class=\"text-modules\">\r\n                    <div class=\"container\">\r\n                        \r\n                        <div class=\"text-modules__content\"><\/p>\n<h3 style=\"text-align: left;\"><span style=\"color: #002e5a;\">OBSZAR NAUK \u015aCIS\u0141YCH<\/span><\/h3>\n<ol>\n<li><a href=\"https:\/\/slaskifestiwalnauki.pl\/metahuman-wiecej-niz-tylko-postac-do-gry\">MetaHuman \u2013 wi\u0119cej ni\u017c tylko posta\u0107 do gry<\/a><br \/>\nGrzegorz Machnik<\/li>\n<li><a href=\"https:\/\/slaskifestiwalnauki.pl\/kryptowaluty-i-technologia-blockchain\">Kryptowaluty i technologia blockchain<\/a><br \/>\nPrzemys\u0142aw Kud\u0142acik<\/li>\n<li><a href=\"https:\/\/slaskifestiwalnauki.pl\/chatboty-przeszlosc-terazniejszosc-i-przyszlosc\">Chatboty \u2013 przesz\u0142o\u015b\u0107, tera\u017aniejszo\u015b\u0107 i przysz\u0142o\u015b\u0107<\/a><br \/>\nTomasz Xi\u0119ski<\/li>\n<li><a href=\"https:\/\/slaskifestiwalnauki.pl\/sztuczna-inteligencja-bez-tajemnic\">Green Plane \u2013 lataj\u0105cy autobus XXI wieku<\/a><br \/>\nWojciech Gurdziel<\/li>\n<li><a href=\"https:\/\/slaskifestiwalnauki.pl\/przyszlosc-swiata-z-innowacjami-technologicznymi\">Przysz\u0142o\u015b\u0107 \u015bwiata z innowacjami technologicznymi<\/a><br \/>\nLucjan Kozielski z Ko\u0142em Naukowym Mikromechatronik w skladzie: Ala Szczygie\u0142, Dawid Kurczek, Basia P\u0105czek, Dominik Dusza, Marcin Auer, Hubert Olejarski, Grzegorz Nejman, Dmytro Lukash<\/li>\n<li><a href=\"https:\/\/slaskifestiwalnauki.pl\/spotkanie-z-grzegorzem-machnikiem-na-przystanku-nauka\">Spotkanie z Grzegorzem Machnikiem na Przystanku Nauka<\/a><br \/>\nGrzegorz Machnik<\/li>\n<li><a href=\"https:\/\/slaskifestiwalnauki.pl\/matematyka-to-herstoria-czyli-o-fascynujacych-liczbach-takich-jak-pi\">Matematyka to herstoria, czyli o fascynuj\u0105cych liczbach takich jak PI<\/a><br \/>\nBeata Tomanek<br \/>\ninni prowadz\u0105cy: Agnieszka Nowak-Brzezi\u0144ska i Maciej Sablik<br \/>\n<a href=\"https:\/\/www.youtube.com\/watch?v=vAKaHjl5C1M\" target=\"_blank\" rel=\"noopener\">LINK DO WYWIADU<\/a><\/li>\n<\/ol>\n<p>\n<\/div>\r\n                    <\/div>\r\n                <\/div>[\/vc_column_inner][\/vc_row_inner][\/vc_tta_section][vc_tta_section title=&#8221;TECHNIKA&#8221; tab_id=&#8221;1632829240930-aeebcdbe-78d9&#8243;][vc_row_inner][vc_column_inner width=&#8221;1\/3&#8243;]\r\n                <div class=\"text-modules\">\r\n                    <div class=\"container\">\r\n                        \r\n                        <div class=\"text-modules__content\"><p><img class=\"alignnone wp-image-171954 size-full\" src=\"https:\/\/us.edu.pl\/wydzial\/wnst\/wp-content\/uploads\/sites\/18\/Bez-kategorii\/TECHNIKA.png\" alt=\"\" width=\"100%\" height=\"auto\" srcset=\"https:\/\/us.edu.pl\/wydzial\/wnst\/wp-content\/uploads\/sites\/18\/Bez-kategorii\/TECHNIKA.png 1200w, https:\/\/us.edu.pl\/wydzial\/wnst\/wp-content\/uploads\/sites\/18\/Bez-kategorii\/TECHNIKA-300x300.png 300w, https:\/\/us.edu.pl\/wydzial\/wnst\/wp-content\/uploads\/sites\/18\/Bez-kategorii\/TECHNIKA-1024x1024.png 1024w, https:\/\/us.edu.pl\/wydzial\/wnst\/wp-content\/uploads\/sites\/18\/Bez-kategorii\/TECHNIKA-150x150.png 150w, https:\/\/us.edu.pl\/wydzial\/wnst\/wp-content\/uploads\/sites\/18\/Bez-kategorii\/TECHNIKA-768x768.png 768w, https:\/\/us.edu.pl\/wydzial\/wnst\/wp-content\/uploads\/sites\/18\/Bez-kategorii\/TECHNIKA-575x575.png 575w\" sizes=\"(max-width: 1200px) 100vw, 1200px\" \/><\/p>\n<\/div>\r\n                    <\/div>\r\n                <\/div>[\/vc_column_inner][vc_column_inner width=&#8221;2\/3&#8243;]\r\n                <div class=\"text-modules\">\r\n                    <div class=\"container\">\r\n                        \r\n                        <div class=\"text-modules__content\"><\/p>\n<h3 style=\"text-align: left;\"><span style=\"color: #002e5a;\">OBSZAR TECHNIKA<\/span><\/h3>\n<ol>\n<li><a href=\"https:\/\/slaskifestiwalnauki.pl\/zanieczyszczenia-gleb-i-wod-podziemnych-problemy-czy-mozliwosci\">Zanieczyszczenia gleb i w\u00f3d podziemnych \u2013 problemy czy mo\u017cliwo\u015bci?<\/a><br \/>\nMateusz Dulski<\/li>\n<li><a href=\"https:\/\/slaskifestiwalnauki.pl\/jak-dobrze-ulozyc-tory\">Jak dobrze u\u0142o\u017cy\u0107 tory<\/a><br \/>\n\u0141ukasz Dawidowski<\/li>\n<li><a href=\"https:\/\/slaskifestiwalnauki.pl\/guma-balonowa-story-czyli-daj-sie-zrobic-w-balona\">Guma balonowa story \u2013 czyli daj si\u0119 zrobi\u0107 w balona<\/a><br \/>\nSylwia Golba<\/li>\n<li><a href=\"https:\/\/slaskifestiwalnauki.pl\/niesamowity-swiat-zwiazkow-organicznych\">Niesamowity \u015bwiat zwi\u0105zk\u00f3w organicznych<\/a><br \/>\nMarek Matusek<\/li>\n<li><a href=\"https:\/\/slaskifestiwalnauki.pl\/z-matematyka-trzeba-sie-liczyc\">Z matematyk\u0105 trzeba si\u0119 liczy\u0107!<\/a><br \/>\n\u0141ukasz Dawidowski<\/li>\n<li><a href=\"https:\/\/slaskifestiwalnauki.pl\/magia-barw\">Magia barw<\/a><br \/>\nMateusz Korzec<\/li>\n<li><a href=\"https:\/\/slaskifestiwalnauki.pl\/sztuczna-inteligencja-bez-tajemnic\">Sztuczna inteligencja bez tajemnic<\/a><br \/>\nMa\u0142gorzata Przybyla-Kasperek<\/li>\n<li><a href=\"https:\/\/slaskifestiwalnauki.pl\/promieniotworczosc-naturalna-w-srodowisku-zycia-czlowieka\">Promieniotw\u00f3rczo\u015b\u0107 naturalna w \u015brodowisku \u017cycia cz\u0142owieka<\/a><br \/>\nAgata Walencik-\u0141ata<\/li>\n<li><a href=\"https:\/\/slaskifestiwalnauki.pl\/nadprzewodnictwo-science-czy-fiction\">Nadprzewodnictwo \u2013 science czy fiction?<\/a><br \/>\nDariusz Kajewski<\/li>\n<li><a href=\"https:\/\/slaskifestiwalnauki.pl\/spotkanie-z-przemyslawem-kudlacikiem-na-przystanku-nauka\">Spotkanie z Przemys\u0142awem Kud\u0142acikiem na Przystanku Nauka<\/a><br \/>\nPrzemys\u0142aw Kud\u0142acik<\/li>\n<\/ol>\n<p>\n<\/div>\r\n                    <\/div>\r\n                <\/div>[\/vc_column_inner][\/vc_row_inner][vc_row_inner][vc_column_inner][\/vc_column_inner][\/vc_row_inner][vc_row_inner][vc_column_inner el_class=&#8221;foto&#8221; width=&#8221;1\/4&#8243;][\/vc_column_inner][vc_column_inner width=&#8221;3\/4&#8243;][\/vc_column_inner][\/vc_row_inner][\/vc_tta_section][vc_tta_section title=&#8221;MEDYCYNA I ZDROWIE&#8221; tab_id=&#8221;1632829342972-4e66cf19-b6bb&#8221;][vc_row_inner][vc_column_inner width=&#8221;1\/3&#8243;]\r\n                <div class=\"text-modules\">\r\n                    <div class=\"container\">\r\n                        \r\n                        <div class=\"text-modules__content\"><p><img class=\"alignnone wp-image-171955 size-full\" src=\"https:\/\/us.edu.pl\/wydzial\/wnst\/wp-content\/uploads\/sites\/18\/Bez-kategorii\/MEDYCYNA-I-ZDROWIE.png\" alt=\"\" width=\"100%\" height=\"auto\" srcset=\"https:\/\/us.edu.pl\/wydzial\/wnst\/wp-content\/uploads\/sites\/18\/Bez-kategorii\/MEDYCYNA-I-ZDROWIE.png 1200w, https:\/\/us.edu.pl\/wydzial\/wnst\/wp-content\/uploads\/sites\/18\/Bez-kategorii\/MEDYCYNA-I-ZDROWIE-300x300.png 300w, https:\/\/us.edu.pl\/wydzial\/wnst\/wp-content\/uploads\/sites\/18\/Bez-kategorii\/MEDYCYNA-I-ZDROWIE-1024x1024.png 1024w, https:\/\/us.edu.pl\/wydzial\/wnst\/wp-content\/uploads\/sites\/18\/Bez-kategorii\/MEDYCYNA-I-ZDROWIE-150x150.png 150w, https:\/\/us.edu.pl\/wydzial\/wnst\/wp-content\/uploads\/sites\/18\/Bez-kategorii\/MEDYCYNA-I-ZDROWIE-768x768.png 768w, https:\/\/us.edu.pl\/wydzial\/wnst\/wp-content\/uploads\/sites\/18\/Bez-kategorii\/MEDYCYNA-I-ZDROWIE-575x575.png 575w\" sizes=\"(max-width: 1200px) 100vw, 1200px\" \/><\/p>\n<\/div>\r\n                    <\/div>\r\n                <\/div>[\/vc_column_inner][vc_column_inner width=&#8221;2\/3&#8243;]\r\n                <div class=\"text-modules\">\r\n                    <div class=\"container\">\r\n                        \r\n                        <div class=\"text-modules__content\"><\/p>\n<h3 style=\"text-align: left;\"><span style=\"color: #002e5a;\">OBSZAR MEDYCYNY I ZDROWIA<\/span><\/h3>\n<ol>\n<li><a href=\"https:\/\/slaskifestiwalnauki.pl\/slaski-sloneczny-patrol\">\u015al\u0105ski S\u0142oneczny Patrol<\/a><br \/>\nAndrzej Swinarew<\/li>\n<\/ol>\n<p>\n<\/div>\r\n                    <\/div>\r\n                <\/div>[\/vc_column_inner][\/vc_row_inner][vc_row_inner][vc_column_inner][\/vc_column_inner][\/vc_row_inner][vc_row_inner][vc_column_inner el_class=&#8221;foto&#8221; width=&#8221;1\/4&#8243;][\/vc_column_inner][vc_column_inner width=&#8221;3\/4&#8243;][\/vc_column_inner][\/vc_row_inner][\/vc_tta_section][vc_tta_section title=&#8221;STREFA MOTOSPORTU&#8221; tab_id=&#8221;1701871431827-d6b1bd0f-6f15&#8243;][vc_row_inner][vc_column_inner width=&#8221;1\/3&#8243;]\r\n                <div class=\"text-modules\">\r\n                    <div class=\"container\">\r\n                        \r\n                        <div class=\"text-modules__content\"><p><img class=\"alignnone wp-image-171960 size-full\" src=\"https:\/\/us.edu.pl\/wydzial\/wnst\/wp-content\/uploads\/sites\/18\/Bez-kategorii\/STREFA-MOTORSPORTU.png\" alt=\"\" width=\"100%\" height=\"auto\" srcset=\"https:\/\/us.edu.pl\/wydzial\/wnst\/wp-content\/uploads\/sites\/18\/Bez-kategorii\/STREFA-MOTORSPORTU.png 1200w, https:\/\/us.edu.pl\/wydzial\/wnst\/wp-content\/uploads\/sites\/18\/Bez-kategorii\/STREFA-MOTORSPORTU-300x300.png 300w, https:\/\/us.edu.pl\/wydzial\/wnst\/wp-content\/uploads\/sites\/18\/Bez-kategorii\/STREFA-MOTORSPORTU-1024x1024.png 1024w, https:\/\/us.edu.pl\/wydzial\/wnst\/wp-content\/uploads\/sites\/18\/Bez-kategorii\/STREFA-MOTORSPORTU-150x150.png 150w, https:\/\/us.edu.pl\/wydzial\/wnst\/wp-content\/uploads\/sites\/18\/Bez-kategorii\/STREFA-MOTORSPORTU-768x768.png 768w, https:\/\/us.edu.pl\/wydzial\/wnst\/wp-content\/uploads\/sites\/18\/Bez-kategorii\/STREFA-MOTORSPORTU-575x575.png 575w\" sizes=\"(max-width: 1200px) 100vw, 1200px\" \/><\/p>\n<\/div>\r\n                    <\/div>\r\n                <\/div>[\/vc_column_inner][vc_column_inner width=&#8221;2\/3&#8243;]\r\n                <div class=\"text-modules\">\r\n                    <div class=\"container\">\r\n                        \r\n                        <div class=\"text-modules__content\"><\/p>\n<h3 style=\"text-align: left;\"><span style=\"color: #002e5a;\">STREFA MOTOSPORTU<\/span><\/h3>\n<ol>\n<li><a href=\"https:\/\/slaskifestiwalnauki.pl\/fizyka-w-sporcie\">Fizyka w sporcie<\/a><br \/>\nArmand Cholewka<\/li>\n<li><a href=\"https:\/\/slaskifestiwalnauki.pl\/mechanika-plynow-w-badaniach-aerodynamiki-pojazdow\">Mechanika p\u0142yn\u00f3w w badaniach aerodynamiki pojazd\u00f3w<\/a><br \/>\n\u0141ukasz Dawidowski<br \/>\n<a href=\"https:\/\/youtu.be\/LEQOtTANR5A?t=937\" target=\"_blank\" rel=\"noopener\">LINK DO WYK\u0141ADU<\/a><\/li>\n<\/ol>\n<p>\n<\/div>\r\n                    <\/div>\r\n                <\/div>[\/vc_column_inner][\/vc_row_inner][\/vc_tta_section][\/vc_tta_tabs]<div class=\"container\"><div class=\"separator\" style=\"background-color: #002E5A\"><\/div><\/div>[\/vc_column][\/vc_row][vc_row][vc_column width=&#8221;1\/5&#8243;][\/vc_column][vc_column width=&#8221;3\/5&#8243;][vc_single_image image=&#8221;172013&#8243; img_size=&#8221;large&#8221; alignment=&#8221;center&#8221; style=&#8221;vc_box_rounded&#8221; onclick=&#8221;custom_link&#8221; img_link_target=&#8221;_blank&#8221; title=&#8221;Galeria zdj\u0119\u0107 7. \u015al\u0105skiego Festiwalu Nauki&#8221; link=&#8221;https:\/\/us.edu.pl\/wydzial\/wnst\/multimedia\/wydzial-nauk-scislych-i-technicznych-na-7-slaskim-festiwalu-nauki\/&#8221; css=&#8221;.vc_custom_1702378308346{padding-top: 5px !important;padding-right: 5px !important;padding-bottom: 5px !important;padding-left: 5px !important;}&#8221;][\/vc_column][vc_column width=&#8221;1\/5&#8243;][\/vc_column][\/vc_row]<\/p>","protected":false},"excerpt":{"rendered":"<p>[vc_row][vc_column][vc_column_text][\/vc_column_text][\/vc_column][\/vc_row][vc_row el_class=&#8221;container&#8221;][vc_column][\/vc_column][\/vc_row][vc_row content_placement=&#8221;middle&#8221; el_class=&#8221;container&#8221;][vc_column width=&#8221;1\/6&#8243;][\/vc_column][vc_column width=&#8221;2\/3&#8243;][\/vc_column][vc_column width=&#8221;1\/6&#8243;][\/vc_column][\/vc_row][vc_row el_class=&#8221;container&#8221;][vc_column][\/vc_column][\/vc_row][vc_row el_class=&#8221;container&#8221;][vc_column][vc_tta_tabs color=&#8221;blue&#8221; alignment=&#8221;center&#8221; active_section=&#8221;1&#8243; no_fill_content_area=&#8221;true&#8221; el_class=&#8221;shadow&#8221;][vc_tta_section title=&#8221;NAUKI \u015aCIS\u0141E&#8221; tab_id=&#8221;1632142204373-a1c1b975-3b2f&#8221;][vc_row_inner][vc_column_inner width=&#8221;1\/3&#8243;][\/vc_column_inner][vc_column_inner width=&#8221;2\/3&#8243;][\/vc_column_inner][\/vc_row_inner][\/vc_tta_section][vc_tta_section title=&#8221;TECHNIKA&#8221; tab_id=&#8221;1632829240930-aeebcdbe-78d9&#8243;][vc_row_inner][vc_column_inner width=&#8221;1\/3&#8243;][\/vc_column_inner][vc_column_inner width=&#8221;2\/3&#8243;][\/vc_column_inner][\/vc_row_inner][vc_row_inner][vc_column_inner][\/vc_column_inner][\/vc_row_inner][vc_row_inner][vc_column_inner el_class=&#8221;foto&#8221; width=&#8221;1\/4&#8243;][\/vc_column_inner][vc_column_inner width=&#8221;3\/4&#8243;][\/vc_column_inner][\/vc_row_inner][\/vc_tta_section][vc_tta_section title=&#8221;MEDYCYNA I ZDROWIE&#8221; tab_id=&#8221;1632829342972-4e66cf19-b6bb&#8221;][vc_row_inner][vc_column_inner width=&#8221;1\/3&#8243;][\/vc_column_inner][vc_column_inner width=&#8221;2\/3&#8243;][\/vc_column_inner][\/vc_row_inner][vc_row_inner][vc_column_inner][\/vc_column_inner][\/vc_row_inner][vc_row_inner][vc_column_inner el_class=&#8221;foto&#8221; width=&#8221;1\/4&#8243;][\/vc_column_inner][vc_column_inner width=&#8221;3\/4&#8243;][\/vc_column_inner][\/vc_row_inner][\/vc_tta_section][vc_tta_section title=&#8221;STREFA MOTOSPORTU&#8221; tab_id=&#8221;1701871431827-d6b1bd0f-6f15&#8243;][vc_row_inner][vc_column_inner width=&#8221;1\/3&#8243;][\/vc_column_inner][vc_column_inner width=&#8221;2\/3&#8243;][\/vc_column_inner][\/vc_row_inner][\/vc_tta_section][\/vc_tta_tabs][\/vc_column][\/vc_row][vc_row][vc_column width=&#8221;1\/5&#8243;][\/vc_column][vc_column width=&#8221;3\/5&#8243;][vc_single_image image=&#8221;172013&#8243; img_size=&#8221;large&#8221; alignment=&#8221;center&#8221; style=&#8221;vc_box_rounded&#8221; onclick=&#8221;custom_link&#8221; img_link_target=&#8221;_blank&#8221; title=&#8221;Galeria zdj\u0119\u0107 7. \u015al\u0105skiego Festiwalu Nauki&#8221; link=&#8221;https:\/\/us.edu.pl\/wydzial\/wnst\/multimedia\/wydzial-nauk-scislych-i-technicznych-na-7-slaskim-festiwalu-nauki\/&#8221; [&#8230;]<\/p>\n<p><a class=\"btn btn-secondary understrap-read-more-link\" href=\"https:\/\/us.edu.pl\/wydzial\/wnst\/wspolpraca\/sfn\/7sfn\/\">Read More&#8230;<\/a><\/p>\n","protected":false},"author":92,"featured_media":0,"parent":162028,"menu_order":0,"comment_status":"closed","ping_status":"closed","template":"","meta":{"_expiration-date-status":"","_expiration-date":0,"_expiration-date-type":"","_expiration-date-categories":[],"_expiration-date-options":[]},"acf":[],"_links":{"self":[{"href":"https:\/\/us.edu.pl\/wydzial\/wnst\/wp-json\/wp\/v2\/pages\/171952"}],"collection":[{"href":"https:\/\/us.edu.pl\/wydzial\/wnst\/wp-json\/wp\/v2\/pages"}],"about":[{"href":"https:\/\/us.edu.pl\/wydzial\/wnst\/wp-json\/wp\/v2\/types\/page"}],"author":[{"embeddable":true,"href":"https:\/\/us.edu.pl\/wydzial\/wnst\/wp-json\/wp\/v2\/users\/92"}],"replies":[{"embeddable":true,"href":"https:\/\/us.edu.pl\/wydzial\/wnst\/wp-json\/wp\/v2\/comments?post=171952"}],"version-history":[{"count":10,"href":"https:\/\/us.edu.pl\/wydzial\/wnst\/wp-json\/wp\/v2\/pages\/171952\/revisions"}],"predecessor-version":[{"id":172063,"href":"https:\/\/us.edu.pl\/wydzial\/wnst\/wp-json\/wp\/v2\/pages\/171952\/revisions\/172063"}],"up":[{"embeddable":true,"href":"https:\/\/us.edu.pl\/wydzial\/wnst\/wp-json\/wp\/v2\/pages\/162028"}],"wp:attachment":[{"href":"https:\/\/us.edu.pl\/wydzial\/wnst\/wp-json\/wp\/v2\/media?parent=171952"}],"curies":[{"name":"wp","href":"https:\/\/api.w.org\/{rel}","templated":true}]}}