{"id":172428,"date":"2024-01-12T10:24:16","date_gmt":"2024-01-12T09:24:16","guid":{"rendered":"https:\/\/us.edu.pl\/wydzial\/wnst\/?page_id=172428"},"modified":"2026-03-16T13:00:09","modified_gmt":"2026-03-16T12:00:09","slug":"konkurs-chemiczny-2023","status":"publish","type":"page","link":"https:\/\/us.edu.pl\/wydzial\/wnst\/wspolpraca\/szkoly\/konkurs-chemiczny\/konkurs-chemiczny-2023\/","title":{"rendered":"konkurs chemiczny 2023"},"content":{"rendered":"<p>[vc_row content_placement=&#8221;middle&#8221; el_class=&#8221;container&#8221;][vc_column width=&#8221;2\/5&#8243; el_class=&#8221;container&#8221; css=&#8221;.vc_custom_1645523252167{border-top-width: 4px !important;border-bottom-width: 4px !important;border-top-color: #002a5e !important;border-top-style: solid !important;border-bottom-color: #002a5e !important;border-bottom-style: solid !important;border-radius: 5px !important;}&#8221;][vc_row_inner][vc_column_inner width=&#8221;1\/6&#8243;][\/vc_column_inner][vc_column_inner width=&#8221;2\/3&#8243;][vc_empty_space height=&#8221;20px&#8221;]\r\n                <div class=\"text-modules\">\r\n                    <div class=\"container\">\r\n                        \r\n                        <div class=\"text-modules__content\"><\/p>\n<p><center><img class=\"alignnone wp-image-24571 size-full\" src=\"https:\/\/us.edu.pl\/wydzial\/wnst\/wp-content\/uploads\/sites\/18\/zdjecia-wydarzenia\/konkurs-chemiczny\/Logo-konkurs-chemiczny1.jpg\" alt=\"\" width=\"100%\" height=\"auto\" srcset=\"https:\/\/us.edu.pl\/wydzial\/wnst\/wp-content\/uploads\/sites\/18\/zdjecia-wydarzenia\/konkurs-chemiczny\/Logo-konkurs-chemiczny1.jpg 945w, https:\/\/us.edu.pl\/wydzial\/wnst\/wp-content\/uploads\/sites\/18\/zdjecia-wydarzenia\/konkurs-chemiczny\/Logo-konkurs-chemiczny1-150x150.jpg 150w, https:\/\/us.edu.pl\/wydzial\/wnst\/wp-content\/uploads\/sites\/18\/zdjecia-wydarzenia\/konkurs-chemiczny\/Logo-konkurs-chemiczny1-300x300.jpg 300w, https:\/\/us.edu.pl\/wydzial\/wnst\/wp-content\/uploads\/sites\/18\/zdjecia-wydarzenia\/konkurs-chemiczny\/Logo-konkurs-chemiczny1-768x768.jpg 768w, https:\/\/us.edu.pl\/wydzial\/wnst\/wp-content\/uploads\/sites\/18\/zdjecia-wydarzenia\/konkurs-chemiczny\/Logo-konkurs-chemiczny1-575x575.jpg 575w\" sizes=\"(max-width: 945px) 100vw, 945px\" \/><\/center><\/p>\n<\/div>\r\n                    <\/div>\r\n                <\/div>[\/vc_column_inner][vc_column_inner width=&#8221;1\/6&#8243;][\/vc_column_inner][\/vc_row_inner][vc_row_inner][vc_column_inner css=&#8221;.vc_custom_1645348337824{border-radius: 4px !important;}&#8221;]\r\n                <div class=\"text-modules\">\r\n                    <div class=\"container\">\r\n                        \r\n                        <div class=\"text-modules__content\"><\/p>\n<p style=\"text-align: center;\"><strong><span style=\"color: #002a5e;\"><a style=\"color: #002a5e;\" href=\"https:\/\/us.edu.pl\/wydzial\/wnst\/wspolpraca\/szkoly\/konkurs-chemiczny\/\">konkurs-chemiczny.us.edu.pl<\/a><\/span><\/strong><\/p>\n<p>\n<\/div>\r\n                    <\/div>\r\n                <\/div>[\/vc_column_inner][\/vc_row_inner][\/vc_column][vc_column width=&#8221;3\/5&#8243;]\r\n                <div class=\"text-modules\">\r\n                    <div class=\"container\">\r\n                        \r\n                        <div class=\"text-modules__content\"><\/p>\n<h3 style=\"text-align: center;\"><strong><span style=\"color: #003c73;\">XVI Og\u00f3lnopolski Konkurs Chemiczny<br \/>\n<\/span><\/strong><\/h3>\n<p>Drogie Uczennice i Drodzy Uczniowie szk\u00f3\u0142 \u015brednich zainteresowani chemi\u0105! <a href=\"https:\/\/us.edu.pl\/instytut\/ich\/\">Instytut Chemii<\/a> na <a href=\"https:\/\/us.edu.pl\/wydzial\/wnst\/\">Wydziale Nauk \u015acis\u0142ych i Technicznych<\/a> <a href=\"https:\/\/us.edu.pl\/\">Uniwersytetu \u015al\u0105skiego w Katowicach<\/a> zaprasza Was do wzi\u0119cia udzia\u0142u w XVI Og\u00f3lnopolskim Konkursie Chemicznym.<\/p>\n<p>Konkurs sk\u0142ada si\u0119 z dw\u00f3ch cz\u0119\u015bci &#8211; pisemnej i laboratoryjnej. Cz\u0119\u015b\u0107 pisemna, kt\u00f3ra odb\u0119dzie si\u0119 w dniu <strong>08.03.2023 r.<\/strong>, b\u0119dzie mia\u0142a charakter eliminacji.<\/p>\n<p>Cz\u0119\u015b\u0107 laboratoryjna, stanowi\u0105ca fina\u0142 Konkursu, odb\u0119dzie si\u0119 w dniu <strong>20.03.2023 r.<\/strong> Do fina\u0142u dopuszczonych zostanie do 20 najlepszych uczestniczek i uczestnik\u00f3w eliminacji.<\/p>\n<p style=\"text-align: center;\"><strong>Pierwszy etap Konkursu odb\u0119dzie si\u0119 on-line.<\/strong><\/p>\n<h3 style=\"text-align: center;\"><a href=\"https:\/\/us.edu.pl\/wydzial\/wnst\/wspolpraca\/szkoly\/konkurs-chemiczny\/zgloszenia\/\" target=\"_blank\" rel=\"noopener\"><span style=\"color: #002e5a;\">Uwaga. Rejestracja przed\u0142u\u017cona do dnia 6 marca 2023 r. do godz. 13:00<\/span><\/a><\/h3>\n<p>\n<\/div>\r\n                    <\/div>\r\n                <\/div>[\/vc_column][\/vc_row]<\/p>","protected":false},"excerpt":{"rendered":"<p>[vc_row content_placement=&#8221;middle&#8221; el_class=&#8221;container&#8221;][vc_column width=&#8221;2\/5&#8243; el_class=&#8221;container&#8221; css=&#8221;.vc_custom_1645523252167{border-top-width: 4px !important;border-bottom-width: 4px !important;border-top-color: #002a5e !important;border-top-style: solid !important;border-bottom-color: #002a5e !important;border-bottom-style: solid !important;border-radius: 5px !important;}&#8221;][vc_row_inner][vc_column_inner width=&#8221;1\/6&#8243;][\/vc_column_inner][vc_column_inner width=&#8221;2\/3&#8243;][vc_empty_space height=&#8221;20px&#8221;][\/vc_column_inner][vc_column_inner width=&#8221;1\/6&#8243;][\/vc_column_inner][\/vc_row_inner][vc_row_inner][vc_column_inner css=&#8221;.vc_custom_1645348337824{border-radius: 4px !important;}&#8221;][\/vc_column_inner][\/vc_row_inner][\/vc_column][vc_column width=&#8221;3\/5&#8243;][\/vc_column][\/vc_row] [&#8230;]<\/p>\n<p><a class=\"btn btn-secondary understrap-read-more-link\" href=\"https:\/\/us.edu.pl\/wydzial\/wnst\/wspolpraca\/szkoly\/konkurs-chemiczny\/konkurs-chemiczny-2023\/\">Read More&#8230;<\/a><\/p>\n","protected":false},"author":92,"featured_media":0,"parent":23043,"menu_order":0,"comment_status":"closed","ping_status":"closed","template":"page-templates\/page-with-sidebar.php","meta":{"_expiration-date-status":"saved","_expiration-date":0,"_expiration-date-type":"","_expiration-date-categories":[],"_expiration-date-options":[]},"acf":[],"_links":{"self":[{"href":"https:\/\/us.edu.pl\/wydzial\/wnst\/wp-json\/wp\/v2\/pages\/172428"}],"collection":[{"href":"https:\/\/us.edu.pl\/wydzial\/wnst\/wp-json\/wp\/v2\/pages"}],"about":[{"href":"https:\/\/us.edu.pl\/wydzial\/wnst\/wp-json\/wp\/v2\/types\/page"}],"author":[{"embeddable":true,"href":"https:\/\/us.edu.pl\/wydzial\/wnst\/wp-json\/wp\/v2\/users\/92"}],"replies":[{"embeddable":true,"href":"https:\/\/us.edu.pl\/wydzial\/wnst\/wp-json\/wp\/v2\/comments?post=172428"}],"version-history":[{"count":2,"href":"https:\/\/us.edu.pl\/wydzial\/wnst\/wp-json\/wp\/v2\/pages\/172428\/revisions"}],"predecessor-version":[{"id":172434,"href":"https:\/\/us.edu.pl\/wydzial\/wnst\/wp-json\/wp\/v2\/pages\/172428\/revisions\/172434"}],"up":[{"embeddable":true,"href":"https:\/\/us.edu.pl\/wydzial\/wnst\/wp-json\/wp\/v2\/pages\/23043"}],"wp:attachment":[{"href":"https:\/\/us.edu.pl\/wydzial\/wnst\/wp-json\/wp\/v2\/media?parent=172428"}],"curies":[{"name":"wp","href":"https:\/\/api.w.org\/{rel}","templated":true}]}}